{"id":3738,"date":"2022-11-15T14:12:13","date_gmt":"2022-11-15T13:12:13","guid":{"rendered":"https:\/\/www.camping-kersentic.com\/standorte\/"},"modified":"2025-05-26T11:02:24","modified_gmt":"2025-05-26T09:02:24","slug":"standorte","status":"publish","type":"page","link":"https:\/\/www.camping-kersentic.com\/de\/standorte\/","title":{"rendered":"Standorte"},"content":{"rendered":"\n<figure class=\"wp-block-image alignfull size-full object-top\"><img loading=\"lazy\" width=\"1920\" height=\"2560\" src=\"https:\/\/www.camping-kersentic.com\/wp-content\/uploads\/2022\/09\/Camping-Car-Bretagne-Fouesnant-1.jpg\" alt=\"\" class=\"wp-image-1642\" srcset=\"https:\/\/www.camping-kersentic.com\/wp-content\/uploads\/2022\/09\/Camping-Car-Bretagne-Fouesnant-1.jpg 1920w, https:\/\/www.camping-kersentic.com\/wp-content\/uploads\/2022\/09\/Camping-Car-Bretagne-Fouesnant-1-225x300.jpg 225w, https:\/\/www.camping-kersentic.com\/wp-content\/uploads\/2022\/09\/Camping-Car-Bretagne-Fouesnant-1-768x1024.jpg 768w, https:\/\/www.camping-kersentic.com\/wp-content\/uploads\/2022\/09\/Camping-Car-Bretagne-Fouesnant-1-1152x1536.jpg 1152w, https:\/\/www.camping-kersentic.com\/wp-content\/uploads\/2022\/09\/Camping-Car-Bretagne-Fouesnant-1-1536x2048.jpg 1536w\" sizes=\"(max-width: 1920px) 100vw, 1920px\" \/><\/figure>\n\n\n\n<section class=\"wp-container-69de52131c75b wp-block-group alignfull deco--vague\"><div class=\"wp-block-group__inner-container\">\n<h1 class=\"has-text-align-center\" id=\"emplacements-de-camping-dans-le-finistere-avec-piscine-chauffee\"><strong>Campingpl\u00e4tze<\/strong> im Finist\u00e8re mit beheiztem Schwimmbad<\/h1>\n\n\n\n<div class=\"wp-block-group encart-citation\"><div class=\"wp-block-group__inner-container\">\n<p class=\"has-text-align-center\" id=\"le-luxe-c-est-l-espace\">Luxus ist Raum<\/p>\n<\/div><\/div>\n\n\n\n<p class=\"has-text-align-center\">Wenn Sie sich f\u00fcr ein Wochenende, eine Woche oder l\u00e4nger nach frischer Luft sehnen, werden unsere gro\u00dfen Stellpl\u00e4tze Sie begeistern.  <\/p>\n\n\n\n<p class=\"has-text-align-center\">  In einer <strong>au\u00dfergew\u00f6hnlichen Umgebung, in der sich die Vegetation und die Blumen so weit das Auge reicht ausbreiten <\/strong>, werden Sie in einer nat\u00fcrlichen Umgebung zelten, die zum Ausruhen und Faulenzen einl\u00e4dt. Hier ist es der Gesang der V\u00f6gel, der den Rhythmus Ihres Aufenthalts bestimmt, um einen Tapetenwechsel und eine totale Entschleunigung nur wenige Schritte vom Strand von Cap Coz entfernt zu erleben.  <\/p>\n\n\n\n<p class=\"has-text-align-center\">Unser 4*-Campingplatz in der N\u00e4he von B\u00e9nodet bietet Ihnen eine gro\u00dfe Auswahl an Stellpl\u00e4tzen und Dienstleistungen, damit Ihr Urlaub in Fouesnant les Gl\u00e9nan zu einem echten Entspannungserlebnis wird. Es liegt an Ihnen, auszuw\u00e4hlen und Ihr Gl\u00fcck zu finden.<\/p>\n\n\n\n<div class=\"wp-container-69de52131c49a wp-block-buttons\">\n<div class=\"wp-block-button btn_resa_empl\"><a class=\"wp-block-button__link\"><i class=\"far fa-search\"><\/i>  Einen Platz buchen<\/a><\/div>\n<\/div>\n<\/div><\/section>\n\n\n\n<div class=\"wp-block-cover alignfull is-light K-05-a\"><span aria-hidden=\"true\" class=\"has-background-dim-0 wp-block-cover__gradient-background has-background-dim\"><\/span><img loading=\"lazy\" width=\"1920\" height=\"864\" class=\"wp-block-cover__image-background wp-image-1636\" alt=\"\" src=\"https:\/\/www.camping-kersentic.com\/wp-content\/uploads\/2022\/09\/Tente-caravane-emplacement-Camping-Kersentic-Fouesnant.jpg\" data-object-fit=\"cover\" srcset=\"https:\/\/www.camping-kersentic.com\/wp-content\/uploads\/2022\/09\/Tente-caravane-emplacement-Camping-Kersentic-Fouesnant.jpg 1920w, https:\/\/www.camping-kersentic.com\/wp-content\/uploads\/2022\/09\/Tente-caravane-emplacement-Camping-Kersentic-Fouesnant-300x135.jpg 300w, https:\/\/www.camping-kersentic.com\/wp-content\/uploads\/2022\/09\/Tente-caravane-emplacement-Camping-Kersentic-Fouesnant-1024x461.jpg 1024w, https:\/\/www.camping-kersentic.com\/wp-content\/uploads\/2022\/09\/Tente-caravane-emplacement-Camping-Kersentic-Fouesnant-768x346.jpg 768w, https:\/\/www.camping-kersentic.com\/wp-content\/uploads\/2022\/09\/Tente-caravane-emplacement-Camping-Kersentic-Fouesnant-1536x691.jpg 1536w\" sizes=\"(max-width: 1920px) 100vw, 1920px\" \/><div class=\"wp-block-cover__inner-container\">\n<div class=\"wp-block-columns has-jaune-clair-background-color has-background\">\n<div class=\"wp-block-column\" style=\"flex-basis:48%\">\n<h2 id=\"hebergement-insolites\">Weite R\u00e4ume &#8211; ein Luxus, den Sie sich leisten k\u00f6nnen<\/h2>\n\n\n\n<p class=\"h3 has-bleu-color has-text-color\">Tanken Sie Natur auf dem 4*Campingplatz Kersentic<\/p>\n\n\n\n<p class=\"has-noir-color has-text-color\">Sie haben den Luxus, Ihr Zelt, Ihren Wohnwagen oder Ihr Wohnmobil aufstellen zu k\u00f6nnen und nutzen den Platz, um in Ihrem Liegestuhl mit einem guten Buch zu chillen. Halten Sie das f\u00fcr einen Traum? Und nein, auf dem Campingplatz Kersentic sind alle unsere Stellpl\u00e4tze ger\u00e4umig, von Hecken umgeben, schattig, halbschattig oder sonnig, damit Ihre Privatsph\u00e4re gewahrt bleibt, aber auch die Geselligkeit nicht zu kurz kommt. Sie haben die Gewissheit, dass Sie einen entspannenden und erholsamen Moment erleben werden.  <\/p>\n\n\n\n<div class=\"wp-container-69de52131caf8 wp-block-buttons\">\n<div class=\"wp-block-button btn_resa_empl\"><a class=\"wp-block-button__link\"><i class=\"far fa-search\"><\/i> Schnell buchen!<\/a><\/div>\n<\/div>\n<\/div>\n\n\n\n<div class=\"wp-block-column galerie_2\">\n<figure class=\"wp-block-gallery has-nested-images columns-default is-cropped\">\n<figure class=\"wp-block-image size-large\"><img loading=\"lazy\" width=\"1024\" height=\"684\" src=\"https:\/\/www.camping-kersentic.com\/wp-content\/uploads\/2022\/10\/Camping-6819-12-1024x684.jpg\" alt=\"\" class=\"wp-image-2588\" srcset=\"https:\/\/www.camping-kersentic.com\/wp-content\/uploads\/2022\/10\/Camping-6819-12-1024x684.jpg 1024w, https:\/\/www.camping-kersentic.com\/wp-content\/uploads\/2022\/10\/Camping-6819-12-300x200.jpg 300w, https:\/\/www.camping-kersentic.com\/wp-content\/uploads\/2022\/10\/Camping-6819-12-768x513.jpg 768w, https:\/\/www.camping-kersentic.com\/wp-content\/uploads\/2022\/10\/Camping-6819-12-1536x1026.jpg 1536w, https:\/\/www.camping-kersentic.com\/wp-content\/uploads\/2022\/10\/Camping-6819-12.jpg 1920w\" sizes=\"(max-width: 1024px) 100vw, 1024px\" \/><\/figure>\n\n\n\n<figure class=\"wp-block-image size-large\"><img loading=\"lazy\" width=\"1024\" height=\"577\" src=\"https:\/\/www.camping-kersentic.com\/wp-content\/uploads\/2022\/09\/Grand-emplacement-camping-Fouesnant-1024x577.jpg\" alt=\"\" class=\"wp-image-1477\" srcset=\"https:\/\/www.camping-kersentic.com\/wp-content\/uploads\/2022\/09\/Grand-emplacement-camping-Fouesnant-1024x577.jpg 1024w, https:\/\/www.camping-kersentic.com\/wp-content\/uploads\/2022\/09\/Grand-emplacement-camping-Fouesnant-300x169.jpg 300w, https:\/\/www.camping-kersentic.com\/wp-content\/uploads\/2022\/09\/Grand-emplacement-camping-Fouesnant-768x433.jpg 768w, https:\/\/www.camping-kersentic.com\/wp-content\/uploads\/2022\/09\/Grand-emplacement-camping-Fouesnant-1536x864.jpg 1536w, https:\/\/www.camping-kersentic.com\/wp-content\/uploads\/2022\/09\/Grand-emplacement-camping-Fouesnant.jpg 1920w\" sizes=\"(max-width: 1024px) 100vw, 1024px\" \/><\/figure>\n<\/figure>\n\n\n\n<div class=\"wp-container-69de52131cea1 wp-block-buttons\">\n<div class=\"wp-block-button btn_galerie\"><a class=\"wp-block-button__link\" href=\"https:\/\/www.camping-kersentic.com\/de\/galerie-photos\/?galerie=emplacements\"><i class=\"far fa-camera\"><\/i>  Fotogalerie<\/a><\/div>\n<\/div>\n<\/div>\n<\/div>\n<\/div><\/div>\n\n\n\n<figure class=\"wp-block-gallery has-nested-images columns-4 is-cropped display-mob galerie_bloc\">\n<figure class=\"wp-block-image size-full\"><img loading=\"lazy\" width=\"1024\" height=\"577\" data-id=\"1568\"  src=\"https:\/\/www.camping-kersentic.com\/wp-content\/uploads\/2022\/09\/Grand-emplacement-Camping-1.jpg\" alt=\"\" class=\"wp-image-1568\" srcset=\"https:\/\/www.camping-kersentic.com\/wp-content\/uploads\/2022\/09\/Grand-emplacement-Camping-1.jpg 1024w, https:\/\/www.camping-kersentic.com\/wp-content\/uploads\/2022\/09\/Grand-emplacement-Camping-1-300x169.jpg 300w, https:\/\/www.camping-kersentic.com\/wp-content\/uploads\/2022\/09\/Grand-emplacement-Camping-1-768x433.jpg 768w\" sizes=\"(max-width: 1024px) 100vw, 1024px\" \/><\/figure>\n\n\n\n<figure class=\"wp-block-image size-large\"><img loading=\"lazy\" width=\"1024\" height=\"768\" data-id=\"787\"  src=\"https:\/\/www.camping-kersentic.com\/wp-content\/uploads\/2022\/08\/terrain-de-camping-1024x768.jpg\" alt=\"\" class=\"wp-image-787\" srcset=\"https:\/\/www.camping-kersentic.com\/wp-content\/uploads\/2022\/08\/terrain-de-camping-1024x768.jpg 1024w, https:\/\/www.camping-kersentic.com\/wp-content\/uploads\/2022\/08\/terrain-de-camping-300x225.jpg 300w, https:\/\/www.camping-kersentic.com\/wp-content\/uploads\/2022\/08\/terrain-de-camping-768x576.jpg 768w, https:\/\/www.camping-kersentic.com\/wp-content\/uploads\/2022\/08\/terrain-de-camping.jpg 1200w\" sizes=\"(max-width: 1024px) 100vw, 1024px\" \/><\/figure>\n\n\n\n<figure class=\"wp-block-image size-large\"><img loading=\"lazy\" width=\"1024\" height=\"684\" data-id=\"2569\"  src=\"https:\/\/www.camping-kersentic.com\/wp-content\/uploads\/2022\/10\/Camping-6789-3-1024x684.jpg\" alt=\"\" class=\"wp-image-2569\" srcset=\"https:\/\/www.camping-kersentic.com\/wp-content\/uploads\/2022\/10\/Camping-6789-3-1024x684.jpg 1024w, https:\/\/www.camping-kersentic.com\/wp-content\/uploads\/2022\/10\/Camping-6789-3-300x200.jpg 300w, https:\/\/www.camping-kersentic.com\/wp-content\/uploads\/2022\/10\/Camping-6789-3-768x513.jpg 768w, https:\/\/www.camping-kersentic.com\/wp-content\/uploads\/2022\/10\/Camping-6789-3-1536x1026.jpg 1536w, https:\/\/www.camping-kersentic.com\/wp-content\/uploads\/2022\/10\/Camping-6789-3.jpg 1920w\" sizes=\"(max-width: 1024px) 100vw, 1024px\" \/><\/figure>\n\n\n\n<figure class=\"wp-block-image size-large\"><img loading=\"lazy\" width=\"1152\" height=\"2560\" data-id=\"2945\"  src=\"https:\/\/www.camping-kersentic.com\/wp-content\/uploads\/2022\/10\/IMG_20210719_120329-scaled.jpg\" alt=\"\" class=\"wp-image-2945\" srcset=\"https:\/\/www.camping-kersentic.com\/wp-content\/uploads\/2022\/10\/IMG_20210719_120329-scaled.jpg 1152w, https:\/\/www.camping-kersentic.com\/wp-content\/uploads\/2022\/10\/IMG_20210719_120329-135x300.jpg 135w, https:\/\/www.camping-kersentic.com\/wp-content\/uploads\/2022\/10\/IMG_20210719_120329-461x1024.jpg 461w, https:\/\/www.camping-kersentic.com\/wp-content\/uploads\/2022\/10\/IMG_20210719_120329-768x1707.jpg 768w, https:\/\/www.camping-kersentic.com\/wp-content\/uploads\/2022\/10\/IMG_20210719_120329-691x1536.jpg 691w, https:\/\/www.camping-kersentic.com\/wp-content\/uploads\/2022\/10\/IMG_20210719_120329-922x2048.jpg 922w\" sizes=\"(max-width: 1152px) 100vw, 1152px\" \/><\/figure>\n<\/figure>\n\n\n\n<section class=\"wp-container-69de52131d63f wp-block-group\"><div class=\"wp-block-group__inner-container\">\n<div class=\"wp-block-columns reverse-mob\">\n<div class=\"wp-block-column\">\n<figure class=\"wp-block-image alignfull size-large\"><img loading=\"lazy\" width=\"1024\" height=\"684\" src=\"https:\/\/www.camping-kersentic.com\/wp-content\/uploads\/2022\/08\/kersentic_sanitaires-camping-fouesnant-1024x684.jpg\" alt=\"\" class=\"wp-image-797\" srcset=\"https:\/\/www.camping-kersentic.com\/wp-content\/uploads\/2022\/08\/kersentic_sanitaires-camping-fouesnant-1024x684.jpg 1024w, https:\/\/www.camping-kersentic.com\/wp-content\/uploads\/2022\/08\/kersentic_sanitaires-camping-fouesnant-300x200.jpg 300w, https:\/\/www.camping-kersentic.com\/wp-content\/uploads\/2022\/08\/kersentic_sanitaires-camping-fouesnant-768x513.jpg 768w, https:\/\/www.camping-kersentic.com\/wp-content\/uploads\/2022\/08\/kersentic_sanitaires-camping-fouesnant.jpg 1200w\" sizes=\"(max-width: 1024px) 100vw, 1024px\" \/><\/figure>\n<\/div>\n\n\n\n<div class=\"wp-block-column\">\n<h2 id=\"sanitaires\">Sanit\u00e4re Einrichtungen<\/h2>\n\n\n\n<p>Um Ihre <strong>Ruhe <\/strong>zu bewahren, k\u00f6nnen Sie von einem Sanit\u00e4rbereich mit <em>Dusche, Waschbecken, WC, PMR-Kabine, Babybereich mit Wickeltisch und Badewanne, Wasch<\/em>becken in der N\u00e4he der Rezeption profitieren.<\/p>\n\n\n\n<p>Ein weiterer Sanit\u00e4rblock mit nur WCs befindet sich in der N\u00e4he der Stellpl\u00e4tze im unteren Teil des Campingplatzes. Ruhe garantiert.<\/p>\n\n\n\n<div class=\"wp-container-69de52131d373 wp-block-buttons\">\n<div class=\"wp-block-button is-style-outline\"><a class=\"wp-block-button__link\" href=\"https:\/\/www.camping-kersentic.com\/de\/dienste\/\"><i class=\"far fa-stars\"><\/i>  Siehe die Dienstleistungen des Campingplatzes<\/a><\/div>\n<\/div>\n<\/div>\n<\/div>\n<\/div><\/section>\n","protected":false},"excerpt":{"rendered":"<p>Campingpl\u00e4tze im Finist\u00e8re mit beheiztem Schwimmbad Wenn Sie sich f\u00fcr ein Wochenende, eine Woche oder l\u00e4nger nach frischer Luft sehnen, werden unsere gro\u00dfen Stellpl\u00e4tze Sie begeistern. In einer au\u00dfergew\u00f6hnlichen Umgebung, in der sich die Vegetation und die Blumen so weit das Auge reicht ausbreiten , werden Sie in einer nat\u00fcrlichen Umgebung zelten, die zum Ausruhen [&hellip;]<\/p>\n","protected":false},"author":1,"featured_media":7406,"parent":0,"menu_order":0,"comment_status":"closed","ping_status":"closed","template":"","meta":[],"acf":[],"yoast_head":"<!-- This site is optimized with the Yoast SEO plugin v19.9 - https:\/\/yoast.com\/wordpress\/plugins\/seo\/ -->\n<title>Standorte - Camping de Kersentic<\/title>\n<meta name=\"robots\" content=\"index, follow, max-snippet:-1, max-image-preview:large, max-video-preview:-1\" \/>\n<link rel=\"canonical\" href=\"https:\/\/www.camping-kersentic.com\/de\/standorte\/\" \/>\n<meta property=\"og:locale\" content=\"de_DE\" \/>\n<meta property=\"og:type\" content=\"article\" \/>\n<meta property=\"og:title\" content=\"Standorte - Camping de Kersentic\" \/>\n<meta property=\"og:description\" content=\"Campingpl\u00e4tze im Finist\u00e8re mit beheiztem Schwimmbad Wenn Sie sich f\u00fcr ein Wochenende, eine Woche oder l\u00e4nger nach frischer Luft sehnen, werden unsere gro\u00dfen Stellpl\u00e4tze Sie begeistern. In einer au\u00dfergew\u00f6hnlichen Umgebung, in der sich die Vegetation und die Blumen so weit das Auge reicht ausbreiten , werden Sie in einer nat\u00fcrlichen Umgebung zelten, die zum Ausruhen [&hellip;]\" \/>\n<meta property=\"og:url\" content=\"https:\/\/www.camping-kersentic.com\/de\/standorte\/\" \/>\n<meta property=\"og:site_name\" content=\"Camping de Kersentic\" \/>\n<meta property=\"article:publisher\" content=\"https:\/\/www.facebook.com\/campingdekersenticfouesnant\/\" \/>\n<meta property=\"article:modified_time\" content=\"2025-05-26T09:02:24+00:00\" \/>\n<meta property=\"og:image\" content=\"https:\/\/www.camping-kersentic.com\/wp-content\/uploads\/2025\/03\/cdd4c2ca-b000-425a-af2f-dead4579f5fa.jpg\" \/>\n\t<meta property=\"og:image:width\" content=\"1600\" \/>\n\t<meta property=\"og:image:height\" content=\"1201\" \/>\n\t<meta property=\"og:image:type\" content=\"image\/jpeg\" \/>\n<meta name=\"twitter:card\" content=\"summary_large_image\" \/>\n<meta name=\"twitter:label1\" content=\"Est. reading time\" \/>\n\t<meta name=\"twitter:data1\" content=\"2 Minuten\" \/>\n<script type=\"application\/ld+json\" class=\"yoast-schema-graph\">{\"@context\":\"https:\/\/schema.org\",\"@graph\":[{\"@type\":\"WebPage\",\"@id\":\"https:\/\/www.camping-kersentic.com\/de\/standorte\/\",\"url\":\"https:\/\/www.camping-kersentic.com\/de\/standorte\/\",\"name\":\"Standorte - Camping de Kersentic\",\"isPartOf\":{\"@id\":\"https:\/\/www.camping-kersentic.com\/#website\"},\"datePublished\":\"2022-11-15T13:12:13+00:00\",\"dateModified\":\"2025-05-26T09:02:24+00:00\",\"breadcrumb\":{\"@id\":\"https:\/\/www.camping-kersentic.com\/de\/standorte\/#breadcrumb\"},\"inLanguage\":\"de-DE\",\"potentialAction\":[{\"@type\":\"ReadAction\",\"target\":[\"https:\/\/www.camping-kersentic.com\/de\/standorte\/\"]}]},{\"@type\":\"BreadcrumbList\",\"@id\":\"https:\/\/www.camping-kersentic.com\/de\/standorte\/#breadcrumb\",\"itemListElement\":[{\"@type\":\"ListItem\",\"position\":1,\"name\":\"Home\",\"item\":\"https:\/\/www.camping-kersentic.com\/de\/\"},{\"@type\":\"ListItem\",\"position\":2,\"name\":\"Standorte\"}]},{\"@type\":\"WebSite\",\"@id\":\"https:\/\/www.camping-kersentic.com\/#website\",\"url\":\"https:\/\/www.camping-kersentic.com\/\",\"name\":\"Camping de Kersentic\",\"description\":\"Camping Fouesnant dans le Finist\u00e8re sud, locations de mobil-home, g\u00eetes, Coco Sweet, locations insolites, emplacements, piscine couverte et plage\",\"publisher\":{\"@id\":\"https:\/\/www.camping-kersentic.com\/#organization\"},\"potentialAction\":[{\"@type\":\"SearchAction\",\"target\":{\"@type\":\"EntryPoint\",\"urlTemplate\":\"https:\/\/www.camping-kersentic.com\/?s={search_term_string}\"},\"query-input\":\"required name=search_term_string\"}],\"inLanguage\":\"de-DE\"},{\"@type\":\"Organization\",\"@id\":\"https:\/\/www.camping-kersentic.com\/#organization\",\"name\":\"Camping de Kersentic\",\"url\":\"https:\/\/www.camping-kersentic.com\/\",\"logo\":{\"@type\":\"ImageObject\",\"inLanguage\":\"de-DE\",\"@id\":\"https:\/\/www.camping-kersentic.com\/#\/schema\/logo\/image\/\",\"url\":\"https:\/\/www.camping-kersentic.com\/wp-content\/uploads\/2025\/05\/LOGO2025_C.webp\",\"contentUrl\":\"https:\/\/www.camping-kersentic.com\/wp-content\/uploads\/2025\/05\/LOGO2025_C.webp\",\"width\":764,\"height\":325,\"caption\":\"Camping de Kersentic\"},\"image\":{\"@id\":\"https:\/\/www.camping-kersentic.com\/#\/schema\/logo\/image\/\"},\"sameAs\":[\"https:\/\/www.instagram.com\/campingdekersentic\/?hl=fr\",\"https:\/\/www.facebook.com\/campingdekersenticfouesnant\/\"]}]}<\/script>\n<!-- \/ Yoast SEO plugin. -->","yoast_head_json":{"title":"Standorte - Camping de Kersentic","robots":{"index":"index","follow":"follow","max-snippet":"max-snippet:-1","max-image-preview":"max-image-preview:large","max-video-preview":"max-video-preview:-1"},"canonical":"https:\/\/www.camping-kersentic.com\/de\/standorte\/","og_locale":"de_DE","og_type":"article","og_title":"Standorte - Camping de Kersentic","og_description":"Campingpl\u00e4tze im Finist\u00e8re mit beheiztem Schwimmbad Wenn Sie sich f\u00fcr ein Wochenende, eine Woche oder l\u00e4nger nach frischer Luft sehnen, werden unsere gro\u00dfen Stellpl\u00e4tze Sie begeistern. In einer au\u00dfergew\u00f6hnlichen Umgebung, in der sich die Vegetation und die Blumen so weit das Auge reicht ausbreiten , werden Sie in einer nat\u00fcrlichen Umgebung zelten, die zum Ausruhen [&hellip;]","og_url":"https:\/\/www.camping-kersentic.com\/de\/standorte\/","og_site_name":"Camping de Kersentic","article_publisher":"https:\/\/www.facebook.com\/campingdekersenticfouesnant\/","article_modified_time":"2025-05-26T09:02:24+00:00","og_image":[{"width":1600,"height":1201,"url":"https:\/\/www.camping-kersentic.com\/wp-content\/uploads\/2025\/03\/cdd4c2ca-b000-425a-af2f-dead4579f5fa.jpg","type":"image\/jpeg"}],"twitter_card":"summary_large_image","twitter_misc":{"Est. reading time":"2 Minuten"},"schema":{"@context":"https:\/\/schema.org","@graph":[{"@type":"WebPage","@id":"https:\/\/www.camping-kersentic.com\/de\/standorte\/","url":"https:\/\/www.camping-kersentic.com\/de\/standorte\/","name":"Standorte - Camping de Kersentic","isPartOf":{"@id":"https:\/\/www.camping-kersentic.com\/#website"},"datePublished":"2022-11-15T13:12:13+00:00","dateModified":"2025-05-26T09:02:24+00:00","breadcrumb":{"@id":"https:\/\/www.camping-kersentic.com\/de\/standorte\/#breadcrumb"},"inLanguage":"de-DE","potentialAction":[{"@type":"ReadAction","target":["https:\/\/www.camping-kersentic.com\/de\/standorte\/"]}]},{"@type":"BreadcrumbList","@id":"https:\/\/www.camping-kersentic.com\/de\/standorte\/#breadcrumb","itemListElement":[{"@type":"ListItem","position":1,"name":"Home","item":"https:\/\/www.camping-kersentic.com\/de\/"},{"@type":"ListItem","position":2,"name":"Standorte"}]},{"@type":"WebSite","@id":"https:\/\/www.camping-kersentic.com\/#website","url":"https:\/\/www.camping-kersentic.com\/","name":"Camping de Kersentic","description":"Camping Fouesnant dans le Finist\u00e8re sud, locations de mobil-home, g\u00eetes, Coco Sweet, locations insolites, emplacements, piscine couverte et plage","publisher":{"@id":"https:\/\/www.camping-kersentic.com\/#organization"},"potentialAction":[{"@type":"SearchAction","target":{"@type":"EntryPoint","urlTemplate":"https:\/\/www.camping-kersentic.com\/?s={search_term_string}"},"query-input":"required name=search_term_string"}],"inLanguage":"de-DE"},{"@type":"Organization","@id":"https:\/\/www.camping-kersentic.com\/#organization","name":"Camping de Kersentic","url":"https:\/\/www.camping-kersentic.com\/","logo":{"@type":"ImageObject","inLanguage":"de-DE","@id":"https:\/\/www.camping-kersentic.com\/#\/schema\/logo\/image\/","url":"https:\/\/www.camping-kersentic.com\/wp-content\/uploads\/2025\/05\/LOGO2025_C.webp","contentUrl":"https:\/\/www.camping-kersentic.com\/wp-content\/uploads\/2025\/05\/LOGO2025_C.webp","width":764,"height":325,"caption":"Camping de Kersentic"},"image":{"@id":"https:\/\/www.camping-kersentic.com\/#\/schema\/logo\/image\/"},"sameAs":["https:\/\/www.instagram.com\/campingdekersentic\/?hl=fr","https:\/\/www.facebook.com\/campingdekersenticfouesnant\/"]}]}},"_links":{"self":[{"href":"https:\/\/www.camping-kersentic.com\/de\/wp-json\/wp\/v2\/pages\/3738"}],"collection":[{"href":"https:\/\/www.camping-kersentic.com\/de\/wp-json\/wp\/v2\/pages"}],"about":[{"href":"https:\/\/www.camping-kersentic.com\/de\/wp-json\/wp\/v2\/types\/page"}],"author":[{"embeddable":true,"href":"https:\/\/www.camping-kersentic.com\/de\/wp-json\/wp\/v2\/users\/1"}],"replies":[{"embeddable":true,"href":"https:\/\/www.camping-kersentic.com\/de\/wp-json\/wp\/v2\/comments?post=3738"}],"version-history":[{"count":4,"href":"https:\/\/www.camping-kersentic.com\/de\/wp-json\/wp\/v2\/pages\/3738\/revisions"}],"predecessor-version":[{"id":7531,"href":"https:\/\/www.camping-kersentic.com\/de\/wp-json\/wp\/v2\/pages\/3738\/revisions\/7531"}],"wp:featuredmedia":[{"embeddable":true,"href":"https:\/\/www.camping-kersentic.com\/de\/wp-json\/wp\/v2\/media\/7406"}],"wp:attachment":[{"href":"https:\/\/www.camping-kersentic.com\/de\/wp-json\/wp\/v2\/media?parent=3738"}],"curies":[{"name":"wp","href":"https:\/\/api.w.org\/{rel}","templated":true}]}}