{"id":3756,"date":"2022-11-15T14:16:40","date_gmt":"2022-11-15T13:16:40","guid":{"rendered":"https:\/\/www.camping-kersentic.com\/vermietungen\/unterkuenfte\/"},"modified":"2025-03-24T15:48:39","modified_gmt":"2025-03-24T14:48:39","slug":"unterkuenfte","status":"publish","type":"page","link":"https:\/\/www.camping-kersentic.com\/de\/vermietungen\/unterkuenfte\/","title":{"rendered":"Unterk\u00fcnfte"},"content":{"rendered":"\n<figure class=\"wp-block-image alignfull size-full\"><img loading=\"lazy\" width=\"1920\" height=\"1282\" src=\"https:\/\/www.camping-kersentic.com\/wp-content\/uploads\/2022\/10\/Cap_Coz-6958-52-2.jpg\" alt=\"\" class=\"wp-image-2626\" srcset=\"https:\/\/www.camping-kersentic.com\/wp-content\/uploads\/2022\/10\/Cap_Coz-6958-52-2.jpg 1920w, https:\/\/www.camping-kersentic.com\/wp-content\/uploads\/2022\/10\/Cap_Coz-6958-52-2-300x200.jpg 300w, https:\/\/www.camping-kersentic.com\/wp-content\/uploads\/2022\/10\/Cap_Coz-6958-52-2-1024x684.jpg 1024w, https:\/\/www.camping-kersentic.com\/wp-content\/uploads\/2022\/10\/Cap_Coz-6958-52-2-768x513.jpg 768w, https:\/\/www.camping-kersentic.com\/wp-content\/uploads\/2022\/10\/Cap_Coz-6958-52-2-1536x1026.jpg 1536w\" sizes=\"(max-width: 1920px) 100vw, 1920px\" \/><\/figure>\n\n\n\n<section class=\"wp-container-69ed0a18accdf wp-block-group alignfull deco--vague has-jaune-clair-background-color has-background\"><div class=\"wp-block-group__inner-container\">\n<h1 class=\"has-text-align-center\" id=\"gites-tout-confort-dans-le-finistere\"><strong>Ferienh\u00e4user mit allem Komfort<\/strong> im Finist\u00e8re<\/h1>\n\n\n\n<p class=\"has-text-align-center\">Sie werden Ihre Komfort-Ferienwohnung mit voll ausgestatteter K\u00fcche auf dem Campingplatz Kersentic lieben, wenn Sie Ihren Urlaub in der Bretagne verbringen.<\/p>\n\n\n\n<p class=\"has-text-align-center\">Warten Sie nicht l\u00e4nger und buchen Sie Ihren Aufenthalt!<\/p>\n\n\n\n<div class=\"wp-container-69ed0a18aca14 wp-block-buttons\">\n<div class=\"wp-block-button btn_resa_loc\"><a class=\"wp-block-button__link\"><i class=\"far fa-search\"><\/i>  Buchen Sie Ihren Aufenthalt!<\/a><\/div>\n<\/div>\n<\/div><\/section>\n\n\n\n<section class=\"wp-container-69ed0a18adee0 wp-block-group K-15-a\"><div class=\"wp-block-group__inner-container\">\n<div class=\"wp-container-69ed0a18adc21 wp-block-group\">\n<div class=\"wp-container-69ed0a18ad355 wp-block-group\"><div class=\"wp-block-group__inner-container\">\n<figure class=\"wp-block-image size-large\"><img loading=\"lazy\" width=\"1024\" height=\"768\" src=\"https:\/\/www.camping-kersentic.com\/wp-content\/uploads\/2025\/03\/20250304_155904-1024x768.jpg\" alt=\"\" class=\"wp-image-6176\" srcset=\"https:\/\/www.camping-kersentic.com\/wp-content\/uploads\/2025\/03\/20250304_155904-1024x768.jpg 1024w, https:\/\/www.camping-kersentic.com\/wp-content\/uploads\/2025\/03\/20250304_155904-300x225.jpg 300w, https:\/\/www.camping-kersentic.com\/wp-content\/uploads\/2025\/03\/20250304_155904-768x576.jpg 768w, https:\/\/www.camping-kersentic.com\/wp-content\/uploads\/2025\/03\/20250304_155904-1536x1152.jpg 1536w, https:\/\/www.camping-kersentic.com\/wp-content\/uploads\/2025\/03\/20250304_155904-2048x1536.jpg 2048w\" sizes=\"(max-width: 1024px) 100vw, 1024px\" \/><\/figure>\n\n\n\n<p class=\"h3\">Das Kap-coz<\/p>\n\n\n\n<p>2bis 4 Personen<\/p>\n\n\n\n<div class=\"wp-container-69ed0a18ad096 wp-block-buttons\">\n<div class=\"wp-block-button\"><a class=\"wp-block-button__link\" href=\"https:\/\/www.camping-kersentic.com\/de\/vermietungen\/unterkuenfte\/cap-coz\/\">Mehr sehen<\/a><\/div>\n<\/div>\n<\/div><\/div>\n\n\n\n<div class=\"wp-container-69ed0a18ad968 wp-block-group\"><div class=\"wp-block-group__inner-container\">\n<figure class=\"wp-block-image size-full\"><img loading=\"lazy\" width=\"800\" height=\"600\" src=\"https:\/\/www.camping-kersentic.com\/wp-content\/uploads\/2022\/08\/kersentic_Salon-cottage-les-glean.jpg\" alt=\"\" class=\"wp-image-674\" srcset=\"https:\/\/www.camping-kersentic.com\/wp-content\/uploads\/2022\/08\/kersentic_Salon-cottage-les-glean.jpg 800w, https:\/\/www.camping-kersentic.com\/wp-content\/uploads\/2022\/08\/kersentic_Salon-cottage-les-glean-300x225.jpg 300w, https:\/\/www.camping-kersentic.com\/wp-content\/uploads\/2022\/08\/kersentic_Salon-cottage-les-glean-768x576.jpg 768w\" sizes=\"(max-width: 800px) 100vw, 800px\" \/><\/figure>\n\n\n\n<p class=\"h3\">Les Gl\u00e9nan<\/p>\n\n\n\n<p>2 bis 6 Personen<\/p>\n\n\n\n<div class=\"wp-container-69ed0a18ad6cb wp-block-buttons\">\n<div class=\"wp-block-button\"><a class=\"wp-block-button__link\" href=\"https:\/\/www.camping-kersentic.com\/de\/vermietungen\/unterkuenfte\/die-glenan\/\">Mehr sehen<\/a><\/div>\n<\/div>\n<\/div><\/div>\n<\/div>\n<\/div><\/section>\n","protected":false},"excerpt":{"rendered":"<p>Ferienh\u00e4user mit allem Komfort im Finist\u00e8re Sie werden Ihre Komfort-Ferienwohnung mit voll ausgestatteter K\u00fcche auf dem Campingplatz Kersentic lieben, wenn Sie Ihren Urlaub in der Bretagne verbringen. Warten Sie nicht l\u00e4nger und buchen Sie Ihren Aufenthalt! Das Kap-coz 2bis 4 Personen Les Gl\u00e9nan 2 bis 6 Personen<\/p>\n","protected":false},"author":1,"featured_media":0,"parent":3752,"menu_order":0,"comment_status":"closed","ping_status":"closed","template":"","meta":[],"acf":[],"yoast_head":"<!-- This site is optimized with the Yoast SEO plugin v19.9 - https:\/\/yoast.com\/wordpress\/plugins\/seo\/ -->\n<title>Unterk\u00fcnfte - Camping de Kersentic<\/title>\n<meta name=\"robots\" content=\"index, follow, max-snippet:-1, max-image-preview:large, max-video-preview:-1\" \/>\n<link rel=\"canonical\" href=\"https:\/\/www.camping-kersentic.com\/de\/vermietungen\/unterkuenfte\/\" \/>\n<meta property=\"og:locale\" content=\"de_DE\" \/>\n<meta property=\"og:type\" content=\"article\" \/>\n<meta property=\"og:title\" content=\"Unterk\u00fcnfte - Camping de Kersentic\" \/>\n<meta property=\"og:description\" content=\"Ferienh\u00e4user mit allem Komfort im Finist\u00e8re Sie werden Ihre Komfort-Ferienwohnung mit voll ausgestatteter K\u00fcche auf dem Campingplatz Kersentic lieben, wenn Sie Ihren Urlaub in der Bretagne verbringen. Warten Sie nicht l\u00e4nger und buchen Sie Ihren Aufenthalt! Das Kap-coz 2bis 4 Personen Les Gl\u00e9nan 2 bis 6 Personen\" \/>\n<meta property=\"og:url\" content=\"https:\/\/www.camping-kersentic.com\/de\/vermietungen\/unterkuenfte\/\" \/>\n<meta property=\"og:site_name\" content=\"Camping de Kersentic\" \/>\n<meta property=\"article:publisher\" content=\"https:\/\/www.facebook.com\/campingdekersenticfouesnant\/\" \/>\n<meta property=\"article:modified_time\" content=\"2025-03-24T14:48:39+00:00\" \/>\n<meta property=\"og:image\" content=\"https:\/\/www.camping-kersentic.com\/wp-content\/uploads\/2022\/10\/Cap_Coz-6958-52-2.jpg\" \/>\n<meta name=\"twitter:card\" content=\"summary_large_image\" \/>\n<script type=\"application\/ld+json\" class=\"yoast-schema-graph\">{\"@context\":\"https:\/\/schema.org\",\"@graph\":[{\"@type\":\"WebPage\",\"@id\":\"https:\/\/www.camping-kersentic.com\/de\/vermietungen\/unterkuenfte\/\",\"url\":\"https:\/\/www.camping-kersentic.com\/de\/vermietungen\/unterkuenfte\/\",\"name\":\"Unterk\u00fcnfte - Camping de Kersentic\",\"isPartOf\":{\"@id\":\"https:\/\/www.camping-kersentic.com\/#website\"},\"datePublished\":\"2022-11-15T13:16:40+00:00\",\"dateModified\":\"2025-03-24T14:48:39+00:00\",\"breadcrumb\":{\"@id\":\"https:\/\/www.camping-kersentic.com\/de\/vermietungen\/unterkuenfte\/#breadcrumb\"},\"inLanguage\":\"de-DE\",\"potentialAction\":[{\"@type\":\"ReadAction\",\"target\":[\"https:\/\/www.camping-kersentic.com\/de\/vermietungen\/unterkuenfte\/\"]}]},{\"@type\":\"BreadcrumbList\",\"@id\":\"https:\/\/www.camping-kersentic.com\/de\/vermietungen\/unterkuenfte\/#breadcrumb\",\"itemListElement\":[{\"@type\":\"ListItem\",\"position\":1,\"name\":\"Home\",\"item\":\"https:\/\/www.camping-kersentic.com\/de\/\"},{\"@type\":\"ListItem\",\"position\":2,\"name\":\"Vermietungen\",\"item\":\"https:\/\/www.camping-kersentic.com\/de\/vermietungen\/\"},{\"@type\":\"ListItem\",\"position\":3,\"name\":\"Unterk\u00fcnfte\"}]},{\"@type\":\"WebSite\",\"@id\":\"https:\/\/www.camping-kersentic.com\/#website\",\"url\":\"https:\/\/www.camping-kersentic.com\/\",\"name\":\"Camping de Kersentic\",\"description\":\"Camping Fouesnant dans le Finist\u00e8re sud, locations de mobil-home, g\u00eetes, Coco Sweet, locations insolites, emplacements, piscine couverte et plage\",\"publisher\":{\"@id\":\"https:\/\/www.camping-kersentic.com\/#organization\"},\"potentialAction\":[{\"@type\":\"SearchAction\",\"target\":{\"@type\":\"EntryPoint\",\"urlTemplate\":\"https:\/\/www.camping-kersentic.com\/?s={search_term_string}\"},\"query-input\":\"required name=search_term_string\"}],\"inLanguage\":\"de-DE\"},{\"@type\":\"Organization\",\"@id\":\"https:\/\/www.camping-kersentic.com\/#organization\",\"name\":\"Camping de Kersentic\",\"url\":\"https:\/\/www.camping-kersentic.com\/\",\"logo\":{\"@type\":\"ImageObject\",\"inLanguage\":\"de-DE\",\"@id\":\"https:\/\/www.camping-kersentic.com\/#\/schema\/logo\/image\/\",\"url\":\"https:\/\/www.camping-kersentic.com\/wp-content\/uploads\/2025\/05\/LOGO2025_C.webp\",\"contentUrl\":\"https:\/\/www.camping-kersentic.com\/wp-content\/uploads\/2025\/05\/LOGO2025_C.webp\",\"width\":764,\"height\":325,\"caption\":\"Camping de Kersentic\"},\"image\":{\"@id\":\"https:\/\/www.camping-kersentic.com\/#\/schema\/logo\/image\/\"},\"sameAs\":[\"https:\/\/www.instagram.com\/campingdekersentic\/?hl=fr\",\"https:\/\/www.facebook.com\/campingdekersenticfouesnant\/\"]}]}<\/script>\n<!-- \/ Yoast SEO plugin. -->","yoast_head_json":{"title":"Unterk\u00fcnfte - Camping de Kersentic","robots":{"index":"index","follow":"follow","max-snippet":"max-snippet:-1","max-image-preview":"max-image-preview:large","max-video-preview":"max-video-preview:-1"},"canonical":"https:\/\/www.camping-kersentic.com\/de\/vermietungen\/unterkuenfte\/","og_locale":"de_DE","og_type":"article","og_title":"Unterk\u00fcnfte - Camping de Kersentic","og_description":"Ferienh\u00e4user mit allem Komfort im Finist\u00e8re Sie werden Ihre Komfort-Ferienwohnung mit voll ausgestatteter K\u00fcche auf dem Campingplatz Kersentic lieben, wenn Sie Ihren Urlaub in der Bretagne verbringen. Warten Sie nicht l\u00e4nger und buchen Sie Ihren Aufenthalt! Das Kap-coz 2bis 4 Personen Les Gl\u00e9nan 2 bis 6 Personen","og_url":"https:\/\/www.camping-kersentic.com\/de\/vermietungen\/unterkuenfte\/","og_site_name":"Camping de Kersentic","article_publisher":"https:\/\/www.facebook.com\/campingdekersenticfouesnant\/","article_modified_time":"2025-03-24T14:48:39+00:00","og_image":[{"url":"https:\/\/www.camping-kersentic.com\/wp-content\/uploads\/2022\/10\/Cap_Coz-6958-52-2.jpg"}],"twitter_card":"summary_large_image","schema":{"@context":"https:\/\/schema.org","@graph":[{"@type":"WebPage","@id":"https:\/\/www.camping-kersentic.com\/de\/vermietungen\/unterkuenfte\/","url":"https:\/\/www.camping-kersentic.com\/de\/vermietungen\/unterkuenfte\/","name":"Unterk\u00fcnfte - Camping de Kersentic","isPartOf":{"@id":"https:\/\/www.camping-kersentic.com\/#website"},"datePublished":"2022-11-15T13:16:40+00:00","dateModified":"2025-03-24T14:48:39+00:00","breadcrumb":{"@id":"https:\/\/www.camping-kersentic.com\/de\/vermietungen\/unterkuenfte\/#breadcrumb"},"inLanguage":"de-DE","potentialAction":[{"@type":"ReadAction","target":["https:\/\/www.camping-kersentic.com\/de\/vermietungen\/unterkuenfte\/"]}]},{"@type":"BreadcrumbList","@id":"https:\/\/www.camping-kersentic.com\/de\/vermietungen\/unterkuenfte\/#breadcrumb","itemListElement":[{"@type":"ListItem","position":1,"name":"Home","item":"https:\/\/www.camping-kersentic.com\/de\/"},{"@type":"ListItem","position":2,"name":"Vermietungen","item":"https:\/\/www.camping-kersentic.com\/de\/vermietungen\/"},{"@type":"ListItem","position":3,"name":"Unterk\u00fcnfte"}]},{"@type":"WebSite","@id":"https:\/\/www.camping-kersentic.com\/#website","url":"https:\/\/www.camping-kersentic.com\/","name":"Camping de Kersentic","description":"Camping Fouesnant dans le Finist\u00e8re sud, locations de mobil-home, g\u00eetes, Coco Sweet, locations insolites, emplacements, piscine couverte et plage","publisher":{"@id":"https:\/\/www.camping-kersentic.com\/#organization"},"potentialAction":[{"@type":"SearchAction","target":{"@type":"EntryPoint","urlTemplate":"https:\/\/www.camping-kersentic.com\/?s={search_term_string}"},"query-input":"required name=search_term_string"}],"inLanguage":"de-DE"},{"@type":"Organization","@id":"https:\/\/www.camping-kersentic.com\/#organization","name":"Camping de Kersentic","url":"https:\/\/www.camping-kersentic.com\/","logo":{"@type":"ImageObject","inLanguage":"de-DE","@id":"https:\/\/www.camping-kersentic.com\/#\/schema\/logo\/image\/","url":"https:\/\/www.camping-kersentic.com\/wp-content\/uploads\/2025\/05\/LOGO2025_C.webp","contentUrl":"https:\/\/www.camping-kersentic.com\/wp-content\/uploads\/2025\/05\/LOGO2025_C.webp","width":764,"height":325,"caption":"Camping de Kersentic"},"image":{"@id":"https:\/\/www.camping-kersentic.com\/#\/schema\/logo\/image\/"},"sameAs":["https:\/\/www.instagram.com\/campingdekersentic\/?hl=fr","https:\/\/www.facebook.com\/campingdekersenticfouesnant\/"]}]}},"_links":{"self":[{"href":"https:\/\/www.camping-kersentic.com\/de\/wp-json\/wp\/v2\/pages\/3756"}],"collection":[{"href":"https:\/\/www.camping-kersentic.com\/de\/wp-json\/wp\/v2\/pages"}],"about":[{"href":"https:\/\/www.camping-kersentic.com\/de\/wp-json\/wp\/v2\/types\/page"}],"author":[{"embeddable":true,"href":"https:\/\/www.camping-kersentic.com\/de\/wp-json\/wp\/v2\/users\/1"}],"replies":[{"embeddable":true,"href":"https:\/\/www.camping-kersentic.com\/de\/wp-json\/wp\/v2\/comments?post=3756"}],"version-history":[{"count":3,"href":"https:\/\/www.camping-kersentic.com\/de\/wp-json\/wp\/v2\/pages\/3756\/revisions"}],"predecessor-version":[{"id":7185,"href":"https:\/\/www.camping-kersentic.com\/de\/wp-json\/wp\/v2\/pages\/3756\/revisions\/7185"}],"up":[{"embeddable":true,"href":"https:\/\/www.camping-kersentic.com\/de\/wp-json\/wp\/v2\/pages\/3752"}],"wp:attachment":[{"href":"https:\/\/www.camping-kersentic.com\/de\/wp-json\/wp\/v2\/media?parent=3756"}],"curies":[{"name":"wp","href":"https:\/\/api.w.org\/{rel}","templated":true}]}}