{"id":3792,"date":"2022-11-15T14:35:23","date_gmt":"2022-11-15T13:35:23","guid":{"rendered":"https:\/\/www.camping-kersentic.com\/eigentuemer\/"},"modified":"2025-03-26T09:30:03","modified_gmt":"2025-03-26T08:30:03","slug":"eigentuemer","status":"publish","type":"page","link":"https:\/\/www.camping-kersentic.com\/de\/eigentuemer\/","title":{"rendered":"Eigent\u00fcmer"},"content":{"rendered":"\n<figure class=\"wp-block-image alignfull size-large is-style-default\"><img loading=\"lazy\" width=\"1024\" height=\"461\" src=\"https:\/\/www.camping-kersentic.com\/wp-content\/uploads\/2022\/10\/IMG_20220712_213409-1-1024x461.jpg\" alt=\"Strand in unmittelbarer N&#xE4;he des Campingplatzes Kersentic in der Bretagne\" class=\"wp-image-2963\" srcset=\"https:\/\/www.camping-kersentic.com\/wp-content\/uploads\/2022\/10\/IMG_20220712_213409-1-1024x461.jpg 1024w, https:\/\/www.camping-kersentic.com\/wp-content\/uploads\/2022\/10\/IMG_20220712_213409-1-300x135.jpg 300w, https:\/\/www.camping-kersentic.com\/wp-content\/uploads\/2022\/10\/IMG_20220712_213409-1-768x346.jpg 768w, https:\/\/www.camping-kersentic.com\/wp-content\/uploads\/2022\/10\/IMG_20220712_213409-1-1536x691.jpg 1536w, https:\/\/www.camping-kersentic.com\/wp-content\/uploads\/2022\/10\/IMG_20220712_213409-1-2048x922.jpg 2048w\" sizes=\"(max-width: 1024px) 100vw, 1024px\" \/><\/figure>\n\n<section class=\"wp-container-6a02abbf0e9b3 wp-block-group alignfull deco--vague\"><div class=\"wp-block-group__inner-container\">\n<h1 class=\"has-text-align-center\" id=\"devenez-proprietaire\">Werden Sie Eigent\u00fcmer<\/h1>\n\n\n\n<div class=\"wp-block-group encart-citation\"><div class=\"wp-block-group__inner-container\">\n<p class=\"has-text-align-center\">M\u00f6chten Sie \u00f6fter in den <strong>S\u00fcden des Finist\u00e8re an die K\u00fcste<\/strong> kommen?<\/p>\n<\/div><\/div>\n\n\n\n<p class=\"has-text-align-center\">Der <a href=\"https:\/\/www.camping-kersentic.com\/de\/\">Campingplatz Kersentic in Fouesnant<\/a> bietet Ihnen die M\u00f6glichkeit, Ihre Freizeit in vollen Z\u00fcgen zu genie\u00dfen, indem Sie <strong>Eigent\u00fcmer Ihrer Ferienresidenz<\/strong> im Freien werden.<\/p>\n\n\n\n<p class=\"has-text-align-center\">Wir freuen uns darauf, Sie unter 02.98.56.08.66 zu informieren und Sie bei Ihrem Projekt zu begleiten.<\/p>\n\n\n\n<div class=\"wp-container-6a02abbf0e6d8 wp-block-buttons\">\n<div class=\"wp-block-button\"><a class=\"wp-block-button__link\" href=\"tel:0298560866\"><i class=\"far fa-phone\"><\/i>  Kontaktieren Sie uns<\/a><\/div>\n<\/div>\n<\/div><\/section>\n\n<div class=\"wp-block-columns alignfull deco--vague has-jaune-clair-background-color has-background\">\n<div class=\"wp-block-column is-vertically-aligned-center\" style=\"flex-basis:48%\">\n<h2 id=\"6-mois-de-vacances\">6 Monate Urlaub!!!<\/h2>\n\n\n\n<p>Das ist kein Traum, sondern Realit\u00e4t!<\/p>\n\n\n\n<p>Keine Taschen oder Koffer mehr packen, um loszuziehen!!! Nichts zu denken, au\u00dfer zu genie\u00dfen. Das erwartet Sie, wenn Sie Eigent\u00fcmer auf dem Campingplatz Kersentic werden. Ein sch\u00f6nes Leben f\u00fcr Sie!<\/p>\n<\/div>\n\n\n\n<div class=\"wp-block-column galerie_2\">\n<figure class=\"wp-block-gallery has-nested-images columns-default is-cropped\">\n<figure class=\"wp-block-image size-large\"><img loading=\"lazy\" width=\"1024\" height=\"683\" src=\"https:\/\/www.camping-kersentic.com\/wp-content\/uploads\/2022\/11\/Tribu-Bretagne-Fouesnant-Kersentic-min-1024x683.jpg\" alt=\"\" class=\"wp-image-3617\" srcset=\"https:\/\/www.camping-kersentic.com\/wp-content\/uploads\/2022\/11\/Tribu-Bretagne-Fouesnant-Kersentic-min-1024x683.jpg 1024w, https:\/\/www.camping-kersentic.com\/wp-content\/uploads\/2022\/11\/Tribu-Bretagne-Fouesnant-Kersentic-min-300x200.jpg 300w, https:\/\/www.camping-kersentic.com\/wp-content\/uploads\/2022\/11\/Tribu-Bretagne-Fouesnant-Kersentic-min-768x513.jpg 768w, https:\/\/www.camping-kersentic.com\/wp-content\/uploads\/2022\/11\/Tribu-Bretagne-Fouesnant-Kersentic-min-1536x1025.jpg 1536w, https:\/\/www.camping-kersentic.com\/wp-content\/uploads\/2022\/11\/Tribu-Bretagne-Fouesnant-Kersentic-min-2048x1367.jpg 2048w\" sizes=\"(max-width: 1024px) 100vw, 1024px\" \/><\/figure>\n\n\n\n<figure class=\"wp-block-image size-large\"><img loading=\"lazy\" width=\"1024\" height=\"841\" src=\"https:\/\/www.camping-kersentic.com\/wp-content\/uploads\/2022\/11\/Evasion-Fouesnant-Camping-Kersentic-Finistere-min-1024x841.jpg\" alt=\"\" class=\"wp-image-3620\" srcset=\"https:\/\/www.camping-kersentic.com\/wp-content\/uploads\/2022\/11\/Evasion-Fouesnant-Camping-Kersentic-Finistere-min-1024x841.jpg 1024w, https:\/\/www.camping-kersentic.com\/wp-content\/uploads\/2022\/11\/Evasion-Fouesnant-Camping-Kersentic-Finistere-min-300x246.jpg 300w, https:\/\/www.camping-kersentic.com\/wp-content\/uploads\/2022\/11\/Evasion-Fouesnant-Camping-Kersentic-Finistere-min-768x631.jpg 768w, https:\/\/www.camping-kersentic.com\/wp-content\/uploads\/2022\/11\/Evasion-Fouesnant-Camping-Kersentic-Finistere-min-1536x1262.jpg 1536w, https:\/\/www.camping-kersentic.com\/wp-content\/uploads\/2022\/11\/Evasion-Fouesnant-Camping-Kersentic-Finistere-min-2048x1682.jpg 2048w\" sizes=\"(max-width: 1024px) 100vw, 1024px\" \/><\/figure>\n<\/figure>\n\n\n\n<div class=\"wp-container-6a02abbf0ee01 wp-block-buttons\">\n<div class=\"wp-block-button btn_galerie\"><a class=\"wp-block-button__link\" href=\"https:\/\/www.camping-kersentic.com\/de\/galerie-photos\/?galerie=hebergements\"><i class=\"far fa-camera\"><\/i>  Fotogalerie<\/a><\/div>\n<\/div>\n<\/div>\n<\/div>\n","protected":false},"excerpt":{"rendered":"<p>Werden Sie Eigent\u00fcmer Der Campingplatz Kersentic in Fouesnant bietet Ihnen die M\u00f6glichkeit, Ihre Freizeit in vollen Z\u00fcgen zu genie\u00dfen, indem Sie Eigent\u00fcmer Ihrer Ferienresidenz im Freien werden. Wir freuen uns darauf, Sie unter 02.98.56.08.66 zu informieren und Sie bei Ihrem Projekt zu begleiten. 6 Monate Urlaub!!! Das ist kein Traum, sondern Realit\u00e4t! Keine Taschen oder [&hellip;]<\/p>\n","protected":false},"author":1,"featured_media":0,"parent":0,"menu_order":0,"comment_status":"closed","ping_status":"closed","template":"","meta":[],"acf":[],"yoast_head":"<!-- This site is optimized with the Yoast SEO plugin v19.9 - https:\/\/yoast.com\/wordpress\/plugins\/seo\/ -->\n<title>Eigent\u00fcmer - Camping de Kersentic<\/title>\n<meta name=\"robots\" content=\"index, follow, max-snippet:-1, max-image-preview:large, max-video-preview:-1\" \/>\n<link rel=\"canonical\" href=\"https:\/\/www.camping-kersentic.com\/de\/eigentuemer\/\" \/>\n<meta property=\"og:locale\" content=\"de_DE\" \/>\n<meta property=\"og:type\" content=\"article\" \/>\n<meta property=\"og:title\" content=\"Eigent\u00fcmer - Camping de Kersentic\" \/>\n<meta property=\"og:description\" content=\"Werden Sie Eigent\u00fcmer Der Campingplatz Kersentic in Fouesnant bietet Ihnen die M\u00f6glichkeit, Ihre Freizeit in vollen Z\u00fcgen zu genie\u00dfen, indem Sie Eigent\u00fcmer Ihrer Ferienresidenz im Freien werden. Wir freuen uns darauf, Sie unter 02.98.56.08.66 zu informieren und Sie bei Ihrem Projekt zu begleiten. 6 Monate Urlaub!!! Das ist kein Traum, sondern Realit\u00e4t! Keine Taschen oder [&hellip;]\" \/>\n<meta property=\"og:url\" content=\"https:\/\/www.camping-kersentic.com\/de\/eigentuemer\/\" \/>\n<meta property=\"og:site_name\" content=\"Camping de Kersentic\" \/>\n<meta property=\"article:publisher\" content=\"https:\/\/www.facebook.com\/campingdekersenticfouesnant\/\" \/>\n<meta property=\"article:modified_time\" content=\"2025-03-26T08:30:03+00:00\" \/>\n<meta property=\"og:image\" content=\"https:\/\/www.camping-kersentic.com\/wp-content\/uploads\/2022\/10\/IMG_20220712_213409-1-1024x461.jpg\" \/>\n<meta name=\"twitter:card\" content=\"summary_large_image\" \/>\n<meta name=\"twitter:label1\" content=\"Gesch\u00e4tzte Lesezeit\" \/>\n\t<meta name=\"twitter:data1\" content=\"1 Minute\" \/>\n<script type=\"application\/ld+json\" class=\"yoast-schema-graph\">{\"@context\":\"https:\/\/schema.org\",\"@graph\":[{\"@type\":\"WebPage\",\"@id\":\"https:\/\/www.camping-kersentic.com\/de\/eigentuemer\/\",\"url\":\"https:\/\/www.camping-kersentic.com\/de\/eigentuemer\/\",\"name\":\"Eigent\u00fcmer - Camping de Kersentic\",\"isPartOf\":{\"@id\":\"https:\/\/www.camping-kersentic.com\/#website\"},\"datePublished\":\"2022-11-15T13:35:23+00:00\",\"dateModified\":\"2025-03-26T08:30:03+00:00\",\"breadcrumb\":{\"@id\":\"https:\/\/www.camping-kersentic.com\/de\/eigentuemer\/#breadcrumb\"},\"inLanguage\":\"de-DE\",\"potentialAction\":[{\"@type\":\"ReadAction\",\"target\":[\"https:\/\/www.camping-kersentic.com\/de\/eigentuemer\/\"]}]},{\"@type\":\"BreadcrumbList\",\"@id\":\"https:\/\/www.camping-kersentic.com\/de\/eigentuemer\/#breadcrumb\",\"itemListElement\":[{\"@type\":\"ListItem\",\"position\":1,\"name\":\"Home\",\"item\":\"https:\/\/www.camping-kersentic.com\/de\/\"},{\"@type\":\"ListItem\",\"position\":2,\"name\":\"Eigent\u00fcmer\"}]},{\"@type\":\"WebSite\",\"@id\":\"https:\/\/www.camping-kersentic.com\/#website\",\"url\":\"https:\/\/www.camping-kersentic.com\/\",\"name\":\"Camping de Kersentic\",\"description\":\"Camping Fouesnant dans le Finist\u00e8re sud, locations de mobil-home, g\u00eetes, Coco Sweet, locations insolites, emplacements, piscine couverte et plage\",\"publisher\":{\"@id\":\"https:\/\/www.camping-kersentic.com\/#organization\"},\"potentialAction\":[{\"@type\":\"SearchAction\",\"target\":{\"@type\":\"EntryPoint\",\"urlTemplate\":\"https:\/\/www.camping-kersentic.com\/?s={search_term_string}\"},\"query-input\":\"required name=search_term_string\"}],\"inLanguage\":\"de-DE\"},{\"@type\":\"Organization\",\"@id\":\"https:\/\/www.camping-kersentic.com\/#organization\",\"name\":\"Camping de Kersentic\",\"url\":\"https:\/\/www.camping-kersentic.com\/\",\"logo\":{\"@type\":\"ImageObject\",\"inLanguage\":\"de-DE\",\"@id\":\"https:\/\/www.camping-kersentic.com\/#\/schema\/logo\/image\/\",\"url\":\"https:\/\/www.camping-kersentic.com\/wp-content\/uploads\/2025\/05\/LOGO2025_C.webp\",\"contentUrl\":\"https:\/\/www.camping-kersentic.com\/wp-content\/uploads\/2025\/05\/LOGO2025_C.webp\",\"width\":764,\"height\":325,\"caption\":\"Camping de Kersentic\"},\"image\":{\"@id\":\"https:\/\/www.camping-kersentic.com\/#\/schema\/logo\/image\/\"},\"sameAs\":[\"https:\/\/www.instagram.com\/campingdekersentic\/?hl=fr\",\"https:\/\/www.facebook.com\/campingdekersenticfouesnant\/\"]}]}<\/script>\n<!-- \/ Yoast SEO plugin. -->","yoast_head_json":{"title":"Eigent\u00fcmer - Camping de Kersentic","robots":{"index":"index","follow":"follow","max-snippet":"max-snippet:-1","max-image-preview":"max-image-preview:large","max-video-preview":"max-video-preview:-1"},"canonical":"https:\/\/www.camping-kersentic.com\/de\/eigentuemer\/","og_locale":"de_DE","og_type":"article","og_title":"Eigent\u00fcmer - Camping de Kersentic","og_description":"Werden Sie Eigent\u00fcmer Der Campingplatz Kersentic in Fouesnant bietet Ihnen die M\u00f6glichkeit, Ihre Freizeit in vollen Z\u00fcgen zu genie\u00dfen, indem Sie Eigent\u00fcmer Ihrer Ferienresidenz im Freien werden. Wir freuen uns darauf, Sie unter 02.98.56.08.66 zu informieren und Sie bei Ihrem Projekt zu begleiten. 6 Monate Urlaub!!! Das ist kein Traum, sondern Realit\u00e4t! Keine Taschen oder [&hellip;]","og_url":"https:\/\/www.camping-kersentic.com\/de\/eigentuemer\/","og_site_name":"Camping de Kersentic","article_publisher":"https:\/\/www.facebook.com\/campingdekersenticfouesnant\/","article_modified_time":"2025-03-26T08:30:03+00:00","og_image":[{"url":"https:\/\/www.camping-kersentic.com\/wp-content\/uploads\/2022\/10\/IMG_20220712_213409-1-1024x461.jpg"}],"twitter_card":"summary_large_image","twitter_misc":{"Gesch\u00e4tzte Lesezeit":"1 Minute"},"schema":{"@context":"https:\/\/schema.org","@graph":[{"@type":"WebPage","@id":"https:\/\/www.camping-kersentic.com\/de\/eigentuemer\/","url":"https:\/\/www.camping-kersentic.com\/de\/eigentuemer\/","name":"Eigent\u00fcmer - Camping de Kersentic","isPartOf":{"@id":"https:\/\/www.camping-kersentic.com\/#website"},"datePublished":"2022-11-15T13:35:23+00:00","dateModified":"2025-03-26T08:30:03+00:00","breadcrumb":{"@id":"https:\/\/www.camping-kersentic.com\/de\/eigentuemer\/#breadcrumb"},"inLanguage":"de-DE","potentialAction":[{"@type":"ReadAction","target":["https:\/\/www.camping-kersentic.com\/de\/eigentuemer\/"]}]},{"@type":"BreadcrumbList","@id":"https:\/\/www.camping-kersentic.com\/de\/eigentuemer\/#breadcrumb","itemListElement":[{"@type":"ListItem","position":1,"name":"Home","item":"https:\/\/www.camping-kersentic.com\/de\/"},{"@type":"ListItem","position":2,"name":"Eigent\u00fcmer"}]},{"@type":"WebSite","@id":"https:\/\/www.camping-kersentic.com\/#website","url":"https:\/\/www.camping-kersentic.com\/","name":"Camping de Kersentic","description":"Camping Fouesnant dans le Finist\u00e8re sud, locations de mobil-home, g\u00eetes, Coco Sweet, locations insolites, emplacements, piscine couverte et plage","publisher":{"@id":"https:\/\/www.camping-kersentic.com\/#organization"},"potentialAction":[{"@type":"SearchAction","target":{"@type":"EntryPoint","urlTemplate":"https:\/\/www.camping-kersentic.com\/?s={search_term_string}"},"query-input":"required name=search_term_string"}],"inLanguage":"de-DE"},{"@type":"Organization","@id":"https:\/\/www.camping-kersentic.com\/#organization","name":"Camping de Kersentic","url":"https:\/\/www.camping-kersentic.com\/","logo":{"@type":"ImageObject","inLanguage":"de-DE","@id":"https:\/\/www.camping-kersentic.com\/#\/schema\/logo\/image\/","url":"https:\/\/www.camping-kersentic.com\/wp-content\/uploads\/2025\/05\/LOGO2025_C.webp","contentUrl":"https:\/\/www.camping-kersentic.com\/wp-content\/uploads\/2025\/05\/LOGO2025_C.webp","width":764,"height":325,"caption":"Camping de Kersentic"},"image":{"@id":"https:\/\/www.camping-kersentic.com\/#\/schema\/logo\/image\/"},"sameAs":["https:\/\/www.instagram.com\/campingdekersentic\/?hl=fr","https:\/\/www.facebook.com\/campingdekersenticfouesnant\/"]}]}},"_links":{"self":[{"href":"https:\/\/www.camping-kersentic.com\/de\/wp-json\/wp\/v2\/pages\/3792"}],"collection":[{"href":"https:\/\/www.camping-kersentic.com\/de\/wp-json\/wp\/v2\/pages"}],"about":[{"href":"https:\/\/www.camping-kersentic.com\/de\/wp-json\/wp\/v2\/types\/page"}],"author":[{"embeddable":true,"href":"https:\/\/www.camping-kersentic.com\/de\/wp-json\/wp\/v2\/users\/1"}],"replies":[{"embeddable":true,"href":"https:\/\/www.camping-kersentic.com\/de\/wp-json\/wp\/v2\/comments?post=3792"}],"version-history":[{"count":4,"href":"https:\/\/www.camping-kersentic.com\/de\/wp-json\/wp\/v2\/pages\/3792\/revisions"}],"predecessor-version":[{"id":7246,"href":"https:\/\/www.camping-kersentic.com\/de\/wp-json\/wp\/v2\/pages\/3792\/revisions\/7246"}],"wp:attachment":[{"href":"https:\/\/www.camping-kersentic.com\/de\/wp-json\/wp\/v2\/media?parent=3792"}],"curies":[{"name":"wp","href":"https:\/\/api.w.org\/{rel}","templated":true}]}}