{"id":3796,"date":"2022-11-15T14:36:10","date_gmt":"2022-11-15T13:36:10","guid":{"rendered":"https:\/\/www.camping-kersentic.com\/dienste\/"},"modified":"2025-05-26T11:36:52","modified_gmt":"2025-05-26T09:36:52","slug":"dienste","status":"publish","type":"page","link":"https:\/\/www.camping-kersentic.com\/de\/dienste\/","title":{"rendered":"Dienste"},"content":{"rendered":"\n<figure class=\"wp-block-image alignfull size-full\"><img loading=\"lazy\" width=\"1688\" height=\"1125\" src=\"https:\/\/www.camping-kersentic.com\/wp-content\/uploads\/2022\/10\/fotolia_117435998_subscription_monthly_m_05a91e1.jpg\" alt=\"Radfahren am Meer im s\u00fcdlichen Finist\u00e8re - Camping de Kersentic in Fouesnant\" class=\"wp-image-2993\" srcset=\"https:\/\/www.camping-kersentic.com\/wp-content\/uploads\/2022\/10\/fotolia_117435998_subscription_monthly_m_05a91e1.jpg 1688w, https:\/\/www.camping-kersentic.com\/wp-content\/uploads\/2022\/10\/fotolia_117435998_subscription_monthly_m_05a91e1-300x200.jpg 300w, https:\/\/www.camping-kersentic.com\/wp-content\/uploads\/2022\/10\/fotolia_117435998_subscription_monthly_m_05a91e1-1024x682.jpg 1024w, https:\/\/www.camping-kersentic.com\/wp-content\/uploads\/2022\/10\/fotolia_117435998_subscription_monthly_m_05a91e1-768x512.jpg 768w, https:\/\/www.camping-kersentic.com\/wp-content\/uploads\/2022\/10\/fotolia_117435998_subscription_monthly_m_05a91e1-1536x1024.jpg 1536w\" sizes=\"(max-width: 1688px) 100vw, 1688px\" \/><\/figure>\n\n\n\n<section class=\"wp-container-69de52136df04 wp-block-group alignfull deco--vague xl-mob has-bleu-clair-background-color has-background\"><div class=\"wp-block-group__inner-container\">\n<h1 class=\"has-text-align-center\" id=\"profitez-des-services-de-notre-camping-a-fouesnant\">Nutzen Sie die Dienstleistungen unseres Campingplatzes in Fouesnant<\/h1>\n\n\n\n<p class=\"has-text-align-center\">An der Rezeption steht Ihnen das Kersentic-Team zur Verf\u00fcgung, um Sie w\u00e4hrend Ihres gesamten Aufenthalts auf unserem <a href=\"https:\/\/www.camping-kersentic.com\/de\/\">Campingplatz in Fouesnant<\/a> zu betreuen. Sie k\u00f6nnen eine Kreuzfahrt mit den Vedettes de l&#8217;Odet buchen, um <strong>die Gl\u00e9nan-Inseln<\/strong> <a href=\"https:\/\/www.camping-kersentic.com\/camping-bretagne-sud\/\">zu<\/a> entdecken, eines unserer Elektro- oder klassischen Fahrr\u00e4der mieten und vieles mehr. <\/p>\n\n\n\n<div class=\"wp-block-group lire-plus-mobile\"><div class=\"wp-block-group__inner-container\">\n<p class=\"has-text-align-center\">Lesen Sie mehr<\/p>\n\n\n\n<div class=\"wp-container-69de52136cb1c wp-block-group\"><div class=\"wp-block-group__inner-container\">\n<p class=\"has-text-align-center\">Ein <strong>kleiner Lebensmittelladen<\/strong> und ein Waschsalon stehen Ihnen w\u00e4hrend der \u00d6ffnungszeiten der Rezeption zur Verf\u00fcgung.<\/p>\n\n\n\n<p class=\"has-text-align-center\">Nutzen Sie unseren<strong> Elektrofahrradverleih<\/strong> und finden Sie <strong>unser vor Ort gebackenes Brot und Geb<\/strong> \u00e4ck (sonntags in der Vor- und Nachsaison und t\u00e4glich im Juli und August), um gut in den Tag zu starten!<\/p>\n<\/div><\/div>\n<\/div><\/div>\n\n\n\r\n<ul class=\"fc-blocks--picto col-2 centre\">\r\n\r\n    \r\n        <li>\r\n            <i class=\"fas fa-bicycle\"><\/i>\r\n            <p><strong>Fahrradverleih<br \/>\n<\/strong>Zahlreiche Rad- und Wanderwege erwarten Sie ab dem Campingplatz.<\/p>\n        <\/li>\r\n\r\n    \r\n        <li>\r\n            <i class=\"fas fa-charging-station\"><\/i>\r\n            <p>Ladestationen <strong>f\u00fcr Elektroautos<br \/>\n<\/strong>Auf dem Campingplatz Kersentic in Fouesnant stehen Ihnen zwei Ladestationen f\u00fcr Elektroautos zur Verf\u00fcgung.<\/p>\n        <\/li>\r\n\r\n    \r\n        <li>\r\n            <i class=\"fas fa-spa\"><\/i>\r\n            <p><strong>Reflexzonenmassage, Massagen<br \/>\n<\/strong>Ein Moment f\u00fcr sich selbst dank Ang\u00e9lique. Ein reiner Moment der Sanftheit und Entspannung<\/p>\n        <\/li>\r\n\r\n    \r\n        <li>\r\n            <i class=\"fas fa-house-user\"><\/i>\r\n            <p><strong>Die Rezeption<\/strong><br \/>\n 8.30<strong>bis 12.30 Uhr<\/strong> und <strong>14.00 bis 18.00 Uhr<\/strong>. <\/p>\n        <\/li>\r\n\r\n    \r\n<\/ul>\r\n\r\n<\/div><\/section>\n\n\n\n<section class=\"wp-container-69de52136e339 wp-block-group K-10-a\"><div class=\"wp-block-group__inner-container\">\n<div class=\"wp-block-columns\">\n<div class=\"wp-block-column\">\n<h2 id=\"nos-infrastructures-de-jeux\">Nutzen Sie unsere Snackbar<\/h2>\n\n\n\n<div class=\"wp-block-columns\">\n<div class=\"wp-block-column\">\n<figure class=\"wp-block-image alignfull size-large\"><img loading=\"lazy\" width=\"1024\" height=\"702\" src=\"https:\/\/www.camping-kersentic.com\/wp-content\/uploads\/2022\/09\/IMG_3627-1024x702.jpg\" alt=\"Bar auf dem 3-Sterne-Campingplatz im s\u00fcdlichen Finist\u00e8re - Campingplatz in Fouesnant de Kersentic\" class=\"wp-image-2061\" srcset=\"https:\/\/www.camping-kersentic.com\/wp-content\/uploads\/2022\/09\/IMG_3627-1024x702.jpg 1024w, https:\/\/www.camping-kersentic.com\/wp-content\/uploads\/2022\/09\/IMG_3627-300x206.jpg 300w, https:\/\/www.camping-kersentic.com\/wp-content\/uploads\/2022\/09\/IMG_3627-768x526.jpg 768w, https:\/\/www.camping-kersentic.com\/wp-content\/uploads\/2022\/09\/IMG_3627-1536x1053.jpg 1536w, https:\/\/www.camping-kersentic.com\/wp-content\/uploads\/2022\/09\/IMG_3627-2048x1404.jpg 2048w\" sizes=\"(max-width: 1024px) 100vw, 1024px\" \/><\/figure>\n<\/div>\n\n\n\n<div class=\"wp-block-column\">\n<p>Wer Urlaub sagt, muss auch nichts tun! Lassen Sie sich von unserer <strong>&#8222;Snackkarte&#8220;<\/strong> mit ihren zahlreichen Gerichten, unseren Cr\u00eapes oder Muscheln mit Pommes frites am Montag verf\u00fchren&#8230; Ihnen l\u00e4uft das Wasser im Mund zusammen? Unsere Gerichte werden alle mit Liebe zubereitet und wir sind mit ganzem Herzen dabei, damit Sie es genie\u00dfen k\u00f6nnen.  <strong>. Vor Ort oder zum Mitnehmen<\/strong>Sie haben die Wahl.<\/p>\n\n\n\n<p>Ob mit der Familie oder mit Freunden, ein Aufenthalt auf unserem 4-Sterne-Campingplatz in Fouesnant bietet Ihnen die M\u00f6glichkeit, sich <strong>eine Gourmet-Pause<\/strong> zu g\u00f6nnen: <em>Pizza, Burger, Aperitif-Brett, Salat, Waffeln, Kebab<\/em>&#8230; alles ist darauf ausgerichtet, dass Sie eine gute Zeit haben.<\/p>\n<\/div>\n<\/div>\n<\/div>\n\n\n\n<div class=\"wp-block-column\">\n<figure class=\"wp-block-image alignfull size-full\"><img loading=\"lazy\" width=\"1000\" height=\"892\" src=\"https:\/\/www.camping-kersentic.com\/wp-content\/uploads\/2022\/09\/Snacks-pizza-Fouesnant-Cap-Coz-5.jpg\" alt=\"Essen auf einem 3-Sterne-Campingplatz im s\u00fcdlichen Finist\u00e8re - Camping de Kersentic in Fouesnant\" class=\"wp-image-1343\" srcset=\"https:\/\/www.camping-kersentic.com\/wp-content\/uploads\/2022\/09\/Snacks-pizza-Fouesnant-Cap-Coz-5.jpg 1000w, https:\/\/www.camping-kersentic.com\/wp-content\/uploads\/2022\/09\/Snacks-pizza-Fouesnant-Cap-Coz-5-300x268.jpg 300w, https:\/\/www.camping-kersentic.com\/wp-content\/uploads\/2022\/09\/Snacks-pizza-Fouesnant-Cap-Coz-5-768x685.jpg 768w\" sizes=\"(max-width: 1000px) 100vw, 1000px\" \/><\/figure>\n<\/div>\n<\/div>\n<\/div><\/section>\n\n\n\n<figure class=\"wp-block-gallery has-nested-images columns-4 is-cropped reduire display-mob\">\n<figure class=\"wp-block-image size-large\"><img loading=\"lazy\" width=\"1024\" height=\"577\" data-id=\"1769\"  src=\"https:\/\/www.camping-kersentic.com\/wp-content\/uploads\/2022\/09\/Bar-Fouesnant-CAp-Coz-2-copie-1024x577.jpg\" alt=\"Gourmetpause auf dem Campingplatz Fouesnant\" class=\"wp-image-1769\" srcset=\"https:\/\/www.camping-kersentic.com\/wp-content\/uploads\/2022\/09\/Bar-Fouesnant-CAp-Coz-2-copie-1024x577.jpg 1024w, https:\/\/www.camping-kersentic.com\/wp-content\/uploads\/2022\/09\/Bar-Fouesnant-CAp-Coz-2-copie-300x169.jpg 300w, https:\/\/www.camping-kersentic.com\/wp-content\/uploads\/2022\/09\/Bar-Fouesnant-CAp-Coz-2-copie-768x433.jpg 768w, https:\/\/www.camping-kersentic.com\/wp-content\/uploads\/2022\/09\/Bar-Fouesnant-CAp-Coz-2-copie.jpg 1200w\" sizes=\"(max-width: 1024px) 100vw, 1024px\" \/><\/figure>\n\n\n\n<figure class=\"wp-block-image size-large\"><img loading=\"lazy\" width=\"1024\" height=\"683\" data-id=\"2984\"  src=\"https:\/\/www.camping-kersentic.com\/wp-content\/uploads\/2022\/10\/child-eating-pizza-31078-2-1024x683.jpg\" alt=\"Snack f\u00fcr Kinder Campingplatz Fouesnant\" class=\"wp-image-2984\" srcset=\"https:\/\/www.camping-kersentic.com\/wp-content\/uploads\/2022\/10\/child-eating-pizza-31078-2-1024x683.jpg 1024w, https:\/\/www.camping-kersentic.com\/wp-content\/uploads\/2022\/10\/child-eating-pizza-31078-2-300x200.jpg 300w, https:\/\/www.camping-kersentic.com\/wp-content\/uploads\/2022\/10\/child-eating-pizza-31078-2-768x512.jpg 768w, https:\/\/www.camping-kersentic.com\/wp-content\/uploads\/2022\/10\/child-eating-pizza-31078-2.jpg 1200w\" sizes=\"(max-width: 1024px) 100vw, 1024px\" \/><\/figure>\n\n\n\n<figure class=\"wp-block-image size-large\"><img loading=\"lazy\" width=\"1024\" height=\"683\" data-id=\"872\"  src=\"https:\/\/www.camping-kersentic.com\/wp-content\/uploads\/2022\/08\/tapas-fouesnant-1024x683.jpg\" alt=\"Tapas - Service auf unserem Campingplatz in Fouesnant\" class=\"wp-image-872\" srcset=\"https:\/\/www.camping-kersentic.com\/wp-content\/uploads\/2022\/08\/tapas-fouesnant-1024x683.jpg 1024w, https:\/\/www.camping-kersentic.com\/wp-content\/uploads\/2022\/08\/tapas-fouesnant-300x200.jpg 300w, https:\/\/www.camping-kersentic.com\/wp-content\/uploads\/2022\/08\/tapas-fouesnant-768x512.jpg 768w, https:\/\/www.camping-kersentic.com\/wp-content\/uploads\/2022\/08\/tapas-fouesnant-1536x1024.jpg 1536w, https:\/\/www.camping-kersentic.com\/wp-content\/uploads\/2022\/08\/tapas-fouesnant-2048x1365.jpg 2048w\" sizes=\"(max-width: 1024px) 100vw, 1024px\" \/><\/figure>\n<\/figure>\n\n\n\n<section class=\"wp-container-69de52136ef5b wp-block-group alignfull deco--vague has-jaune-clair-background-color has-background\"><div class=\"wp-block-group__inner-container\">\n<div class=\"wp-block-columns\">\n<div class=\"wp-block-column\">\n<h2 id=\"nos-infrastructures-de-jeux\">Spielm\u00f6glichkeiten auf unserem Campingplatz in Fouesnant am Meer<\/h2>\n\n\n\r\n<ul class=\"fc-blocks--picto col-2 gauche\">\r\n\r\n    \r\n        <li>\r\n            <i class=\"far fa-futbol\"><\/i>\r\n            <p>Multisportplatz<\/p>\n        <\/li>\r\n\r\n    \r\n        <li>\r\n            <i class=\"far fa-child\"><\/i>\r\n            <p>Spielplatz f\u00fcr Kinder<\/p>\n        <\/li>\r\n\r\n    \r\n        <li>\r\n            <i class=\"far fa-table-tennis-paddle-ball\"><\/i>\r\n            <p>Tischtennis<\/p>\n        <\/li>\r\n\r\n    \r\n        <li>\r\n            <i class=\"far fa-baseball\"><\/i>\r\n            <p>Petanque-Platz<\/p>\n        <\/li>\r\n\r\n    \r\n<\/ul>\r\n\r\n\n\n\n<p>F\u00fcr Familien gibt es hier einen Spielplatz, auf dem sich Ihre Kinder vergn\u00fcgen k\u00f6nnen! <strong>Der Spielplatz mit Schaukeln, H\u00fcpfburgen und Rutschen<\/strong> verwandelt sich in einen perfekten Ort, an dem die Kleinen neue Abenteuer erfinden und erleben k\u00f6nnen. Dieser Bereich wird zu einer wahren B\u00fchne f\u00fcr ihre bl\u00fchende Phantasie und erm\u00f6glicht es ihnen, unvergessliche Erinnerungen zu schaffen. <\/p>\n\n\n\n<p>F\u00fcr sportbegeisterte Kinder bietet unser Multisportplatz eine Vielzahl von M\u00f6glichkeiten, sich zu bewegen und Spa\u00df zu haben. Ob <strong>Tischtennis<\/strong>, <strong>Basketball<\/strong> oder <strong>Fu\u00dfball<\/strong>, es gibt genug, um kleine Sportler stundenlang zu besch\u00e4ftigen und zu begeistern. Dieser Ort ist perfekt, um Teamgeist und Kameradschaft zu f\u00f6rdern und bietet den idealen Rahmen, um sich auszutoben und den <strong>Campingurlaub in Fouesnant in<\/strong> vollen Z\u00fcgen zu genie\u00dfen.  <\/p>\n\n\n\n<div class=\"wp-container-69de52136eb9e wp-block-buttons\">\n<div class=\"wp-block-button is-style-outline\"><a class=\"wp-block-button__link\" href=\"https:\/\/www.camping-kersentic.com\/de\/aktivitaeten\/\"><i class=\"far fa-balloon\"><\/i>  Aktivit\u00e4ten ansehen<\/a><\/div>\n<\/div>\n<\/div>\n\n\n\n<div class=\"wp-block-column galerie_3\">\n<figure class=\"wp-block-gallery alignfull has-nested-images columns-default is-cropped\">\n<figure class=\"wp-block-image size-large\"><img loading=\"lazy\" width=\"1024\" height=\"745\" src=\"https:\/\/www.camping-kersentic.com\/wp-content\/uploads\/2022\/09\/Camping-Kersentic-Fouesnant-animations-enfants-1024x745.jpg\" alt=\"Kinderspielplatz Campingplatz Fouesnant\" class=\"wp-image-1396\" srcset=\"https:\/\/www.camping-kersentic.com\/wp-content\/uploads\/2022\/09\/Camping-Kersentic-Fouesnant-animations-enfants-1024x745.jpg 1024w, https:\/\/www.camping-kersentic.com\/wp-content\/uploads\/2022\/09\/Camping-Kersentic-Fouesnant-animations-enfants-300x218.jpg 300w, https:\/\/www.camping-kersentic.com\/wp-content\/uploads\/2022\/09\/Camping-Kersentic-Fouesnant-animations-enfants-768x559.jpg 768w, https:\/\/www.camping-kersentic.com\/wp-content\/uploads\/2022\/09\/Camping-Kersentic-Fouesnant-animations-enfants-1536x1118.jpg 1536w, https:\/\/www.camping-kersentic.com\/wp-content\/uploads\/2022\/09\/Camping-Kersentic-Fouesnant-animations-enfants.jpg 1820w\" sizes=\"(max-width: 1024px) 100vw, 1024px\" \/><\/figure>\n\n\n\n<figure class=\"wp-block-image size-large\"><img loading=\"lazy\" width=\"1024\" height=\"683\" src=\"https:\/\/www.camping-kersentic.com\/wp-content\/uploads\/2022\/09\/Jeu-Camping-Beg-Meil-1024x683.jpg\" alt=\"Kinderspielplatz 3-Sterne-Campingplatz\" class=\"wp-image-1618\" srcset=\"https:\/\/www.camping-kersentic.com\/wp-content\/uploads\/2022\/09\/Jeu-Camping-Beg-Meil-1024x683.jpg 1024w, https:\/\/www.camping-kersentic.com\/wp-content\/uploads\/2022\/09\/Jeu-Camping-Beg-Meil-300x200.jpg 300w, https:\/\/www.camping-kersentic.com\/wp-content\/uploads\/2022\/09\/Jeu-Camping-Beg-Meil-768x512.jpg 768w, https:\/\/www.camping-kersentic.com\/wp-content\/uploads\/2022\/09\/Jeu-Camping-Beg-Meil-1536x1024.jpg 1536w, https:\/\/www.camping-kersentic.com\/wp-content\/uploads\/2022\/09\/Jeu-Camping-Beg-Meil.jpg 1920w\" sizes=\"(max-width: 1024px) 100vw, 1024px\" \/><\/figure>\n<\/figure>\n\n\n\n<div class=\"wp-block-group encart-citation\"><div class=\"wp-block-group__inner-container\">\n<p class=\"has-text-align-center\">Wir k\u00fcmmern uns gerne um Sie<\/p>\n<\/div><\/div>\n<\/div>\n<\/div>\n<\/div><\/section>\n\n\n\n<figure class=\"wp-block-gallery has-nested-images columns-4 is-cropped display-mob galerie-petite\">\n<figure class=\"wp-block-image size-large object-top\"><img loading=\"lazy\" width=\"461\" height=\"1024\" data-id=\"2954\"  src=\"https:\/\/www.camping-kersentic.com\/wp-content\/uploads\/2022\/10\/IMG_20210724_150550-461x1024.jpg\" alt=\"Familiencampingplatz fouesnant\" class=\"wp-image-2954\" srcset=\"https:\/\/www.camping-kersentic.com\/wp-content\/uploads\/2022\/10\/IMG_20210724_150550-461x1024.jpg 461w, https:\/\/www.camping-kersentic.com\/wp-content\/uploads\/2022\/10\/IMG_20210724_150550-135x300.jpg 135w, https:\/\/www.camping-kersentic.com\/wp-content\/uploads\/2022\/10\/IMG_20210724_150550-768x1707.jpg 768w, https:\/\/www.camping-kersentic.com\/wp-content\/uploads\/2022\/10\/IMG_20210724_150550-691x1536.jpg 691w, https:\/\/www.camping-kersentic.com\/wp-content\/uploads\/2022\/10\/IMG_20210724_150550-922x2048.jpg 922w, https:\/\/www.camping-kersentic.com\/wp-content\/uploads\/2022\/10\/IMG_20210724_150550-scaled.jpg 1152w\" sizes=\"(max-width: 461px) 100vw, 461px\" \/><\/figure>\n\n\n\n<figure class=\"wp-block-image size-full\"><img loading=\"lazy\" width=\"768\" height=\"1024\" data-id=\"3026\"  src=\"https:\/\/www.camping-kersentic.com\/wp-content\/uploads\/2022\/10\/Jeu-Camping-Fouesnant-min.jpeg\" alt=\"kinder camping kersentic\" class=\"wp-image-3026\" srcset=\"https:\/\/www.camping-kersentic.com\/wp-content\/uploads\/2022\/10\/Jeu-Camping-Fouesnant-min.jpeg 768w, https:\/\/www.camping-kersentic.com\/wp-content\/uploads\/2022\/10\/Jeu-Camping-Fouesnant-min-225x300.jpeg 225w\" sizes=\"(max-width: 768px) 100vw, 768px\" \/><\/figure>\n\n\n\n<figure class=\"wp-block-image size-large\"><img loading=\"lazy\" width=\"1024\" height=\"683\" data-id=\"1986\"  src=\"https:\/\/www.camping-kersentic.com\/wp-content\/uploads\/2022\/09\/IMG_2440-1024x683.jpg\" alt=\"Spielplatz Familiencampingplatz Fouesnant\" class=\"wp-image-1986\" srcset=\"https:\/\/www.camping-kersentic.com\/wp-content\/uploads\/2022\/09\/IMG_2440-1024x683.jpg 1024w, https:\/\/www.camping-kersentic.com\/wp-content\/uploads\/2022\/09\/IMG_2440-300x200.jpg 300w, https:\/\/www.camping-kersentic.com\/wp-content\/uploads\/2022\/09\/IMG_2440-768x512.jpg 768w, https:\/\/www.camping-kersentic.com\/wp-content\/uploads\/2022\/09\/IMG_2440-1536x1024.jpg 1536w, https:\/\/www.camping-kersentic.com\/wp-content\/uploads\/2022\/09\/IMG_2440-2048x1365.jpg 2048w\" sizes=\"(max-width: 1024px) 100vw, 1024px\" \/><\/figure>\n<\/figure>\n","protected":false},"excerpt":{"rendered":"<p>Nutzen Sie die Dienstleistungen unseres Campingplatzes in Fouesnant An der Rezeption steht Ihnen das Kersentic-Team zur Verf\u00fcgung, um Sie w\u00e4hrend Ihres gesamten Aufenthalts auf unserem Campingplatz in Fouesnant zu betreuen. Sie k\u00f6nnen eine Kreuzfahrt mit den Vedettes de l&#8217;Odet buchen, um die Gl\u00e9nan-Inseln zu entdecken, eines unserer Elektro- oder klassischen Fahrr\u00e4der mieten und vieles mehr. [&hellip;]<\/p>\n","protected":false},"author":1,"featured_media":876,"parent":0,"menu_order":0,"comment_status":"closed","ping_status":"closed","template":"","meta":[],"acf":[],"yoast_head":"<!-- This site is optimized with the Yoast SEO plugin v19.9 - https:\/\/yoast.com\/wordpress\/plugins\/seo\/ -->\n<title>Dienste - Camping de Kersentic<\/title>\n<meta name=\"robots\" content=\"index, follow, max-snippet:-1, max-image-preview:large, max-video-preview:-1\" \/>\n<link rel=\"canonical\" href=\"https:\/\/www.camping-kersentic.com\/de\/dienste\/\" \/>\n<meta property=\"og:locale\" content=\"de_DE\" \/>\n<meta property=\"og:type\" content=\"article\" \/>\n<meta property=\"og:title\" content=\"Dienste - Camping de Kersentic\" \/>\n<meta property=\"og:description\" content=\"Nutzen Sie die Dienstleistungen unseres Campingplatzes in Fouesnant An der Rezeption steht Ihnen das Kersentic-Team zur Verf\u00fcgung, um Sie w\u00e4hrend Ihres gesamten Aufenthalts auf unserem Campingplatz in Fouesnant zu betreuen. Sie k\u00f6nnen eine Kreuzfahrt mit den Vedettes de l&#8217;Odet buchen, um die Gl\u00e9nan-Inseln zu entdecken, eines unserer Elektro- oder klassischen Fahrr\u00e4der mieten und vieles mehr. [&hellip;]\" \/>\n<meta property=\"og:url\" content=\"https:\/\/www.camping-kersentic.com\/de\/dienste\/\" \/>\n<meta property=\"og:site_name\" content=\"Camping de Kersentic\" \/>\n<meta property=\"article:publisher\" content=\"https:\/\/www.facebook.com\/campingdekersenticfouesnant\/\" \/>\n<meta property=\"article:modified_time\" content=\"2025-05-26T09:36:52+00:00\" \/>\n<meta property=\"og:image\" content=\"https:\/\/www.camping-kersentic.com\/wp-content\/uploads\/2022\/08\/tapas-fouesnant.jpg\" \/>\n\t<meta property=\"og:image:width\" content=\"2160\" \/>\n\t<meta property=\"og:image:height\" content=\"1440\" \/>\n\t<meta property=\"og:image:type\" content=\"image\/jpeg\" \/>\n<meta name=\"twitter:card\" content=\"summary_large_image\" \/>\n<meta name=\"twitter:label1\" content=\"Est. reading time\" \/>\n\t<meta name=\"twitter:data1\" content=\"2 Minuten\" \/>\n<script type=\"application\/ld+json\" class=\"yoast-schema-graph\">{\"@context\":\"https:\/\/schema.org\",\"@graph\":[{\"@type\":\"WebPage\",\"@id\":\"https:\/\/www.camping-kersentic.com\/de\/dienste\/\",\"url\":\"https:\/\/www.camping-kersentic.com\/de\/dienste\/\",\"name\":\"Dienste - Camping de Kersentic\",\"isPartOf\":{\"@id\":\"https:\/\/www.camping-kersentic.com\/#website\"},\"datePublished\":\"2022-11-15T13:36:10+00:00\",\"dateModified\":\"2025-05-26T09:36:52+00:00\",\"breadcrumb\":{\"@id\":\"https:\/\/www.camping-kersentic.com\/de\/dienste\/#breadcrumb\"},\"inLanguage\":\"de-DE\",\"potentialAction\":[{\"@type\":\"ReadAction\",\"target\":[\"https:\/\/www.camping-kersentic.com\/de\/dienste\/\"]}]},{\"@type\":\"BreadcrumbList\",\"@id\":\"https:\/\/www.camping-kersentic.com\/de\/dienste\/#breadcrumb\",\"itemListElement\":[{\"@type\":\"ListItem\",\"position\":1,\"name\":\"Home\",\"item\":\"https:\/\/www.camping-kersentic.com\/de\/\"},{\"@type\":\"ListItem\",\"position\":2,\"name\":\"Dienste\"}]},{\"@type\":\"WebSite\",\"@id\":\"https:\/\/www.camping-kersentic.com\/#website\",\"url\":\"https:\/\/www.camping-kersentic.com\/\",\"name\":\"Camping de Kersentic\",\"description\":\"Camping Fouesnant dans le Finist\u00e8re sud, locations de mobil-home, g\u00eetes, Coco Sweet, locations insolites, emplacements, piscine couverte et plage\",\"publisher\":{\"@id\":\"https:\/\/www.camping-kersentic.com\/#organization\"},\"potentialAction\":[{\"@type\":\"SearchAction\",\"target\":{\"@type\":\"EntryPoint\",\"urlTemplate\":\"https:\/\/www.camping-kersentic.com\/?s={search_term_string}\"},\"query-input\":\"required name=search_term_string\"}],\"inLanguage\":\"de-DE\"},{\"@type\":\"Organization\",\"@id\":\"https:\/\/www.camping-kersentic.com\/#organization\",\"name\":\"Camping de Kersentic\",\"url\":\"https:\/\/www.camping-kersentic.com\/\",\"logo\":{\"@type\":\"ImageObject\",\"inLanguage\":\"de-DE\",\"@id\":\"https:\/\/www.camping-kersentic.com\/#\/schema\/logo\/image\/\",\"url\":\"https:\/\/www.camping-kersentic.com\/wp-content\/uploads\/2025\/05\/LOGO2025_C.webp\",\"contentUrl\":\"https:\/\/www.camping-kersentic.com\/wp-content\/uploads\/2025\/05\/LOGO2025_C.webp\",\"width\":764,\"height\":325,\"caption\":\"Camping de Kersentic\"},\"image\":{\"@id\":\"https:\/\/www.camping-kersentic.com\/#\/schema\/logo\/image\/\"},\"sameAs\":[\"https:\/\/www.instagram.com\/campingdekersentic\/?hl=fr\",\"https:\/\/www.facebook.com\/campingdekersenticfouesnant\/\"]}]}<\/script>\n<!-- \/ Yoast SEO plugin. -->","yoast_head_json":{"title":"Dienste - Camping de Kersentic","robots":{"index":"index","follow":"follow","max-snippet":"max-snippet:-1","max-image-preview":"max-image-preview:large","max-video-preview":"max-video-preview:-1"},"canonical":"https:\/\/www.camping-kersentic.com\/de\/dienste\/","og_locale":"de_DE","og_type":"article","og_title":"Dienste - Camping de Kersentic","og_description":"Nutzen Sie die Dienstleistungen unseres Campingplatzes in Fouesnant An der Rezeption steht Ihnen das Kersentic-Team zur Verf\u00fcgung, um Sie w\u00e4hrend Ihres gesamten Aufenthalts auf unserem Campingplatz in Fouesnant zu betreuen. Sie k\u00f6nnen eine Kreuzfahrt mit den Vedettes de l&#8217;Odet buchen, um die Gl\u00e9nan-Inseln zu entdecken, eines unserer Elektro- oder klassischen Fahrr\u00e4der mieten und vieles mehr. [&hellip;]","og_url":"https:\/\/www.camping-kersentic.com\/de\/dienste\/","og_site_name":"Camping de Kersentic","article_publisher":"https:\/\/www.facebook.com\/campingdekersenticfouesnant\/","article_modified_time":"2025-05-26T09:36:52+00:00","og_image":[{"width":2160,"height":1440,"url":"https:\/\/www.camping-kersentic.com\/wp-content\/uploads\/2022\/08\/tapas-fouesnant.jpg","type":"image\/jpeg"}],"twitter_card":"summary_large_image","twitter_misc":{"Est. reading time":"2 Minuten"},"schema":{"@context":"https:\/\/schema.org","@graph":[{"@type":"WebPage","@id":"https:\/\/www.camping-kersentic.com\/de\/dienste\/","url":"https:\/\/www.camping-kersentic.com\/de\/dienste\/","name":"Dienste - Camping de Kersentic","isPartOf":{"@id":"https:\/\/www.camping-kersentic.com\/#website"},"datePublished":"2022-11-15T13:36:10+00:00","dateModified":"2025-05-26T09:36:52+00:00","breadcrumb":{"@id":"https:\/\/www.camping-kersentic.com\/de\/dienste\/#breadcrumb"},"inLanguage":"de-DE","potentialAction":[{"@type":"ReadAction","target":["https:\/\/www.camping-kersentic.com\/de\/dienste\/"]}]},{"@type":"BreadcrumbList","@id":"https:\/\/www.camping-kersentic.com\/de\/dienste\/#breadcrumb","itemListElement":[{"@type":"ListItem","position":1,"name":"Home","item":"https:\/\/www.camping-kersentic.com\/de\/"},{"@type":"ListItem","position":2,"name":"Dienste"}]},{"@type":"WebSite","@id":"https:\/\/www.camping-kersentic.com\/#website","url":"https:\/\/www.camping-kersentic.com\/","name":"Camping de Kersentic","description":"Camping Fouesnant dans le Finist\u00e8re sud, locations de mobil-home, g\u00eetes, Coco Sweet, locations insolites, emplacements, piscine couverte et plage","publisher":{"@id":"https:\/\/www.camping-kersentic.com\/#organization"},"potentialAction":[{"@type":"SearchAction","target":{"@type":"EntryPoint","urlTemplate":"https:\/\/www.camping-kersentic.com\/?s={search_term_string}"},"query-input":"required name=search_term_string"}],"inLanguage":"de-DE"},{"@type":"Organization","@id":"https:\/\/www.camping-kersentic.com\/#organization","name":"Camping de Kersentic","url":"https:\/\/www.camping-kersentic.com\/","logo":{"@type":"ImageObject","inLanguage":"de-DE","@id":"https:\/\/www.camping-kersentic.com\/#\/schema\/logo\/image\/","url":"https:\/\/www.camping-kersentic.com\/wp-content\/uploads\/2025\/05\/LOGO2025_C.webp","contentUrl":"https:\/\/www.camping-kersentic.com\/wp-content\/uploads\/2025\/05\/LOGO2025_C.webp","width":764,"height":325,"caption":"Camping de Kersentic"},"image":{"@id":"https:\/\/www.camping-kersentic.com\/#\/schema\/logo\/image\/"},"sameAs":["https:\/\/www.instagram.com\/campingdekersentic\/?hl=fr","https:\/\/www.facebook.com\/campingdekersenticfouesnant\/"]}]}},"_links":{"self":[{"href":"https:\/\/www.camping-kersentic.com\/de\/wp-json\/wp\/v2\/pages\/3796"}],"collection":[{"href":"https:\/\/www.camping-kersentic.com\/de\/wp-json\/wp\/v2\/pages"}],"about":[{"href":"https:\/\/www.camping-kersentic.com\/de\/wp-json\/wp\/v2\/types\/page"}],"author":[{"embeddable":true,"href":"https:\/\/www.camping-kersentic.com\/de\/wp-json\/wp\/v2\/users\/1"}],"replies":[{"embeddable":true,"href":"https:\/\/www.camping-kersentic.com\/de\/wp-json\/wp\/v2\/comments?post=3796"}],"version-history":[{"count":6,"href":"https:\/\/www.camping-kersentic.com\/de\/wp-json\/wp\/v2\/pages\/3796\/revisions"}],"predecessor-version":[{"id":7559,"href":"https:\/\/www.camping-kersentic.com\/de\/wp-json\/wp\/v2\/pages\/3796\/revisions\/7559"}],"wp:featuredmedia":[{"embeddable":true,"href":"https:\/\/www.camping-kersentic.com\/de\/wp-json\/wp\/v2\/media\/876"}],"wp:attachment":[{"href":"https:\/\/www.camping-kersentic.com\/de\/wp-json\/wp\/v2\/media?parent=3796"}],"curies":[{"name":"wp","href":"https:\/\/api.w.org\/{rel}","templated":true}]}}