{"id":3802,"date":"2022-11-15T14:37:04","date_gmt":"2022-11-15T13:37:04","guid":{"rendered":"https:\/\/www.camping-kersentic.com\/wasserpark\/"},"modified":"2025-05-26T11:34:02","modified_gmt":"2025-05-26T09:34:02","slug":"wasserpark","status":"publish","type":"page","link":"https:\/\/www.camping-kersentic.com\/de\/wasserpark\/","title":{"rendered":"Wasserpark"},"content":{"rendered":"\n<figure class=\"wp-block-image alignfull size-full\"><img loading=\"lazy\" width=\"2560\" height=\"1920\" src=\"https:\/\/www.camping-kersentic.com\/wp-content\/uploads\/2023\/03\/parc-aquatique.jpg\" alt=\"Campingplatz mit Schwimmbad in Fouesnant - Camping Kersentic im S\u00fcd-Finist\u00e8re\" class=\"wp-image-4581\" srcset=\"https:\/\/www.camping-kersentic.com\/wp-content\/uploads\/2023\/03\/parc-aquatique.jpg 2560w, https:\/\/www.camping-kersentic.com\/wp-content\/uploads\/2023\/03\/parc-aquatique-300x225.jpg 300w, https:\/\/www.camping-kersentic.com\/wp-content\/uploads\/2023\/03\/parc-aquatique-1024x768.jpg 1024w, https:\/\/www.camping-kersentic.com\/wp-content\/uploads\/2023\/03\/parc-aquatique-768x576.jpg 768w, https:\/\/www.camping-kersentic.com\/wp-content\/uploads\/2023\/03\/parc-aquatique-1536x1152.jpg 1536w, https:\/\/www.camping-kersentic.com\/wp-content\/uploads\/2023\/03\/parc-aquatique-2048x1536.jpg 2048w\" sizes=\"(max-width: 2560px) 100vw, 2560px\" \/><\/figure>\n\n\n\n<section class=\"wp-container-69fb51bfc784f wp-block-group alignfull deco--vague has-blanc-background-color has-background\"><div class=\"wp-block-group__inner-container\">\n<div class=\"wp-block-columns reverse-mob\">\n<div class=\"wp-block-column galerie_1-bis\">\n<figure class=\"wp-block-gallery has-nested-images columns-4 is-cropped\">\n<figure class=\"wp-block-image size-large\"><img loading=\"lazy\" width=\"461\" height=\"1024\" src=\"https:\/\/www.camping-kersentic.com\/wp-content\/uploads\/2022\/10\/piscine-jacuzzi-camping-Fouesnant-min-461x1024.jpg\" alt=\"Campingplatz mit Schwimmbad in Fouesnant - Camping Kersentic im S\u00fcd-Finist\u00e8re\" class=\"wp-image-3122\" srcset=\"https:\/\/www.camping-kersentic.com\/wp-content\/uploads\/2022\/10\/piscine-jacuzzi-camping-Fouesnant-min-461x1024.jpg 461w, https:\/\/www.camping-kersentic.com\/wp-content\/uploads\/2022\/10\/piscine-jacuzzi-camping-Fouesnant-min-135x300.jpg 135w, https:\/\/www.camping-kersentic.com\/wp-content\/uploads\/2022\/10\/piscine-jacuzzi-camping-Fouesnant-min-768x1707.jpg 768w, https:\/\/www.camping-kersentic.com\/wp-content\/uploads\/2022\/10\/piscine-jacuzzi-camping-Fouesnant-min-691x1536.jpg 691w, https:\/\/www.camping-kersentic.com\/wp-content\/uploads\/2022\/10\/piscine-jacuzzi-camping-Fouesnant-min-922x2048.jpg 922w, https:\/\/www.camping-kersentic.com\/wp-content\/uploads\/2022\/10\/piscine-jacuzzi-camping-Fouesnant-min-scaled.jpg 1152w\" sizes=\"(max-width: 461px) 100vw, 461px\" \/><\/figure>\n\n\n\n<figure class=\"wp-block-image size-large\"><img loading=\"lazy\" width=\"1152\" height=\"768\" src=\"https:\/\/www.camping-kersentic.com\/wp-content\/uploads\/2022\/10\/mini_IMG_8410B-1.jpg\" alt=\"camping fouesnant hallenbad\" class=\"wp-image-2796\" srcset=\"https:\/\/www.camping-kersentic.com\/wp-content\/uploads\/2022\/10\/mini_IMG_8410B-1.jpg 1152w, https:\/\/www.camping-kersentic.com\/wp-content\/uploads\/2022\/10\/mini_IMG_8410B-1-300x200.jpg 300w, https:\/\/www.camping-kersentic.com\/wp-content\/uploads\/2022\/10\/mini_IMG_8410B-1-1024x683.jpg 1024w, https:\/\/www.camping-kersentic.com\/wp-content\/uploads\/2022\/10\/mini_IMG_8410B-1-768x512.jpg 768w\" sizes=\"(max-width: 1152px) 100vw, 1152px\" \/><\/figure>\n\n\n\n<figure class=\"wp-block-image size-large\"><img loading=\"lazy\" width=\"768\" height=\"1024\" src=\"https:\/\/www.camping-kersentic.com\/wp-content\/uploads\/2022\/10\/7531C8FA-7CCD-4288-8F4C-2DFC909B9461_1_105_c.jpeg\" alt=\"campingplatz finistere s\u00fcd mit schwimmbad\" class=\"wp-image-2788\" srcset=\"https:\/\/www.camping-kersentic.com\/wp-content\/uploads\/2022\/10\/7531C8FA-7CCD-4288-8F4C-2DFC909B9461_1_105_c.jpeg 768w, https:\/\/www.camping-kersentic.com\/wp-content\/uploads\/2022\/10\/7531C8FA-7CCD-4288-8F4C-2DFC909B9461_1_105_c-225x300.jpeg 225w\" sizes=\"(max-width: 768px) 100vw, 768px\" \/><\/figure>\n\n\n\n<figure class=\"wp-block-image size-large\"><img loading=\"lazy\" width=\"1707\" height=\"2560\" src=\"https:\/\/www.camping-kersentic.com\/wp-content\/uploads\/2022\/10\/IMG_5615-scaled.jpg\" alt=\"camping finistere sud 3 sterne mit schwimmbad\" class=\"wp-image-2810\" srcset=\"https:\/\/www.camping-kersentic.com\/wp-content\/uploads\/2022\/10\/IMG_5615-scaled.jpg 1707w, https:\/\/www.camping-kersentic.com\/wp-content\/uploads\/2022\/10\/IMG_5615-200x300.jpg 200w, https:\/\/www.camping-kersentic.com\/wp-content\/uploads\/2022\/10\/IMG_5615-683x1024.jpg 683w, https:\/\/www.camping-kersentic.com\/wp-content\/uploads\/2022\/10\/IMG_5615-768x1152.jpg 768w, https:\/\/www.camping-kersentic.com\/wp-content\/uploads\/2022\/10\/IMG_5615-1024x1536.jpg 1024w, https:\/\/www.camping-kersentic.com\/wp-content\/uploads\/2022\/10\/IMG_5615-1365x2048.jpg 1365w\" sizes=\"(max-width: 1707px) 100vw, 1707px\" \/><\/figure>\n<\/figure>\n\n\n\n<div class=\"wp-block-group encart-citation\"><div class=\"wp-block-group__inner-container\">\n<p>Schwimmen, Spa\u00df haben, sich entspannen, genie\u00dfen&#8230;<\/p>\n<\/div><\/div>\n<\/div>\n\n\n\n<div class=\"wp-block-column\" style=\"flex-basis:40%\">\n<h1 id=\"camping-avec-piscine-dans-le-finistere\">Campingplatz mit Schwimmbad im Finist\u00e8re<\/h1>\n\n\n\n<p>Unser <strong>Campingplatz in Fouesnant mit Schwimmbad<\/strong> erwartet Sie f\u00fcr einen Aufenthalt, bei dem Sie sich entspannen und vergn\u00fcgen k\u00f6nnen &#8211; zu zweit, mit der Familie oder mit Freunden. Ein echtes Plus f\u00fcr einen <strong>gelungenen Urlaub im Finist\u00e8re<\/strong>. <\/p>\n\n\n\n<p>\u00d6ffnungszeiten des <strong>beheizten Hallenbads<\/strong>: von 10:00 bis 19:00 Uhr. Es wird darauf hingewiesen, dass nur Slips und Badeanz\u00fcge erlaubt sind. Unterhosen, Shorts und Ganzk\u00f6rperanz\u00fcge sind verboten.<\/p>\n\n\n\n<div class=\"wp-block-group lire-plus-mobile\"><div class=\"wp-block-group__inner-container\">\n<p>Lesen Sie mehr<\/p>\n\n\n\n<div class=\"wp-container-69fb51bfc7257 wp-block-group\"><div class=\"wp-block-group__inner-container\">\n<p>Unser im <strong>Finist\u00e8re gelegener Campingplatz mit Schwimmbad<\/strong> bietet viele Vorteile f\u00fcr die ganze Familie. Das Becken erm\u00f6glicht es Ihnen, sich in einem geselligen Rahmen zu entspannen und sich zu am\u00fcsieren!  Verabschieden Sie sich von Stress und M\u00fcdigkeit und sagen Sie Hallo zu v\u00f6lliger Entspannung!<\/p>\n<\/div><\/div>\n<\/div><\/div>\n\n\n\n<div class=\"wp-container-69fb51bfc7571 wp-block-buttons\">\n<div class=\"wp-block-button is-style-outline\"><a class=\"wp-block-button__link\" href=\"https:\/\/www.camping-kersentic.com\/de\/aktivitaeten\/\"><i class=\"far fa-balloon\"><\/i>  Aktivit\u00e4ten ansehen<\/a><\/div>\n<\/div>\n<\/div>\n<\/div>\n<\/div><\/section>\n\n\n\n<section class=\"wp-container-69fb51bfc90f2 wp-block-group alignfull deco--vague has-bleu-clair-background-color has-background\"><div class=\"wp-block-group__inner-container\">\n<div class=\"wp-block-columns\">\n<div class=\"wp-block-column is-vertically-aligned-center\" style=\"flex-basis:48%\">\n<h2 id=\"hebergement-insolites\">Ein Campingplatz in Fouesnant mit Hallenbad, auf dem Sie sich erholen und auspowern k\u00f6nnen!<\/h2>\n\n\n\n<p class=\"h3 has-bleu-color has-text-color\">Tanken Sie Natur auf dem Campingplatz Kersentic<\/p>\n\n\n\r\n<ul class=\"fc-blocks--picto col-2 gauche\">\r\n\r\n    \r\n        <li>\r\n            <i class=\"far fa-water-ladder\"><\/i>\r\n            <p>beheiztes Hallenbad<\/p>\n        <\/li>\r\n\r\n    \r\n        <li>\r\n            <i class=\"far fa-hot-tub-person\"><\/i>\r\n            <p>Whirlpoolbereich mit Jet<\/p>\n        <\/li>\r\n\r\n    \r\n        <li>\r\n            <i class=\"far fa-umbrella-beach\"><\/i>\r\n            <p>Chillen auf den Liegest\u00fchlen<\/p>\n        <\/li>\r\n\r\n    \r\n        <li>\r\n            <i class=\"far fa-water\"><\/i>\r\n            <p>Planschbecken f\u00fcr die Kleinen!<\/p>\n        <\/li>\r\n\r\n    \r\n<\/ul>\r\n\r\n\n\n\n<div class=\"wp-container-69fb51bfc8a62 wp-block-buttons\">\n<div class=\"wp-block-button btn_resa_empl\"><a class=\"wp-block-button__link\"><i class=\"far fa-search\"><\/i> Schnell buchen!<\/a><\/div>\n<\/div>\n<\/div>\n\n\n\n<div class=\"wp-block-column galerie_2\">\n<figure class=\"wp-block-gallery has-nested-images columns-default is-cropped\">\n<figure class=\"wp-block-image size-full\"><img loading=\"lazy\" width=\"1000\" height=\"667\" src=\"https:\/\/www.camping-kersentic.com\/wp-content\/uploads\/2022\/09\/piscine-couverte-chauffee-fouesnant-kersentic-1.jpg\" alt=\"Urlauber springen in das Hallenbad auf unserem Campingplatz im Finist\u00e8re.\" class=\"wp-image-1331\" srcset=\"https:\/\/www.camping-kersentic.com\/wp-content\/uploads\/2022\/09\/piscine-couverte-chauffee-fouesnant-kersentic-1.jpg 1000w, https:\/\/www.camping-kersentic.com\/wp-content\/uploads\/2022\/09\/piscine-couverte-chauffee-fouesnant-kersentic-1-300x200.jpg 300w, https:\/\/www.camping-kersentic.com\/wp-content\/uploads\/2022\/09\/piscine-couverte-chauffee-fouesnant-kersentic-1-768x512.jpg 768w\" sizes=\"(max-width: 1000px) 100vw, 1000px\" \/><\/figure>\n\n\n\n<figure class=\"wp-block-image size-full\"><img loading=\"lazy\" width=\"1000\" height=\"743\" src=\"https:\/\/www.camping-kersentic.com\/wp-content\/uploads\/2022\/09\/piscine-couverte-chauffee-fouesnant-kersentic.jpg\" alt=\"Familie erholt sich im Becken des Wasserparks auf unserem 3-Sterne-Campingplatz\" class=\"wp-image-1327\" srcset=\"https:\/\/www.camping-kersentic.com\/wp-content\/uploads\/2022\/09\/piscine-couverte-chauffee-fouesnant-kersentic.jpg 1000w, https:\/\/www.camping-kersentic.com\/wp-content\/uploads\/2022\/09\/piscine-couverte-chauffee-fouesnant-kersentic-300x223.jpg 300w, https:\/\/www.camping-kersentic.com\/wp-content\/uploads\/2022\/09\/piscine-couverte-chauffee-fouesnant-kersentic-768x571.jpg 768w\" sizes=\"(max-width: 1000px) 100vw, 1000px\" \/><\/figure>\n<\/figure>\n\n\n\n<div class=\"wp-container-69fb51bfc8e0f wp-block-buttons\">\n<div class=\"wp-block-button btn_galerie\"><a class=\"wp-block-button__link\" href=\"https:\/\/www.camping-kersentic.com\/de\/galerie-photos\/?galerie=piscine\"><i class=\"far fa-camera\"><\/i>  Fotogalerie<\/a><\/div>\n<\/div>\n<\/div>\n<\/div>\n<\/div><\/section>\n\n\n\n<section class=\"wp-container-69fb51bfc9c75 wp-block-group\"><div class=\"wp-block-group__inner-container\">\n<div class=\"wp-block-columns reverse-mob\">\n<div class=\"wp-block-column\">\n<figure class=\"wp-block-image alignfull size-large\"><img loading=\"lazy\" width=\"1024\" height=\"577\" src=\"https:\/\/www.camping-kersentic.com\/wp-content\/uploads\/2022\/09\/piscine-couverte-chauffee-fouesnant-kersentic-1-copie-1024x577.jpg\" alt=\"Campingplatz mit Schwimmbad in Fouesnant - Camping Finist\u00e8re sud\" class=\"wp-image-1800\" srcset=\"https:\/\/www.camping-kersentic.com\/wp-content\/uploads\/2022\/09\/piscine-couverte-chauffee-fouesnant-kersentic-1-copie-1024x577.jpg 1024w, https:\/\/www.camping-kersentic.com\/wp-content\/uploads\/2022\/09\/piscine-couverte-chauffee-fouesnant-kersentic-1-copie-300x169.jpg 300w, https:\/\/www.camping-kersentic.com\/wp-content\/uploads\/2022\/09\/piscine-couverte-chauffee-fouesnant-kersentic-1-copie-768x433.jpg 768w, https:\/\/www.camping-kersentic.com\/wp-content\/uploads\/2022\/09\/piscine-couverte-chauffee-fouesnant-kersentic-1-copie.jpg 1200w\" sizes=\"(max-width: 1024px) 100vw, 1024px\" \/><\/figure>\n<\/div>\n\n\n\n<div class=\"wp-block-column\">\n<h2 id=\"un-espace-aquatique-pour-toute-la-famille\">Ein Wasserbereich f\u00fcr die ganze Familie<\/h2>\n\n\n\n<p>Auf dem <strong>Familiencampingplatz Kersentic<\/strong> k\u00f6nnen Sie schon in den Osterferien ein paar Bahnen schwimmen, w\u00e4hrend Ihre Kinder im <strong>Planschbecken<\/strong> spielen oder zu Ihnen kommen und Sie nass spritzen!!! Warum nicht auch die <strong>Massaged\u00fcsen<\/strong> im eigens daf\u00fcr vorgesehenen Bereich nutzen, um Ihren Komfort zu verst\u00e4rken?<\/p>\n\n\n\n<div class=\"wp-block-group lire-plus-mobile\"><div class=\"wp-block-group__inner-container\">\n<p>Lesen Sie mehr<\/p>\n\n\n\n<div class=\"wp-container-69fb51bfc9525 wp-block-group\"><div class=\"wp-block-group__inner-container\">\n<h3 id=\"camping-dans-le-finistere-en-bord-de-mer\">Campingplatz im Finist\u00e8re am Meer<\/h3>\n\n\n\n<p>Unser <strong>4-Sterne-Campingplatz im s\u00fcdlichen Finist\u00e8re<\/strong> mit Hallenbad stellt Ihnen <strong>Liegest\u00fchle im Innen-<\/strong> und Au\u00dfenbereich zur Verf\u00fcgung, die Sie mit einem guten Buch oder einfach nur zum Faulenzen und Sitzen auf der <strong>Sonnenterrasse<\/strong> nutzen k\u00f6nnen! In der Sommersaison wird jeden <a rel=\"noreferrer noopener\" href=\"https:\/\/www.camping-kersentic.com\/de\/aktivitaeten\/\" target=\"_blank\">Freitagnachmittag ein Animationsprogramm<\/a> f\u00fcr Gro\u00df und Klein angeboten. Spa\u00df und Lachen sind garantiert.<\/p>\n\n\n\n<p>Der Wasserpark auf dem Campingplatz Kersentic in Fouesnant ist genau das Richtige, um mit der <strong>Familie sch\u00f6ne Bademomente<\/strong> zu verbringen und sich rundum wohlzuf\u00fchlen! <\/p>\n<\/div><\/div>\n<\/div><\/div>\n\n\n\n<div class=\"wp-container-69fb51bfc9865 wp-block-buttons\">\n<div class=\"wp-block-button is-style-outline\"><a class=\"wp-block-button__link\" href=\"https:\/\/www.camping-kersentic.com\/de\/dienste\/\"><i class=\"far fa-stars\"><\/i> Siehe die Dienstleistungen des Campingplatzes<\/a><\/div>\n<\/div>\n<\/div>\n<\/div>\n\n\n\n<div style=\"height:48px\" aria-hidden=\"true\" class=\"wp-block-spacer\"><\/div>\n\n\n\n<h2 id=\"camping-au-bord-de-mer-dans-le-finistere-sud\">Campingplatz am Meer im s\u00fcdlichen Finist\u00e8re<\/h2>\n\n\n\n<div class=\"wp-block-columns\">\n<div class=\"wp-block-column\" style=\"flex-basis:33.33%\">\n<figure class=\"wp-block-image size-large\"><img loading=\"lazy\" width=\"1024\" height=\"768\" src=\"https:\/\/www.camping-kersentic.com\/wp-content\/uploads\/2022\/10\/Plage-Fouesnant-Cap-Coz-Finistere-1024x768.jpg\" alt=\"Strand von Cap Coz - Campingplatz im Finist\u00e8re von Kersentic\" class=\"wp-image-2310\" srcset=\"https:\/\/www.camping-kersentic.com\/wp-content\/uploads\/2022\/10\/Plage-Fouesnant-Cap-Coz-Finistere-1024x768.jpg 1024w, https:\/\/www.camping-kersentic.com\/wp-content\/uploads\/2022\/10\/Plage-Fouesnant-Cap-Coz-Finistere-300x225.jpg 300w, https:\/\/www.camping-kersentic.com\/wp-content\/uploads\/2022\/10\/Plage-Fouesnant-Cap-Coz-Finistere-768x576.jpg 768w, https:\/\/www.camping-kersentic.com\/wp-content\/uploads\/2022\/10\/Plage-Fouesnant-Cap-Coz-Finistere-1536x1152.jpg 1536w, https:\/\/www.camping-kersentic.com\/wp-content\/uploads\/2022\/10\/Plage-Fouesnant-Cap-Coz-Finistere-2048x1536.jpg 2048w\" sizes=\"(max-width: 1024px) 100vw, 1024px\" \/><\/figure>\n<\/div>\n\n\n\n<div class=\"wp-block-column is-vertically-aligned-center\" style=\"flex-basis:66.66%\">\n<p>Unser <strong>Campingplatz im Finist\u00e8re am Meer mit Swimmingpool<\/strong> bietet Ihnen auch die M\u00f6glichkeit, am Strand von <a href=\"https:\/\/www.camping-kersentic.com\/camping-cap-coz-finistere-sud\/\">Cap Coz<\/a> zu baden. Dieser wundersch\u00f6ne wei\u00dfe Sandstrand liegt 600 m vom Campingplatz entfernt, d. h. etwa 20 Minuten zu Fu\u00df, und ist mit dem <strong>G\u00fctesiegel Blaue Flagge<\/strong> ausgezeichnet. Sie k\u00f6nnen ihn mit der ganzen Familie besuchen, da er von Juli bis August \u00fcberwacht wird und leicht zug\u00e4nglich ist.  <\/p>\n\n\n\n<p>Z\u00f6gern Sie nicht, w\u00e4hrend Ihres Urlaubs die ganze Sch\u00f6nheit der <a href=\"https:\/\/www.camping-kersentic.com\/camping-bretagne-sud\/\">Umgebung von Pays Fouesnantais<\/a> zu entdecken.<\/p>\n<\/div>\n<\/div>\n<\/div><\/section>\n\n\n\n<p><\/p>\n","protected":false},"excerpt":{"rendered":"<p>Campingplatz mit Schwimmbad im Finist\u00e8re Unser Campingplatz in Fouesnant mit Schwimmbad erwartet Sie f\u00fcr einen Aufenthalt, bei dem Sie sich entspannen und vergn\u00fcgen k\u00f6nnen &#8211; zu zweit, mit der Familie oder mit Freunden. Ein echtes Plus f\u00fcr einen gelungenen Urlaub im Finist\u00e8re. \u00d6ffnungszeiten des beheizten Hallenbads: von 10:00 bis 19:00 Uhr. Es wird darauf hingewiesen, [&hellip;]<\/p>\n","protected":false},"author":1,"featured_media":0,"parent":0,"menu_order":0,"comment_status":"closed","ping_status":"closed","template":"","meta":[],"acf":[],"yoast_head":"<!-- This site is optimized with the Yoast SEO plugin v19.9 - https:\/\/yoast.com\/wordpress\/plugins\/seo\/ -->\n<title>Wasserpark - Camping de Kersentic<\/title>\n<meta name=\"robots\" content=\"index, follow, max-snippet:-1, max-image-preview:large, max-video-preview:-1\" \/>\n<link rel=\"canonical\" href=\"https:\/\/www.camping-kersentic.com\/de\/wasserpark\/\" \/>\n<meta property=\"og:locale\" content=\"de_DE\" \/>\n<meta property=\"og:type\" content=\"article\" \/>\n<meta property=\"og:title\" content=\"Wasserpark - Camping de Kersentic\" \/>\n<meta property=\"og:description\" content=\"Campingplatz mit Schwimmbad im Finist\u00e8re Unser Campingplatz in Fouesnant mit Schwimmbad erwartet Sie f\u00fcr einen Aufenthalt, bei dem Sie sich entspannen und vergn\u00fcgen k\u00f6nnen &#8211; zu zweit, mit der Familie oder mit Freunden. Ein echtes Plus f\u00fcr einen gelungenen Urlaub im Finist\u00e8re. \u00d6ffnungszeiten des beheizten Hallenbads: von 10:00 bis 19:00 Uhr. Es wird darauf hingewiesen, [&hellip;]\" \/>\n<meta property=\"og:url\" content=\"https:\/\/www.camping-kersentic.com\/de\/wasserpark\/\" \/>\n<meta property=\"og:site_name\" content=\"Camping de Kersentic\" \/>\n<meta property=\"article:publisher\" content=\"https:\/\/www.facebook.com\/campingdekersenticfouesnant\/\" \/>\n<meta property=\"article:modified_time\" content=\"2025-05-26T09:34:02+00:00\" \/>\n<meta property=\"og:image\" content=\"https:\/\/www.camping-kersentic.com\/wp-content\/uploads\/2023\/03\/parc-aquatique.jpg\" \/>\n<meta name=\"twitter:card\" content=\"summary_large_image\" \/>\n<meta name=\"twitter:label1\" content=\"Gesch\u00e4tzte Lesezeit\" \/>\n\t<meta name=\"twitter:data1\" content=\"2 Minuten\" \/>\n<script type=\"application\/ld+json\" class=\"yoast-schema-graph\">{\"@context\":\"https:\/\/schema.org\",\"@graph\":[{\"@type\":\"WebPage\",\"@id\":\"https:\/\/www.camping-kersentic.com\/de\/wasserpark\/\",\"url\":\"https:\/\/www.camping-kersentic.com\/de\/wasserpark\/\",\"name\":\"Wasserpark - Camping de Kersentic\",\"isPartOf\":{\"@id\":\"https:\/\/www.camping-kersentic.com\/#website\"},\"datePublished\":\"2022-11-15T13:37:04+00:00\",\"dateModified\":\"2025-05-26T09:34:02+00:00\",\"breadcrumb\":{\"@id\":\"https:\/\/www.camping-kersentic.com\/de\/wasserpark\/#breadcrumb\"},\"inLanguage\":\"de-DE\",\"potentialAction\":[{\"@type\":\"ReadAction\",\"target\":[\"https:\/\/www.camping-kersentic.com\/de\/wasserpark\/\"]}]},{\"@type\":\"BreadcrumbList\",\"@id\":\"https:\/\/www.camping-kersentic.com\/de\/wasserpark\/#breadcrumb\",\"itemListElement\":[{\"@type\":\"ListItem\",\"position\":1,\"name\":\"Home\",\"item\":\"https:\/\/www.camping-kersentic.com\/de\/\"},{\"@type\":\"ListItem\",\"position\":2,\"name\":\"Wasserpark\"}]},{\"@type\":\"WebSite\",\"@id\":\"https:\/\/www.camping-kersentic.com\/#website\",\"url\":\"https:\/\/www.camping-kersentic.com\/\",\"name\":\"Camping de Kersentic\",\"description\":\"Camping Fouesnant dans le Finist\u00e8re sud, locations de mobil-home, g\u00eetes, Coco Sweet, locations insolites, emplacements, piscine couverte et plage\",\"publisher\":{\"@id\":\"https:\/\/www.camping-kersentic.com\/#organization\"},\"potentialAction\":[{\"@type\":\"SearchAction\",\"target\":{\"@type\":\"EntryPoint\",\"urlTemplate\":\"https:\/\/www.camping-kersentic.com\/?s={search_term_string}\"},\"query-input\":\"required name=search_term_string\"}],\"inLanguage\":\"de-DE\"},{\"@type\":\"Organization\",\"@id\":\"https:\/\/www.camping-kersentic.com\/#organization\",\"name\":\"Camping de Kersentic\",\"url\":\"https:\/\/www.camping-kersentic.com\/\",\"logo\":{\"@type\":\"ImageObject\",\"inLanguage\":\"de-DE\",\"@id\":\"https:\/\/www.camping-kersentic.com\/#\/schema\/logo\/image\/\",\"url\":\"https:\/\/www.camping-kersentic.com\/wp-content\/uploads\/2025\/05\/LOGO2025_C.webp\",\"contentUrl\":\"https:\/\/www.camping-kersentic.com\/wp-content\/uploads\/2025\/05\/LOGO2025_C.webp\",\"width\":764,\"height\":325,\"caption\":\"Camping de Kersentic\"},\"image\":{\"@id\":\"https:\/\/www.camping-kersentic.com\/#\/schema\/logo\/image\/\"},\"sameAs\":[\"https:\/\/www.instagram.com\/campingdekersentic\/?hl=fr\",\"https:\/\/www.facebook.com\/campingdekersenticfouesnant\/\"]}]}<\/script>\n<!-- \/ Yoast SEO plugin. -->","yoast_head_json":{"title":"Wasserpark - Camping de Kersentic","robots":{"index":"index","follow":"follow","max-snippet":"max-snippet:-1","max-image-preview":"max-image-preview:large","max-video-preview":"max-video-preview:-1"},"canonical":"https:\/\/www.camping-kersentic.com\/de\/wasserpark\/","og_locale":"de_DE","og_type":"article","og_title":"Wasserpark - Camping de Kersentic","og_description":"Campingplatz mit Schwimmbad im Finist\u00e8re Unser Campingplatz in Fouesnant mit Schwimmbad erwartet Sie f\u00fcr einen Aufenthalt, bei dem Sie sich entspannen und vergn\u00fcgen k\u00f6nnen &#8211; zu zweit, mit der Familie oder mit Freunden. Ein echtes Plus f\u00fcr einen gelungenen Urlaub im Finist\u00e8re. \u00d6ffnungszeiten des beheizten Hallenbads: von 10:00 bis 19:00 Uhr. Es wird darauf hingewiesen, [&hellip;]","og_url":"https:\/\/www.camping-kersentic.com\/de\/wasserpark\/","og_site_name":"Camping de Kersentic","article_publisher":"https:\/\/www.facebook.com\/campingdekersenticfouesnant\/","article_modified_time":"2025-05-26T09:34:02+00:00","og_image":[{"url":"https:\/\/www.camping-kersentic.com\/wp-content\/uploads\/2023\/03\/parc-aquatique.jpg"}],"twitter_card":"summary_large_image","twitter_misc":{"Gesch\u00e4tzte Lesezeit":"2 Minuten"},"schema":{"@context":"https:\/\/schema.org","@graph":[{"@type":"WebPage","@id":"https:\/\/www.camping-kersentic.com\/de\/wasserpark\/","url":"https:\/\/www.camping-kersentic.com\/de\/wasserpark\/","name":"Wasserpark - Camping de Kersentic","isPartOf":{"@id":"https:\/\/www.camping-kersentic.com\/#website"},"datePublished":"2022-11-15T13:37:04+00:00","dateModified":"2025-05-26T09:34:02+00:00","breadcrumb":{"@id":"https:\/\/www.camping-kersentic.com\/de\/wasserpark\/#breadcrumb"},"inLanguage":"de-DE","potentialAction":[{"@type":"ReadAction","target":["https:\/\/www.camping-kersentic.com\/de\/wasserpark\/"]}]},{"@type":"BreadcrumbList","@id":"https:\/\/www.camping-kersentic.com\/de\/wasserpark\/#breadcrumb","itemListElement":[{"@type":"ListItem","position":1,"name":"Home","item":"https:\/\/www.camping-kersentic.com\/de\/"},{"@type":"ListItem","position":2,"name":"Wasserpark"}]},{"@type":"WebSite","@id":"https:\/\/www.camping-kersentic.com\/#website","url":"https:\/\/www.camping-kersentic.com\/","name":"Camping de Kersentic","description":"Camping Fouesnant dans le Finist\u00e8re sud, locations de mobil-home, g\u00eetes, Coco Sweet, locations insolites, emplacements, piscine couverte et plage","publisher":{"@id":"https:\/\/www.camping-kersentic.com\/#organization"},"potentialAction":[{"@type":"SearchAction","target":{"@type":"EntryPoint","urlTemplate":"https:\/\/www.camping-kersentic.com\/?s={search_term_string}"},"query-input":"required name=search_term_string"}],"inLanguage":"de-DE"},{"@type":"Organization","@id":"https:\/\/www.camping-kersentic.com\/#organization","name":"Camping de Kersentic","url":"https:\/\/www.camping-kersentic.com\/","logo":{"@type":"ImageObject","inLanguage":"de-DE","@id":"https:\/\/www.camping-kersentic.com\/#\/schema\/logo\/image\/","url":"https:\/\/www.camping-kersentic.com\/wp-content\/uploads\/2025\/05\/LOGO2025_C.webp","contentUrl":"https:\/\/www.camping-kersentic.com\/wp-content\/uploads\/2025\/05\/LOGO2025_C.webp","width":764,"height":325,"caption":"Camping de Kersentic"},"image":{"@id":"https:\/\/www.camping-kersentic.com\/#\/schema\/logo\/image\/"},"sameAs":["https:\/\/www.instagram.com\/campingdekersentic\/?hl=fr","https:\/\/www.facebook.com\/campingdekersenticfouesnant\/"]}]}},"_links":{"self":[{"href":"https:\/\/www.camping-kersentic.com\/de\/wp-json\/wp\/v2\/pages\/3802"}],"collection":[{"href":"https:\/\/www.camping-kersentic.com\/de\/wp-json\/wp\/v2\/pages"}],"about":[{"href":"https:\/\/www.camping-kersentic.com\/de\/wp-json\/wp\/v2\/types\/page"}],"author":[{"embeddable":true,"href":"https:\/\/www.camping-kersentic.com\/de\/wp-json\/wp\/v2\/users\/1"}],"replies":[{"embeddable":true,"href":"https:\/\/www.camping-kersentic.com\/de\/wp-json\/wp\/v2\/comments?post=3802"}],"version-history":[{"count":6,"href":"https:\/\/www.camping-kersentic.com\/de\/wp-json\/wp\/v2\/pages\/3802\/revisions"}],"predecessor-version":[{"id":7552,"href":"https:\/\/www.camping-kersentic.com\/de\/wp-json\/wp\/v2\/pages\/3802\/revisions\/7552"}],"wp:attachment":[{"href":"https:\/\/www.camping-kersentic.com\/de\/wp-json\/wp\/v2\/media?parent=3802"}],"curies":[{"name":"wp","href":"https:\/\/api.w.org\/{rel}","templated":true}]}}