{"id":4049,"date":"2022-12-14T17:12:01","date_gmt":"2022-12-14T16:12:01","guid":{"rendered":"https:\/\/www.camping-kersentic.com\/vermietungen\/ungewohnliche-unterkunfte\/"},"modified":"2025-03-19T14:19:26","modified_gmt":"2025-03-19T13:19:26","slug":"ungewohnliche-unterkunfte","status":"publish","type":"page","link":"https:\/\/www.camping-kersentic.com\/de\/vermietungen\/ungewohnliche-unterkunfte\/","title":{"rendered":"Ungew\u00f6hnliche Unterk\u00fcnfte"},"content":{"rendered":"\n<figure class=\"wp-block-image alignfull size-large\"><img loading=\"lazy\" width=\"1024\" height=\"683\" src=\"https:\/\/www.camping-kersentic.com\/wp-content\/uploads\/2022\/08\/kersentic_chambre-coco-sweet-1-1024x683.jpg\" alt=\"\" class=\"wp-image-698\" srcset=\"https:\/\/www.camping-kersentic.com\/wp-content\/uploads\/2022\/08\/kersentic_chambre-coco-sweet-1-1024x683.jpg 1024w, https:\/\/www.camping-kersentic.com\/wp-content\/uploads\/2022\/08\/kersentic_chambre-coco-sweet-1-300x200.jpg 300w, https:\/\/www.camping-kersentic.com\/wp-content\/uploads\/2022\/08\/kersentic_chambre-coco-sweet-1-768x512.jpg 768w, https:\/\/www.camping-kersentic.com\/wp-content\/uploads\/2022\/08\/kersentic_chambre-coco-sweet-1-1536x1025.jpg 1536w, https:\/\/www.camping-kersentic.com\/wp-content\/uploads\/2022\/08\/kersentic_chambre-coco-sweet-1.jpg 1920w\" sizes=\"(max-width: 1024px) 100vw, 1024px\" \/><\/figure>\n\n\n\n<section class=\"wp-container-69d0729af24fa wp-block-group alignfull deco--vague has-jaune-clair-background-color has-background\"><div class=\"wp-block-group__inner-container\">\n<h1 class=\"has-text-align-center\" id=\"hebergements-insolites-en-bretagne-dans-le-finistere\">Ungew\u00f6hnliche Unterk\u00fcnfte in der Bretagne im Finist\u00e8re<\/h1>\n\n\n\n<p class=\"has-text-align-center\">\u00dcbernachten Sie auf dem Campingplatz Kersentic, um <a href=\"https:\/\/www.camping-kersentic.com\/de\/umgebung\/\" data-type=\"page\">mit Familie oder Freunden das Finist\u00e8re zu entdecken<\/a>, und erleben Sie ein <strong>unvergessliches Erlebnis<\/strong> in Ihrer <strong>ungew\u00f6hnlichen Unterkunft in der Bretagne<\/strong>!<\/p>\n\n\n\n<p class=\"has-text-align-center\">W\u00e4hlen Sie die Unterkunft, die Sie brauchen, um sich w\u00e4hrend <strong>Ihres Urlaubs in der Bretagne<\/strong> zu erholen: <em>Coco sweet<\/em>, Rando Etape oder <em>Kabane<\/em>?<\/p>\n\n\n\n<div class=\"wp-container-69d0729af21b2 wp-block-buttons\">\n<div class=\"wp-block-button btn_resa_loc\"><a class=\"wp-block-button__link\"><i class=\"far fa-search\"><\/i>  Buchen Sie Ihren Aufenthalt!<\/a><\/div>\n<\/div>\n<\/div><\/section>\n\n\n\n<section class=\"wp-container-69d0729af39f3 wp-block-group K-15-a\"><div class=\"wp-block-group__inner-container\">\n<div class=\"wp-container-69d0729af36d0 wp-block-group\">\n<div class=\"wp-container-69d0729af2c7d wp-block-group\"><div class=\"wp-block-group__inner-container\">\n<figure class=\"wp-block-image size-large\"><img loading=\"lazy\" width=\"1024\" height=\"768\" src=\"https:\/\/www.camping-kersentic.com\/wp-content\/uploads\/2023\/02\/Campetoile3-002-1024x768.jpg\" alt=\"\" class=\"wp-image-4312\" srcset=\"https:\/\/www.camping-kersentic.com\/wp-content\/uploads\/2023\/02\/Campetoile3-002-1024x768.jpg 1024w, https:\/\/www.camping-kersentic.com\/wp-content\/uploads\/2023\/02\/Campetoile3-002-300x225.jpg 300w, https:\/\/www.camping-kersentic.com\/wp-content\/uploads\/2023\/02\/Campetoile3-002-768x576.jpg 768w, https:\/\/www.camping-kersentic.com\/wp-content\/uploads\/2023\/02\/Campetoile3-002-1536x1152.jpg 1536w, https:\/\/www.camping-kersentic.com\/wp-content\/uploads\/2023\/02\/Campetoile3-002.jpg 1632w\" sizes=\"(max-width: 1024px) 100vw, 1024px\" \/><\/figure>\n\n\n\n<p class=\"h3\">Rando \u00c9tape<\/p>\n\n\n\n<p>1 bis 2 Personen<\/p>\n\n\n\n<div class=\"wp-container-69d0729af295c wp-block-buttons\">\n<div class=\"wp-block-button\"><a class=\"wp-block-button__link\" href=\"https:\/\/www.camping-kersentic.com\/de\/vermietungen\/ungewohnliche-unterkunfte\/rando-etape\/\">Mehr sehen<\/a><\/div>\n<\/div>\n<\/div><\/div>\n\n\n\n<div class=\"wp-container-69d0729af33a5 wp-block-group\"><div class=\"wp-block-group__inner-container\">\n<figure class=\"wp-block-image size-full\"><img loading=\"lazy\" width=\"1150\" height=\"768\" src=\"https:\/\/www.camping-kersentic.com\/wp-content\/uploads\/2022\/10\/mini_COCO-2CH-2-1.jpg\" alt=\"\" class=\"wp-image-2392\" srcset=\"https:\/\/www.camping-kersentic.com\/wp-content\/uploads\/2022\/10\/mini_COCO-2CH-2-1.jpg 1150w, https:\/\/www.camping-kersentic.com\/wp-content\/uploads\/2022\/10\/mini_COCO-2CH-2-1-300x200.jpg 300w, https:\/\/www.camping-kersentic.com\/wp-content\/uploads\/2022\/10\/mini_COCO-2CH-2-1-1024x684.jpg 1024w, https:\/\/www.camping-kersentic.com\/wp-content\/uploads\/2022\/10\/mini_COCO-2CH-2-1-768x513.jpg 768w\" sizes=\"(max-width: 1150px) 100vw, 1150px\" \/><\/figure>\n\n\n\n<p class=\"h3\">Coco sweet<\/p>\n\n\n\n<p>2 bis 4 Personen<\/p>\n\n\n\n<div class=\"wp-container-69d0729af3084 wp-block-buttons\">\n<div class=\"wp-block-button\"><a class=\"wp-block-button__link\" href=\"https:\/\/www.camping-kersentic.com\/de\/vermietungen\/ungewohnliche-unterkunfte\/coco-sweet\/\">Mehr sehen<\/a><\/div>\n<\/div>\n<\/div><\/div>\n<\/div>\n<\/div><\/section>\n","protected":false},"excerpt":{"rendered":"<p>Ungew\u00f6hnliche Unterk\u00fcnfte in der Bretagne im Finist\u00e8re \u00dcbernachten Sie auf dem Campingplatz Kersentic, um mit Familie oder Freunden das Finist\u00e8re zu entdecken, und erleben Sie ein unvergessliches Erlebnis in Ihrer ungew\u00f6hnlichen Unterkunft in der Bretagne! W\u00e4hlen Sie die Unterkunft, die Sie brauchen, um sich w\u00e4hrend Ihres Urlaubs in der Bretagne zu erholen: Coco sweet, Rando [&hellip;]<\/p>\n","protected":false},"author":1,"featured_media":8549,"parent":3752,"menu_order":0,"comment_status":"closed","ping_status":"closed","template":"","meta":[],"acf":[],"yoast_head":"<!-- This site is optimized with the Yoast SEO plugin v19.9 - https:\/\/yoast.com\/wordpress\/plugins\/seo\/ -->\n<title>Ungew\u00f6hnliche Unterk\u00fcnfte - Camping de Kersentic<\/title>\n<meta name=\"robots\" content=\"index, follow, max-snippet:-1, max-image-preview:large, max-video-preview:-1\" \/>\n<link rel=\"canonical\" href=\"https:\/\/www.camping-kersentic.com\/de\/vermietungen\/ungewohnliche-unterkunfte\/\" \/>\n<meta property=\"og:locale\" content=\"de_DE\" \/>\n<meta property=\"og:type\" content=\"article\" \/>\n<meta property=\"og:title\" content=\"Ungew\u00f6hnliche Unterk\u00fcnfte - Camping de Kersentic\" \/>\n<meta property=\"og:description\" content=\"Ungew\u00f6hnliche Unterk\u00fcnfte in der Bretagne im Finist\u00e8re \u00dcbernachten Sie auf dem Campingplatz Kersentic, um mit Familie oder Freunden das Finist\u00e8re zu entdecken, und erleben Sie ein unvergessliches Erlebnis in Ihrer ungew\u00f6hnlichen Unterkunft in der Bretagne! W\u00e4hlen Sie die Unterkunft, die Sie brauchen, um sich w\u00e4hrend Ihres Urlaubs in der Bretagne zu erholen: Coco sweet, Rando [&hellip;]\" \/>\n<meta property=\"og:url\" content=\"https:\/\/www.camping-kersentic.com\/de\/vermietungen\/ungewohnliche-unterkunfte\/\" \/>\n<meta property=\"og:site_name\" content=\"Camping de Kersentic\" \/>\n<meta property=\"article:publisher\" content=\"https:\/\/www.facebook.com\/campingdekersenticfouesnant\/\" \/>\n<meta property=\"article:modified_time\" content=\"2025-03-19T13:19:26+00:00\" \/>\n<meta property=\"og:image\" content=\"https:\/\/www.camping-kersentic.com\/wp-content\/uploads\/2022\/08\/kersentic_chambre-coco-sweet.jpg\" \/>\n\t<meta property=\"og:image:width\" content=\"1920\" \/>\n\t<meta property=\"og:image:height\" content=\"1281\" \/>\n\t<meta property=\"og:image:type\" content=\"image\/jpeg\" \/>\n<meta name=\"twitter:card\" content=\"summary_large_image\" \/>\n<script type=\"application\/ld+json\" class=\"yoast-schema-graph\">{\"@context\":\"https:\/\/schema.org\",\"@graph\":[{\"@type\":\"WebPage\",\"@id\":\"https:\/\/www.camping-kersentic.com\/de\/vermietungen\/ungewohnliche-unterkunfte\/\",\"url\":\"https:\/\/www.camping-kersentic.com\/de\/vermietungen\/ungewohnliche-unterkunfte\/\",\"name\":\"Ungew\u00f6hnliche Unterk\u00fcnfte - Camping de Kersentic\",\"isPartOf\":{\"@id\":\"https:\/\/www.camping-kersentic.com\/#website\"},\"datePublished\":\"2022-12-14T16:12:01+00:00\",\"dateModified\":\"2025-03-19T13:19:26+00:00\",\"breadcrumb\":{\"@id\":\"https:\/\/www.camping-kersentic.com\/de\/vermietungen\/ungewohnliche-unterkunfte\/#breadcrumb\"},\"inLanguage\":\"de-DE\",\"potentialAction\":[{\"@type\":\"ReadAction\",\"target\":[\"https:\/\/www.camping-kersentic.com\/de\/vermietungen\/ungewohnliche-unterkunfte\/\"]}]},{\"@type\":\"BreadcrumbList\",\"@id\":\"https:\/\/www.camping-kersentic.com\/de\/vermietungen\/ungewohnliche-unterkunfte\/#breadcrumb\",\"itemListElement\":[{\"@type\":\"ListItem\",\"position\":1,\"name\":\"Home\",\"item\":\"https:\/\/www.camping-kersentic.com\/de\/\"},{\"@type\":\"ListItem\",\"position\":2,\"name\":\"Vermietungen\",\"item\":\"https:\/\/www.camping-kersentic.com\/de\/vermietungen\/\"},{\"@type\":\"ListItem\",\"position\":3,\"name\":\"Ungew\u00f6hnliche Unterk\u00fcnfte\"}]},{\"@type\":\"WebSite\",\"@id\":\"https:\/\/www.camping-kersentic.com\/#website\",\"url\":\"https:\/\/www.camping-kersentic.com\/\",\"name\":\"Camping de Kersentic\",\"description\":\"Camping Fouesnant dans le Finist\u00e8re sud, locations de mobil-home, g\u00eetes, Coco Sweet, locations insolites, emplacements, piscine couverte et plage\",\"publisher\":{\"@id\":\"https:\/\/www.camping-kersentic.com\/#organization\"},\"potentialAction\":[{\"@type\":\"SearchAction\",\"target\":{\"@type\":\"EntryPoint\",\"urlTemplate\":\"https:\/\/www.camping-kersentic.com\/?s={search_term_string}\"},\"query-input\":\"required name=search_term_string\"}],\"inLanguage\":\"de-DE\"},{\"@type\":\"Organization\",\"@id\":\"https:\/\/www.camping-kersentic.com\/#organization\",\"name\":\"Camping de Kersentic\",\"url\":\"https:\/\/www.camping-kersentic.com\/\",\"logo\":{\"@type\":\"ImageObject\",\"inLanguage\":\"de-DE\",\"@id\":\"https:\/\/www.camping-kersentic.com\/#\/schema\/logo\/image\/\",\"url\":\"https:\/\/www.camping-kersentic.com\/wp-content\/uploads\/2025\/05\/LOGO2025_C.webp\",\"contentUrl\":\"https:\/\/www.camping-kersentic.com\/wp-content\/uploads\/2025\/05\/LOGO2025_C.webp\",\"width\":764,\"height\":325,\"caption\":\"Camping de Kersentic\"},\"image\":{\"@id\":\"https:\/\/www.camping-kersentic.com\/#\/schema\/logo\/image\/\"},\"sameAs\":[\"https:\/\/www.instagram.com\/campingdekersentic\/?hl=fr\",\"https:\/\/www.facebook.com\/campingdekersenticfouesnant\/\"]}]}<\/script>\n<!-- \/ Yoast SEO plugin. -->","yoast_head_json":{"title":"Ungew\u00f6hnliche Unterk\u00fcnfte - Camping de Kersentic","robots":{"index":"index","follow":"follow","max-snippet":"max-snippet:-1","max-image-preview":"max-image-preview:large","max-video-preview":"max-video-preview:-1"},"canonical":"https:\/\/www.camping-kersentic.com\/de\/vermietungen\/ungewohnliche-unterkunfte\/","og_locale":"de_DE","og_type":"article","og_title":"Ungew\u00f6hnliche Unterk\u00fcnfte - Camping de Kersentic","og_description":"Ungew\u00f6hnliche Unterk\u00fcnfte in der Bretagne im Finist\u00e8re \u00dcbernachten Sie auf dem Campingplatz Kersentic, um mit Familie oder Freunden das Finist\u00e8re zu entdecken, und erleben Sie ein unvergessliches Erlebnis in Ihrer ungew\u00f6hnlichen Unterkunft in der Bretagne! W\u00e4hlen Sie die Unterkunft, die Sie brauchen, um sich w\u00e4hrend Ihres Urlaubs in der Bretagne zu erholen: Coco sweet, Rando [&hellip;]","og_url":"https:\/\/www.camping-kersentic.com\/de\/vermietungen\/ungewohnliche-unterkunfte\/","og_site_name":"Camping de Kersentic","article_publisher":"https:\/\/www.facebook.com\/campingdekersenticfouesnant\/","article_modified_time":"2025-03-19T13:19:26+00:00","og_image":[{"width":1920,"height":1281,"url":"https:\/\/www.camping-kersentic.com\/wp-content\/uploads\/2022\/08\/kersentic_chambre-coco-sweet.jpg","type":"image\/jpeg"}],"twitter_card":"summary_large_image","schema":{"@context":"https:\/\/schema.org","@graph":[{"@type":"WebPage","@id":"https:\/\/www.camping-kersentic.com\/de\/vermietungen\/ungewohnliche-unterkunfte\/","url":"https:\/\/www.camping-kersentic.com\/de\/vermietungen\/ungewohnliche-unterkunfte\/","name":"Ungew\u00f6hnliche Unterk\u00fcnfte - Camping de Kersentic","isPartOf":{"@id":"https:\/\/www.camping-kersentic.com\/#website"},"datePublished":"2022-12-14T16:12:01+00:00","dateModified":"2025-03-19T13:19:26+00:00","breadcrumb":{"@id":"https:\/\/www.camping-kersentic.com\/de\/vermietungen\/ungewohnliche-unterkunfte\/#breadcrumb"},"inLanguage":"de-DE","potentialAction":[{"@type":"ReadAction","target":["https:\/\/www.camping-kersentic.com\/de\/vermietungen\/ungewohnliche-unterkunfte\/"]}]},{"@type":"BreadcrumbList","@id":"https:\/\/www.camping-kersentic.com\/de\/vermietungen\/ungewohnliche-unterkunfte\/#breadcrumb","itemListElement":[{"@type":"ListItem","position":1,"name":"Home","item":"https:\/\/www.camping-kersentic.com\/de\/"},{"@type":"ListItem","position":2,"name":"Vermietungen","item":"https:\/\/www.camping-kersentic.com\/de\/vermietungen\/"},{"@type":"ListItem","position":3,"name":"Ungew\u00f6hnliche Unterk\u00fcnfte"}]},{"@type":"WebSite","@id":"https:\/\/www.camping-kersentic.com\/#website","url":"https:\/\/www.camping-kersentic.com\/","name":"Camping de Kersentic","description":"Camping Fouesnant dans le Finist\u00e8re sud, locations de mobil-home, g\u00eetes, Coco Sweet, locations insolites, emplacements, piscine couverte et plage","publisher":{"@id":"https:\/\/www.camping-kersentic.com\/#organization"},"potentialAction":[{"@type":"SearchAction","target":{"@type":"EntryPoint","urlTemplate":"https:\/\/www.camping-kersentic.com\/?s={search_term_string}"},"query-input":"required name=search_term_string"}],"inLanguage":"de-DE"},{"@type":"Organization","@id":"https:\/\/www.camping-kersentic.com\/#organization","name":"Camping de Kersentic","url":"https:\/\/www.camping-kersentic.com\/","logo":{"@type":"ImageObject","inLanguage":"de-DE","@id":"https:\/\/www.camping-kersentic.com\/#\/schema\/logo\/image\/","url":"https:\/\/www.camping-kersentic.com\/wp-content\/uploads\/2025\/05\/LOGO2025_C.webp","contentUrl":"https:\/\/www.camping-kersentic.com\/wp-content\/uploads\/2025\/05\/LOGO2025_C.webp","width":764,"height":325,"caption":"Camping de Kersentic"},"image":{"@id":"https:\/\/www.camping-kersentic.com\/#\/schema\/logo\/image\/"},"sameAs":["https:\/\/www.instagram.com\/campingdekersentic\/?hl=fr","https:\/\/www.facebook.com\/campingdekersenticfouesnant\/"]}]}},"_links":{"self":[{"href":"https:\/\/www.camping-kersentic.com\/de\/wp-json\/wp\/v2\/pages\/4049"}],"collection":[{"href":"https:\/\/www.camping-kersentic.com\/de\/wp-json\/wp\/v2\/pages"}],"about":[{"href":"https:\/\/www.camping-kersentic.com\/de\/wp-json\/wp\/v2\/types\/page"}],"author":[{"embeddable":true,"href":"https:\/\/www.camping-kersentic.com\/de\/wp-json\/wp\/v2\/users\/1"}],"replies":[{"embeddable":true,"href":"https:\/\/www.camping-kersentic.com\/de\/wp-json\/wp\/v2\/comments?post=4049"}],"version-history":[{"count":6,"href":"https:\/\/www.camping-kersentic.com\/de\/wp-json\/wp\/v2\/pages\/4049\/revisions"}],"predecessor-version":[{"id":6344,"href":"https:\/\/www.camping-kersentic.com\/de\/wp-json\/wp\/v2\/pages\/4049\/revisions\/6344"}],"up":[{"embeddable":true,"href":"https:\/\/www.camping-kersentic.com\/de\/wp-json\/wp\/v2\/pages\/3752"}],"wp:featuredmedia":[{"embeddable":true,"href":"https:\/\/www.camping-kersentic.com\/de\/wp-json\/wp\/v2\/media\/8549"}],"wp:attachment":[{"href":"https:\/\/www.camping-kersentic.com\/de\/wp-json\/wp\/v2\/media?parent=4049"}],"curies":[{"name":"wp","href":"https:\/\/api.w.org\/{rel}","templated":true}]}}