{"id":4051,"date":"2022-12-14T17:25:28","date_gmt":"2022-12-14T16:25:28","guid":{"rendered":"https:\/\/www.camping-kersentic.com\/vermietungen\/ungewohnliche-unterkunfte\/coco-sweet\/"},"modified":"2025-03-24T16:25:31","modified_gmt":"2025-03-24T15:25:31","slug":"coco-sweet","status":"publish","type":"page","link":"https:\/\/www.camping-kersentic.com\/de\/vermietungen\/ungewohnliche-unterkunfte\/coco-sweet\/","title":{"rendered":"Coco Sweet"},"content":{"rendered":"\n<figure class=\"wp-block-image alignfull size-full\"><img loading=\"lazy\" width=\"1920\" height=\"1281\" src=\"https:\/\/www.camping-kersentic.com\/wp-content\/uploads\/2022\/08\/kersentic_chambre-coco-sweet.jpg\" alt=\"\" class=\"wp-image-654\" srcset=\"https:\/\/www.camping-kersentic.com\/wp-content\/uploads\/2022\/08\/kersentic_chambre-coco-sweet.jpg 1920w, https:\/\/www.camping-kersentic.com\/wp-content\/uploads\/2022\/08\/kersentic_chambre-coco-sweet-300x200.jpg 300w, https:\/\/www.camping-kersentic.com\/wp-content\/uploads\/2022\/08\/kersentic_chambre-coco-sweet-1024x683.jpg 1024w, https:\/\/www.camping-kersentic.com\/wp-content\/uploads\/2022\/08\/kersentic_chambre-coco-sweet-768x512.jpg 768w, https:\/\/www.camping-kersentic.com\/wp-content\/uploads\/2022\/08\/kersentic_chambre-coco-sweet-1536x1025.jpg 1536w\" sizes=\"(max-width: 1920px) 100vw, 1920px\" \/><\/figure>\n\n\n\n<section class=\"wp-container-6a02a10b63ec7 wp-block-group alignfull deco--vague has-bleu-clair-background-color has-background\"><div class=\"wp-block-group__inner-container\">\n<div class=\"wp-block-columns\">\n<div class=\"wp-block-column\" style=\"flex-basis:37%\">\n<h2 id=\"optez-pour-le-coco-sweet\">Entscheiden Sie sich f\u00fcr <strong>Coco Sweet<\/strong><\/h2>\n\n\n\n<p class=\"h3\">Mietunterk\u00fcnfte f\u00fcr Ihren Entspannungsurlaub<\/p>\n\n\n\n<p>Lust auf etwas Ungew\u00f6hnliches f\u00fcr 2 oder mehr N\u00e4chte? Ganz neu, ganz sch\u00f6n, ganz lustig: Verbringen Sie einen kuscheligen Moment in unseren neuen Coco Sweet.<\/p>\n\n\n\n<p>Verspielt geformt, aber mit isolierten W\u00e4nden, werden Sie sich drinnen und drau\u00dfen wie in einem kleinen Kuschelnest f\u00fchlen, wenn Sie sich in unseren Chiliennes l\u00fcmmeln.<\/p>\n\n\n\n<p>Vollst\u00e4ndig ausgestattet mit K\u00fchlschrank, Mikrowelle, Induktionskochfeld.<\/p>\n\n\n\n<p>Z\u00f6gern Sie nicht l\u00e4nger und verbringen Sie Ihren Urlaub auf lustige Art und Weise!<\/p>\n\n\n\r\n<ul class=\"fc-blocks--picto col-1 gauche\">\r\n\r\n    \r\n        <li>\r\n            <i class=\"far fa-bed-front\"><\/i>\r\n            <p>Bettzeug: 1 Bett 140&#215;190, 2 Betten 80&#215;190<\/p>\n        <\/li>\r\n\r\n    \r\n        <li>\r\n            <i class=\"far fa-utensils\"><\/i>\r\n            <p>K\u00fcche: Mikrowelle, Table Top, Kaffeemaschine, Wasserkocher, Geschirr<\/p>\n        <\/li>\r\n\r\n    \r\n        <li>\r\n            <i class=\"far fa-blanket\"><\/i>\r\n            <p>Bettw\u00e4sche: nicht vorhanden, kann gemietet werden<\/p>\n        <\/li>\r\n\r\n    \r\n        <li>\r\n            <i class=\"far fa-bed\"><\/i>\r\n            <p>Bettdecken und Kopfkissen: bereitgestellt<\/p>\n        <\/li>\r\n\r\n    \r\n        <li>\r\n            <i class=\"far fa-dog\"><\/i>\r\n            <p>nur ein Haustier\/Unterkunft, kostenpflichtig und unter bestimmten Bedingungen und mit Zustimmung des Campingplatzes erlaubt.<\/p>\n        <\/li>\r\n\r\n    \r\n<\/ul>\r\n\r\n\n\n\n<div class=\"wp-container-6a02a10b6369f wp-block-buttons\">\n<div class=\"wp-block-button btn_resa_92387\"><a class=\"wp-block-button__link\"><i class=\"far fa-search\"><\/i>  Buchen Sie schnell!<\/a><\/div>\n<\/div>\n<\/div>\n\n\n\n<div class=\"wp-block-column galerie_3\">\n<figure class=\"wp-block-gallery has-nested-images columns-2 is-cropped\">\n<figure class=\"wp-block-image size-large\"><img loading=\"lazy\" width=\"1920\" height=\"1281\" src=\"https:\/\/www.camping-kersentic.com\/wp-content\/uploads\/2022\/08\/chambre-2-coco-sweet.jpg\" alt=\"\" class=\"wp-image-692\" srcset=\"https:\/\/www.camping-kersentic.com\/wp-content\/uploads\/2022\/08\/chambre-2-coco-sweet.jpg 1920w, https:\/\/www.camping-kersentic.com\/wp-content\/uploads\/2022\/08\/chambre-2-coco-sweet-300x200.jpg 300w, https:\/\/www.camping-kersentic.com\/wp-content\/uploads\/2022\/08\/chambre-2-coco-sweet-1024x683.jpg 1024w, https:\/\/www.camping-kersentic.com\/wp-content\/uploads\/2022\/08\/chambre-2-coco-sweet-768x512.jpg 768w, https:\/\/www.camping-kersentic.com\/wp-content\/uploads\/2022\/08\/chambre-2-coco-sweet-1536x1025.jpg 1536w\" sizes=\"(max-width: 1920px) 100vw, 1920px\" \/><\/figure>\n\n\n\n<figure class=\"wp-block-image size-large\"><img loading=\"lazy\" width=\"1920\" height=\"1281\" src=\"https:\/\/www.camping-kersentic.com\/wp-content\/uploads\/2022\/08\/kersentic_chambre-coco-sweet.jpg\" alt=\"\" class=\"wp-image-654\" srcset=\"https:\/\/www.camping-kersentic.com\/wp-content\/uploads\/2022\/08\/kersentic_chambre-coco-sweet.jpg 1920w, https:\/\/www.camping-kersentic.com\/wp-content\/uploads\/2022\/08\/kersentic_chambre-coco-sweet-300x200.jpg 300w, https:\/\/www.camping-kersentic.com\/wp-content\/uploads\/2022\/08\/kersentic_chambre-coco-sweet-1024x683.jpg 1024w, https:\/\/www.camping-kersentic.com\/wp-content\/uploads\/2022\/08\/kersentic_chambre-coco-sweet-768x512.jpg 768w, https:\/\/www.camping-kersentic.com\/wp-content\/uploads\/2022\/08\/kersentic_chambre-coco-sweet-1536x1025.jpg 1536w\" sizes=\"(max-width: 1920px) 100vw, 1920px\" \/><\/figure>\n\n\n\n<figure class=\"wp-block-image size-large\"><img loading=\"lazy\" width=\"1503\" height=\"1920\" src=\"https:\/\/www.camping-kersentic.com\/wp-content\/uploads\/2022\/08\/kersentic_cuisine-coco-sweet.jpg\" alt=\"\" class=\"wp-image-695\" srcset=\"https:\/\/www.camping-kersentic.com\/wp-content\/uploads\/2022\/08\/kersentic_cuisine-coco-sweet.jpg 1503w, https:\/\/www.camping-kersentic.com\/wp-content\/uploads\/2022\/08\/kersentic_cuisine-coco-sweet-235x300.jpg 235w, https:\/\/www.camping-kersentic.com\/wp-content\/uploads\/2022\/08\/kersentic_cuisine-coco-sweet-802x1024.jpg 802w, https:\/\/www.camping-kersentic.com\/wp-content\/uploads\/2022\/08\/kersentic_cuisine-coco-sweet-768x981.jpg 768w, https:\/\/www.camping-kersentic.com\/wp-content\/uploads\/2022\/08\/kersentic_cuisine-coco-sweet-1202x1536.jpg 1202w\" sizes=\"(max-width: 1503px) 100vw, 1503px\" \/><\/figure>\n<\/figure>\n\n\n\n<div class=\"wp-container-6a02a10b63acb wp-block-buttons\">\n<div class=\"wp-block-button btn_galerie\"><a class=\"wp-block-button__link\" href=\"https:\/\/www.camping-kersentic.com\/de\/galerie-photos\/\"><i class=\"far fa-images\"><\/i>  Fotogalerie<\/a><\/div>\n<\/div>\n<\/div>\n<\/div>\n<\/div><\/section>\n\n\n\n<section class=\"wp-container-6a02a10b6515f wp-block-group\"><div class=\"wp-block-group__inner-container\">\n<div class=\"wp-block-columns is-not-stacked-on-mobile\">\n<div class=\"wp-block-column\">\n<section class=\"wp-container-6a02a10b64acf wp-block-group\"><div class=\"wp-block-group__inner-container\">\n<h2 class=\"has-text-align-center\" id=\"infos-pratiques\">Praktische Infos<\/h2>\n\n\n\n<div class=\"wp-block-group encart-information\"><div class=\"wp-block-group__inner-container\">\r\n<ul class=\"fc-blocks--picto col-2 gauche\">\r\n\r\n    \r\n        <li>\r\n            <i class=\"far fa-dog\"><\/i>\r\n            <p>Tiere: nicht akzeptiert<\/p>\n        <\/li>\r\n\r\n    \r\n        <li>\r\n            <i class=\"far fa-clock\"><\/i>\r\n            <p>Ankunft ab 16 Uhr &#8211; Abreise vor 10 Uhr<\/p>\n        <\/li>\r\n\r\n    \r\n        <li>\r\n            <i class=\"far fa-blanket\"><\/i>\r\n            <p class=\"text-center\">Einweg-Bettw\u00e4sche-Set: 12 \u20ac\/Bett Einweg-Baumwollset: 17 \u20ac\/Bett<\/p>\n        <\/li>\r\n\r\n    \r\n        <li>\r\n            <i class=\"far fa-shower\"><\/i>\r\n            <p>Verleih eines Handtuchsets f\u00fcr 8 \u20ac \/ Person<\/p>\n        <\/li>\r\n\r\n    \r\n        <li>\r\n            <i class=\"far fa-credit-card\"><\/i>\r\n            <p>Mietkaution: 500 \u20ac Haushaltskaution: 80 \u20ac.<\/p>\n        <\/li>\r\n\r\n    \r\n        <li>\r\n            <i class=\"far fa-circle-info\"><\/i>\r\n            <p>Unsere Preise beinhalten nicht :<br \/>\nKurtaxe, Bearbeitungsgeb\u00fchr (15 \u20ac), Besucher oder zus\u00e4tzliche Personen,<br \/>\ndas Wifi.<\/p>\n        <\/li>\r\n\r\n    \r\n<\/ul>\r\n\r\n<\/div><\/div>\n<\/div><\/section>\n<\/div>\n\n\n\n<div class=\"wp-block-column\"><ctv-availability data-product-id=\"92387\" data-background-color=\"#FFFFFFFF\" ><\/ctv-availability>\n\n\n\n<div class=\"wp-container-6a02a10b64e8c wp-block-buttons\">\n<div class=\"wp-block-button is-style-fill\"><a class=\"wp-block-button__link\" href=\"https:\/\/www.camping-kersentic.com\/de\/vermietungen\/\"><i class=\"far fa-search\"><\/i> Unsere anderen Unterk\u00fcnfte<\/a><\/div>\n<\/div>\n<\/div>\n<\/div>\n<\/div><\/section>\n","protected":false},"excerpt":{"rendered":"<p>Entscheiden Sie sich f\u00fcr Coco Sweet Mietunterk\u00fcnfte f\u00fcr Ihren Entspannungsurlaub Lust auf etwas Ungew\u00f6hnliches f\u00fcr 2 oder mehr N\u00e4chte? Ganz neu, ganz sch\u00f6n, ganz lustig: Verbringen Sie einen kuscheligen Moment in unseren neuen Coco Sweet. Verspielt geformt, aber mit isolierten W\u00e4nden, werden Sie sich drinnen und drau\u00dfen wie in einem kleinen Kuschelnest f\u00fchlen, wenn Sie [&hellip;]<\/p>\n","protected":false},"author":1,"featured_media":2387,"parent":4049,"menu_order":0,"comment_status":"closed","ping_status":"closed","template":"","meta":[],"acf":[],"yoast_head":"<!-- This site is optimized with the Yoast SEO plugin v19.9 - https:\/\/yoast.com\/wordpress\/plugins\/seo\/ -->\n<title>Coco Sweet - Camping de Kersentic<\/title>\n<meta name=\"robots\" content=\"index, follow, max-snippet:-1, max-image-preview:large, max-video-preview:-1\" \/>\n<link rel=\"canonical\" href=\"https:\/\/www.camping-kersentic.com\/de\/vermietungen\/ungewohnliche-unterkunfte\/coco-sweet\/\" \/>\n<meta property=\"og:locale\" content=\"de_DE\" \/>\n<meta property=\"og:type\" content=\"article\" \/>\n<meta property=\"og:title\" content=\"Coco Sweet - Camping de Kersentic\" \/>\n<meta property=\"og:description\" content=\"Entscheiden Sie sich f\u00fcr Coco Sweet Mietunterk\u00fcnfte f\u00fcr Ihren Entspannungsurlaub Lust auf etwas Ungew\u00f6hnliches f\u00fcr 2 oder mehr N\u00e4chte? Ganz neu, ganz sch\u00f6n, ganz lustig: Verbringen Sie einen kuscheligen Moment in unseren neuen Coco Sweet. Verspielt geformt, aber mit isolierten W\u00e4nden, werden Sie sich drinnen und drau\u00dfen wie in einem kleinen Kuschelnest f\u00fchlen, wenn Sie [&hellip;]\" \/>\n<meta property=\"og:url\" content=\"https:\/\/www.camping-kersentic.com\/de\/vermietungen\/ungewohnliche-unterkunfte\/coco-sweet\/\" \/>\n<meta property=\"og:site_name\" content=\"Camping de Kersentic\" \/>\n<meta property=\"article:publisher\" content=\"https:\/\/www.facebook.com\/campingdekersenticfouesnant\/\" \/>\n<meta property=\"article:modified_time\" content=\"2025-03-24T15:25:31+00:00\" \/>\n<meta property=\"og:image\" content=\"https:\/\/www.camping-kersentic.com\/wp-content\/uploads\/2022\/10\/mini_COCO-2CH-2.jpg\" \/>\n\t<meta property=\"og:image:width\" content=\"1150\" \/>\n\t<meta property=\"og:image:height\" content=\"768\" \/>\n\t<meta property=\"og:image:type\" content=\"image\/jpeg\" \/>\n<meta name=\"twitter:card\" content=\"summary_large_image\" \/>\n<meta name=\"twitter:label1\" content=\"Gesch\u00e4tzte Lesezeit\" \/>\n\t<meta name=\"twitter:data1\" content=\"1 Minute\" \/>\n<script type=\"application\/ld+json\" class=\"yoast-schema-graph\">{\"@context\":\"https:\/\/schema.org\",\"@graph\":[{\"@type\":\"WebPage\",\"@id\":\"https:\/\/www.camping-kersentic.com\/de\/vermietungen\/ungewohnliche-unterkunfte\/coco-sweet\/\",\"url\":\"https:\/\/www.camping-kersentic.com\/de\/vermietungen\/ungewohnliche-unterkunfte\/coco-sweet\/\",\"name\":\"Coco Sweet - Camping de Kersentic\",\"isPartOf\":{\"@id\":\"https:\/\/www.camping-kersentic.com\/#website\"},\"datePublished\":\"2022-12-14T16:25:28+00:00\",\"dateModified\":\"2025-03-24T15:25:31+00:00\",\"breadcrumb\":{\"@id\":\"https:\/\/www.camping-kersentic.com\/de\/vermietungen\/ungewohnliche-unterkunfte\/coco-sweet\/#breadcrumb\"},\"inLanguage\":\"de-DE\",\"potentialAction\":[{\"@type\":\"ReadAction\",\"target\":[\"https:\/\/www.camping-kersentic.com\/de\/vermietungen\/ungewohnliche-unterkunfte\/coco-sweet\/\"]}]},{\"@type\":\"BreadcrumbList\",\"@id\":\"https:\/\/www.camping-kersentic.com\/de\/vermietungen\/ungewohnliche-unterkunfte\/coco-sweet\/#breadcrumb\",\"itemListElement\":[{\"@type\":\"ListItem\",\"position\":1,\"name\":\"Home\",\"item\":\"https:\/\/www.camping-kersentic.com\/de\/\"},{\"@type\":\"ListItem\",\"position\":2,\"name\":\"Vermietungen\",\"item\":\"https:\/\/www.camping-kersentic.com\/de\/vermietungen\/\"},{\"@type\":\"ListItem\",\"position\":3,\"name\":\"Ungew\u00f6hnliche Unterk\u00fcnfte\",\"item\":\"https:\/\/www.camping-kersentic.com\/de\/vermietungen\/ungewohnliche-unterkunfte\/\"},{\"@type\":\"ListItem\",\"position\":4,\"name\":\"Coco Sweet\"}]},{\"@type\":\"WebSite\",\"@id\":\"https:\/\/www.camping-kersentic.com\/#website\",\"url\":\"https:\/\/www.camping-kersentic.com\/\",\"name\":\"Camping de Kersentic\",\"description\":\"Camping Fouesnant dans le Finist\u00e8re sud, locations de mobil-home, g\u00eetes, Coco Sweet, locations insolites, emplacements, piscine couverte et plage\",\"publisher\":{\"@id\":\"https:\/\/www.camping-kersentic.com\/#organization\"},\"potentialAction\":[{\"@type\":\"SearchAction\",\"target\":{\"@type\":\"EntryPoint\",\"urlTemplate\":\"https:\/\/www.camping-kersentic.com\/?s={search_term_string}\"},\"query-input\":\"required name=search_term_string\"}],\"inLanguage\":\"de-DE\"},{\"@type\":\"Organization\",\"@id\":\"https:\/\/www.camping-kersentic.com\/#organization\",\"name\":\"Camping de Kersentic\",\"url\":\"https:\/\/www.camping-kersentic.com\/\",\"logo\":{\"@type\":\"ImageObject\",\"inLanguage\":\"de-DE\",\"@id\":\"https:\/\/www.camping-kersentic.com\/#\/schema\/logo\/image\/\",\"url\":\"https:\/\/www.camping-kersentic.com\/wp-content\/uploads\/2025\/05\/LOGO2025_C.webp\",\"contentUrl\":\"https:\/\/www.camping-kersentic.com\/wp-content\/uploads\/2025\/05\/LOGO2025_C.webp\",\"width\":764,\"height\":325,\"caption\":\"Camping de Kersentic\"},\"image\":{\"@id\":\"https:\/\/www.camping-kersentic.com\/#\/schema\/logo\/image\/\"},\"sameAs\":[\"https:\/\/www.instagram.com\/campingdekersentic\/?hl=fr\",\"https:\/\/www.facebook.com\/campingdekersenticfouesnant\/\"]}]}<\/script>\n<!-- \/ Yoast SEO plugin. -->","yoast_head_json":{"title":"Coco Sweet - Camping de Kersentic","robots":{"index":"index","follow":"follow","max-snippet":"max-snippet:-1","max-image-preview":"max-image-preview:large","max-video-preview":"max-video-preview:-1"},"canonical":"https:\/\/www.camping-kersentic.com\/de\/vermietungen\/ungewohnliche-unterkunfte\/coco-sweet\/","og_locale":"de_DE","og_type":"article","og_title":"Coco Sweet - Camping de Kersentic","og_description":"Entscheiden Sie sich f\u00fcr Coco Sweet Mietunterk\u00fcnfte f\u00fcr Ihren Entspannungsurlaub Lust auf etwas Ungew\u00f6hnliches f\u00fcr 2 oder mehr N\u00e4chte? Ganz neu, ganz sch\u00f6n, ganz lustig: Verbringen Sie einen kuscheligen Moment in unseren neuen Coco Sweet. Verspielt geformt, aber mit isolierten W\u00e4nden, werden Sie sich drinnen und drau\u00dfen wie in einem kleinen Kuschelnest f\u00fchlen, wenn Sie [&hellip;]","og_url":"https:\/\/www.camping-kersentic.com\/de\/vermietungen\/ungewohnliche-unterkunfte\/coco-sweet\/","og_site_name":"Camping de Kersentic","article_publisher":"https:\/\/www.facebook.com\/campingdekersenticfouesnant\/","article_modified_time":"2025-03-24T15:25:31+00:00","og_image":[{"width":1150,"height":768,"url":"https:\/\/www.camping-kersentic.com\/wp-content\/uploads\/2022\/10\/mini_COCO-2CH-2.jpg","type":"image\/jpeg"}],"twitter_card":"summary_large_image","twitter_misc":{"Gesch\u00e4tzte Lesezeit":"1 Minute"},"schema":{"@context":"https:\/\/schema.org","@graph":[{"@type":"WebPage","@id":"https:\/\/www.camping-kersentic.com\/de\/vermietungen\/ungewohnliche-unterkunfte\/coco-sweet\/","url":"https:\/\/www.camping-kersentic.com\/de\/vermietungen\/ungewohnliche-unterkunfte\/coco-sweet\/","name":"Coco Sweet - Camping de Kersentic","isPartOf":{"@id":"https:\/\/www.camping-kersentic.com\/#website"},"datePublished":"2022-12-14T16:25:28+00:00","dateModified":"2025-03-24T15:25:31+00:00","breadcrumb":{"@id":"https:\/\/www.camping-kersentic.com\/de\/vermietungen\/ungewohnliche-unterkunfte\/coco-sweet\/#breadcrumb"},"inLanguage":"de-DE","potentialAction":[{"@type":"ReadAction","target":["https:\/\/www.camping-kersentic.com\/de\/vermietungen\/ungewohnliche-unterkunfte\/coco-sweet\/"]}]},{"@type":"BreadcrumbList","@id":"https:\/\/www.camping-kersentic.com\/de\/vermietungen\/ungewohnliche-unterkunfte\/coco-sweet\/#breadcrumb","itemListElement":[{"@type":"ListItem","position":1,"name":"Home","item":"https:\/\/www.camping-kersentic.com\/de\/"},{"@type":"ListItem","position":2,"name":"Vermietungen","item":"https:\/\/www.camping-kersentic.com\/de\/vermietungen\/"},{"@type":"ListItem","position":3,"name":"Ungew\u00f6hnliche Unterk\u00fcnfte","item":"https:\/\/www.camping-kersentic.com\/de\/vermietungen\/ungewohnliche-unterkunfte\/"},{"@type":"ListItem","position":4,"name":"Coco Sweet"}]},{"@type":"WebSite","@id":"https:\/\/www.camping-kersentic.com\/#website","url":"https:\/\/www.camping-kersentic.com\/","name":"Camping de Kersentic","description":"Camping Fouesnant dans le Finist\u00e8re sud, locations de mobil-home, g\u00eetes, Coco Sweet, locations insolites, emplacements, piscine couverte et plage","publisher":{"@id":"https:\/\/www.camping-kersentic.com\/#organization"},"potentialAction":[{"@type":"SearchAction","target":{"@type":"EntryPoint","urlTemplate":"https:\/\/www.camping-kersentic.com\/?s={search_term_string}"},"query-input":"required name=search_term_string"}],"inLanguage":"de-DE"},{"@type":"Organization","@id":"https:\/\/www.camping-kersentic.com\/#organization","name":"Camping de Kersentic","url":"https:\/\/www.camping-kersentic.com\/","logo":{"@type":"ImageObject","inLanguage":"de-DE","@id":"https:\/\/www.camping-kersentic.com\/#\/schema\/logo\/image\/","url":"https:\/\/www.camping-kersentic.com\/wp-content\/uploads\/2025\/05\/LOGO2025_C.webp","contentUrl":"https:\/\/www.camping-kersentic.com\/wp-content\/uploads\/2025\/05\/LOGO2025_C.webp","width":764,"height":325,"caption":"Camping de Kersentic"},"image":{"@id":"https:\/\/www.camping-kersentic.com\/#\/schema\/logo\/image\/"},"sameAs":["https:\/\/www.instagram.com\/campingdekersentic\/?hl=fr","https:\/\/www.facebook.com\/campingdekersenticfouesnant\/"]}]}},"_links":{"self":[{"href":"https:\/\/www.camping-kersentic.com\/de\/wp-json\/wp\/v2\/pages\/4051"}],"collection":[{"href":"https:\/\/www.camping-kersentic.com\/de\/wp-json\/wp\/v2\/pages"}],"about":[{"href":"https:\/\/www.camping-kersentic.com\/de\/wp-json\/wp\/v2\/types\/page"}],"author":[{"embeddable":true,"href":"https:\/\/www.camping-kersentic.com\/de\/wp-json\/wp\/v2\/users\/1"}],"replies":[{"embeddable":true,"href":"https:\/\/www.camping-kersentic.com\/de\/wp-json\/wp\/v2\/comments?post=4051"}],"version-history":[{"count":4,"href":"https:\/\/www.camping-kersentic.com\/de\/wp-json\/wp\/v2\/pages\/4051\/revisions"}],"predecessor-version":[{"id":7199,"href":"https:\/\/www.camping-kersentic.com\/de\/wp-json\/wp\/v2\/pages\/4051\/revisions\/7199"}],"up":[{"embeddable":true,"href":"https:\/\/www.camping-kersentic.com\/de\/wp-json\/wp\/v2\/pages\/4049"}],"wp:featuredmedia":[{"embeddable":true,"href":"https:\/\/www.camping-kersentic.com\/de\/wp-json\/wp\/v2\/media\/2387"}],"wp:attachment":[{"href":"https:\/\/www.camping-kersentic.com\/de\/wp-json\/wp\/v2\/media?parent=4051"}],"curies":[{"name":"wp","href":"https:\/\/api.w.org\/{rel}","templated":true}]}}