{"id":4057,"date":"2022-12-14T17:26:48","date_gmt":"2022-12-14T16:26:48","guid":{"rendered":"https:\/\/www.camping-kersentic.com\/vermietungen\/mobilheime\/cocooning\/"},"modified":"2025-03-26T09:25:31","modified_gmt":"2025-03-26T08:25:31","slug":"cocooning","status":"publish","type":"page","link":"https:\/\/www.camping-kersentic.com\/de\/vermietungen\/mobilheime\/cocooning\/","title":{"rendered":"C\u00f4t\u00e9 jardin"},"content":{"rendered":"\n<figure class=\"wp-block-image alignfull size-large\"><img loading=\"lazy\" width=\"1024\" height=\"576\" src=\"https:\/\/www.camping-kersentic.com\/wp-content\/uploads\/2025\/03\/DJI_0076-1024x576.jpg\" alt=\"\" class=\"wp-image-6422\" srcset=\"https:\/\/www.camping-kersentic.com\/wp-content\/uploads\/2025\/03\/DJI_0076-1024x576.jpg 1024w, https:\/\/www.camping-kersentic.com\/wp-content\/uploads\/2025\/03\/DJI_0076-300x169.jpg 300w, https:\/\/www.camping-kersentic.com\/wp-content\/uploads\/2025\/03\/DJI_0076-768x432.jpg 768w, https:\/\/www.camping-kersentic.com\/wp-content\/uploads\/2025\/03\/DJI_0076-1536x864.jpg 1536w, https:\/\/www.camping-kersentic.com\/wp-content\/uploads\/2025\/03\/DJI_0076-2048x1152.jpg 2048w, https:\/\/www.camping-kersentic.com\/wp-content\/uploads\/2025\/03\/DJI_0076-1920x1080.jpg 1920w\" sizes=\"(max-width: 1024px) 100vw, 1024px\" \/><\/figure>\n\n<section class=\"wp-container-69e01b3dd31d1 wp-block-group alignfull deco--vague has-jaune-clair-background-color has-background\"><div class=\"wp-block-group__inner-container\">\n<div class=\"wp-block-columns\">\n<div class=\"wp-block-column\" style=\"flex-basis:37%\">\n<h1 id=\"optez-pour-le-coco-sweet\">Mobilheim mit Jacuzzi in Fouesnant, C\u00f4t\u00e9 Jardin<\/h1>\n\n\n\n<p>Sehnten Sie sich nach Privatsph\u00e4re? Unser neues <strong>Mobilheim &#8222;c\u00f4t\u00e9 jardin&#8220; in Fouesnant<\/strong> empf\u00e4ngt Sie, damit Sie einen &#8222;Cocooning&#8220;-Aufenthalt verbringen k\u00f6nnen.<\/p>\n\n\n\n<p>Sobald Sie die Eingangst\u00fcr passiert haben, geh\u00f6rt Ihnen die Weite unserer sch\u00f6nen Parzellen, auf denen Sie sich in aller Ruhe niederlassen k\u00f6nnen, indem Sie die &#8222;Lounge&#8220;-Terrasse mit Liegest\u00fchlen und Entspannungsecke f\u00fcr einen entspannten Urlaub nutzen. Z\u00f6gern Sie nicht, auch alle anderen <a href=\"https:\/\/www.camping-kersentic.com\/locations\/location-fouesnant\/\">Mobilheimserien auf unserem Campingplatz in Fouesnant zu entdecken<\/a>.<\/p>\n\n\n\n<p>Nichts tun und sich entspannen<\/p>\n\n\n\r\n<ul class=\"fc-blocks--picto col-1 gauche\">\r\n\r\n    \r\n        <li>\r\n            <i class=\"far fa-bed-front\"><\/i>\r\n            <p>Gartenseite 2ch: 1 Bett 160&#215;200, 2 Betten 80&#215;90<br \/>\nGartenseite 3ch: 1 Bett 160&#215;200, 4 Betten 80&#215;90<\/p>\n        <\/li>\r\n\r\n    \r\n        <li>\r\n            <i class=\"far fa-utensils\"><\/i>\r\n            <p>K\u00fchlschrank mit Gefrierfach, Kaffeemaschine, Wasserkocher, Mikrowelle, Geschirr, Geschirrsp\u00fcler<\/p>\n        <\/li>\r\n\r\n    \r\n        <li>\r\n            <i class=\"far fa-umbrella-beach\"><\/i>\r\n            <p>Solarium mit Chiliennes, Entspannungsbereich, Gartenm\u00f6bel<\/p>\n        <\/li>\r\n\r\n    \r\n        <li>\r\n            <i class=\"far fa-bed\"><\/i>\r\n            <p>Bettdecken und Kopfkissen werden gestellt<br \/>\nBettw\u00e4sche und Handtuchsets werden nicht gestellt (kann gemietet werden)<\/p>\n        <\/li>\r\n\r\n    \r\n        <li>\r\n            <i class=\"far fa-dog\"><\/i>\r\n            <p>Haustiere nicht erlaubt<\/p>\n        <\/li>\r\n\r\n    \r\n        <li>\r\n            <i class=\"far fa-tv\"><\/i>\r\n            <p>TV inbegriffen<\/p>\n        <\/li>\r\n\r\n    \r\n<\/ul>\r\n\r\n<\/div>\n\n\n\n<div class=\"wp-block-column galerie_3\">\n<figure class=\"wp-block-gallery has-nested-images columns-default is-cropped\">\n<figure class=\"wp-block-image size-large\"><img loading=\"lazy\" width=\"1920\" height=\"2560\" src=\"https:\/\/www.camping-kersentic.com\/wp-content\/uploads\/2023\/11\/IMG_6847.jpg\" alt=\"\" class=\"wp-image-5031\" srcset=\"https:\/\/www.camping-kersentic.com\/wp-content\/uploads\/2023\/11\/IMG_6847.jpg 1920w, https:\/\/www.camping-kersentic.com\/wp-content\/uploads\/2023\/11\/IMG_6847-225x300.jpg 225w, https:\/\/www.camping-kersentic.com\/wp-content\/uploads\/2023\/11\/IMG_6847-768x1024.jpg 768w, https:\/\/www.camping-kersentic.com\/wp-content\/uploads\/2023\/11\/IMG_6847-1152x1536.jpg 1152w, https:\/\/www.camping-kersentic.com\/wp-content\/uploads\/2023\/11\/IMG_6847-1536x2048.jpg 1536w\" sizes=\"(max-width: 1920px) 100vw, 1920px\" \/><\/figure>\n\n\n\n<figure class=\"wp-block-image size-large\"><img loading=\"lazy\" width=\"768\" height=\"1024\" src=\"https:\/\/www.camping-kersentic.com\/wp-content\/uploads\/2023\/11\/E5D67E6C-DD60-40E2-A410-441C2FF9F184_1_105_c.jpg\" alt=\"\" class=\"wp-image-5025\" srcset=\"https:\/\/www.camping-kersentic.com\/wp-content\/uploads\/2023\/11\/E5D67E6C-DD60-40E2-A410-441C2FF9F184_1_105_c.jpg 768w, https:\/\/www.camping-kersentic.com\/wp-content\/uploads\/2023\/11\/E5D67E6C-DD60-40E2-A410-441C2FF9F184_1_105_c-225x300.jpg 225w\" sizes=\"(max-width: 768px) 100vw, 768px\" \/><\/figure>\n\n\n\n<figure class=\"wp-block-image size-large\"><img loading=\"lazy\" width=\"1920\" height=\"1080\" src=\"https:\/\/www.camping-kersentic.com\/wp-content\/uploads\/2023\/11\/Sejour-Zen-Jacuzzi-prive-Camping-Kersentic-Finistere.jpg\" alt=\"\" class=\"wp-image-5022\" srcset=\"https:\/\/www.camping-kersentic.com\/wp-content\/uploads\/2023\/11\/Sejour-Zen-Jacuzzi-prive-Camping-Kersentic-Finistere.jpg 1920w, https:\/\/www.camping-kersentic.com\/wp-content\/uploads\/2023\/11\/Sejour-Zen-Jacuzzi-prive-Camping-Kersentic-Finistere-300x169.jpg 300w, https:\/\/www.camping-kersentic.com\/wp-content\/uploads\/2023\/11\/Sejour-Zen-Jacuzzi-prive-Camping-Kersentic-Finistere-1024x576.jpg 1024w, https:\/\/www.camping-kersentic.com\/wp-content\/uploads\/2023\/11\/Sejour-Zen-Jacuzzi-prive-Camping-Kersentic-Finistere-768x432.jpg 768w, https:\/\/www.camping-kersentic.com\/wp-content\/uploads\/2023\/11\/Sejour-Zen-Jacuzzi-prive-Camping-Kersentic-Finistere-1536x864.jpg 1536w\" sizes=\"(max-width: 1920px) 100vw, 1920px\" \/><\/figure>\n<\/figure>\n\n\n\n<div class=\"wp-container-69e01b3dd2ebe wp-block-buttons\">\n<div class=\"wp-block-button btn_resa_110467\"><a class=\"wp-block-button__link\"><i class=\"far fa-search\"><\/i> Buchen Sie ein C\u00f4t\u00e9 Jardin 2 Zimmer ohne Jacuzzi<\/a><\/div>\n\n\n\n<div class=\"wp-block-button btn_resa_110469\"><a class=\"wp-block-button__link\"><i class=\"far fa-search\"><\/i>  Buchen Sie ein C\u00f4t\u00e9 Jardin 3 Zimmer ohne Jacuzzi<\/a><\/div>\n\n\n\n<div class=\"wp-block-button btn_resa_110465\"><a class=\"wp-block-button__link\"><i class=\"far fa-search\"><\/i> Buchen Sie ein C\u00f4t\u00e9 Jardin 2 Zimmer Mit Jacuzzi<\/a><\/div>\n\n\n\n<div class=\"wp-block-button btn_resa_110466\"><a class=\"wp-block-button__link\"><i class=\"far fa-search\"><\/i> Buchen Sie ein C\u00f4t\u00e9 Jardin 3 Zimmer Mit Jacuzzi<\/a><\/div>\n<\/div>\n<\/div>\n<\/div>\n<\/div><\/section>\n\n<section class=\"wp-container-69e01b3dd3f3f wp-block-group\"><div class=\"wp-block-group__inner-container\">\n<div class=\"wp-block-columns\">\n<div class=\"wp-block-column\">\n<h3 id=\"cocooning-2-chambres\">C\u00f4t\u00e9 Jardin 2 Zimmer ohne Jacuzzi<\/h3>\n\n\n<ctv-availability data-product-id=\"110467\" data-background-color=\"#FFFFFFFF\" ><\/ctv-availability>\n<\/div>\n\n\n\n<div class=\"wp-block-column\">\n<h3 id=\"cocooning-3-chambres-1\">C\u00f4t\u00e9 Jardin 3 Zimmer ohne Jacuzzi<\/h3>\n\n\n<ctv-availability data-product-id=\"110469\" data-background-color=\"#FFFFFFFF\" ><\/ctv-availability>\n<\/div>\n<\/div>\n\n\n\n<div class=\"wp-block-columns\">\n<div class=\"wp-block-column\">\n<h3 id=\"cocooning-3-chambres-1\">C\u00f4t\u00e9 Jardin Mit Jacuzzi 2 Zimmer<\/h3>\n\n\n<ctv-availability data-product-id=\"110465\" data-background-color=\"#FFFFFFFF\" ><\/ctv-availability>\n<\/div>\n\n\n\n<div class=\"wp-block-column\">\n<h3 id=\"cocooning-3-chambres-1\"> C\u00f4t\u00e9 Jardin Mit Jacuzzi 3 Zimmer<\/h3>\n\n\n<ctv-availability data-product-id=\"110466\" data-background-color=\"#FFFFFFFF\" ><\/ctv-availability>\n<\/div>\n<\/div>\n\n\n\n<div class=\"wp-container-69e01b3dd36cf wp-block-buttons\">\n<div class=\"wp-block-button is-style-fill\"><a class=\"wp-block-button__link\" href=\"https:\/\/www.camping-kersentic.com\/de\/vermietungen\/\"><i class=\"far fa-search\"><\/i> Unsere anderen Unterk\u00fcnfte<\/a><\/div>\n<\/div>\n\n\n\n<h2 class=\"has-text-align-center\" id=\"infos-pratiques\">Praktische Infos<\/h2>\n\n\n\n<div class=\"wp-block-group encart-information\"><div class=\"wp-block-group__inner-container\">\r\n<ul class=\"fc-blocks--picto col-2 gauche\">\r\n\r\n    \r\n        <li>\r\n            <i class=\"far fa-dog\"><\/i>\r\n            <p>Haustiere nicht erlaubt  <\/p>\n        <\/li>\r\n\r\n    \r\n        <li>\r\n            <i class=\"far fa-clock\"><\/i>\r\n            <p>Ankunft ab 16 Uhr &#8211; Abreise vor 10 Uhr<\/p>\n        <\/li>\r\n\r\n    \r\n        <li>\r\n            <i class=\"far fa-blanket\"><\/i>\r\n            <p class=\"text-center\">Set Baumwolllaken: 17 \u20ac\/Bett<\/p>\n        <\/li>\r\n\r\n    \r\n        <li>\r\n            <i class=\"far fa-shower\"><\/i>\r\n            <p>Verleih eines Handtuchsets f\u00fcr 8 \u20ac \/ Person<\/p>\n        <\/li>\r\n\r\n    \r\n        <li>\r\n            <i class=\"far fa-credit-card\"><\/i>\r\n            <p>Mietkaution:<br \/>\nGartenseite ohne Jacuzzi 600 \u20ac<br \/>\nGartenseite mit Jacuzzi 900 \u20ac.<\/p>\n        <\/li>\r\n\r\n    \r\n        <li>\r\n            <i class=\"far fa-circle-info\"><\/i>\r\n            <p>Unsere Preise beinhalten nicht :<br \/>\nKurtaxe, Bearbeitungsgeb\u00fchr (15 \u20ac),<br \/>\nzus\u00e4tzliche Besucher oder Personen,<br \/>\ndas Wifi.<\/p>\n        <\/li>\r\n\r\n    \r\n<\/ul>\r\n\r\n<\/div><\/div>\n<\/div><\/section>\n","protected":false},"excerpt":{"rendered":"<p>Mobilheim mit Jacuzzi in Fouesnant, C\u00f4t\u00e9 Jardin Sehnten Sie sich nach Privatsph\u00e4re? Unser neues Mobilheim &#8222;c\u00f4t\u00e9 jardin&#8220; in Fouesnant empf\u00e4ngt Sie, damit Sie einen &#8222;Cocooning&#8220;-Aufenthalt verbringen k\u00f6nnen. Sobald Sie die Eingangst\u00fcr passiert haben, geh\u00f6rt Ihnen die Weite unserer sch\u00f6nen Parzellen, auf denen Sie sich in aller Ruhe niederlassen k\u00f6nnen, indem Sie die &#8222;Lounge&#8220;-Terrasse mit Liegest\u00fchlen [&hellip;]<\/p>\n","protected":false},"author":1,"featured_media":734,"parent":3775,"menu_order":0,"comment_status":"closed","ping_status":"closed","template":"","meta":[],"acf":[],"yoast_head":"<!-- This site is optimized with the Yoast SEO plugin v19.9 - https:\/\/yoast.com\/wordpress\/plugins\/seo\/ -->\n<title>C\u00f4t\u00e9 jardin - Camping de Kersentic<\/title>\n<meta name=\"robots\" content=\"index, follow, max-snippet:-1, max-image-preview:large, max-video-preview:-1\" \/>\n<link rel=\"canonical\" href=\"https:\/\/www.camping-kersentic.com\/de\/vermietungen\/mobilheime\/cocooning\/\" \/>\n<meta property=\"og:locale\" content=\"de_DE\" \/>\n<meta property=\"og:type\" content=\"article\" \/>\n<meta property=\"og:title\" content=\"C\u00f4t\u00e9 jardin - Camping de Kersentic\" \/>\n<meta property=\"og:description\" content=\"Mobilheim mit Jacuzzi in Fouesnant, C\u00f4t\u00e9 Jardin Sehnten Sie sich nach Privatsph\u00e4re? Unser neues Mobilheim &#8222;c\u00f4t\u00e9 jardin&#8220; in Fouesnant empf\u00e4ngt Sie, damit Sie einen &#8222;Cocooning&#8220;-Aufenthalt verbringen k\u00f6nnen. Sobald Sie die Eingangst\u00fcr passiert haben, geh\u00f6rt Ihnen die Weite unserer sch\u00f6nen Parzellen, auf denen Sie sich in aller Ruhe niederlassen k\u00f6nnen, indem Sie die &#8222;Lounge&#8220;-Terrasse mit Liegest\u00fchlen [&hellip;]\" \/>\n<meta property=\"og:url\" content=\"https:\/\/www.camping-kersentic.com\/de\/vermietungen\/mobilheime\/cocooning\/\" \/>\n<meta property=\"og:site_name\" content=\"Camping de Kersentic\" \/>\n<meta property=\"article:publisher\" content=\"https:\/\/www.facebook.com\/campingdekersenticfouesnant\/\" \/>\n<meta property=\"article:modified_time\" content=\"2025-03-26T08:25:31+00:00\" \/>\n<meta property=\"og:image\" content=\"https:\/\/www.camping-kersentic.com\/wp-content\/uploads\/2022\/08\/salon.jpg\" \/>\n\t<meta property=\"og:image:width\" content=\"1265\" \/>\n\t<meta property=\"og:image:height\" content=\"967\" \/>\n\t<meta property=\"og:image:type\" content=\"image\/jpeg\" \/>\n<meta name=\"twitter:card\" content=\"summary_large_image\" \/>\n<meta name=\"twitter:label1\" content=\"Est. reading time\" \/>\n\t<meta name=\"twitter:data1\" content=\"1 Minute\" \/>\n<script type=\"application\/ld+json\" class=\"yoast-schema-graph\">{\"@context\":\"https:\/\/schema.org\",\"@graph\":[{\"@type\":\"WebPage\",\"@id\":\"https:\/\/www.camping-kersentic.com\/de\/vermietungen\/mobilheime\/cocooning\/\",\"url\":\"https:\/\/www.camping-kersentic.com\/de\/vermietungen\/mobilheime\/cocooning\/\",\"name\":\"C\u00f4t\u00e9 jardin - Camping de Kersentic\",\"isPartOf\":{\"@id\":\"https:\/\/www.camping-kersentic.com\/#website\"},\"datePublished\":\"2022-12-14T16:26:48+00:00\",\"dateModified\":\"2025-03-26T08:25:31+00:00\",\"breadcrumb\":{\"@id\":\"https:\/\/www.camping-kersentic.com\/de\/vermietungen\/mobilheime\/cocooning\/#breadcrumb\"},\"inLanguage\":\"de-DE\",\"potentialAction\":[{\"@type\":\"ReadAction\",\"target\":[\"https:\/\/www.camping-kersentic.com\/de\/vermietungen\/mobilheime\/cocooning\/\"]}]},{\"@type\":\"BreadcrumbList\",\"@id\":\"https:\/\/www.camping-kersentic.com\/de\/vermietungen\/mobilheime\/cocooning\/#breadcrumb\",\"itemListElement\":[{\"@type\":\"ListItem\",\"position\":1,\"name\":\"Home\",\"item\":\"https:\/\/www.camping-kersentic.com\/de\/\"},{\"@type\":\"ListItem\",\"position\":2,\"name\":\"Vermietungen\",\"item\":\"https:\/\/www.camping-kersentic.com\/de\/vermietungen\/\"},{\"@type\":\"ListItem\",\"position\":3,\"name\":\"Mobilheime\",\"item\":\"https:\/\/www.camping-kersentic.com\/de\/vermietungen\/mobilheime\/\"},{\"@type\":\"ListItem\",\"position\":4,\"name\":\"C\u00f4t\u00e9 jardin\"}]},{\"@type\":\"WebSite\",\"@id\":\"https:\/\/www.camping-kersentic.com\/#website\",\"url\":\"https:\/\/www.camping-kersentic.com\/\",\"name\":\"Camping de Kersentic\",\"description\":\"Camping Fouesnant dans le Finist\u00e8re sud, locations de mobil-home, g\u00eetes, Coco Sweet, locations insolites, emplacements, piscine couverte et plage\",\"publisher\":{\"@id\":\"https:\/\/www.camping-kersentic.com\/#organization\"},\"potentialAction\":[{\"@type\":\"SearchAction\",\"target\":{\"@type\":\"EntryPoint\",\"urlTemplate\":\"https:\/\/www.camping-kersentic.com\/?s={search_term_string}\"},\"query-input\":\"required name=search_term_string\"}],\"inLanguage\":\"de-DE\"},{\"@type\":\"Organization\",\"@id\":\"https:\/\/www.camping-kersentic.com\/#organization\",\"name\":\"Camping de Kersentic\",\"url\":\"https:\/\/www.camping-kersentic.com\/\",\"logo\":{\"@type\":\"ImageObject\",\"inLanguage\":\"de-DE\",\"@id\":\"https:\/\/www.camping-kersentic.com\/#\/schema\/logo\/image\/\",\"url\":\"https:\/\/www.camping-kersentic.com\/wp-content\/uploads\/2025\/05\/LOGO2025_C.webp\",\"contentUrl\":\"https:\/\/www.camping-kersentic.com\/wp-content\/uploads\/2025\/05\/LOGO2025_C.webp\",\"width\":764,\"height\":325,\"caption\":\"Camping de Kersentic\"},\"image\":{\"@id\":\"https:\/\/www.camping-kersentic.com\/#\/schema\/logo\/image\/\"},\"sameAs\":[\"https:\/\/www.instagram.com\/campingdekersentic\/?hl=fr\",\"https:\/\/www.facebook.com\/campingdekersenticfouesnant\/\"]}]}<\/script>\n<!-- \/ Yoast SEO plugin. -->","yoast_head_json":{"title":"C\u00f4t\u00e9 jardin - Camping de Kersentic","robots":{"index":"index","follow":"follow","max-snippet":"max-snippet:-1","max-image-preview":"max-image-preview:large","max-video-preview":"max-video-preview:-1"},"canonical":"https:\/\/www.camping-kersentic.com\/de\/vermietungen\/mobilheime\/cocooning\/","og_locale":"de_DE","og_type":"article","og_title":"C\u00f4t\u00e9 jardin - Camping de Kersentic","og_description":"Mobilheim mit Jacuzzi in Fouesnant, C\u00f4t\u00e9 Jardin Sehnten Sie sich nach Privatsph\u00e4re? Unser neues Mobilheim &#8222;c\u00f4t\u00e9 jardin&#8220; in Fouesnant empf\u00e4ngt Sie, damit Sie einen &#8222;Cocooning&#8220;-Aufenthalt verbringen k\u00f6nnen. Sobald Sie die Eingangst\u00fcr passiert haben, geh\u00f6rt Ihnen die Weite unserer sch\u00f6nen Parzellen, auf denen Sie sich in aller Ruhe niederlassen k\u00f6nnen, indem Sie die &#8222;Lounge&#8220;-Terrasse mit Liegest\u00fchlen [&hellip;]","og_url":"https:\/\/www.camping-kersentic.com\/de\/vermietungen\/mobilheime\/cocooning\/","og_site_name":"Camping de Kersentic","article_publisher":"https:\/\/www.facebook.com\/campingdekersenticfouesnant\/","article_modified_time":"2025-03-26T08:25:31+00:00","og_image":[{"width":1265,"height":967,"url":"https:\/\/www.camping-kersentic.com\/wp-content\/uploads\/2022\/08\/salon.jpg","type":"image\/jpeg"}],"twitter_card":"summary_large_image","twitter_misc":{"Est. reading time":"1 Minute"},"schema":{"@context":"https:\/\/schema.org","@graph":[{"@type":"WebPage","@id":"https:\/\/www.camping-kersentic.com\/de\/vermietungen\/mobilheime\/cocooning\/","url":"https:\/\/www.camping-kersentic.com\/de\/vermietungen\/mobilheime\/cocooning\/","name":"C\u00f4t\u00e9 jardin - Camping de Kersentic","isPartOf":{"@id":"https:\/\/www.camping-kersentic.com\/#website"},"datePublished":"2022-12-14T16:26:48+00:00","dateModified":"2025-03-26T08:25:31+00:00","breadcrumb":{"@id":"https:\/\/www.camping-kersentic.com\/de\/vermietungen\/mobilheime\/cocooning\/#breadcrumb"},"inLanguage":"de-DE","potentialAction":[{"@type":"ReadAction","target":["https:\/\/www.camping-kersentic.com\/de\/vermietungen\/mobilheime\/cocooning\/"]}]},{"@type":"BreadcrumbList","@id":"https:\/\/www.camping-kersentic.com\/de\/vermietungen\/mobilheime\/cocooning\/#breadcrumb","itemListElement":[{"@type":"ListItem","position":1,"name":"Home","item":"https:\/\/www.camping-kersentic.com\/de\/"},{"@type":"ListItem","position":2,"name":"Vermietungen","item":"https:\/\/www.camping-kersentic.com\/de\/vermietungen\/"},{"@type":"ListItem","position":3,"name":"Mobilheime","item":"https:\/\/www.camping-kersentic.com\/de\/vermietungen\/mobilheime\/"},{"@type":"ListItem","position":4,"name":"C\u00f4t\u00e9 jardin"}]},{"@type":"WebSite","@id":"https:\/\/www.camping-kersentic.com\/#website","url":"https:\/\/www.camping-kersentic.com\/","name":"Camping de Kersentic","description":"Camping Fouesnant dans le Finist\u00e8re sud, locations de mobil-home, g\u00eetes, Coco Sweet, locations insolites, emplacements, piscine couverte et plage","publisher":{"@id":"https:\/\/www.camping-kersentic.com\/#organization"},"potentialAction":[{"@type":"SearchAction","target":{"@type":"EntryPoint","urlTemplate":"https:\/\/www.camping-kersentic.com\/?s={search_term_string}"},"query-input":"required name=search_term_string"}],"inLanguage":"de-DE"},{"@type":"Organization","@id":"https:\/\/www.camping-kersentic.com\/#organization","name":"Camping de Kersentic","url":"https:\/\/www.camping-kersentic.com\/","logo":{"@type":"ImageObject","inLanguage":"de-DE","@id":"https:\/\/www.camping-kersentic.com\/#\/schema\/logo\/image\/","url":"https:\/\/www.camping-kersentic.com\/wp-content\/uploads\/2025\/05\/LOGO2025_C.webp","contentUrl":"https:\/\/www.camping-kersentic.com\/wp-content\/uploads\/2025\/05\/LOGO2025_C.webp","width":764,"height":325,"caption":"Camping de Kersentic"},"image":{"@id":"https:\/\/www.camping-kersentic.com\/#\/schema\/logo\/image\/"},"sameAs":["https:\/\/www.instagram.com\/campingdekersentic\/?hl=fr","https:\/\/www.facebook.com\/campingdekersenticfouesnant\/"]}]}},"_links":{"self":[{"href":"https:\/\/www.camping-kersentic.com\/de\/wp-json\/wp\/v2\/pages\/4057"}],"collection":[{"href":"https:\/\/www.camping-kersentic.com\/de\/wp-json\/wp\/v2\/pages"}],"about":[{"href":"https:\/\/www.camping-kersentic.com\/de\/wp-json\/wp\/v2\/types\/page"}],"author":[{"embeddable":true,"href":"https:\/\/www.camping-kersentic.com\/de\/wp-json\/wp\/v2\/users\/1"}],"replies":[{"embeddable":true,"href":"https:\/\/www.camping-kersentic.com\/de\/wp-json\/wp\/v2\/comments?post=4057"}],"version-history":[{"count":5,"href":"https:\/\/www.camping-kersentic.com\/de\/wp-json\/wp\/v2\/pages\/4057\/revisions"}],"predecessor-version":[{"id":7229,"href":"https:\/\/www.camping-kersentic.com\/de\/wp-json\/wp\/v2\/pages\/4057\/revisions\/7229"}],"up":[{"embeddable":true,"href":"https:\/\/www.camping-kersentic.com\/de\/wp-json\/wp\/v2\/pages\/3775"}],"wp:featuredmedia":[{"embeddable":true,"href":"https:\/\/www.camping-kersentic.com\/de\/wp-json\/wp\/v2\/media\/734"}],"wp:attachment":[{"href":"https:\/\/www.camping-kersentic.com\/de\/wp-json\/wp\/v2\/media?parent=4057"}],"curies":[{"name":"wp","href":"https:\/\/api.w.org\/{rel}","templated":true}]}}