{"id":6058,"date":"2024-12-04T14:04:39","date_gmt":"2024-12-04T13:04:39","guid":{"rendered":"https:\/\/www.camping-kersentic.com\/geschenkgutscheine\/"},"modified":"2025-03-24T15:12:40","modified_gmt":"2025-03-24T14:12:40","slug":"geschenkgutscheine","status":"publish","type":"page","link":"https:\/\/www.camping-kersentic.com\/de\/geschenkgutscheine\/","title":{"rendered":"Geschenkgutscheine"},"content":{"rendered":"\n<figure class=\"wp-block-image alignfull size-full\"><img loading=\"lazy\" width=\"1920\" height=\"823\" src=\"https:\/\/www.camping-kersentic.com\/wp-content\/uploads\/2024\/12\/AdobeStock_817567317.jpeg\" alt=\"\" class=\"wp-image-6045\" srcset=\"https:\/\/www.camping-kersentic.com\/wp-content\/uploads\/2024\/12\/AdobeStock_817567317.jpeg 1920w, https:\/\/www.camping-kersentic.com\/wp-content\/uploads\/2024\/12\/AdobeStock_817567317-300x129.jpeg 300w, https:\/\/www.camping-kersentic.com\/wp-content\/uploads\/2024\/12\/AdobeStock_817567317-1024x439.jpeg 1024w, https:\/\/www.camping-kersentic.com\/wp-content\/uploads\/2024\/12\/AdobeStock_817567317-768x329.jpeg 768w, https:\/\/www.camping-kersentic.com\/wp-content\/uploads\/2024\/12\/AdobeStock_817567317-1536x658.jpeg 1536w\" sizes=\"(max-width: 1920px) 100vw, 1920px\" \/><\/figure>\n\n\n\n<section class=\"wp-container-69f265b85d6ba wp-block-group alignfull deco--vague has-jaune-clair-background-color has-background\"><div class=\"wp-block-group__inner-container\">\n<div class=\"wp-block-columns reverse-mob\">\n<div class=\"wp-block-column galerie_3\">\n<figure class=\"wp-block-gallery has-nested-images columns-3 is-cropped\">\n<figure class=\"wp-block-image size-large\"><img loading=\"lazy\" width=\"1024\" height=\"574\" src=\"https:\/\/www.camping-kersentic.com\/wp-content\/uploads\/2024\/12\/AdobeStock_832967395-1024x574.jpeg\" alt=\"\" class=\"wp-image-6049\" srcset=\"https:\/\/www.camping-kersentic.com\/wp-content\/uploads\/2024\/12\/AdobeStock_832967395-1024x574.jpeg 1024w, https:\/\/www.camping-kersentic.com\/wp-content\/uploads\/2024\/12\/AdobeStock_832967395-300x168.jpeg 300w, https:\/\/www.camping-kersentic.com\/wp-content\/uploads\/2024\/12\/AdobeStock_832967395-768x430.jpeg 768w, https:\/\/www.camping-kersentic.com\/wp-content\/uploads\/2024\/12\/AdobeStock_832967395.jpeg 1280w\" sizes=\"(max-width: 1024px) 100vw, 1024px\" \/><\/figure>\n<\/figure>\n<\/div>\n\n\n\n<div class=\"wp-block-column is-vertically-aligned-center\" style=\"flex-basis:48%\">\n<h1 id=\"cheques-cadeaux\">Geschenkgutscheine<\/h1>\n\n\n\n<p><strong>Haben Sie Lust, Ihren Lieben einen Teil eines bretonischen Ausflugs zu schenken? Ein Geschenkgutschein ist genau das Richtige f\u00fcr Sie!<\/strong><\/p>\n\n\n\n<p>Machen Sie Ihren Lieben eine Freude mit unseren Geschenkgutscheinen! Schenken Sie Ihren Lieben ein einmaliges Erlebnis f\u00fcr ihren n\u00e4chsten Urlaub. Einfach, praktisch und ein Jahr lang g\u00fcltig. <\/p>\n\n\n\n<div class=\"wp-container-69f265b85d339 wp-block-buttons\">\n<div class=\"wp-block-button\"><a class=\"wp-block-button__link\" href=\"https:\/\/reservation.secureholiday.net\/de\/6729\/gift-voucher\" target=\"_blank\" rel=\"noreferrer noopener\">Zu unseren Angeboten<\/a><\/div>\n<\/div>\n<\/div>\n<\/div>\n<\/div><\/section>\n","protected":false},"excerpt":{"rendered":"<p>Geschenkgutscheine Haben Sie Lust, Ihren Lieben einen Teil eines bretonischen Ausflugs zu schenken? Ein Geschenkgutschein ist genau das Richtige f\u00fcr Sie! Machen Sie Ihren Lieben eine Freude mit unseren Geschenkgutscheinen! Schenken Sie Ihren Lieben ein einmaliges Erlebnis f\u00fcr ihren n\u00e4chsten Urlaub. Einfach, praktisch und ein Jahr lang g\u00fcltig.<\/p>\n","protected":false},"author":1,"featured_media":0,"parent":0,"menu_order":0,"comment_status":"closed","ping_status":"closed","template":"","meta":[],"acf":[],"yoast_head":"<!-- This site is optimized with the Yoast SEO plugin v19.9 - https:\/\/yoast.com\/wordpress\/plugins\/seo\/ -->\n<title>Geschenkgutscheine - Camping de Kersentic<\/title>\n<meta name=\"robots\" content=\"index, follow, max-snippet:-1, max-image-preview:large, max-video-preview:-1\" \/>\n<link rel=\"canonical\" href=\"https:\/\/www.camping-kersentic.com\/de\/geschenkgutscheine\/\" \/>\n<meta property=\"og:locale\" content=\"de_DE\" \/>\n<meta property=\"og:type\" content=\"article\" \/>\n<meta property=\"og:title\" content=\"Geschenkgutscheine - Camping de Kersentic\" \/>\n<meta property=\"og:description\" content=\"Geschenkgutscheine Haben Sie Lust, Ihren Lieben einen Teil eines bretonischen Ausflugs zu schenken? Ein Geschenkgutschein ist genau das Richtige f\u00fcr Sie! Machen Sie Ihren Lieben eine Freude mit unseren Geschenkgutscheinen! Schenken Sie Ihren Lieben ein einmaliges Erlebnis f\u00fcr ihren n\u00e4chsten Urlaub. Einfach, praktisch und ein Jahr lang g\u00fcltig.\" \/>\n<meta property=\"og:url\" content=\"https:\/\/www.camping-kersentic.com\/de\/geschenkgutscheine\/\" \/>\n<meta property=\"og:site_name\" content=\"Camping de Kersentic\" \/>\n<meta property=\"article:publisher\" content=\"https:\/\/www.facebook.com\/campingdekersenticfouesnant\/\" \/>\n<meta property=\"article:modified_time\" content=\"2025-03-24T14:12:40+00:00\" \/>\n<meta property=\"og:image\" content=\"https:\/\/www.camping-kersentic.com\/wp-content\/uploads\/2024\/12\/AdobeStock_817567317.jpeg\" \/>\n<meta name=\"twitter:card\" content=\"summary_large_image\" \/>\n<script type=\"application\/ld+json\" class=\"yoast-schema-graph\">{\"@context\":\"https:\/\/schema.org\",\"@graph\":[{\"@type\":\"WebPage\",\"@id\":\"https:\/\/www.camping-kersentic.com\/de\/geschenkgutscheine\/\",\"url\":\"https:\/\/www.camping-kersentic.com\/de\/geschenkgutscheine\/\",\"name\":\"Geschenkgutscheine - Camping de Kersentic\",\"isPartOf\":{\"@id\":\"https:\/\/www.camping-kersentic.com\/#website\"},\"datePublished\":\"2024-12-04T13:04:39+00:00\",\"dateModified\":\"2025-03-24T14:12:40+00:00\",\"breadcrumb\":{\"@id\":\"https:\/\/www.camping-kersentic.com\/de\/geschenkgutscheine\/#breadcrumb\"},\"inLanguage\":\"de-DE\",\"potentialAction\":[{\"@type\":\"ReadAction\",\"target\":[\"https:\/\/www.camping-kersentic.com\/de\/geschenkgutscheine\/\"]}]},{\"@type\":\"BreadcrumbList\",\"@id\":\"https:\/\/www.camping-kersentic.com\/de\/geschenkgutscheine\/#breadcrumb\",\"itemListElement\":[{\"@type\":\"ListItem\",\"position\":1,\"name\":\"Home\",\"item\":\"https:\/\/www.camping-kersentic.com\/de\/\"},{\"@type\":\"ListItem\",\"position\":2,\"name\":\"Geschenkgutscheine\"}]},{\"@type\":\"WebSite\",\"@id\":\"https:\/\/www.camping-kersentic.com\/#website\",\"url\":\"https:\/\/www.camping-kersentic.com\/\",\"name\":\"Camping de Kersentic\",\"description\":\"Camping Fouesnant dans le Finist\u00e8re sud, locations de mobil-home, g\u00eetes, Coco Sweet, locations insolites, emplacements, piscine couverte et plage\",\"publisher\":{\"@id\":\"https:\/\/www.camping-kersentic.com\/#organization\"},\"potentialAction\":[{\"@type\":\"SearchAction\",\"target\":{\"@type\":\"EntryPoint\",\"urlTemplate\":\"https:\/\/www.camping-kersentic.com\/?s={search_term_string}\"},\"query-input\":\"required name=search_term_string\"}],\"inLanguage\":\"de-DE\"},{\"@type\":\"Organization\",\"@id\":\"https:\/\/www.camping-kersentic.com\/#organization\",\"name\":\"Camping de Kersentic\",\"url\":\"https:\/\/www.camping-kersentic.com\/\",\"logo\":{\"@type\":\"ImageObject\",\"inLanguage\":\"de-DE\",\"@id\":\"https:\/\/www.camping-kersentic.com\/#\/schema\/logo\/image\/\",\"url\":\"https:\/\/www.camping-kersentic.com\/wp-content\/uploads\/2025\/05\/LOGO2025_C.webp\",\"contentUrl\":\"https:\/\/www.camping-kersentic.com\/wp-content\/uploads\/2025\/05\/LOGO2025_C.webp\",\"width\":764,\"height\":325,\"caption\":\"Camping de Kersentic\"},\"image\":{\"@id\":\"https:\/\/www.camping-kersentic.com\/#\/schema\/logo\/image\/\"},\"sameAs\":[\"https:\/\/www.instagram.com\/campingdekersentic\/?hl=fr\",\"https:\/\/www.facebook.com\/campingdekersenticfouesnant\/\"]}]}<\/script>\n<!-- \/ Yoast SEO plugin. -->","yoast_head_json":{"title":"Geschenkgutscheine - Camping de Kersentic","robots":{"index":"index","follow":"follow","max-snippet":"max-snippet:-1","max-image-preview":"max-image-preview:large","max-video-preview":"max-video-preview:-1"},"canonical":"https:\/\/www.camping-kersentic.com\/de\/geschenkgutscheine\/","og_locale":"de_DE","og_type":"article","og_title":"Geschenkgutscheine - Camping de Kersentic","og_description":"Geschenkgutscheine Haben Sie Lust, Ihren Lieben einen Teil eines bretonischen Ausflugs zu schenken? Ein Geschenkgutschein ist genau das Richtige f\u00fcr Sie! Machen Sie Ihren Lieben eine Freude mit unseren Geschenkgutscheinen! Schenken Sie Ihren Lieben ein einmaliges Erlebnis f\u00fcr ihren n\u00e4chsten Urlaub. Einfach, praktisch und ein Jahr lang g\u00fcltig.","og_url":"https:\/\/www.camping-kersentic.com\/de\/geschenkgutscheine\/","og_site_name":"Camping de Kersentic","article_publisher":"https:\/\/www.facebook.com\/campingdekersenticfouesnant\/","article_modified_time":"2025-03-24T14:12:40+00:00","og_image":[{"url":"https:\/\/www.camping-kersentic.com\/wp-content\/uploads\/2024\/12\/AdobeStock_817567317.jpeg"}],"twitter_card":"summary_large_image","schema":{"@context":"https:\/\/schema.org","@graph":[{"@type":"WebPage","@id":"https:\/\/www.camping-kersentic.com\/de\/geschenkgutscheine\/","url":"https:\/\/www.camping-kersentic.com\/de\/geschenkgutscheine\/","name":"Geschenkgutscheine - Camping de Kersentic","isPartOf":{"@id":"https:\/\/www.camping-kersentic.com\/#website"},"datePublished":"2024-12-04T13:04:39+00:00","dateModified":"2025-03-24T14:12:40+00:00","breadcrumb":{"@id":"https:\/\/www.camping-kersentic.com\/de\/geschenkgutscheine\/#breadcrumb"},"inLanguage":"de-DE","potentialAction":[{"@type":"ReadAction","target":["https:\/\/www.camping-kersentic.com\/de\/geschenkgutscheine\/"]}]},{"@type":"BreadcrumbList","@id":"https:\/\/www.camping-kersentic.com\/de\/geschenkgutscheine\/#breadcrumb","itemListElement":[{"@type":"ListItem","position":1,"name":"Home","item":"https:\/\/www.camping-kersentic.com\/de\/"},{"@type":"ListItem","position":2,"name":"Geschenkgutscheine"}]},{"@type":"WebSite","@id":"https:\/\/www.camping-kersentic.com\/#website","url":"https:\/\/www.camping-kersentic.com\/","name":"Camping de Kersentic","description":"Camping Fouesnant dans le Finist\u00e8re sud, locations de mobil-home, g\u00eetes, Coco Sweet, locations insolites, emplacements, piscine couverte et plage","publisher":{"@id":"https:\/\/www.camping-kersentic.com\/#organization"},"potentialAction":[{"@type":"SearchAction","target":{"@type":"EntryPoint","urlTemplate":"https:\/\/www.camping-kersentic.com\/?s={search_term_string}"},"query-input":"required name=search_term_string"}],"inLanguage":"de-DE"},{"@type":"Organization","@id":"https:\/\/www.camping-kersentic.com\/#organization","name":"Camping de Kersentic","url":"https:\/\/www.camping-kersentic.com\/","logo":{"@type":"ImageObject","inLanguage":"de-DE","@id":"https:\/\/www.camping-kersentic.com\/#\/schema\/logo\/image\/","url":"https:\/\/www.camping-kersentic.com\/wp-content\/uploads\/2025\/05\/LOGO2025_C.webp","contentUrl":"https:\/\/www.camping-kersentic.com\/wp-content\/uploads\/2025\/05\/LOGO2025_C.webp","width":764,"height":325,"caption":"Camping de Kersentic"},"image":{"@id":"https:\/\/www.camping-kersentic.com\/#\/schema\/logo\/image\/"},"sameAs":["https:\/\/www.instagram.com\/campingdekersentic\/?hl=fr","https:\/\/www.facebook.com\/campingdekersenticfouesnant\/"]}]}},"_links":{"self":[{"href":"https:\/\/www.camping-kersentic.com\/de\/wp-json\/wp\/v2\/pages\/6058"}],"collection":[{"href":"https:\/\/www.camping-kersentic.com\/de\/wp-json\/wp\/v2\/pages"}],"about":[{"href":"https:\/\/www.camping-kersentic.com\/de\/wp-json\/wp\/v2\/types\/page"}],"author":[{"embeddable":true,"href":"https:\/\/www.camping-kersentic.com\/de\/wp-json\/wp\/v2\/users\/1"}],"replies":[{"embeddable":true,"href":"https:\/\/www.camping-kersentic.com\/de\/wp-json\/wp\/v2\/comments?post=6058"}],"version-history":[{"count":2,"href":"https:\/\/www.camping-kersentic.com\/de\/wp-json\/wp\/v2\/pages\/6058\/revisions"}],"predecessor-version":[{"id":7166,"href":"https:\/\/www.camping-kersentic.com\/de\/wp-json\/wp\/v2\/pages\/6058\/revisions\/7166"}],"wp:attachment":[{"href":"https:\/\/www.camping-kersentic.com\/de\/wp-json\/wp\/v2\/media?parent=6058"}],"curies":[{"name":"wp","href":"https:\/\/api.w.org\/{rel}","templated":true}]}}