{"id":8152,"date":"2025-12-19T13:58:24","date_gmt":"2025-12-19T12:58:24","guid":{"rendered":"https:\/\/www.camping-kersentic.com\/vermietungen\/mobilheime\/familien-kids-exkursion\/"},"modified":"2026-01-06T11:10:09","modified_gmt":"2026-01-06T10:10:09","slug":"familien-kids-exkursion","status":"publish","type":"page","link":"https:\/\/www.camping-kersentic.com\/de\/vermietungen\/mobilheime\/familien-kids-exkursion\/","title":{"rendered":"Familien-Kids-Exkursion"},"content":{"rendered":"\n<figure class=\"wp-block-image alignfull size-large\"><img loading=\"lazy\" width=\"1024\" height=\"461\" src=\"https:\/\/www.camping-kersentic.com\/wp-content\/uploads\/2025\/03\/mh-tribu-Camping-fouesnant-Kersentic-1024x461.jpg\" alt=\"\" class=\"wp-image-7374\" srcset=\"https:\/\/www.camping-kersentic.com\/wp-content\/uploads\/2025\/03\/mh-tribu-Camping-fouesnant-Kersentic-1024x461.jpg 1024w, https:\/\/www.camping-kersentic.com\/wp-content\/uploads\/2025\/03\/mh-tribu-Camping-fouesnant-Kersentic-300x135.jpg 300w, https:\/\/www.camping-kersentic.com\/wp-content\/uploads\/2025\/03\/mh-tribu-Camping-fouesnant-Kersentic-768x346.jpg 768w, https:\/\/www.camping-kersentic.com\/wp-content\/uploads\/2025\/03\/mh-tribu-Camping-fouesnant-Kersentic-1536x691.jpg 1536w, https:\/\/www.camping-kersentic.com\/wp-content\/uploads\/2025\/03\/mh-tribu-Camping-fouesnant-Kersentic-2048x922.jpg 2048w\" sizes=\"(max-width: 1024px) 100vw, 1024px\" \/><\/figure>\n\n\n\n<section class=\"wp-container-69d15ee1517fc wp-block-group alignfull deco--vague has-jaune-clair-background-color has-background\"><div class=\"wp-block-group__inner-container\">\n<div class=\"wp-block-columns\">\n<div class=\"wp-block-column galerie_3\">\n<figure class=\"wp-block-gallery has-nested-images columns-3 is-cropped\">\n<figure class=\"wp-block-image size-large\"><img loading=\"lazy\" width=\"1024\" height=\"683\" src=\"https:\/\/www.camping-kersentic.com\/wp-content\/uploads\/2025\/03\/BAHIA-722-SEJOUR-5L-1024x683.jpg\" alt=\"\" class=\"wp-image-7381\" srcset=\"https:\/\/www.camping-kersentic.com\/wp-content\/uploads\/2025\/03\/BAHIA-722-SEJOUR-5L-1024x683.jpg 1024w, https:\/\/www.camping-kersentic.com\/wp-content\/uploads\/2025\/03\/BAHIA-722-SEJOUR-5L-300x200.jpg 300w, https:\/\/www.camping-kersentic.com\/wp-content\/uploads\/2025\/03\/BAHIA-722-SEJOUR-5L-768x512.jpg 768w, https:\/\/www.camping-kersentic.com\/wp-content\/uploads\/2025\/03\/BAHIA-722-SEJOUR-5L-1536x1024.jpg 1536w, https:\/\/www.camping-kersentic.com\/wp-content\/uploads\/2025\/03\/BAHIA-722-SEJOUR-5L-2048x1365.jpg 2048w\" sizes=\"(max-width: 1024px) 100vw, 1024px\" \/><\/figure>\n\n\n\n<figure class=\"wp-block-image size-large\"><img loading=\"lazy\" width=\"1024\" height=\"576\" src=\"https:\/\/www.camping-kersentic.com\/wp-content\/uploads\/2023\/11\/Tribu-4-1024x576.jpg\" alt=\"\" class=\"wp-image-4957\" srcset=\"https:\/\/www.camping-kersentic.com\/wp-content\/uploads\/2023\/11\/Tribu-4-1024x576.jpg 1024w, https:\/\/www.camping-kersentic.com\/wp-content\/uploads\/2023\/11\/Tribu-4-300x169.jpg 300w, https:\/\/www.camping-kersentic.com\/wp-content\/uploads\/2023\/11\/Tribu-4-768x432.jpg 768w, https:\/\/www.camping-kersentic.com\/wp-content\/uploads\/2023\/11\/Tribu-4-1536x864.jpg 1536w, https:\/\/www.camping-kersentic.com\/wp-content\/uploads\/2023\/11\/Tribu-4.jpg 1920w\" sizes=\"(max-width: 1024px) 100vw, 1024px\" \/><\/figure>\n\n\n\n<figure class=\"wp-block-image size-large\"><img loading=\"lazy\" width=\"1024\" height=\"1024\" src=\"https:\/\/www.camping-kersentic.com\/wp-content\/uploads\/2025\/03\/469589709_18343769011182016_4385616951144470929_n-1024x1024.jpg\" alt=\"\" class=\"wp-image-6408\" srcset=\"https:\/\/www.camping-kersentic.com\/wp-content\/uploads\/2025\/03\/469589709_18343769011182016_4385616951144470929_n-1024x1024.jpg 1024w, https:\/\/www.camping-kersentic.com\/wp-content\/uploads\/2025\/03\/469589709_18343769011182016_4385616951144470929_n-300x300.jpg 300w, https:\/\/www.camping-kersentic.com\/wp-content\/uploads\/2025\/03\/469589709_18343769011182016_4385616951144470929_n-150x150.jpg 150w, https:\/\/www.camping-kersentic.com\/wp-content\/uploads\/2025\/03\/469589709_18343769011182016_4385616951144470929_n-768x768.jpg 768w, https:\/\/www.camping-kersentic.com\/wp-content\/uploads\/2025\/03\/469589709_18343769011182016_4385616951144470929_n.jpg 1080w\" sizes=\"(max-width: 1024px) 100vw, 1024px\" \/><\/figure>\n<\/figure>\n<\/div>\n\n\n\n<div class=\"wp-block-column\" style=\"flex-basis:37%\">\n<h1 id=\"mobil-home-a-fouesnant-gamme-evasion\">Mobilheim in Fouesnant &#8211; Baureihe Evasion<\/h1>\n\n\n\n<h2 id=\"optez-pour-le-coco-sweet\">Mobilheim Family-kids: Raum und Komfort in Fouesnant<\/h2>\n\n\n\n<p>Das <strong>Mobilheim Family-kids <\/strong>bietet Ihnen 32m\u00b2 f\u00fcr einen einfachen und effizienten Urlaub: <strong>Platz<\/strong>, <strong>Stauraum<\/strong>, eine <strong>voll ausgestattete K\u00fcche<\/strong> und eine halb \u00fcberdachte <strong>Terrasse<\/strong>, auf der Sie die Ruhe des Campingplatzes genie\u00dfen k\u00f6nnen.<br>Eine ausgezeichnete Wahl f\u00fcr alle, die ein <strong><a href=\"https:\/\/www.camping-kersentic.com\/de\/vermietungen\/mobilheime\/\" data-type=\"URL\" data-id=\"https:\/\/www.camping-kersentic.com\/de\/vermietungen\/mobilheime\/\">Familienmobilheim<\/a> in Fouesnant<\/strong> suchen, in Strandn\u00e4he und mit echtem Komfort. Perfekt, um den <strong>S\u00fcden des Finist\u00e8re<\/strong> zu zweit, mit der Familie oder mit Freunden zu genie\u00dfen. <\/p>\n\n\n\r\n<ul class=\"fc-blocks--picto col-1 gauche\">\r\n\r\n    \r\n        <li>\r\n            <i class=\"far fa-bed-front\"><\/i>\r\n            <p>1 Bett 160&#215;200, 4 Betten 80&#215;190<\/p>\n        <\/li>\r\n\r\n    \r\n        <li>\r\n            <i class=\"far fa-utensils\"><\/i>\r\n            <p>K\u00fchlschrank mit Gefrierfach, Kaffeemaschine, Wasserkocher, Mikrowelle, Geschirr, Geschirrsp\u00fcler inklusive<\/p>\n        <\/li>\r\n\r\n    \r\n        <li>\r\n            <i class=\"far fa-bed\"><\/i>\r\n            <p>Bettdecken und Kopfkissen werden gestellt<br \/>\nBettw\u00e4sche und Handtuchsets werden nicht gestellt (kann gemietet werden)<\/p>\n        <\/li>\r\n\r\n    \r\n        <li>\r\n            <i class=\"far fa-dog\"><\/i>\r\n            <p>Haustiere nicht erlaubt<\/p>\n        <\/li>\r\n\r\n    \r\n        <li>\r\n            <i class=\"far fa-tv\"><\/i>\r\n            <p>TV inbegriffen<\/p>\n        <\/li>\r\n\r\n    \r\n        <li>\r\n            <i class=\"far fa-baby\"><\/i>\r\n            <p>Baby-Ausstattung: Hochstuhl, Kinderbett, Besteck, Trittbrett&#8230;<\/p>\n        <\/li>\r\n\r\n    \r\n<\/ul>\r\n\r\n\n\n\n<div class=\"wp-container-69d15ee15149e wp-block-buttons\">\n<div class=\"wp-block-button btn_resa_147424\"><a class=\"wp-block-button__link\"><i class=\"far fa-search\"><\/i>  Buchen Sie Family-kids<\/a><\/div>\n<\/div>\n<\/div>\n<\/div>\n<\/div><\/section>\n\n\n\n<section class=\"wp-container-69d15ee152625 wp-block-group\"><div class=\"wp-block-group__inner-container\">\n<h3 class=\"has-text-align-center\" id=\"zen-2-chambres\">Familien-Kids<\/h3>\n\n\n<ctv-availability data-product-id=\"147424\" data-background-color=\"#FFFFFFFF\" ><\/ctv-availability>\n\n\n\n<div class=\"wp-container-69d15ee151c8f wp-block-buttons\">\n<div class=\"wp-block-button is-style-fill\"><a class=\"wp-block-button__link\" href=\"https:\/\/www.camping-kersentic.com\/de\/vermietungen\/\"><i class=\"far fa-search\"><\/i> Unsere anderen Unterk\u00fcnfte<\/a><\/div>\n<\/div>\n\n\n\n<h2 class=\"has-text-align-center\" id=\"infos-pratiques\">Praktische Infos<\/h2>\n\n\n\n<div class=\"wp-block-group encart-information\"><div class=\"wp-block-group__inner-container\">\r\n<ul class=\"fc-blocks--picto col-2 gauche\">\r\n\r\n    \r\n        <li>\r\n            <i class=\"far fa-dog\"><\/i>\r\n            <p>Haustiere nicht erlaubt<\/p>\n        <\/li>\r\n\r\n    \r\n        <li>\r\n            <i class=\"far fa-clock\"><\/i>\r\n            <p>Ankunft ab 16 Uhr &#8211; Abreise vor 10 Uhr<\/p>\n        <\/li>\r\n\r\n    \r\n        <li>\r\n            <i class=\"far fa-blanket\"><\/i>\r\n            <p>Bettw\u00e4schepaket Baumwolle: 17\u20ac\/Bett<\/p>\n        <\/li>\r\n\r\n    \r\n        <li>\r\n            <i class=\"far fa-shower\"><\/i>\r\n            <p>Verleih eines Handtuchsets f\u00fcr 8 \u20ac \/ Person<\/p>\n        <\/li>\r\n\r\n    \r\n        <li>\r\n            <i class=\"far fa-credit-card\"><\/i>\r\n            <p>Mietkaution: 600\u20ac.  <\/p>\n        <\/li>\r\n\r\n    \r\n        <li>\r\n            <i class=\"far fa-circle-info\"><\/i>\r\n            <p>Unsere Preise beinhalten nicht: Kurtaxe, Besucher oder zus\u00e4tzliche Personen.<\/p>\n        <\/li>\r\n\r\n    \r\n<\/ul>\r\n\r\n<\/div><\/div>\n<\/div><\/section>\n","protected":false},"excerpt":{"rendered":"<p>Mobilheim in Fouesnant &#8211; Baureihe Evasion Mobilheim Family-kids: Raum und Komfort in Fouesnant Das Mobilheim Family-kids bietet Ihnen 32m\u00b2 f\u00fcr einen einfachen und effizienten Urlaub: Platz, Stauraum, eine voll ausgestattete K\u00fcche und eine halb \u00fcberdachte Terrasse, auf der Sie die Ruhe des Campingplatzes genie\u00dfen k\u00f6nnen.Eine ausgezeichnete Wahl f\u00fcr alle, die ein Familienmobilheim in Fouesnant suchen, [&hellip;]<\/p>\n","protected":false},"author":1,"featured_media":2345,"parent":3775,"menu_order":0,"comment_status":"closed","ping_status":"closed","template":"","meta":[],"acf":[],"yoast_head":"<!-- This site is optimized with the Yoast SEO plugin v19.9 - https:\/\/yoast.com\/wordpress\/plugins\/seo\/ -->\n<title>Familien-Kids-Exkursion - Camping de Kersentic<\/title>\n<meta name=\"robots\" content=\"index, follow, max-snippet:-1, max-image-preview:large, max-video-preview:-1\" \/>\n<link rel=\"canonical\" href=\"https:\/\/www.camping-kersentic.com\/de\/vermietungen\/mobilheime\/familien-kids-exkursion\/\" \/>\n<meta property=\"og:locale\" content=\"de_DE\" \/>\n<meta property=\"og:type\" content=\"article\" \/>\n<meta property=\"og:title\" content=\"Familien-Kids-Exkursion - Camping de Kersentic\" \/>\n<meta property=\"og:description\" content=\"Mobilheim in Fouesnant &#8211; Baureihe Evasion Mobilheim Family-kids: Raum und Komfort in Fouesnant Das Mobilheim Family-kids bietet Ihnen 32m\u00b2 f\u00fcr einen einfachen und effizienten Urlaub: Platz, Stauraum, eine voll ausgestattete K\u00fcche und eine halb \u00fcberdachte Terrasse, auf der Sie die Ruhe des Campingplatzes genie\u00dfen k\u00f6nnen.Eine ausgezeichnete Wahl f\u00fcr alle, die ein Familienmobilheim in Fouesnant suchen, [&hellip;]\" \/>\n<meta property=\"og:url\" content=\"https:\/\/www.camping-kersentic.com\/de\/vermietungen\/mobilheime\/familien-kids-exkursion\/\" \/>\n<meta property=\"og:site_name\" content=\"Camping de Kersentic\" \/>\n<meta property=\"article:publisher\" content=\"https:\/\/www.facebook.com\/campingdekersenticfouesnant\/\" \/>\n<meta property=\"article:modified_time\" content=\"2026-01-06T10:10:09+00:00\" \/>\n<meta property=\"og:image\" content=\"https:\/\/www.camping-kersentic.com\/wp-content\/uploads\/2022\/10\/OHARA_804_PIECE-DE-VIE_2020-1--scaled.jpg\" \/>\n\t<meta property=\"og:image:width\" content=\"2560\" \/>\n\t<meta property=\"og:image:height\" content=\"1472\" \/>\n\t<meta property=\"og:image:type\" content=\"image\/jpeg\" \/>\n<meta name=\"twitter:card\" content=\"summary_large_image\" \/>\n<meta name=\"twitter:label1\" content=\"Est. reading time\" \/>\n\t<meta name=\"twitter:data1\" content=\"1 Minute\" \/>\n<script type=\"application\/ld+json\" class=\"yoast-schema-graph\">{\"@context\":\"https:\/\/schema.org\",\"@graph\":[{\"@type\":\"WebPage\",\"@id\":\"https:\/\/www.camping-kersentic.com\/de\/vermietungen\/mobilheime\/familien-kids-exkursion\/\",\"url\":\"https:\/\/www.camping-kersentic.com\/de\/vermietungen\/mobilheime\/familien-kids-exkursion\/\",\"name\":\"Familien-Kids-Exkursion - Camping de Kersentic\",\"isPartOf\":{\"@id\":\"https:\/\/www.camping-kersentic.com\/#website\"},\"datePublished\":\"2025-12-19T12:58:24+00:00\",\"dateModified\":\"2026-01-06T10:10:09+00:00\",\"breadcrumb\":{\"@id\":\"https:\/\/www.camping-kersentic.com\/de\/vermietungen\/mobilheime\/familien-kids-exkursion\/#breadcrumb\"},\"inLanguage\":\"de-DE\",\"potentialAction\":[{\"@type\":\"ReadAction\",\"target\":[\"https:\/\/www.camping-kersentic.com\/de\/vermietungen\/mobilheime\/familien-kids-exkursion\/\"]}]},{\"@type\":\"BreadcrumbList\",\"@id\":\"https:\/\/www.camping-kersentic.com\/de\/vermietungen\/mobilheime\/familien-kids-exkursion\/#breadcrumb\",\"itemListElement\":[{\"@type\":\"ListItem\",\"position\":1,\"name\":\"Home\",\"item\":\"https:\/\/www.camping-kersentic.com\/de\/\"},{\"@type\":\"ListItem\",\"position\":2,\"name\":\"Vermietungen\",\"item\":\"https:\/\/www.camping-kersentic.com\/de\/vermietungen\/\"},{\"@type\":\"ListItem\",\"position\":3,\"name\":\"Mobilheime\",\"item\":\"https:\/\/www.camping-kersentic.com\/de\/vermietungen\/mobilheime\/\"},{\"@type\":\"ListItem\",\"position\":4,\"name\":\"Familien-Kids-Exkursion\"}]},{\"@type\":\"WebSite\",\"@id\":\"https:\/\/www.camping-kersentic.com\/#website\",\"url\":\"https:\/\/www.camping-kersentic.com\/\",\"name\":\"Camping de Kersentic\",\"description\":\"Camping Fouesnant dans le Finist\u00e8re sud, locations de mobil-home, g\u00eetes, Coco Sweet, locations insolites, emplacements, piscine couverte et plage\",\"publisher\":{\"@id\":\"https:\/\/www.camping-kersentic.com\/#organization\"},\"potentialAction\":[{\"@type\":\"SearchAction\",\"target\":{\"@type\":\"EntryPoint\",\"urlTemplate\":\"https:\/\/www.camping-kersentic.com\/?s={search_term_string}\"},\"query-input\":\"required name=search_term_string\"}],\"inLanguage\":\"de-DE\"},{\"@type\":\"Organization\",\"@id\":\"https:\/\/www.camping-kersentic.com\/#organization\",\"name\":\"Camping de Kersentic\",\"url\":\"https:\/\/www.camping-kersentic.com\/\",\"logo\":{\"@type\":\"ImageObject\",\"inLanguage\":\"de-DE\",\"@id\":\"https:\/\/www.camping-kersentic.com\/#\/schema\/logo\/image\/\",\"url\":\"https:\/\/www.camping-kersentic.com\/wp-content\/uploads\/2025\/05\/LOGO2025_C.webp\",\"contentUrl\":\"https:\/\/www.camping-kersentic.com\/wp-content\/uploads\/2025\/05\/LOGO2025_C.webp\",\"width\":764,\"height\":325,\"caption\":\"Camping de Kersentic\"},\"image\":{\"@id\":\"https:\/\/www.camping-kersentic.com\/#\/schema\/logo\/image\/\"},\"sameAs\":[\"https:\/\/www.instagram.com\/campingdekersentic\/?hl=fr\",\"https:\/\/www.facebook.com\/campingdekersenticfouesnant\/\"]}]}<\/script>\n<!-- \/ Yoast SEO plugin. -->","yoast_head_json":{"title":"Familien-Kids-Exkursion - Camping de Kersentic","robots":{"index":"index","follow":"follow","max-snippet":"max-snippet:-1","max-image-preview":"max-image-preview:large","max-video-preview":"max-video-preview:-1"},"canonical":"https:\/\/www.camping-kersentic.com\/de\/vermietungen\/mobilheime\/familien-kids-exkursion\/","og_locale":"de_DE","og_type":"article","og_title":"Familien-Kids-Exkursion - Camping de Kersentic","og_description":"Mobilheim in Fouesnant &#8211; Baureihe Evasion Mobilheim Family-kids: Raum und Komfort in Fouesnant Das Mobilheim Family-kids bietet Ihnen 32m\u00b2 f\u00fcr einen einfachen und effizienten Urlaub: Platz, Stauraum, eine voll ausgestattete K\u00fcche und eine halb \u00fcberdachte Terrasse, auf der Sie die Ruhe des Campingplatzes genie\u00dfen k\u00f6nnen.Eine ausgezeichnete Wahl f\u00fcr alle, die ein Familienmobilheim in Fouesnant suchen, [&hellip;]","og_url":"https:\/\/www.camping-kersentic.com\/de\/vermietungen\/mobilheime\/familien-kids-exkursion\/","og_site_name":"Camping de Kersentic","article_publisher":"https:\/\/www.facebook.com\/campingdekersenticfouesnant\/","article_modified_time":"2026-01-06T10:10:09+00:00","og_image":[{"width":2560,"height":1472,"url":"https:\/\/www.camping-kersentic.com\/wp-content\/uploads\/2022\/10\/OHARA_804_PIECE-DE-VIE_2020-1--scaled.jpg","type":"image\/jpeg"}],"twitter_card":"summary_large_image","twitter_misc":{"Est. reading time":"1 Minute"},"schema":{"@context":"https:\/\/schema.org","@graph":[{"@type":"WebPage","@id":"https:\/\/www.camping-kersentic.com\/de\/vermietungen\/mobilheime\/familien-kids-exkursion\/","url":"https:\/\/www.camping-kersentic.com\/de\/vermietungen\/mobilheime\/familien-kids-exkursion\/","name":"Familien-Kids-Exkursion - Camping de Kersentic","isPartOf":{"@id":"https:\/\/www.camping-kersentic.com\/#website"},"datePublished":"2025-12-19T12:58:24+00:00","dateModified":"2026-01-06T10:10:09+00:00","breadcrumb":{"@id":"https:\/\/www.camping-kersentic.com\/de\/vermietungen\/mobilheime\/familien-kids-exkursion\/#breadcrumb"},"inLanguage":"de-DE","potentialAction":[{"@type":"ReadAction","target":["https:\/\/www.camping-kersentic.com\/de\/vermietungen\/mobilheime\/familien-kids-exkursion\/"]}]},{"@type":"BreadcrumbList","@id":"https:\/\/www.camping-kersentic.com\/de\/vermietungen\/mobilheime\/familien-kids-exkursion\/#breadcrumb","itemListElement":[{"@type":"ListItem","position":1,"name":"Home","item":"https:\/\/www.camping-kersentic.com\/de\/"},{"@type":"ListItem","position":2,"name":"Vermietungen","item":"https:\/\/www.camping-kersentic.com\/de\/vermietungen\/"},{"@type":"ListItem","position":3,"name":"Mobilheime","item":"https:\/\/www.camping-kersentic.com\/de\/vermietungen\/mobilheime\/"},{"@type":"ListItem","position":4,"name":"Familien-Kids-Exkursion"}]},{"@type":"WebSite","@id":"https:\/\/www.camping-kersentic.com\/#website","url":"https:\/\/www.camping-kersentic.com\/","name":"Camping de Kersentic","description":"Camping Fouesnant dans le Finist\u00e8re sud, locations de mobil-home, g\u00eetes, Coco Sweet, locations insolites, emplacements, piscine couverte et plage","publisher":{"@id":"https:\/\/www.camping-kersentic.com\/#organization"},"potentialAction":[{"@type":"SearchAction","target":{"@type":"EntryPoint","urlTemplate":"https:\/\/www.camping-kersentic.com\/?s={search_term_string}"},"query-input":"required name=search_term_string"}],"inLanguage":"de-DE"},{"@type":"Organization","@id":"https:\/\/www.camping-kersentic.com\/#organization","name":"Camping de Kersentic","url":"https:\/\/www.camping-kersentic.com\/","logo":{"@type":"ImageObject","inLanguage":"de-DE","@id":"https:\/\/www.camping-kersentic.com\/#\/schema\/logo\/image\/","url":"https:\/\/www.camping-kersentic.com\/wp-content\/uploads\/2025\/05\/LOGO2025_C.webp","contentUrl":"https:\/\/www.camping-kersentic.com\/wp-content\/uploads\/2025\/05\/LOGO2025_C.webp","width":764,"height":325,"caption":"Camping de Kersentic"},"image":{"@id":"https:\/\/www.camping-kersentic.com\/#\/schema\/logo\/image\/"},"sameAs":["https:\/\/www.instagram.com\/campingdekersentic\/?hl=fr","https:\/\/www.facebook.com\/campingdekersenticfouesnant\/"]}]}},"_links":{"self":[{"href":"https:\/\/www.camping-kersentic.com\/de\/wp-json\/wp\/v2\/pages\/8152"}],"collection":[{"href":"https:\/\/www.camping-kersentic.com\/de\/wp-json\/wp\/v2\/pages"}],"about":[{"href":"https:\/\/www.camping-kersentic.com\/de\/wp-json\/wp\/v2\/types\/page"}],"author":[{"embeddable":true,"href":"https:\/\/www.camping-kersentic.com\/de\/wp-json\/wp\/v2\/users\/1"}],"replies":[{"embeddable":true,"href":"https:\/\/www.camping-kersentic.com\/de\/wp-json\/wp\/v2\/comments?post=8152"}],"version-history":[{"count":3,"href":"https:\/\/www.camping-kersentic.com\/de\/wp-json\/wp\/v2\/pages\/8152\/revisions"}],"predecessor-version":[{"id":8208,"href":"https:\/\/www.camping-kersentic.com\/de\/wp-json\/wp\/v2\/pages\/8152\/revisions\/8208"}],"up":[{"embeddable":true,"href":"https:\/\/www.camping-kersentic.com\/de\/wp-json\/wp\/v2\/pages\/3775"}],"wp:featuredmedia":[{"embeddable":true,"href":"https:\/\/www.camping-kersentic.com\/de\/wp-json\/wp\/v2\/media\/2345"}],"wp:attachment":[{"href":"https:\/\/www.camping-kersentic.com\/de\/wp-json\/wp\/v2\/media?parent=8152"}],"curies":[{"name":"wp","href":"https:\/\/api.w.org\/{rel}","templated":true}]}}