{"id":3736,"date":"2022-11-15T14:10:23","date_gmt":"2022-11-15T13:10:23","guid":{"rendered":"https:\/\/www.camping-kersentic.com\/locations\/"},"modified":"2025-05-26T11:02:11","modified_gmt":"2025-05-26T09:02:11","slug":"locations","status":"publish","type":"page","link":"https:\/\/www.camping-kersentic.com\/en\/locations\/","title":{"rendered":"Pitches"},"content":{"rendered":"\n<figure class=\"wp-block-image alignfull size-full object-top\"><img loading=\"lazy\" width=\"1920\" height=\"2560\" src=\"https:\/\/www.camping-kersentic.com\/wp-content\/uploads\/2022\/09\/Camping-Car-Bretagne-Fouesnant-1.jpg\" alt=\"\" class=\"wp-image-1642\" srcset=\"https:\/\/www.camping-kersentic.com\/wp-content\/uploads\/2022\/09\/Camping-Car-Bretagne-Fouesnant-1.jpg 1920w, https:\/\/www.camping-kersentic.com\/wp-content\/uploads\/2022\/09\/Camping-Car-Bretagne-Fouesnant-1-225x300.jpg 225w, https:\/\/www.camping-kersentic.com\/wp-content\/uploads\/2022\/09\/Camping-Car-Bretagne-Fouesnant-1-768x1024.jpg 768w, https:\/\/www.camping-kersentic.com\/wp-content\/uploads\/2022\/09\/Camping-Car-Bretagne-Fouesnant-1-1152x1536.jpg 1152w, https:\/\/www.camping-kersentic.com\/wp-content\/uploads\/2022\/09\/Camping-Car-Bretagne-Fouesnant-1-1536x2048.jpg 1536w\" sizes=\"(max-width: 1920px) 100vw, 1920px\" \/><\/figure>\n\n\n\n<section class=\"wp-container-69de236bf0f7d wp-block-group alignfull deco--vague\"><div class=\"wp-block-group__inner-container\">\n<h1 class=\"has-text-align-center\" id=\"emplacements-de-camping-dans-le-finistere-avec-piscine-chauffee\"><strong>Campsites<\/strong> in Finist\u00e8re with heated pool<\/h1>\n\n\n\n<div class=\"wp-block-group encart-citation\"><div class=\"wp-block-group__inner-container\">\n<p class=\"has-text-align-center\" id=\"le-luxe-c-est-l-espace\">Luxury is Space<\/p>\n<\/div><\/div>\n\n\n\n<p class=\"has-text-align-center\">If you want a breath of fresh air for a weekend, a week or more, our large pitches will seduce you.  <\/p>\n\n\n\n<p class=\"has-text-align-center\">  In an <strong>exceptional environment where the vegetation and the flowers spread out as far as the eye can see, <\/strong>you will camp in a natural framework inviting you to the rest and the idleness. Here, it is the song of the birds which will punctuate your stay for a change of scenery and a total decompression just a step from the beach of the Cap Coz.  <\/p>\n\n\n\n<p class=\"has-text-align-center\">Our 4* campsite near B\u00e9nodet offers you a wide choice of pitches and services to make your vacations a real moment of relaxation in Fouesnant les Gl\u00e9nan. It&#8217;s up to you to choose and find your happiness.<\/p>\n\n\n\n<div class=\"wp-container-69de236bf0cf7 wp-block-buttons\">\n<div class=\"wp-block-button btn_resa_empl\"><a class=\"wp-block-button__link\"><i class=\"far fa-search\"><\/i>  Reserve a site<\/a><\/div>\n<\/div>\n<\/div><\/section>\n\n\n\n<div class=\"wp-block-cover alignfull is-light K-05-a\"><span aria-hidden=\"true\" class=\"has-background-dim-0 wp-block-cover__gradient-background has-background-dim\"><\/span><img loading=\"lazy\" width=\"1920\" height=\"864\" class=\"wp-block-cover__image-background wp-image-1636\" alt=\"\" src=\"https:\/\/www.camping-kersentic.com\/wp-content\/uploads\/2022\/09\/Tente-caravane-emplacement-Camping-Kersentic-Fouesnant.jpg\" data-object-fit=\"cover\" srcset=\"https:\/\/www.camping-kersentic.com\/wp-content\/uploads\/2022\/09\/Tente-caravane-emplacement-Camping-Kersentic-Fouesnant.jpg 1920w, https:\/\/www.camping-kersentic.com\/wp-content\/uploads\/2022\/09\/Tente-caravane-emplacement-Camping-Kersentic-Fouesnant-300x135.jpg 300w, https:\/\/www.camping-kersentic.com\/wp-content\/uploads\/2022\/09\/Tente-caravane-emplacement-Camping-Kersentic-Fouesnant-1024x461.jpg 1024w, https:\/\/www.camping-kersentic.com\/wp-content\/uploads\/2022\/09\/Tente-caravane-emplacement-Camping-Kersentic-Fouesnant-768x346.jpg 768w, https:\/\/www.camping-kersentic.com\/wp-content\/uploads\/2022\/09\/Tente-caravane-emplacement-Camping-Kersentic-Fouesnant-1536x691.jpg 1536w\" sizes=\"(max-width: 1920px) 100vw, 1920px\" \/><div class=\"wp-block-cover__inner-container\">\n<div class=\"wp-block-columns has-jaune-clair-background-color has-background\">\n<div class=\"wp-block-column\" style=\"flex-basis:48%\">\n<h2 id=\"hebergement-insolites\">The great outdoors, a luxury you can afford<\/h2>\n\n\n\n<p class=\"h3 has-bleu-color has-text-color\">Fill up with nature at the 4* campsite of Kersentic<\/p>\n\n\n\n<p class=\"has-noir-color has-text-color\">You have the luxury of being able to install your tent, your caravan, your camping car and enjoy the space to relax in your deckchair with a good book. Do you think it&#8217;s a dream? And no, at the Kersentic campsite, all our pitches are spacious, surrounded by hedges, shaded, semi-shaded, or sunny in order to preserve your intimacy but also the conviviality. You are assured of a relaxing and rejuvenating moment.  <\/p>\n\n\n\n<div class=\"wp-container-69de236bf12e4 wp-block-buttons\">\n<div class=\"wp-block-button btn_resa_empl\"><a class=\"wp-block-button__link\"><i class=\"far fa-search\"><\/i>  Reserve quickly!<\/a><\/div>\n<\/div>\n<\/div>\n\n\n\n<div class=\"wp-block-column galerie_2\">\n<figure class=\"wp-block-gallery has-nested-images columns-default is-cropped\">\n<figure class=\"wp-block-image size-large\"><img loading=\"lazy\" width=\"1024\" height=\"684\" src=\"https:\/\/www.camping-kersentic.com\/wp-content\/uploads\/2022\/10\/Camping-6819-12-1024x684.jpg\" alt=\"\" class=\"wp-image-2588\" srcset=\"https:\/\/www.camping-kersentic.com\/wp-content\/uploads\/2022\/10\/Camping-6819-12-1024x684.jpg 1024w, https:\/\/www.camping-kersentic.com\/wp-content\/uploads\/2022\/10\/Camping-6819-12-300x200.jpg 300w, https:\/\/www.camping-kersentic.com\/wp-content\/uploads\/2022\/10\/Camping-6819-12-768x513.jpg 768w, https:\/\/www.camping-kersentic.com\/wp-content\/uploads\/2022\/10\/Camping-6819-12-1536x1026.jpg 1536w, https:\/\/www.camping-kersentic.com\/wp-content\/uploads\/2022\/10\/Camping-6819-12.jpg 1920w\" sizes=\"(max-width: 1024px) 100vw, 1024px\" \/><\/figure>\n\n\n\n<figure class=\"wp-block-image size-large\"><img loading=\"lazy\" width=\"1024\" height=\"577\" src=\"https:\/\/www.camping-kersentic.com\/wp-content\/uploads\/2022\/09\/Grand-emplacement-camping-Fouesnant-1024x577.jpg\" alt=\"\" class=\"wp-image-1477\" srcset=\"https:\/\/www.camping-kersentic.com\/wp-content\/uploads\/2022\/09\/Grand-emplacement-camping-Fouesnant-1024x577.jpg 1024w, https:\/\/www.camping-kersentic.com\/wp-content\/uploads\/2022\/09\/Grand-emplacement-camping-Fouesnant-300x169.jpg 300w, https:\/\/www.camping-kersentic.com\/wp-content\/uploads\/2022\/09\/Grand-emplacement-camping-Fouesnant-768x433.jpg 768w, https:\/\/www.camping-kersentic.com\/wp-content\/uploads\/2022\/09\/Grand-emplacement-camping-Fouesnant-1536x864.jpg 1536w, https:\/\/www.camping-kersentic.com\/wp-content\/uploads\/2022\/09\/Grand-emplacement-camping-Fouesnant.jpg 1920w\" sizes=\"(max-width: 1024px) 100vw, 1024px\" \/><\/figure>\n<\/figure>\n\n\n\n<div class=\"wp-container-69de236bf1659 wp-block-buttons\">\n<div class=\"wp-block-button btn_galerie\"><a class=\"wp-block-button__link\" href=\"https:\/\/www.camping-kersentic.com\/en\/galerie-photos\/\"><i class=\"far fa-camera\"><\/i>  Photo gallery<\/a><\/div>\n<\/div>\n<\/div>\n<\/div>\n<\/div><\/div>\n\n\n\n<figure class=\"wp-block-gallery has-nested-images columns-4 is-cropped display-mob galerie_bloc\">\n<figure class=\"wp-block-image size-full\"><img loading=\"lazy\" width=\"1024\" height=\"577\" data-id=\"1568\"  src=\"https:\/\/www.camping-kersentic.com\/wp-content\/uploads\/2022\/09\/Grand-emplacement-Camping-1.jpg\" alt=\"\" class=\"wp-image-1568\" srcset=\"https:\/\/www.camping-kersentic.com\/wp-content\/uploads\/2022\/09\/Grand-emplacement-Camping-1.jpg 1024w, https:\/\/www.camping-kersentic.com\/wp-content\/uploads\/2022\/09\/Grand-emplacement-Camping-1-300x169.jpg 300w, https:\/\/www.camping-kersentic.com\/wp-content\/uploads\/2022\/09\/Grand-emplacement-Camping-1-768x433.jpg 768w\" sizes=\"(max-width: 1024px) 100vw, 1024px\" \/><\/figure>\n\n\n\n<figure class=\"wp-block-image size-large\"><img loading=\"lazy\" width=\"1024\" height=\"768\" data-id=\"787\"  src=\"https:\/\/www.camping-kersentic.com\/wp-content\/uploads\/2022\/08\/terrain-de-camping-1024x768.jpg\" alt=\"\" class=\"wp-image-787\" srcset=\"https:\/\/www.camping-kersentic.com\/wp-content\/uploads\/2022\/08\/terrain-de-camping-1024x768.jpg 1024w, https:\/\/www.camping-kersentic.com\/wp-content\/uploads\/2022\/08\/terrain-de-camping-300x225.jpg 300w, https:\/\/www.camping-kersentic.com\/wp-content\/uploads\/2022\/08\/terrain-de-camping-768x576.jpg 768w, https:\/\/www.camping-kersentic.com\/wp-content\/uploads\/2022\/08\/terrain-de-camping.jpg 1200w\" sizes=\"(max-width: 1024px) 100vw, 1024px\" \/><\/figure>\n\n\n\n<figure class=\"wp-block-image size-large\"><img loading=\"lazy\" width=\"1024\" height=\"684\" data-id=\"2569\"  src=\"https:\/\/www.camping-kersentic.com\/wp-content\/uploads\/2022\/10\/Camping-6789-3-1024x684.jpg\" alt=\"\" class=\"wp-image-2569\" srcset=\"https:\/\/www.camping-kersentic.com\/wp-content\/uploads\/2022\/10\/Camping-6789-3-1024x684.jpg 1024w, https:\/\/www.camping-kersentic.com\/wp-content\/uploads\/2022\/10\/Camping-6789-3-300x200.jpg 300w, https:\/\/www.camping-kersentic.com\/wp-content\/uploads\/2022\/10\/Camping-6789-3-768x513.jpg 768w, https:\/\/www.camping-kersentic.com\/wp-content\/uploads\/2022\/10\/Camping-6789-3-1536x1026.jpg 1536w, https:\/\/www.camping-kersentic.com\/wp-content\/uploads\/2022\/10\/Camping-6789-3.jpg 1920w\" sizes=\"(max-width: 1024px) 100vw, 1024px\" \/><\/figure>\n\n\n\n<figure class=\"wp-block-image size-large\"><img loading=\"lazy\" width=\"1152\" height=\"2560\" data-id=\"2945\"  src=\"https:\/\/www.camping-kersentic.com\/wp-content\/uploads\/2022\/10\/IMG_20210719_120329-scaled.jpg\" alt=\"\" class=\"wp-image-2945\" srcset=\"https:\/\/www.camping-kersentic.com\/wp-content\/uploads\/2022\/10\/IMG_20210719_120329-scaled.jpg 1152w, https:\/\/www.camping-kersentic.com\/wp-content\/uploads\/2022\/10\/IMG_20210719_120329-135x300.jpg 135w, https:\/\/www.camping-kersentic.com\/wp-content\/uploads\/2022\/10\/IMG_20210719_120329-461x1024.jpg 461w, https:\/\/www.camping-kersentic.com\/wp-content\/uploads\/2022\/10\/IMG_20210719_120329-768x1707.jpg 768w, https:\/\/www.camping-kersentic.com\/wp-content\/uploads\/2022\/10\/IMG_20210719_120329-691x1536.jpg 691w, https:\/\/www.camping-kersentic.com\/wp-content\/uploads\/2022\/10\/IMG_20210719_120329-922x2048.jpg 922w\" sizes=\"(max-width: 1152px) 100vw, 1152px\" \/><\/figure>\n<\/figure>\n\n\n\n<section class=\"wp-container-69de236bf1ded wp-block-group\"><div class=\"wp-block-group__inner-container\">\n<div class=\"wp-block-columns reverse-mob\">\n<div class=\"wp-block-column\">\n<figure class=\"wp-block-image alignfull size-large\"><img loading=\"lazy\" width=\"1024\" height=\"684\" src=\"https:\/\/www.camping-kersentic.com\/wp-content\/uploads\/2022\/08\/kersentic_sanitaires-camping-fouesnant-1024x684.jpg\" alt=\"\" class=\"wp-image-797\" srcset=\"https:\/\/www.camping-kersentic.com\/wp-content\/uploads\/2022\/08\/kersentic_sanitaires-camping-fouesnant-1024x684.jpg 1024w, https:\/\/www.camping-kersentic.com\/wp-content\/uploads\/2022\/08\/kersentic_sanitaires-camping-fouesnant-300x200.jpg 300w, https:\/\/www.camping-kersentic.com\/wp-content\/uploads\/2022\/08\/kersentic_sanitaires-camping-fouesnant-768x513.jpg 768w, https:\/\/www.camping-kersentic.com\/wp-content\/uploads\/2022\/08\/kersentic_sanitaires-camping-fouesnant.jpg 1200w\" sizes=\"(max-width: 1024px) 100vw, 1024px\" \/><\/figure>\n<\/div>\n\n\n\n<div class=\"wp-block-column\">\n<h2 id=\"sanitaires\">Sanitary facilities<\/h2>\n\n\n\n<p>In order to preserve your <strong>peace and quiet <\/strong>, you will be able to take advantage of a bathroom with <em>shower, washbasin, WC, PMR cabin, baby area with changing table and bathtub, sinks<\/em>, near the reception.<\/p>\n\n\n\n<p>Another sanitary block with toilets only is located near the pitches at the bottom of the campsite. Calmness assured.<\/p>\n\n\n\n<div class=\"wp-container-69de236bf1b43 wp-block-buttons\">\n<div class=\"wp-block-button is-style-outline\"><a class=\"wp-block-button__link\" href=\"https:\/\/www.camping-kersentic.com\/en\/services\/\"><i class=\"far fa-stars\"><\/i>  See the services of the campsite<\/a><\/div>\n<\/div>\n<\/div>\n<\/div>\n<\/div><\/section>\n","protected":false},"excerpt":{"rendered":"<p>Campsites in Finist\u00e8re with heated pool If you want a breath of fresh air for a weekend, a week or more, our large pitches will seduce you. In an exceptional environment where the vegetation and the flowers spread out as far as the eye can see, you will camp in a natural framework inviting you [&hellip;]<\/p>\n","protected":false},"author":1,"featured_media":7405,"parent":0,"menu_order":0,"comment_status":"closed","ping_status":"closed","template":"","meta":[],"acf":[],"yoast_head":"<!-- This site is optimized with the Yoast SEO plugin v19.9 - https:\/\/yoast.com\/wordpress\/plugins\/seo\/ -->\n<title>Pitches - Camping de Kersentic<\/title>\n<meta name=\"robots\" content=\"index, follow, max-snippet:-1, max-image-preview:large, max-video-preview:-1\" \/>\n<link rel=\"canonical\" href=\"https:\/\/www.camping-kersentic.com\/en\/locations\/\" \/>\n<meta property=\"og:locale\" content=\"en_US\" \/>\n<meta property=\"og:type\" content=\"article\" \/>\n<meta property=\"og:title\" content=\"Pitches - Camping de Kersentic\" \/>\n<meta property=\"og:description\" content=\"Campsites in Finist\u00e8re with heated pool If you want a breath of fresh air for a weekend, a week or more, our large pitches will seduce you. In an exceptional environment where the vegetation and the flowers spread out as far as the eye can see, you will camp in a natural framework inviting you [&hellip;]\" \/>\n<meta property=\"og:url\" content=\"https:\/\/www.camping-kersentic.com\/en\/locations\/\" \/>\n<meta property=\"og:site_name\" content=\"Camping de Kersentic\" \/>\n<meta property=\"article:publisher\" content=\"https:\/\/www.facebook.com\/campingdekersenticfouesnant\/\" \/>\n<meta property=\"article:modified_time\" content=\"2025-05-26T09:02:11+00:00\" \/>\n<meta property=\"og:image\" content=\"https:\/\/www.camping-kersentic.com\/wp-content\/uploads\/2025\/03\/cdd4c2ca-b000-425a-af2f-dead4579f5fa.jpg\" \/>\n\t<meta property=\"og:image:width\" content=\"1600\" \/>\n\t<meta property=\"og:image:height\" content=\"1201\" \/>\n\t<meta property=\"og:image:type\" content=\"image\/jpeg\" \/>\n<meta name=\"twitter:card\" content=\"summary_large_image\" \/>\n<meta name=\"twitter:label1\" content=\"Est. reading time\" \/>\n\t<meta name=\"twitter:data1\" content=\"2 minutes\" \/>\n<script type=\"application\/ld+json\" class=\"yoast-schema-graph\">{\"@context\":\"https:\/\/schema.org\",\"@graph\":[{\"@type\":\"WebPage\",\"@id\":\"https:\/\/www.camping-kersentic.com\/en\/locations\/\",\"url\":\"https:\/\/www.camping-kersentic.com\/en\/locations\/\",\"name\":\"Pitches - Camping de Kersentic\",\"isPartOf\":{\"@id\":\"https:\/\/www.camping-kersentic.com\/#website\"},\"datePublished\":\"2022-11-15T13:10:23+00:00\",\"dateModified\":\"2025-05-26T09:02:11+00:00\",\"breadcrumb\":{\"@id\":\"https:\/\/www.camping-kersentic.com\/en\/locations\/#breadcrumb\"},\"inLanguage\":\"en-US\",\"potentialAction\":[{\"@type\":\"ReadAction\",\"target\":[\"https:\/\/www.camping-kersentic.com\/en\/locations\/\"]}]},{\"@type\":\"BreadcrumbList\",\"@id\":\"https:\/\/www.camping-kersentic.com\/en\/locations\/#breadcrumb\",\"itemListElement\":[{\"@type\":\"ListItem\",\"position\":1,\"name\":\"Home\",\"item\":\"https:\/\/www.camping-kersentic.com\/en\/\"},{\"@type\":\"ListItem\",\"position\":2,\"name\":\"Pitches\"}]},{\"@type\":\"WebSite\",\"@id\":\"https:\/\/www.camping-kersentic.com\/#website\",\"url\":\"https:\/\/www.camping-kersentic.com\/\",\"name\":\"Camping de Kersentic\",\"description\":\"Camping Fouesnant 4 \u00e9toiles dans le Finist\u00e8re sud, locations de mobil-home, g\u00eetes, Coco Sweet, locations insolites, emplacements, piscine couverte et plage\",\"publisher\":{\"@id\":\"https:\/\/www.camping-kersentic.com\/#organization\"},\"potentialAction\":[{\"@type\":\"SearchAction\",\"target\":{\"@type\":\"EntryPoint\",\"urlTemplate\":\"https:\/\/www.camping-kersentic.com\/?s={search_term_string}\"},\"query-input\":\"required name=search_term_string\"}],\"inLanguage\":\"en-US\"},{\"@type\":\"Organization\",\"@id\":\"https:\/\/www.camping-kersentic.com\/#organization\",\"name\":\"Camping de Kersentic\",\"url\":\"https:\/\/www.camping-kersentic.com\/\",\"logo\":{\"@type\":\"ImageObject\",\"inLanguage\":\"en-US\",\"@id\":\"https:\/\/www.camping-kersentic.com\/#\/schema\/logo\/image\/\",\"url\":\"https:\/\/www.camping-kersentic.com\/wp-content\/uploads\/2025\/05\/LOGO2025_C.webp\",\"contentUrl\":\"https:\/\/www.camping-kersentic.com\/wp-content\/uploads\/2025\/05\/LOGO2025_C.webp\",\"width\":764,\"height\":325,\"caption\":\"Camping de Kersentic\"},\"image\":{\"@id\":\"https:\/\/www.camping-kersentic.com\/#\/schema\/logo\/image\/\"},\"sameAs\":[\"https:\/\/www.instagram.com\/campingdekersentic\/?hl=fr\",\"https:\/\/www.facebook.com\/campingdekersenticfouesnant\/\"]}]}<\/script>\n<!-- \/ Yoast SEO plugin. -->","yoast_head_json":{"title":"Pitches - Camping de Kersentic","robots":{"index":"index","follow":"follow","max-snippet":"max-snippet:-1","max-image-preview":"max-image-preview:large","max-video-preview":"max-video-preview:-1"},"canonical":"https:\/\/www.camping-kersentic.com\/en\/locations\/","og_locale":"en_US","og_type":"article","og_title":"Pitches - Camping de Kersentic","og_description":"Campsites in Finist\u00e8re with heated pool If you want a breath of fresh air for a weekend, a week or more, our large pitches will seduce you. In an exceptional environment where the vegetation and the flowers spread out as far as the eye can see, you will camp in a natural framework inviting you [&hellip;]","og_url":"https:\/\/www.camping-kersentic.com\/en\/locations\/","og_site_name":"Camping de Kersentic","article_publisher":"https:\/\/www.facebook.com\/campingdekersenticfouesnant\/","article_modified_time":"2025-05-26T09:02:11+00:00","og_image":[{"width":1600,"height":1201,"url":"https:\/\/www.camping-kersentic.com\/wp-content\/uploads\/2025\/03\/cdd4c2ca-b000-425a-af2f-dead4579f5fa.jpg","type":"image\/jpeg"}],"twitter_card":"summary_large_image","twitter_misc":{"Est. reading time":"2 minutes"},"schema":{"@context":"https:\/\/schema.org","@graph":[{"@type":"WebPage","@id":"https:\/\/www.camping-kersentic.com\/en\/locations\/","url":"https:\/\/www.camping-kersentic.com\/en\/locations\/","name":"Pitches - Camping de Kersentic","isPartOf":{"@id":"https:\/\/www.camping-kersentic.com\/#website"},"datePublished":"2022-11-15T13:10:23+00:00","dateModified":"2025-05-26T09:02:11+00:00","breadcrumb":{"@id":"https:\/\/www.camping-kersentic.com\/en\/locations\/#breadcrumb"},"inLanguage":"en-US","potentialAction":[{"@type":"ReadAction","target":["https:\/\/www.camping-kersentic.com\/en\/locations\/"]}]},{"@type":"BreadcrumbList","@id":"https:\/\/www.camping-kersentic.com\/en\/locations\/#breadcrumb","itemListElement":[{"@type":"ListItem","position":1,"name":"Home","item":"https:\/\/www.camping-kersentic.com\/en\/"},{"@type":"ListItem","position":2,"name":"Pitches"}]},{"@type":"WebSite","@id":"https:\/\/www.camping-kersentic.com\/#website","url":"https:\/\/www.camping-kersentic.com\/","name":"Camping de Kersentic","description":"Camping Fouesnant 4 \u00e9toiles dans le Finist\u00e8re sud, locations de mobil-home, g\u00eetes, Coco Sweet, locations insolites, emplacements, piscine couverte et plage","publisher":{"@id":"https:\/\/www.camping-kersentic.com\/#organization"},"potentialAction":[{"@type":"SearchAction","target":{"@type":"EntryPoint","urlTemplate":"https:\/\/www.camping-kersentic.com\/?s={search_term_string}"},"query-input":"required name=search_term_string"}],"inLanguage":"en-US"},{"@type":"Organization","@id":"https:\/\/www.camping-kersentic.com\/#organization","name":"Camping de Kersentic","url":"https:\/\/www.camping-kersentic.com\/","logo":{"@type":"ImageObject","inLanguage":"en-US","@id":"https:\/\/www.camping-kersentic.com\/#\/schema\/logo\/image\/","url":"https:\/\/www.camping-kersentic.com\/wp-content\/uploads\/2025\/05\/LOGO2025_C.webp","contentUrl":"https:\/\/www.camping-kersentic.com\/wp-content\/uploads\/2025\/05\/LOGO2025_C.webp","width":764,"height":325,"caption":"Camping de Kersentic"},"image":{"@id":"https:\/\/www.camping-kersentic.com\/#\/schema\/logo\/image\/"},"sameAs":["https:\/\/www.instagram.com\/campingdekersentic\/?hl=fr","https:\/\/www.facebook.com\/campingdekersenticfouesnant\/"]}]}},"_links":{"self":[{"href":"https:\/\/www.camping-kersentic.com\/en\/wp-json\/wp\/v2\/pages\/3736"}],"collection":[{"href":"https:\/\/www.camping-kersentic.com\/en\/wp-json\/wp\/v2\/pages"}],"about":[{"href":"https:\/\/www.camping-kersentic.com\/en\/wp-json\/wp\/v2\/types\/page"}],"author":[{"embeddable":true,"href":"https:\/\/www.camping-kersentic.com\/en\/wp-json\/wp\/v2\/users\/1"}],"replies":[{"embeddable":true,"href":"https:\/\/www.camping-kersentic.com\/en\/wp-json\/wp\/v2\/comments?post=3736"}],"version-history":[{"count":6,"href":"https:\/\/www.camping-kersentic.com\/en\/wp-json\/wp\/v2\/pages\/3736\/revisions"}],"predecessor-version":[{"id":7530,"href":"https:\/\/www.camping-kersentic.com\/en\/wp-json\/wp\/v2\/pages\/3736\/revisions\/7530"}],"wp:featuredmedia":[{"embeddable":true,"href":"https:\/\/www.camping-kersentic.com\/en\/wp-json\/wp\/v2\/media\/7405"}],"wp:attachment":[{"href":"https:\/\/www.camping-kersentic.com\/en\/wp-json\/wp\/v2\/media?parent=3736"}],"curies":[{"name":"wp","href":"https:\/\/api.w.org\/{rel}","templated":true}]}}