{"id":3754,"date":"2022-11-15T14:16:26","date_gmt":"2022-11-15T13:16:26","guid":{"rendered":"https:\/\/www.camping-kersentic.com\/rentals\/gites\/"},"modified":"2025-03-24T15:48:21","modified_gmt":"2025-03-24T14:48:21","slug":"gites","status":"publish","type":"page","link":"https:\/\/www.camping-kersentic.com\/en\/rentals\/gites\/","title":{"rendered":"G\u00eetes"},"content":{"rendered":"\n<figure class=\"wp-block-image alignfull size-full\"><img loading=\"lazy\" width=\"1920\" height=\"1282\" src=\"https:\/\/www.camping-kersentic.com\/wp-content\/uploads\/2022\/10\/Cap_Coz-6958-52-2.jpg\" alt=\"\" class=\"wp-image-2626\" srcset=\"https:\/\/www.camping-kersentic.com\/wp-content\/uploads\/2022\/10\/Cap_Coz-6958-52-2.jpg 1920w, https:\/\/www.camping-kersentic.com\/wp-content\/uploads\/2022\/10\/Cap_Coz-6958-52-2-300x200.jpg 300w, https:\/\/www.camping-kersentic.com\/wp-content\/uploads\/2022\/10\/Cap_Coz-6958-52-2-1024x684.jpg 1024w, https:\/\/www.camping-kersentic.com\/wp-content\/uploads\/2022\/10\/Cap_Coz-6958-52-2-768x513.jpg 768w, https:\/\/www.camping-kersentic.com\/wp-content\/uploads\/2022\/10\/Cap_Coz-6958-52-2-1536x1026.jpg 1536w\" sizes=\"(max-width: 1920px) 100vw, 1920px\" \/><\/figure>\n\n\n\n<section class=\"wp-container-69d1ce810aafd wp-block-group alignfull deco--vague has-jaune-clair-background-color has-background\"><div class=\"wp-block-group__inner-container\">\n<h1 class=\"has-text-align-center\" id=\"gites-tout-confort-dans-le-finistere\"><strong>Comfortable gites<\/strong> in Finist\u00e8re<\/h1>\n\n\n\n<p class=\"has-text-align-center\">You will love your comfortable gite with a fully equipped kitchen in the Kersentic campsite to spend your vacations in Brittany.<\/p>\n\n\n\n<p class=\"has-text-align-center\">Don&#8217;t wait any longer to book your stay!<\/p>\n\n\n\n<div class=\"wp-container-69d1ce810a7ee wp-block-buttons\">\n<div class=\"wp-block-button btn_resa_loc\"><a class=\"wp-block-button__link\"><i class=\"far fa-search\"><\/i>  Book your stay!<\/a><\/div>\n<\/div>\n<\/div><\/section>\n\n\n\n<section class=\"wp-container-69d1ce810bf7c wp-block-group K-15-a\"><div class=\"wp-block-group__inner-container\">\n<div class=\"wp-container-69d1ce810bc7f wp-block-group\">\n<div class=\"wp-container-69d1ce810b26c wp-block-group\"><div class=\"wp-block-group__inner-container\">\n<figure class=\"wp-block-image size-large\"><img loading=\"lazy\" width=\"1024\" height=\"768\" src=\"https:\/\/www.camping-kersentic.com\/wp-content\/uploads\/2025\/03\/20250304_155904-1024x768.jpg\" alt=\"\" class=\"wp-image-6175\" srcset=\"https:\/\/www.camping-kersentic.com\/wp-content\/uploads\/2025\/03\/20250304_155904-1024x768.jpg 1024w, https:\/\/www.camping-kersentic.com\/wp-content\/uploads\/2025\/03\/20250304_155904-300x225.jpg 300w, https:\/\/www.camping-kersentic.com\/wp-content\/uploads\/2025\/03\/20250304_155904-768x576.jpg 768w, https:\/\/www.camping-kersentic.com\/wp-content\/uploads\/2025\/03\/20250304_155904-1536x1152.jpg 1536w, https:\/\/www.camping-kersentic.com\/wp-content\/uploads\/2025\/03\/20250304_155904-2048x1536.jpg 2048w\" sizes=\"(max-width: 1024px) 100vw, 1024px\" \/><\/figure>\n\n\n\n<p class=\"h3\">The Cap-Coz<\/p>\n\n\n\n<p>2 to 4 persons<\/p>\n\n\n\n<div class=\"wp-container-69d1ce810af3f wp-block-buttons\">\n<div class=\"wp-block-button\"><a class=\"wp-block-button__link\" href=\"https:\/\/www.camping-kersentic.com\/en\/rentals\/gites\/cap-coz\/\">See more<\/a><\/div>\n<\/div>\n<\/div><\/div>\n\n\n\n<div class=\"wp-container-69d1ce810b967 wp-block-group\"><div class=\"wp-block-group__inner-container\">\n<figure class=\"wp-block-image size-full\"><img loading=\"lazy\" width=\"800\" height=\"600\" src=\"https:\/\/www.camping-kersentic.com\/wp-content\/uploads\/2022\/08\/kersentic_Salon-cottage-les-glean.jpg\" alt=\"\" class=\"wp-image-674\" srcset=\"https:\/\/www.camping-kersentic.com\/wp-content\/uploads\/2022\/08\/kersentic_Salon-cottage-les-glean.jpg 800w, https:\/\/www.camping-kersentic.com\/wp-content\/uploads\/2022\/08\/kersentic_Salon-cottage-les-glean-300x225.jpg 300w, https:\/\/www.camping-kersentic.com\/wp-content\/uploads\/2022\/08\/kersentic_Salon-cottage-les-glean-768x576.jpg 768w\" sizes=\"(max-width: 800px) 100vw, 800px\" \/><\/figure>\n\n\n\n<p class=\"h3\">The Gl\u00e9nan<\/p>\n\n\n\n<p>2 to 6 persons<\/p>\n\n\n\n<div class=\"wp-container-69d1ce810b64e wp-block-buttons\">\n<div class=\"wp-block-button\"><a class=\"wp-block-button__link\" href=\"https:\/\/www.camping-kersentic.com\/en\/rentals\/gites\/the-glenan\/\">See more<\/a><\/div>\n<\/div>\n<\/div><\/div>\n<\/div>\n<\/div><\/section>\n","protected":false},"excerpt":{"rendered":"<p>Comfortable gites in Finist\u00e8re You will love your comfortable gite with a fully equipped kitchen in the Kersentic campsite to spend your vacations in Brittany. Don&#8217;t wait any longer to book your stay! The Cap-Coz 2 to 4 persons The Gl\u00e9nan 2 to 6 persons<\/p>\n","protected":false},"author":1,"featured_media":0,"parent":3750,"menu_order":0,"comment_status":"closed","ping_status":"closed","template":"","meta":[],"acf":[],"yoast_head":"<!-- This site is optimized with the Yoast SEO plugin v19.9 - https:\/\/yoast.com\/wordpress\/plugins\/seo\/ -->\n<title>G\u00eetes - Camping de Kersentic<\/title>\n<meta name=\"robots\" content=\"index, follow, max-snippet:-1, max-image-preview:large, max-video-preview:-1\" \/>\n<link rel=\"canonical\" href=\"https:\/\/www.camping-kersentic.com\/en\/rentals\/gites\/\" \/>\n<meta property=\"og:locale\" content=\"en_US\" \/>\n<meta property=\"og:type\" content=\"article\" \/>\n<meta property=\"og:title\" content=\"G\u00eetes - Camping de Kersentic\" \/>\n<meta property=\"og:description\" content=\"Comfortable gites in Finist\u00e8re You will love your comfortable gite with a fully equipped kitchen in the Kersentic campsite to spend your vacations in Brittany. Don&#8217;t wait any longer to book your stay! The Cap-Coz 2 to 4 persons The Gl\u00e9nan 2 to 6 persons\" \/>\n<meta property=\"og:url\" content=\"https:\/\/www.camping-kersentic.com\/en\/rentals\/gites\/\" \/>\n<meta property=\"og:site_name\" content=\"Camping de Kersentic\" \/>\n<meta property=\"article:publisher\" content=\"https:\/\/www.facebook.com\/campingdekersenticfouesnant\/\" \/>\n<meta property=\"article:modified_time\" content=\"2025-03-24T14:48:21+00:00\" \/>\n<meta property=\"og:image\" content=\"https:\/\/www.camping-kersentic.com\/wp-content\/uploads\/2022\/10\/Cap_Coz-6958-52-2.jpg\" \/>\n<meta name=\"twitter:card\" content=\"summary_large_image\" \/>\n<script type=\"application\/ld+json\" class=\"yoast-schema-graph\">{\"@context\":\"https:\/\/schema.org\",\"@graph\":[{\"@type\":\"WebPage\",\"@id\":\"https:\/\/www.camping-kersentic.com\/en\/rentals\/gites\/\",\"url\":\"https:\/\/www.camping-kersentic.com\/en\/rentals\/gites\/\",\"name\":\"G\u00eetes - Camping de Kersentic\",\"isPartOf\":{\"@id\":\"https:\/\/www.camping-kersentic.com\/#website\"},\"datePublished\":\"2022-11-15T13:16:26+00:00\",\"dateModified\":\"2025-03-24T14:48:21+00:00\",\"breadcrumb\":{\"@id\":\"https:\/\/www.camping-kersentic.com\/en\/rentals\/gites\/#breadcrumb\"},\"inLanguage\":\"en-US\",\"potentialAction\":[{\"@type\":\"ReadAction\",\"target\":[\"https:\/\/www.camping-kersentic.com\/en\/rentals\/gites\/\"]}]},{\"@type\":\"BreadcrumbList\",\"@id\":\"https:\/\/www.camping-kersentic.com\/en\/rentals\/gites\/#breadcrumb\",\"itemListElement\":[{\"@type\":\"ListItem\",\"position\":1,\"name\":\"Home\",\"item\":\"https:\/\/www.camping-kersentic.com\/en\/\"},{\"@type\":\"ListItem\",\"position\":2,\"name\":\"Rentals\",\"item\":\"https:\/\/www.camping-kersentic.com\/en\/rentals\/\"},{\"@type\":\"ListItem\",\"position\":3,\"name\":\"G\u00eetes\"}]},{\"@type\":\"WebSite\",\"@id\":\"https:\/\/www.camping-kersentic.com\/#website\",\"url\":\"https:\/\/www.camping-kersentic.com\/\",\"name\":\"Camping de Kersentic\",\"description\":\"Camping Fouesnant 4 \u00e9toiles dans le Finist\u00e8re sud, locations de mobil-home, g\u00eetes, Coco Sweet, locations insolites, emplacements, piscine couverte et plage\",\"publisher\":{\"@id\":\"https:\/\/www.camping-kersentic.com\/#organization\"},\"potentialAction\":[{\"@type\":\"SearchAction\",\"target\":{\"@type\":\"EntryPoint\",\"urlTemplate\":\"https:\/\/www.camping-kersentic.com\/?s={search_term_string}\"},\"query-input\":\"required name=search_term_string\"}],\"inLanguage\":\"en-US\"},{\"@type\":\"Organization\",\"@id\":\"https:\/\/www.camping-kersentic.com\/#organization\",\"name\":\"Camping de Kersentic\",\"url\":\"https:\/\/www.camping-kersentic.com\/\",\"logo\":{\"@type\":\"ImageObject\",\"inLanguage\":\"en-US\",\"@id\":\"https:\/\/www.camping-kersentic.com\/#\/schema\/logo\/image\/\",\"url\":\"https:\/\/www.camping-kersentic.com\/wp-content\/uploads\/2025\/05\/LOGO2025_C.webp\",\"contentUrl\":\"https:\/\/www.camping-kersentic.com\/wp-content\/uploads\/2025\/05\/LOGO2025_C.webp\",\"width\":764,\"height\":325,\"caption\":\"Camping de Kersentic\"},\"image\":{\"@id\":\"https:\/\/www.camping-kersentic.com\/#\/schema\/logo\/image\/\"},\"sameAs\":[\"https:\/\/www.instagram.com\/campingdekersentic\/?hl=fr\",\"https:\/\/www.facebook.com\/campingdekersenticfouesnant\/\"]}]}<\/script>\n<!-- \/ Yoast SEO plugin. -->","yoast_head_json":{"title":"G\u00eetes - Camping de Kersentic","robots":{"index":"index","follow":"follow","max-snippet":"max-snippet:-1","max-image-preview":"max-image-preview:large","max-video-preview":"max-video-preview:-1"},"canonical":"https:\/\/www.camping-kersentic.com\/en\/rentals\/gites\/","og_locale":"en_US","og_type":"article","og_title":"G\u00eetes - Camping de Kersentic","og_description":"Comfortable gites in Finist\u00e8re You will love your comfortable gite with a fully equipped kitchen in the Kersentic campsite to spend your vacations in Brittany. Don&#8217;t wait any longer to book your stay! The Cap-Coz 2 to 4 persons The Gl\u00e9nan 2 to 6 persons","og_url":"https:\/\/www.camping-kersentic.com\/en\/rentals\/gites\/","og_site_name":"Camping de Kersentic","article_publisher":"https:\/\/www.facebook.com\/campingdekersenticfouesnant\/","article_modified_time":"2025-03-24T14:48:21+00:00","og_image":[{"url":"https:\/\/www.camping-kersentic.com\/wp-content\/uploads\/2022\/10\/Cap_Coz-6958-52-2.jpg"}],"twitter_card":"summary_large_image","schema":{"@context":"https:\/\/schema.org","@graph":[{"@type":"WebPage","@id":"https:\/\/www.camping-kersentic.com\/en\/rentals\/gites\/","url":"https:\/\/www.camping-kersentic.com\/en\/rentals\/gites\/","name":"G\u00eetes - Camping de Kersentic","isPartOf":{"@id":"https:\/\/www.camping-kersentic.com\/#website"},"datePublished":"2022-11-15T13:16:26+00:00","dateModified":"2025-03-24T14:48:21+00:00","breadcrumb":{"@id":"https:\/\/www.camping-kersentic.com\/en\/rentals\/gites\/#breadcrumb"},"inLanguage":"en-US","potentialAction":[{"@type":"ReadAction","target":["https:\/\/www.camping-kersentic.com\/en\/rentals\/gites\/"]}]},{"@type":"BreadcrumbList","@id":"https:\/\/www.camping-kersentic.com\/en\/rentals\/gites\/#breadcrumb","itemListElement":[{"@type":"ListItem","position":1,"name":"Home","item":"https:\/\/www.camping-kersentic.com\/en\/"},{"@type":"ListItem","position":2,"name":"Rentals","item":"https:\/\/www.camping-kersentic.com\/en\/rentals\/"},{"@type":"ListItem","position":3,"name":"G\u00eetes"}]},{"@type":"WebSite","@id":"https:\/\/www.camping-kersentic.com\/#website","url":"https:\/\/www.camping-kersentic.com\/","name":"Camping de Kersentic","description":"Camping Fouesnant 4 \u00e9toiles dans le Finist\u00e8re sud, locations de mobil-home, g\u00eetes, Coco Sweet, locations insolites, emplacements, piscine couverte et plage","publisher":{"@id":"https:\/\/www.camping-kersentic.com\/#organization"},"potentialAction":[{"@type":"SearchAction","target":{"@type":"EntryPoint","urlTemplate":"https:\/\/www.camping-kersentic.com\/?s={search_term_string}"},"query-input":"required name=search_term_string"}],"inLanguage":"en-US"},{"@type":"Organization","@id":"https:\/\/www.camping-kersentic.com\/#organization","name":"Camping de Kersentic","url":"https:\/\/www.camping-kersentic.com\/","logo":{"@type":"ImageObject","inLanguage":"en-US","@id":"https:\/\/www.camping-kersentic.com\/#\/schema\/logo\/image\/","url":"https:\/\/www.camping-kersentic.com\/wp-content\/uploads\/2025\/05\/LOGO2025_C.webp","contentUrl":"https:\/\/www.camping-kersentic.com\/wp-content\/uploads\/2025\/05\/LOGO2025_C.webp","width":764,"height":325,"caption":"Camping de Kersentic"},"image":{"@id":"https:\/\/www.camping-kersentic.com\/#\/schema\/logo\/image\/"},"sameAs":["https:\/\/www.instagram.com\/campingdekersentic\/?hl=fr","https:\/\/www.facebook.com\/campingdekersenticfouesnant\/"]}]}},"_links":{"self":[{"href":"https:\/\/www.camping-kersentic.com\/en\/wp-json\/wp\/v2\/pages\/3754"}],"collection":[{"href":"https:\/\/www.camping-kersentic.com\/en\/wp-json\/wp\/v2\/pages"}],"about":[{"href":"https:\/\/www.camping-kersentic.com\/en\/wp-json\/wp\/v2\/types\/page"}],"author":[{"embeddable":true,"href":"https:\/\/www.camping-kersentic.com\/en\/wp-json\/wp\/v2\/users\/1"}],"replies":[{"embeddable":true,"href":"https:\/\/www.camping-kersentic.com\/en\/wp-json\/wp\/v2\/comments?post=3754"}],"version-history":[{"count":3,"href":"https:\/\/www.camping-kersentic.com\/en\/wp-json\/wp\/v2\/pages\/3754\/revisions"}],"predecessor-version":[{"id":7184,"href":"https:\/\/www.camping-kersentic.com\/en\/wp-json\/wp\/v2\/pages\/3754\/revisions\/7184"}],"up":[{"embeddable":true,"href":"https:\/\/www.camping-kersentic.com\/en\/wp-json\/wp\/v2\/pages\/3750"}],"wp:attachment":[{"href":"https:\/\/www.camping-kersentic.com\/en\/wp-json\/wp\/v2\/media?parent=3754"}],"curies":[{"name":"wp","href":"https:\/\/api.w.org\/{rel}","templated":true}]}}