{"id":3762,"date":"2022-11-15T14:17:45","date_gmt":"2022-11-15T13:17:45","guid":{"rendered":"https:\/\/www.camping-kersentic.com\/rentals\/gites\/the-glenan\/"},"modified":"2025-03-24T16:20:56","modified_gmt":"2025-03-24T15:20:56","slug":"the-glenan","status":"publish","type":"page","link":"https:\/\/www.camping-kersentic.com\/en\/rentals\/gites\/the-glenan\/","title":{"rendered":"The Glenan"},"content":{"rendered":"\n<figure class=\"wp-block-image alignfull size-full\"><img loading=\"lazy\" width=\"1920\" height=\"900\" src=\"https:\/\/www.camping-kersentic.com\/wp-content\/uploads\/2022\/08\/kersentic_glenan-2021-1.jpg\" alt=\"\" class=\"wp-image-739\" srcset=\"https:\/\/www.camping-kersentic.com\/wp-content\/uploads\/2022\/08\/kersentic_glenan-2021-1.jpg 1920w, https:\/\/www.camping-kersentic.com\/wp-content\/uploads\/2022\/08\/kersentic_glenan-2021-1-300x141.jpg 300w, https:\/\/www.camping-kersentic.com\/wp-content\/uploads\/2022\/08\/kersentic_glenan-2021-1-1024x480.jpg 1024w, https:\/\/www.camping-kersentic.com\/wp-content\/uploads\/2022\/08\/kersentic_glenan-2021-1-768x360.jpg 768w, https:\/\/www.camping-kersentic.com\/wp-content\/uploads\/2022\/08\/kersentic_glenan-2021-1-1536x720.jpg 1536w\" sizes=\"(max-width: 1920px) 100vw, 1920px\" \/><\/figure>\n\n\n\n<section class=\"wp-container-69e8869f685bd wp-block-group alignfull deco--vague has-bleu-clair-background-color has-background\"><div class=\"wp-block-group__inner-container\">\n<div class=\"wp-block-columns\">\n<div class=\"wp-block-column galerie_3\">\n<figure class=\"wp-block-gallery has-nested-images columns-2 is-cropped\">\n<figure class=\"wp-block-image size-large\"><img loading=\"lazy\" width=\"800\" height=\"600\" src=\"https:\/\/www.camping-kersentic.com\/wp-content\/uploads\/2022\/08\/kersentic_Salon-cottage-les-glean-1.jpg\" alt=\"\" class=\"wp-image-760\" srcset=\"https:\/\/www.camping-kersentic.com\/wp-content\/uploads\/2022\/08\/kersentic_Salon-cottage-les-glean-1.jpg 800w, https:\/\/www.camping-kersentic.com\/wp-content\/uploads\/2022\/08\/kersentic_Salon-cottage-les-glean-1-300x225.jpg 300w, https:\/\/www.camping-kersentic.com\/wp-content\/uploads\/2022\/08\/kersentic_Salon-cottage-les-glean-1-768x576.jpg 768w\" sizes=\"(max-width: 800px) 100vw, 800px\" \/><\/figure>\n\n\n\n<figure class=\"wp-block-image size-large\"><img loading=\"lazy\" width=\"1024\" height=\"517\" src=\"https:\/\/www.camping-kersentic.com\/wp-content\/uploads\/2022\/08\/kersentic_glenan-33-1024x517.jpg\" alt=\"\" class=\"wp-image-757\" srcset=\"https:\/\/www.camping-kersentic.com\/wp-content\/uploads\/2022\/08\/kersentic_glenan-33-1024x517.jpg 1024w, https:\/\/www.camping-kersentic.com\/wp-content\/uploads\/2022\/08\/kersentic_glenan-33-300x152.jpg 300w, https:\/\/www.camping-kersentic.com\/wp-content\/uploads\/2022\/08\/kersentic_glenan-33-768x388.jpg 768w, https:\/\/www.camping-kersentic.com\/wp-content\/uploads\/2022\/08\/kersentic_glenan-33-1536x776.jpg 1536w, https:\/\/www.camping-kersentic.com\/wp-content\/uploads\/2022\/08\/kersentic_glenan-33.jpg 1920w\" sizes=\"(max-width: 1024px) 100vw, 1024px\" \/><\/figure>\n\n\n\n<figure class=\"wp-block-image size-large\"><img loading=\"lazy\" width=\"1024\" height=\"517\" src=\"https:\/\/www.camping-kersentic.com\/wp-content\/uploads\/2022\/08\/kersentic_glenan-22-1024x517.jpg\" alt=\"\" class=\"wp-image-754\" srcset=\"https:\/\/www.camping-kersentic.com\/wp-content\/uploads\/2022\/08\/kersentic_glenan-22-1024x517.jpg 1024w, https:\/\/www.camping-kersentic.com\/wp-content\/uploads\/2022\/08\/kersentic_glenan-22-300x152.jpg 300w, https:\/\/www.camping-kersentic.com\/wp-content\/uploads\/2022\/08\/kersentic_glenan-22-768x388.jpg 768w, https:\/\/www.camping-kersentic.com\/wp-content\/uploads\/2022\/08\/kersentic_glenan-22-1536x776.jpg 1536w, https:\/\/www.camping-kersentic.com\/wp-content\/uploads\/2022\/08\/kersentic_glenan-22.jpg 1920w\" sizes=\"(max-width: 1024px) 100vw, 1024px\" \/><\/figure>\n<\/figure>\n\n\n\n<div class=\"wp-container-69e8869f66f8f wp-block-buttons\">\n<div class=\"wp-block-button btn_galerie\"><a class=\"wp-block-button__link\" href=\"https:\/\/www.camping-kersentic.com\/en\/galerie-photos\/\"><i class=\"far fa-images\"><\/i>  Photo gallery<\/a><\/div>\n<\/div>\n<\/div>\n\n\n\n<div class=\"wp-block-column\" style=\"flex-basis:37%\">\n<h2 id=\"optez-pour-le-coco-sweet\">Book your cottage in Finist\u00e8re<\/h2>\n\n\n\n<p class=\"h3 has-bleu-color has-text-color\">Enjoy your stay in your comfortable cottage<\/p>\n\n\n\r\n<ul class=\"fc-blocks--picto col-1 gauche\">\r\n\r\n    \r\n        <li>\r\n            <i class=\"far fa-bed-front\"><\/i>\r\n            <p>1 bed in 160&#215;200, 2 beds in 90&#215;190<\/p>\n        <\/li>\r\n\r\n    \r\n        <li>\r\n            <i class=\"far fa-utensils\"><\/i>\r\n            <p>Kitchen : fridge freezer, dishwasher, induction cooker, coffee maker, kettle, microwave, dishes<\/p>\n        <\/li>\r\n\r\n    \r\n        <li>\r\n            <i class=\"far fa-blanket\"><\/i>\r\n            <p>Sheets: not provided, possibility of renting<\/p>\n        <\/li>\r\n\r\n    \r\n        <li>\r\n            <i class=\"far fa-bed\"><\/i>\r\n            <p>Comforters and pillows : provided<\/p>\n        <\/li>\r\n\r\n    \r\n        <li>\r\n            <i class=\"far fa-dog\"><\/i>\r\n            <p>Animals not accepted<\/p>\n        <\/li>\r\n\r\n    \r\n        <li>\r\n            <i class=\"far fa-tv\"><\/i>\r\n            <p>TV included<\/p>\n        <\/li>\r\n\r\n    \r\n<\/ul>\r\n\r\n\n\n\n<div class=\"wp-container-69e8869f682be wp-block-buttons\">\n<div class=\"wp-block-button btn_resa_84356\"><a class=\"wp-block-button__link\"><i class=\"far fa-search\"><\/i>  Reserve quickly!<\/a><\/div>\n<\/div>\n<\/div>\n<\/div>\n<\/div><\/section>\n\n\n\n<section class=\"wp-container-69e8869f69581 wp-block-group\"><div class=\"wp-block-group__inner-container\">\n<div class=\"wp-block-columns is-not-stacked-on-mobile\">\n<div class=\"wp-block-column\">\n<section class=\"wp-container-69e8869f68ec3 wp-block-group\"><div class=\"wp-block-group__inner-container\">\n<h2 class=\"has-text-align-center\" id=\"infos-pratiques\">Practical information<\/h2>\n\n\n\n<div class=\"wp-block-group encart-information\"><div class=\"wp-block-group__inner-container\">\r\n<ul class=\"fc-blocks--picto col-2 gauche\">\r\n\r\n    \r\n        <li>\r\n            <i class=\"far fa-dog\"><\/i>\r\n            <p>Animals : not accepted<\/p>\n        <\/li>\r\n\r\n    \r\n        <li>\r\n            <i class=\"far fa-clock\"><\/i>\r\n            <p>Arrival from 4pm &#8211; Departure before 10am<\/p>\n        <\/li>\r\n\r\n    \r\n        <li>\r\n            <i class=\"far fa-blanket\"><\/i>\r\n            <p>Possibility to rent disposable sheets : 12 \u20ac \/ bed<\/p>\n        <\/li>\r\n\r\n    \r\n        <li>\r\n            <i class=\"far fa-shower\"><\/i>\r\n            <p>Rental of a towel kit at 8 euros \/ person<\/p>\n        <\/li>\r\n\r\n    \r\n        <li>\r\n            <i class=\"far fa-credit-card\"><\/i>\r\n            <p>Gite deposit : 500 \u20ac Cleaning deposit : 80 \u20ac.<\/p>\n        <\/li>\r\n\r\n    \r\n        <li>\r\n            <i class=\"far fa-circle-info\"><\/i>\r\n            <p>Our prices do not include :<br \/>\nTourist taxes, file fees (15 \u20ac),<br \/>\nvisitors or additional people,<br \/>\nwifi.<\/p>\n        <\/li>\r\n\r\n    \r\n<\/ul>\r\n\r\n<\/div><\/div>\n<\/div><\/section>\n<\/div>\n\n\n\n<div class=\"wp-block-column\"><ctv-availability data-product-id=\"84356\" data-background-color=\"#FFFFFFFF\" ><\/ctv-availability>\n\n\n\n<div class=\"wp-container-69e8869f6920b wp-block-buttons\">\n<div class=\"wp-block-button is-style-fill\"><a class=\"wp-block-button__link\"><i class=\"far fa-search\"><\/i> Our other accommodations<\/a><\/div>\n<\/div>\n<\/div>\n<\/div>\n<\/div><\/section>\n","protected":false},"excerpt":{"rendered":"<p>Book your cottage in Finist\u00e8re Enjoy your stay in your comfortable cottage Practical information<\/p>\n","protected":false},"author":1,"featured_media":2619,"parent":3754,"menu_order":0,"comment_status":"closed","ping_status":"closed","template":"","meta":[],"acf":[],"yoast_head":"<!-- This site is optimized with the Yoast SEO plugin v19.9 - https:\/\/yoast.com\/wordpress\/plugins\/seo\/ -->\n<title>The Glenan - Camping de Kersentic<\/title>\n<meta name=\"robots\" content=\"index, follow, max-snippet:-1, max-image-preview:large, max-video-preview:-1\" \/>\n<link rel=\"canonical\" href=\"https:\/\/www.camping-kersentic.com\/en\/rentals\/gites\/the-glenan\/\" \/>\n<meta property=\"og:locale\" content=\"en_US\" \/>\n<meta property=\"og:type\" content=\"article\" \/>\n<meta property=\"og:title\" content=\"The Glenan - Camping de Kersentic\" \/>\n<meta property=\"og:description\" content=\"Book your cottage in Finist\u00e8re Enjoy your stay in your comfortable cottage Practical information\" \/>\n<meta property=\"og:url\" content=\"https:\/\/www.camping-kersentic.com\/en\/rentals\/gites\/the-glenan\/\" \/>\n<meta property=\"og:site_name\" content=\"Camping de Kersentic\" \/>\n<meta property=\"article:publisher\" content=\"https:\/\/www.facebook.com\/campingdekersenticfouesnant\/\" \/>\n<meta property=\"article:modified_time\" content=\"2025-03-24T15:20:56+00:00\" \/>\n<meta property=\"og:image\" content=\"https:\/\/www.camping-kersentic.com\/wp-content\/uploads\/2022\/10\/E2C69D35-7A78-4991-A3B1-BC67A63BED3C_1_105_c.jpeg\" \/>\n\t<meta property=\"og:image:width\" content=\"1024\" \/>\n\t<meta property=\"og:image:height\" content=\"768\" \/>\n\t<meta property=\"og:image:type\" content=\"image\/jpeg\" \/>\n<meta name=\"twitter:card\" content=\"summary_large_image\" \/>\n<script type=\"application\/ld+json\" class=\"yoast-schema-graph\">{\"@context\":\"https:\/\/schema.org\",\"@graph\":[{\"@type\":\"WebPage\",\"@id\":\"https:\/\/www.camping-kersentic.com\/en\/rentals\/gites\/the-glenan\/\",\"url\":\"https:\/\/www.camping-kersentic.com\/en\/rentals\/gites\/the-glenan\/\",\"name\":\"The Glenan - Camping de Kersentic\",\"isPartOf\":{\"@id\":\"https:\/\/www.camping-kersentic.com\/#website\"},\"datePublished\":\"2022-11-15T13:17:45+00:00\",\"dateModified\":\"2025-03-24T15:20:56+00:00\",\"breadcrumb\":{\"@id\":\"https:\/\/www.camping-kersentic.com\/en\/rentals\/gites\/the-glenan\/#breadcrumb\"},\"inLanguage\":\"en-US\",\"potentialAction\":[{\"@type\":\"ReadAction\",\"target\":[\"https:\/\/www.camping-kersentic.com\/en\/rentals\/gites\/the-glenan\/\"]}]},{\"@type\":\"BreadcrumbList\",\"@id\":\"https:\/\/www.camping-kersentic.com\/en\/rentals\/gites\/the-glenan\/#breadcrumb\",\"itemListElement\":[{\"@type\":\"ListItem\",\"position\":1,\"name\":\"Home\",\"item\":\"https:\/\/www.camping-kersentic.com\/en\/\"},{\"@type\":\"ListItem\",\"position\":2,\"name\":\"Rentals\",\"item\":\"https:\/\/www.camping-kersentic.com\/en\/rentals\/\"},{\"@type\":\"ListItem\",\"position\":3,\"name\":\"G\u00eetes\",\"item\":\"https:\/\/www.camping-kersentic.com\/en\/rentals\/gites\/\"},{\"@type\":\"ListItem\",\"position\":4,\"name\":\"The Glenan\"}]},{\"@type\":\"WebSite\",\"@id\":\"https:\/\/www.camping-kersentic.com\/#website\",\"url\":\"https:\/\/www.camping-kersentic.com\/\",\"name\":\"Camping de Kersentic\",\"description\":\"Camping Fouesnant 4 \u00e9toiles dans le Finist\u00e8re sud, locations de mobil-home, g\u00eetes, Coco Sweet, locations insolites, emplacements, piscine couverte et plage\",\"publisher\":{\"@id\":\"https:\/\/www.camping-kersentic.com\/#organization\"},\"potentialAction\":[{\"@type\":\"SearchAction\",\"target\":{\"@type\":\"EntryPoint\",\"urlTemplate\":\"https:\/\/www.camping-kersentic.com\/?s={search_term_string}\"},\"query-input\":\"required name=search_term_string\"}],\"inLanguage\":\"en-US\"},{\"@type\":\"Organization\",\"@id\":\"https:\/\/www.camping-kersentic.com\/#organization\",\"name\":\"Camping de Kersentic\",\"url\":\"https:\/\/www.camping-kersentic.com\/\",\"logo\":{\"@type\":\"ImageObject\",\"inLanguage\":\"en-US\",\"@id\":\"https:\/\/www.camping-kersentic.com\/#\/schema\/logo\/image\/\",\"url\":\"https:\/\/www.camping-kersentic.com\/wp-content\/uploads\/2025\/05\/LOGO2025_C.webp\",\"contentUrl\":\"https:\/\/www.camping-kersentic.com\/wp-content\/uploads\/2025\/05\/LOGO2025_C.webp\",\"width\":764,\"height\":325,\"caption\":\"Camping de Kersentic\"},\"image\":{\"@id\":\"https:\/\/www.camping-kersentic.com\/#\/schema\/logo\/image\/\"},\"sameAs\":[\"https:\/\/www.instagram.com\/campingdekersentic\/?hl=fr\",\"https:\/\/www.facebook.com\/campingdekersenticfouesnant\/\"]}]}<\/script>\n<!-- \/ Yoast SEO plugin. -->","yoast_head_json":{"title":"The Glenan - Camping de Kersentic","robots":{"index":"index","follow":"follow","max-snippet":"max-snippet:-1","max-image-preview":"max-image-preview:large","max-video-preview":"max-video-preview:-1"},"canonical":"https:\/\/www.camping-kersentic.com\/en\/rentals\/gites\/the-glenan\/","og_locale":"en_US","og_type":"article","og_title":"The Glenan - Camping de Kersentic","og_description":"Book your cottage in Finist\u00e8re Enjoy your stay in your comfortable cottage Practical information","og_url":"https:\/\/www.camping-kersentic.com\/en\/rentals\/gites\/the-glenan\/","og_site_name":"Camping de Kersentic","article_publisher":"https:\/\/www.facebook.com\/campingdekersenticfouesnant\/","article_modified_time":"2025-03-24T15:20:56+00:00","og_image":[{"width":1024,"height":768,"url":"https:\/\/www.camping-kersentic.com\/wp-content\/uploads\/2022\/10\/E2C69D35-7A78-4991-A3B1-BC67A63BED3C_1_105_c.jpeg","type":"image\/jpeg"}],"twitter_card":"summary_large_image","schema":{"@context":"https:\/\/schema.org","@graph":[{"@type":"WebPage","@id":"https:\/\/www.camping-kersentic.com\/en\/rentals\/gites\/the-glenan\/","url":"https:\/\/www.camping-kersentic.com\/en\/rentals\/gites\/the-glenan\/","name":"The Glenan - Camping de Kersentic","isPartOf":{"@id":"https:\/\/www.camping-kersentic.com\/#website"},"datePublished":"2022-11-15T13:17:45+00:00","dateModified":"2025-03-24T15:20:56+00:00","breadcrumb":{"@id":"https:\/\/www.camping-kersentic.com\/en\/rentals\/gites\/the-glenan\/#breadcrumb"},"inLanguage":"en-US","potentialAction":[{"@type":"ReadAction","target":["https:\/\/www.camping-kersentic.com\/en\/rentals\/gites\/the-glenan\/"]}]},{"@type":"BreadcrumbList","@id":"https:\/\/www.camping-kersentic.com\/en\/rentals\/gites\/the-glenan\/#breadcrumb","itemListElement":[{"@type":"ListItem","position":1,"name":"Home","item":"https:\/\/www.camping-kersentic.com\/en\/"},{"@type":"ListItem","position":2,"name":"Rentals","item":"https:\/\/www.camping-kersentic.com\/en\/rentals\/"},{"@type":"ListItem","position":3,"name":"G\u00eetes","item":"https:\/\/www.camping-kersentic.com\/en\/rentals\/gites\/"},{"@type":"ListItem","position":4,"name":"The Glenan"}]},{"@type":"WebSite","@id":"https:\/\/www.camping-kersentic.com\/#website","url":"https:\/\/www.camping-kersentic.com\/","name":"Camping de Kersentic","description":"Camping Fouesnant 4 \u00e9toiles dans le Finist\u00e8re sud, locations de mobil-home, g\u00eetes, Coco Sweet, locations insolites, emplacements, piscine couverte et plage","publisher":{"@id":"https:\/\/www.camping-kersentic.com\/#organization"},"potentialAction":[{"@type":"SearchAction","target":{"@type":"EntryPoint","urlTemplate":"https:\/\/www.camping-kersentic.com\/?s={search_term_string}"},"query-input":"required name=search_term_string"}],"inLanguage":"en-US"},{"@type":"Organization","@id":"https:\/\/www.camping-kersentic.com\/#organization","name":"Camping de Kersentic","url":"https:\/\/www.camping-kersentic.com\/","logo":{"@type":"ImageObject","inLanguage":"en-US","@id":"https:\/\/www.camping-kersentic.com\/#\/schema\/logo\/image\/","url":"https:\/\/www.camping-kersentic.com\/wp-content\/uploads\/2025\/05\/LOGO2025_C.webp","contentUrl":"https:\/\/www.camping-kersentic.com\/wp-content\/uploads\/2025\/05\/LOGO2025_C.webp","width":764,"height":325,"caption":"Camping de Kersentic"},"image":{"@id":"https:\/\/www.camping-kersentic.com\/#\/schema\/logo\/image\/"},"sameAs":["https:\/\/www.instagram.com\/campingdekersentic\/?hl=fr","https:\/\/www.facebook.com\/campingdekersenticfouesnant\/"]}]}},"_links":{"self":[{"href":"https:\/\/www.camping-kersentic.com\/en\/wp-json\/wp\/v2\/pages\/3762"}],"collection":[{"href":"https:\/\/www.camping-kersentic.com\/en\/wp-json\/wp\/v2\/pages"}],"about":[{"href":"https:\/\/www.camping-kersentic.com\/en\/wp-json\/wp\/v2\/types\/page"}],"author":[{"embeddable":true,"href":"https:\/\/www.camping-kersentic.com\/en\/wp-json\/wp\/v2\/users\/1"}],"replies":[{"embeddable":true,"href":"https:\/\/www.camping-kersentic.com\/en\/wp-json\/wp\/v2\/comments?post=3762"}],"version-history":[{"count":3,"href":"https:\/\/www.camping-kersentic.com\/en\/wp-json\/wp\/v2\/pages\/3762\/revisions"}],"predecessor-version":[{"id":7192,"href":"https:\/\/www.camping-kersentic.com\/en\/wp-json\/wp\/v2\/pages\/3762\/revisions\/7192"}],"up":[{"embeddable":true,"href":"https:\/\/www.camping-kersentic.com\/en\/wp-json\/wp\/v2\/pages\/3754"}],"wp:featuredmedia":[{"embeddable":true,"href":"https:\/\/www.camping-kersentic.com\/en\/wp-json\/wp\/v2\/media\/2619"}],"wp:attachment":[{"href":"https:\/\/www.camping-kersentic.com\/en\/wp-json\/wp\/v2\/media?parent=3762"}],"curies":[{"name":"wp","href":"https:\/\/api.w.org\/{rel}","templated":true}]}}