{"id":3790,"date":"2022-11-15T14:35:09","date_gmt":"2022-11-15T13:35:09","guid":{"rendered":"https:\/\/www.camping-kersentic.com\/owner\/"},"modified":"2025-03-26T09:30:19","modified_gmt":"2025-03-26T08:30:19","slug":"owner","status":"publish","type":"page","link":"https:\/\/www.camping-kersentic.com\/en\/owner\/","title":{"rendered":"Owner"},"content":{"rendered":"\n<figure class=\"wp-block-image alignfull size-large is-style-default\"><img loading=\"lazy\" width=\"1024\" height=\"461\" src=\"https:\/\/www.camping-kersentic.com\/wp-content\/uploads\/2022\/10\/IMG_20220712_213409-1-1024x461.jpg\" alt=\"Beach close to the campsite in Brittany Kersentic\" class=\"wp-image-2963\" srcset=\"https:\/\/www.camping-kersentic.com\/wp-content\/uploads\/2022\/10\/IMG_20220712_213409-1-1024x461.jpg 1024w, https:\/\/www.camping-kersentic.com\/wp-content\/uploads\/2022\/10\/IMG_20220712_213409-1-300x135.jpg 300w, https:\/\/www.camping-kersentic.com\/wp-content\/uploads\/2022\/10\/IMG_20220712_213409-1-768x346.jpg 768w, https:\/\/www.camping-kersentic.com\/wp-content\/uploads\/2022\/10\/IMG_20220712_213409-1-1536x691.jpg 1536w, https:\/\/www.camping-kersentic.com\/wp-content\/uploads\/2022\/10\/IMG_20220712_213409-1-2048x922.jpg 2048w\" sizes=\"(max-width: 1024px) 100vw, 1024px\" \/><\/figure>\n\n<section class=\"wp-container-6a02b7830a028 wp-block-group alignfull deco--vague\"><div class=\"wp-block-group__inner-container\">\n<h1 class=\"has-text-align-center\" id=\"devenez-proprietaire\">Become an owner<\/h1>\n\n\n\n<div class=\"wp-block-group encart-citation\"><div class=\"wp-block-group__inner-container\">\n<p class=\"has-text-align-center\">Would you like to visit <strong>South Finist\u00e8re by the sea<\/strong> more often?<\/p>\n<\/div><\/div>\n\n\n\n<p class=\"has-text-align-center\"><a href=\"https:\/\/www.camping-kersentic.com\/en\/\">Camping de Kersentic in Fouesnant<\/a> offers you the chance to make the most of your free time by <strong>owning your own outdoor vacation home<\/strong>.<\/p>\n\n\n\n<p class=\"has-text-align-center\">We will be pleased to inform you at 02.98.56.08.66 and to accompany you in your project<\/p>\n\n\n\n<div class=\"wp-container-6a02b78309d9e wp-block-buttons\">\n<div class=\"wp-block-button\"><a class=\"wp-block-button__link\" href=\"tel:0298560866\"><i class=\"far fa-phone\"><\/i>  Contact us<\/a><\/div>\n<\/div>\n<\/div><\/section>\n\n<div class=\"wp-block-columns alignfull deco--vague has-jaune-clair-background-color has-background\">\n<div class=\"wp-block-column is-vertically-aligned-center\" style=\"flex-basis:48%\">\n<h2 id=\"6-mois-de-vacances\">6 months of vacations!<\/h2>\n\n\n\n<p>It&#8217;s not a dream, it&#8217;s a reality!<\/p>\n\n\n\n<p>No more bags or suitcases to pack to leave! Nothing to think about but enjoying. This is what awaits you when you become an owner at the Kersentic campsite. The good life is yours!<\/p>\n<\/div>\n\n\n\n<div class=\"wp-block-column galerie_2\">\n<figure class=\"wp-block-gallery has-nested-images columns-default is-cropped\">\n<figure class=\"wp-block-image size-large\"><img loading=\"lazy\" width=\"1024\" height=\"683\" src=\"https:\/\/www.camping-kersentic.com\/wp-content\/uploads\/2022\/11\/Tribu-Bretagne-Fouesnant-Kersentic-min-1024x683.jpg\" alt=\"\" class=\"wp-image-3617\" srcset=\"https:\/\/www.camping-kersentic.com\/wp-content\/uploads\/2022\/11\/Tribu-Bretagne-Fouesnant-Kersentic-min-1024x683.jpg 1024w, https:\/\/www.camping-kersentic.com\/wp-content\/uploads\/2022\/11\/Tribu-Bretagne-Fouesnant-Kersentic-min-300x200.jpg 300w, https:\/\/www.camping-kersentic.com\/wp-content\/uploads\/2022\/11\/Tribu-Bretagne-Fouesnant-Kersentic-min-768x513.jpg 768w, https:\/\/www.camping-kersentic.com\/wp-content\/uploads\/2022\/11\/Tribu-Bretagne-Fouesnant-Kersentic-min-1536x1025.jpg 1536w, https:\/\/www.camping-kersentic.com\/wp-content\/uploads\/2022\/11\/Tribu-Bretagne-Fouesnant-Kersentic-min-2048x1367.jpg 2048w\" sizes=\"(max-width: 1024px) 100vw, 1024px\" \/><\/figure>\n\n\n\n<figure class=\"wp-block-image size-large\"><img loading=\"lazy\" width=\"1024\" height=\"841\" src=\"https:\/\/www.camping-kersentic.com\/wp-content\/uploads\/2022\/11\/Evasion-Fouesnant-Camping-Kersentic-Finistere-min-1024x841.jpg\" alt=\"\" class=\"wp-image-3620\" srcset=\"https:\/\/www.camping-kersentic.com\/wp-content\/uploads\/2022\/11\/Evasion-Fouesnant-Camping-Kersentic-Finistere-min-1024x841.jpg 1024w, https:\/\/www.camping-kersentic.com\/wp-content\/uploads\/2022\/11\/Evasion-Fouesnant-Camping-Kersentic-Finistere-min-300x246.jpg 300w, https:\/\/www.camping-kersentic.com\/wp-content\/uploads\/2022\/11\/Evasion-Fouesnant-Camping-Kersentic-Finistere-min-768x631.jpg 768w, https:\/\/www.camping-kersentic.com\/wp-content\/uploads\/2022\/11\/Evasion-Fouesnant-Camping-Kersentic-Finistere-min-1536x1262.jpg 1536w, https:\/\/www.camping-kersentic.com\/wp-content\/uploads\/2022\/11\/Evasion-Fouesnant-Camping-Kersentic-Finistere-min-2048x1682.jpg 2048w\" sizes=\"(max-width: 1024px) 100vw, 1024px\" \/><\/figure>\n<\/figure>\n\n\n\n<div class=\"wp-container-6a02b7830a44f wp-block-buttons\">\n<div class=\"wp-block-button btn_galerie\"><a class=\"wp-block-button__link\" href=\"https:\/\/www.camping-kersentic.com\/en\/galerie-photos\/?galerie=hebergements\"><i class=\"far fa-camera\"><\/i>  Photo gallery<\/a><\/div>\n<\/div>\n<\/div>\n<\/div>\n","protected":false},"excerpt":{"rendered":"<p>Become an owner Camping de Kersentic in Fouesnant offers you the chance to make the most of your free time by owning your own outdoor vacation home. We will be pleased to inform you at 02.98.56.08.66 and to accompany you in your project 6 months of vacations! It&#8217;s not a dream, it&#8217;s a reality! No [&hellip;]<\/p>\n","protected":false},"author":1,"featured_media":0,"parent":0,"menu_order":0,"comment_status":"closed","ping_status":"closed","template":"","meta":[],"acf":[],"yoast_head":"<!-- This site is optimized with the Yoast SEO plugin v19.9 - https:\/\/yoast.com\/wordpress\/plugins\/seo\/ -->\n<title>Owner - Camping de Kersentic<\/title>\n<meta name=\"robots\" content=\"index, follow, max-snippet:-1, max-image-preview:large, max-video-preview:-1\" \/>\n<link rel=\"canonical\" href=\"https:\/\/www.camping-kersentic.com\/en\/owner\/\" \/>\n<meta property=\"og:locale\" content=\"en_US\" \/>\n<meta property=\"og:type\" content=\"article\" \/>\n<meta property=\"og:title\" content=\"Owner - Camping de Kersentic\" \/>\n<meta property=\"og:description\" content=\"Become an owner Camping de Kersentic in Fouesnant offers you the chance to make the most of your free time by owning your own outdoor vacation home. We will be pleased to inform you at 02.98.56.08.66 and to accompany you in your project 6 months of vacations! It&#8217;s not a dream, it&#8217;s a reality! No [&hellip;]\" \/>\n<meta property=\"og:url\" content=\"https:\/\/www.camping-kersentic.com\/en\/owner\/\" \/>\n<meta property=\"og:site_name\" content=\"Camping de Kersentic\" \/>\n<meta property=\"article:publisher\" content=\"https:\/\/www.facebook.com\/campingdekersenticfouesnant\/\" \/>\n<meta property=\"article:modified_time\" content=\"2025-03-26T08:30:19+00:00\" \/>\n<meta property=\"og:image\" content=\"https:\/\/www.camping-kersentic.com\/wp-content\/uploads\/2022\/10\/IMG_20220712_213409-1-1024x461.jpg\" \/>\n<meta name=\"twitter:card\" content=\"summary_large_image\" \/>\n<meta name=\"twitter:label1\" content=\"Est. reading time\" \/>\n\t<meta name=\"twitter:data1\" content=\"1 minute\" \/>\n<script type=\"application\/ld+json\" class=\"yoast-schema-graph\">{\"@context\":\"https:\/\/schema.org\",\"@graph\":[{\"@type\":\"WebPage\",\"@id\":\"https:\/\/www.camping-kersentic.com\/en\/owner\/\",\"url\":\"https:\/\/www.camping-kersentic.com\/en\/owner\/\",\"name\":\"Owner - Camping de Kersentic\",\"isPartOf\":{\"@id\":\"https:\/\/www.camping-kersentic.com\/#website\"},\"datePublished\":\"2022-11-15T13:35:09+00:00\",\"dateModified\":\"2025-03-26T08:30:19+00:00\",\"breadcrumb\":{\"@id\":\"https:\/\/www.camping-kersentic.com\/en\/owner\/#breadcrumb\"},\"inLanguage\":\"en-US\",\"potentialAction\":[{\"@type\":\"ReadAction\",\"target\":[\"https:\/\/www.camping-kersentic.com\/en\/owner\/\"]}]},{\"@type\":\"BreadcrumbList\",\"@id\":\"https:\/\/www.camping-kersentic.com\/en\/owner\/#breadcrumb\",\"itemListElement\":[{\"@type\":\"ListItem\",\"position\":1,\"name\":\"Home\",\"item\":\"https:\/\/www.camping-kersentic.com\/en\/\"},{\"@type\":\"ListItem\",\"position\":2,\"name\":\"Owner\"}]},{\"@type\":\"WebSite\",\"@id\":\"https:\/\/www.camping-kersentic.com\/#website\",\"url\":\"https:\/\/www.camping-kersentic.com\/\",\"name\":\"Camping de Kersentic\",\"description\":\"Camping Fouesnant 4 \u00e9toiles dans le Finist\u00e8re sud, locations de mobil-home, g\u00eetes, Coco Sweet, locations insolites, emplacements, piscine couverte et plage\",\"publisher\":{\"@id\":\"https:\/\/www.camping-kersentic.com\/#organization\"},\"potentialAction\":[{\"@type\":\"SearchAction\",\"target\":{\"@type\":\"EntryPoint\",\"urlTemplate\":\"https:\/\/www.camping-kersentic.com\/?s={search_term_string}\"},\"query-input\":\"required name=search_term_string\"}],\"inLanguage\":\"en-US\"},{\"@type\":\"Organization\",\"@id\":\"https:\/\/www.camping-kersentic.com\/#organization\",\"name\":\"Camping de Kersentic\",\"url\":\"https:\/\/www.camping-kersentic.com\/\",\"logo\":{\"@type\":\"ImageObject\",\"inLanguage\":\"en-US\",\"@id\":\"https:\/\/www.camping-kersentic.com\/#\/schema\/logo\/image\/\",\"url\":\"https:\/\/www.camping-kersentic.com\/wp-content\/uploads\/2025\/05\/LOGO2025_C.webp\",\"contentUrl\":\"https:\/\/www.camping-kersentic.com\/wp-content\/uploads\/2025\/05\/LOGO2025_C.webp\",\"width\":764,\"height\":325,\"caption\":\"Camping de Kersentic\"},\"image\":{\"@id\":\"https:\/\/www.camping-kersentic.com\/#\/schema\/logo\/image\/\"},\"sameAs\":[\"https:\/\/www.instagram.com\/campingdekersentic\/?hl=fr\",\"https:\/\/www.facebook.com\/campingdekersenticfouesnant\/\"]}]}<\/script>\n<!-- \/ Yoast SEO plugin. -->","yoast_head_json":{"title":"Owner - Camping de Kersentic","robots":{"index":"index","follow":"follow","max-snippet":"max-snippet:-1","max-image-preview":"max-image-preview:large","max-video-preview":"max-video-preview:-1"},"canonical":"https:\/\/www.camping-kersentic.com\/en\/owner\/","og_locale":"en_US","og_type":"article","og_title":"Owner - Camping de Kersentic","og_description":"Become an owner Camping de Kersentic in Fouesnant offers you the chance to make the most of your free time by owning your own outdoor vacation home. We will be pleased to inform you at 02.98.56.08.66 and to accompany you in your project 6 months of vacations! It&#8217;s not a dream, it&#8217;s a reality! No [&hellip;]","og_url":"https:\/\/www.camping-kersentic.com\/en\/owner\/","og_site_name":"Camping de Kersentic","article_publisher":"https:\/\/www.facebook.com\/campingdekersenticfouesnant\/","article_modified_time":"2025-03-26T08:30:19+00:00","og_image":[{"url":"https:\/\/www.camping-kersentic.com\/wp-content\/uploads\/2022\/10\/IMG_20220712_213409-1-1024x461.jpg"}],"twitter_card":"summary_large_image","twitter_misc":{"Est. reading time":"1 minute"},"schema":{"@context":"https:\/\/schema.org","@graph":[{"@type":"WebPage","@id":"https:\/\/www.camping-kersentic.com\/en\/owner\/","url":"https:\/\/www.camping-kersentic.com\/en\/owner\/","name":"Owner - Camping de Kersentic","isPartOf":{"@id":"https:\/\/www.camping-kersentic.com\/#website"},"datePublished":"2022-11-15T13:35:09+00:00","dateModified":"2025-03-26T08:30:19+00:00","breadcrumb":{"@id":"https:\/\/www.camping-kersentic.com\/en\/owner\/#breadcrumb"},"inLanguage":"en-US","potentialAction":[{"@type":"ReadAction","target":["https:\/\/www.camping-kersentic.com\/en\/owner\/"]}]},{"@type":"BreadcrumbList","@id":"https:\/\/www.camping-kersentic.com\/en\/owner\/#breadcrumb","itemListElement":[{"@type":"ListItem","position":1,"name":"Home","item":"https:\/\/www.camping-kersentic.com\/en\/"},{"@type":"ListItem","position":2,"name":"Owner"}]},{"@type":"WebSite","@id":"https:\/\/www.camping-kersentic.com\/#website","url":"https:\/\/www.camping-kersentic.com\/","name":"Camping de Kersentic","description":"Camping Fouesnant 4 \u00e9toiles dans le Finist\u00e8re sud, locations de mobil-home, g\u00eetes, Coco Sweet, locations insolites, emplacements, piscine couverte et plage","publisher":{"@id":"https:\/\/www.camping-kersentic.com\/#organization"},"potentialAction":[{"@type":"SearchAction","target":{"@type":"EntryPoint","urlTemplate":"https:\/\/www.camping-kersentic.com\/?s={search_term_string}"},"query-input":"required name=search_term_string"}],"inLanguage":"en-US"},{"@type":"Organization","@id":"https:\/\/www.camping-kersentic.com\/#organization","name":"Camping de Kersentic","url":"https:\/\/www.camping-kersentic.com\/","logo":{"@type":"ImageObject","inLanguage":"en-US","@id":"https:\/\/www.camping-kersentic.com\/#\/schema\/logo\/image\/","url":"https:\/\/www.camping-kersentic.com\/wp-content\/uploads\/2025\/05\/LOGO2025_C.webp","contentUrl":"https:\/\/www.camping-kersentic.com\/wp-content\/uploads\/2025\/05\/LOGO2025_C.webp","width":764,"height":325,"caption":"Camping de Kersentic"},"image":{"@id":"https:\/\/www.camping-kersentic.com\/#\/schema\/logo\/image\/"},"sameAs":["https:\/\/www.instagram.com\/campingdekersentic\/?hl=fr","https:\/\/www.facebook.com\/campingdekersenticfouesnant\/"]}]}},"_links":{"self":[{"href":"https:\/\/www.camping-kersentic.com\/en\/wp-json\/wp\/v2\/pages\/3790"}],"collection":[{"href":"https:\/\/www.camping-kersentic.com\/en\/wp-json\/wp\/v2\/pages"}],"about":[{"href":"https:\/\/www.camping-kersentic.com\/en\/wp-json\/wp\/v2\/types\/page"}],"author":[{"embeddable":true,"href":"https:\/\/www.camping-kersentic.com\/en\/wp-json\/wp\/v2\/users\/1"}],"replies":[{"embeddable":true,"href":"https:\/\/www.camping-kersentic.com\/en\/wp-json\/wp\/v2\/comments?post=3790"}],"version-history":[{"count":2,"href":"https:\/\/www.camping-kersentic.com\/en\/wp-json\/wp\/v2\/pages\/3790\/revisions"}],"predecessor-version":[{"id":7247,"href":"https:\/\/www.camping-kersentic.com\/en\/wp-json\/wp\/v2\/pages\/3790\/revisions\/7247"}],"wp:attachment":[{"href":"https:\/\/www.camping-kersentic.com\/en\/wp-json\/wp\/v2\/media?parent=3790"}],"curies":[{"name":"wp","href":"https:\/\/api.w.org\/{rel}","templated":true}]}}