{"id":3800,"date":"2022-11-15T14:36:49","date_gmt":"2022-11-15T13:36:49","guid":{"rendered":"https:\/\/www.camping-kersentic.com\/water-park\/"},"modified":"2025-05-26T11:33:56","modified_gmt":"2025-05-26T09:33:56","slug":"water-park","status":"publish","type":"page","link":"https:\/\/www.camping-kersentic.com\/en\/water-park\/","title":{"rendered":"Water park"},"content":{"rendered":"\n<figure class=\"wp-block-image alignfull size-full\"><img loading=\"lazy\" width=\"2560\" height=\"1920\" src=\"https:\/\/www.camping-kersentic.com\/wp-content\/uploads\/2023\/03\/parc-aquatique.jpg\" alt=\"Campsite with swimming pool in Fouesnant - Camping Kersentic in South Finist\u00e8re\" class=\"wp-image-4581\" srcset=\"https:\/\/www.camping-kersentic.com\/wp-content\/uploads\/2023\/03\/parc-aquatique.jpg 2560w, https:\/\/www.camping-kersentic.com\/wp-content\/uploads\/2023\/03\/parc-aquatique-300x225.jpg 300w, https:\/\/www.camping-kersentic.com\/wp-content\/uploads\/2023\/03\/parc-aquatique-1024x768.jpg 1024w, https:\/\/www.camping-kersentic.com\/wp-content\/uploads\/2023\/03\/parc-aquatique-768x576.jpg 768w, https:\/\/www.camping-kersentic.com\/wp-content\/uploads\/2023\/03\/parc-aquatique-1536x1152.jpg 1536w, https:\/\/www.camping-kersentic.com\/wp-content\/uploads\/2023\/03\/parc-aquatique-2048x1536.jpg 2048w\" sizes=\"(max-width: 2560px) 100vw, 2560px\" \/><\/figure>\n\n\n\n<section class=\"wp-container-69f0d9b14d8c8 wp-block-group alignfull deco--vague has-blanc-background-color has-background\"><div class=\"wp-block-group__inner-container\">\n<div class=\"wp-block-columns reverse-mob\">\n<div class=\"wp-block-column galerie_1-bis\">\n<figure class=\"wp-block-gallery has-nested-images columns-4 is-cropped\">\n<figure class=\"wp-block-image size-large\"><img loading=\"lazy\" width=\"461\" height=\"1024\" src=\"https:\/\/www.camping-kersentic.com\/wp-content\/uploads\/2022\/10\/piscine-jacuzzi-camping-Fouesnant-min-461x1024.jpg\" alt=\"Campsite with swimming pool in Fouesnant - Camping Kersentic in South Finist\u00e8re\" class=\"wp-image-3122\" srcset=\"https:\/\/www.camping-kersentic.com\/wp-content\/uploads\/2022\/10\/piscine-jacuzzi-camping-Fouesnant-min-461x1024.jpg 461w, https:\/\/www.camping-kersentic.com\/wp-content\/uploads\/2022\/10\/piscine-jacuzzi-camping-Fouesnant-min-135x300.jpg 135w, https:\/\/www.camping-kersentic.com\/wp-content\/uploads\/2022\/10\/piscine-jacuzzi-camping-Fouesnant-min-768x1707.jpg 768w, https:\/\/www.camping-kersentic.com\/wp-content\/uploads\/2022\/10\/piscine-jacuzzi-camping-Fouesnant-min-691x1536.jpg 691w, https:\/\/www.camping-kersentic.com\/wp-content\/uploads\/2022\/10\/piscine-jacuzzi-camping-Fouesnant-min-922x2048.jpg 922w, https:\/\/www.camping-kersentic.com\/wp-content\/uploads\/2022\/10\/piscine-jacuzzi-camping-Fouesnant-min-scaled.jpg 1152w\" sizes=\"(max-width: 461px) 100vw, 461px\" \/><\/figure>\n\n\n\n<figure class=\"wp-block-image size-large\"><img loading=\"lazy\" width=\"1152\" height=\"768\" src=\"https:\/\/www.camping-kersentic.com\/wp-content\/uploads\/2022\/10\/mini_IMG_8410B-1.jpg\" alt=\"camping fouesnant indoor pool\" class=\"wp-image-2796\" srcset=\"https:\/\/www.camping-kersentic.com\/wp-content\/uploads\/2022\/10\/mini_IMG_8410B-1.jpg 1152w, https:\/\/www.camping-kersentic.com\/wp-content\/uploads\/2022\/10\/mini_IMG_8410B-1-300x200.jpg 300w, https:\/\/www.camping-kersentic.com\/wp-content\/uploads\/2022\/10\/mini_IMG_8410B-1-1024x683.jpg 1024w, https:\/\/www.camping-kersentic.com\/wp-content\/uploads\/2022\/10\/mini_IMG_8410B-1-768x512.jpg 768w\" sizes=\"(max-width: 1152px) 100vw, 1152px\" \/><\/figure>\n\n\n\n<figure class=\"wp-block-image size-large\"><img loading=\"lazy\" width=\"768\" height=\"1024\" src=\"https:\/\/www.camping-kersentic.com\/wp-content\/uploads\/2022\/10\/7531C8FA-7CCD-4288-8F4C-2DFC909B9461_1_105_c.jpeg\" alt=\"camping finistere sud with swimming pool\" class=\"wp-image-2788\" srcset=\"https:\/\/www.camping-kersentic.com\/wp-content\/uploads\/2022\/10\/7531C8FA-7CCD-4288-8F4C-2DFC909B9461_1_105_c.jpeg 768w, https:\/\/www.camping-kersentic.com\/wp-content\/uploads\/2022\/10\/7531C8FA-7CCD-4288-8F4C-2DFC909B9461_1_105_c-225x300.jpeg 225w\" sizes=\"(max-width: 768px) 100vw, 768px\" \/><\/figure>\n\n\n\n<figure class=\"wp-block-image size-large\"><img loading=\"lazy\" width=\"1707\" height=\"2560\" src=\"https:\/\/www.camping-kersentic.com\/wp-content\/uploads\/2022\/10\/IMG_5615-scaled.jpg\" alt=\"3-star campsite finistere sud with swimming pool\" class=\"wp-image-2810\" srcset=\"https:\/\/www.camping-kersentic.com\/wp-content\/uploads\/2022\/10\/IMG_5615-scaled.jpg 1707w, https:\/\/www.camping-kersentic.com\/wp-content\/uploads\/2022\/10\/IMG_5615-200x300.jpg 200w, https:\/\/www.camping-kersentic.com\/wp-content\/uploads\/2022\/10\/IMG_5615-683x1024.jpg 683w, https:\/\/www.camping-kersentic.com\/wp-content\/uploads\/2022\/10\/IMG_5615-768x1152.jpg 768w, https:\/\/www.camping-kersentic.com\/wp-content\/uploads\/2022\/10\/IMG_5615-1024x1536.jpg 1024w, https:\/\/www.camping-kersentic.com\/wp-content\/uploads\/2022\/10\/IMG_5615-1365x2048.jpg 1365w\" sizes=\"(max-width: 1707px) 100vw, 1707px\" \/><\/figure>\n<\/figure>\n\n\n\n<div class=\"wp-block-group encart-citation\"><div class=\"wp-block-group__inner-container\">\n<p>Swim, have fun, relax, enjoy&#8230;<\/p>\n<\/div><\/div>\n<\/div>\n\n\n\n<div class=\"wp-block-column\" style=\"flex-basis:40%\">\n<h1 id=\"camping-avec-piscine-dans-le-finistere\">Campsite with swimming pool in Finist\u00e8re<\/h1>\n\n\n\n<p>Our <strong>Fouesnant campsite with swimming pool<\/strong> awaits you for a stay where you can relax and enjoy yourself as a couple, with family or friends. A real plus for a successful <strong>vacation in Finist\u00e8re<\/strong>. <\/p>\n\n\n\n<p><strong>Heated indoor pool <\/strong> open: 10:00 am to 7:00 pm. We remind you that only briefs and swimsuits are allowed. Underpants, shorts and full-body garments are forbidden.<\/p>\n\n\n\n<div class=\"wp-block-group lire-plus-mobile\"><div class=\"wp-block-group__inner-container\">\n<p>Read more<\/p>\n\n\n\n<div class=\"wp-container-69f0d9b14d2f9 wp-block-group\"><div class=\"wp-block-group__inner-container\">\n<p>Our <strong>campsite in Finist\u00e8re has a swimming pool that<\/strong> offers many advantages for the whole family. The pool allows you to relax and enjoy yourself in a friendly setting that&#8217;s sure to keep you entertained every time!  Say goodbye to stress and fatigue and hello to complete relaxation!<\/p>\n<\/div><\/div>\n<\/div><\/div>\n\n\n\n<div class=\"wp-container-69f0d9b14d611 wp-block-buttons\">\n<div class=\"wp-block-button is-style-outline\"><a class=\"wp-block-button__link\" href=\"https:\/\/www.camping-kersentic.com\/en\/activities\/\"><i class=\"far fa-balloon\"><\/i>  See the activities<\/a><\/div>\n<\/div>\n<\/div>\n<\/div>\n<\/div><\/section>\n\n\n\n<section class=\"wp-container-69f0d9b14f710 wp-block-group alignfull deco--vague has-bleu-clair-background-color has-background\"><div class=\"wp-block-group__inner-container\">\n<div class=\"wp-block-columns\">\n<div class=\"wp-block-column is-vertically-aligned-center\" style=\"flex-basis:48%\">\n<h2 id=\"hebergement-insolites\">A campsite in Fouesnant with an indoor swimming pool to recharge your batteries and keep fit!<\/h2>\n\n\n\n<p class=\"h3 has-bleu-color has-text-color\">Enjoy nature at the Kersentic campsite<\/p>\n\n\n\r\n<ul class=\"fc-blocks--picto col-2 gauche\">\r\n\r\n    \r\n        <li>\r\n            <i class=\"far fa-water-ladder\"><\/i>\r\n            <p>Heated indoor pool<\/p>\n        <\/li>\r\n\r\n    \r\n        <li>\r\n            <i class=\"far fa-hot-tub-person\"><\/i>\r\n            <p>Balneotherapy area with jets<\/p>\n        <\/li>\r\n\r\n    \r\n        <li>\r\n            <i class=\"far fa-umbrella-beach\"><\/i>\r\n            <p>Chill out on the deckchairs<\/p>\n        <\/li>\r\n\r\n    \r\n        <li>\r\n            <i class=\"far fa-water\"><\/i>\r\n            <p>Wading pool for the little ones!<\/p>\n        <\/li>\r\n\r\n    \r\n<\/ul>\r\n\r\n\n\n\n<div class=\"wp-container-69f0d9b14f0e9 wp-block-buttons\">\n<div class=\"wp-block-button btn_resa_empl\"><a class=\"wp-block-button__link\"><i class=\"far fa-search\"><\/i>  Reserve quickly!<\/a><\/div>\n<\/div>\n<\/div>\n\n\n\n<div class=\"wp-block-column galerie_2\">\n<figure class=\"wp-block-gallery has-nested-images columns-default is-cropped\">\n<figure class=\"wp-block-image size-full\"><img loading=\"lazy\" width=\"1000\" height=\"667\" src=\"https:\/\/www.camping-kersentic.com\/wp-content\/uploads\/2022\/09\/piscine-couverte-chauffee-fouesnant-kersentic-1.jpg\" alt=\"Holidaymakers jumping into the indoor pool at our campsite in Finist\u00e8re\" class=\"wp-image-1331\" srcset=\"https:\/\/www.camping-kersentic.com\/wp-content\/uploads\/2022\/09\/piscine-couverte-chauffee-fouesnant-kersentic-1.jpg 1000w, https:\/\/www.camping-kersentic.com\/wp-content\/uploads\/2022\/09\/piscine-couverte-chauffee-fouesnant-kersentic-1-300x200.jpg 300w, https:\/\/www.camping-kersentic.com\/wp-content\/uploads\/2022\/09\/piscine-couverte-chauffee-fouesnant-kersentic-1-768x512.jpg 768w\" sizes=\"(max-width: 1000px) 100vw, 1000px\" \/><\/figure>\n\n\n\n<figure class=\"wp-block-image size-full\"><img loading=\"lazy\" width=\"1000\" height=\"743\" src=\"https:\/\/www.camping-kersentic.com\/wp-content\/uploads\/2022\/09\/piscine-couverte-chauffee-fouesnant-kersentic.jpg\" alt=\"Family relaxing in the pool of our 3-star campsite's aquatic area\" class=\"wp-image-1327\" srcset=\"https:\/\/www.camping-kersentic.com\/wp-content\/uploads\/2022\/09\/piscine-couverte-chauffee-fouesnant-kersentic.jpg 1000w, https:\/\/www.camping-kersentic.com\/wp-content\/uploads\/2022\/09\/piscine-couverte-chauffee-fouesnant-kersentic-300x223.jpg 300w, https:\/\/www.camping-kersentic.com\/wp-content\/uploads\/2022\/09\/piscine-couverte-chauffee-fouesnant-kersentic-768x571.jpg 768w\" sizes=\"(max-width: 1000px) 100vw, 1000px\" \/><\/figure>\n<\/figure>\n\n\n\n<div class=\"wp-container-69f0d9b14f455 wp-block-buttons\">\n<div class=\"wp-block-button btn_galerie\"><a class=\"wp-block-button__link\" href=\"https:\/\/www.camping-kersentic.com\/en\/galerie-photos\/?galerie=piscine\"><i class=\"far fa-camera\"><\/i>  Photo gallery<\/a><\/div>\n<\/div>\n<\/div>\n<\/div>\n<\/div><\/section>\n\n\n\n<section class=\"wp-container-69f0d9b1501b9 wp-block-group\"><div class=\"wp-block-group__inner-container\">\n<div class=\"wp-block-columns reverse-mob\">\n<div class=\"wp-block-column\">\n<figure class=\"wp-block-image alignfull size-large\"><img loading=\"lazy\" width=\"1024\" height=\"577\" src=\"https:\/\/www.camping-kersentic.com\/wp-content\/uploads\/2022\/09\/piscine-couverte-chauffee-fouesnant-kersentic-1-copie-1024x577.jpg\" alt=\"Campsite with swimming pool in Fouesnant - Camping Finist\u00e8re sud\" class=\"wp-image-1800\" srcset=\"https:\/\/www.camping-kersentic.com\/wp-content\/uploads\/2022\/09\/piscine-couverte-chauffee-fouesnant-kersentic-1-copie-1024x577.jpg 1024w, https:\/\/www.camping-kersentic.com\/wp-content\/uploads\/2022\/09\/piscine-couverte-chauffee-fouesnant-kersentic-1-copie-300x169.jpg 300w, https:\/\/www.camping-kersentic.com\/wp-content\/uploads\/2022\/09\/piscine-couverte-chauffee-fouesnant-kersentic-1-copie-768x433.jpg 768w, https:\/\/www.camping-kersentic.com\/wp-content\/uploads\/2022\/09\/piscine-couverte-chauffee-fouesnant-kersentic-1-copie.jpg 1200w\" sizes=\"(max-width: 1024px) 100vw, 1024px\" \/><\/figure>\n<\/div>\n\n\n\n<div class=\"wp-block-column\">\n<h2 id=\"un-espace-aquatique-pour-toute-la-famille\">An aquatic area for the whole family<\/h2>\n\n\n\n<p>At the <strong>Kersentic family campsite<\/strong>, you&#8217;ll be able to swim a few laps during the Easter vacations, while your children play in the <strong>paddling pool <\/strong>or come and splash you! Why not take advantage of the <strong>massage jets<\/strong> in the dedicated area to enhance your comfort?<\/p>\n\n\n\n<div class=\"wp-block-group lire-plus-mobile\"><div class=\"wp-block-group__inner-container\">\n<p>Read more<\/p>\n\n\n\n<div class=\"wp-container-69f0d9b14fb2b wp-block-group\"><div class=\"wp-block-group__inner-container\">\n<h3 id=\"camping-dans-le-finistere-en-bord-de-mer\">Camping in Finist\u00e8re by the sea<\/h3>\n\n\n\n<p>Our <strong>4-star South Finist\u00e8re campsite with indoor swimming pool<\/strong> offers <strong>indoor and outdoor deckchairs<\/strong> for relaxing with a good book or simply lounging and siestering on the <strong>solarium<\/strong>! During the summer season, <a rel=\"noreferrer noopener\" href=\"https:\/\/www.camping-kersentic.com\/en\/activities\/\" target=\"_blank\">entertainment for young and old<\/a> is offered every Friday afternoon. Fun and laughter guaranteed.<\/p>\n\n\n\n<p>If you&#8217;re looking for a good time in the water and maximum well-being for the whole family,<strong>the aquatic area at the Kersentic campsite in Fouesnant<\/strong> is just what you need!  <\/p>\n<\/div><\/div>\n<\/div><\/div>\n\n\n\n<div class=\"wp-container-69f0d9b14fe17 wp-block-buttons\">\n<div class=\"wp-block-button is-style-outline\"><a class=\"wp-block-button__link\" href=\"https:\/\/www.camping-kersentic.com\/en\/services\/\"><i class=\"far fa-stars\"><\/i>  See campsite services<\/a><\/div>\n<\/div>\n<\/div>\n<\/div>\n\n\n\n<div style=\"height:48px\" aria-hidden=\"true\" class=\"wp-block-spacer\"><\/div>\n\n\n\n<h2 id=\"camping-au-bord-de-mer-dans-le-finistere-sud\">Camping by the sea in South Finist\u00e8re<\/h2>\n\n\n\n<div class=\"wp-block-columns\">\n<div class=\"wp-block-column\" style=\"flex-basis:33.33%\">\n<figure class=\"wp-block-image size-large\"><img loading=\"lazy\" width=\"1024\" height=\"768\" src=\"https:\/\/www.camping-kersentic.com\/wp-content\/uploads\/2022\/10\/Plage-Fouesnant-Cap-Coz-Finistere-1024x768.jpg\" alt=\"Cap Coz beach - Kersentic campsite in Finist\u00e8re\" class=\"wp-image-2310\" srcset=\"https:\/\/www.camping-kersentic.com\/wp-content\/uploads\/2022\/10\/Plage-Fouesnant-Cap-Coz-Finistere-1024x768.jpg 1024w, https:\/\/www.camping-kersentic.com\/wp-content\/uploads\/2022\/10\/Plage-Fouesnant-Cap-Coz-Finistere-300x225.jpg 300w, https:\/\/www.camping-kersentic.com\/wp-content\/uploads\/2022\/10\/Plage-Fouesnant-Cap-Coz-Finistere-768x576.jpg 768w, https:\/\/www.camping-kersentic.com\/wp-content\/uploads\/2022\/10\/Plage-Fouesnant-Cap-Coz-Finistere-1536x1152.jpg 1536w, https:\/\/www.camping-kersentic.com\/wp-content\/uploads\/2022\/10\/Plage-Fouesnant-Cap-Coz-Finistere-2048x1536.jpg 2048w\" sizes=\"(max-width: 1024px) 100vw, 1024px\" \/><\/figure>\n<\/div>\n\n\n\n<div class=\"wp-block-column is-vertically-aligned-center\" style=\"flex-basis:66.66%\">\n<p>Our <strong>seaside campsite with swimming pool in Finist\u00e8re<\/strong> also offers you the chance to swim at <a href=\"https:\/\/www.camping-kersentic.com\/camping-cap-coz-finistere-sud\/\">Cap Coz<\/a> beach. This magnificent white-sand beach is 600 m from the campsite (about a 20-minute walk) and has <strong>been awarded the Pavillon Bleu label<\/strong>. The beach is supervised from July to August and is easily accessible.  <\/p>\n\n\n\n<p>Don&#8217;t hesitate to discover <a href=\"https:\/\/www.camping-kersentic.com\/camping-bretagne-sud\/\">the beauty of the Pays Fouesnantais area<\/a> during your vacation.<\/p>\n<\/div>\n<\/div>\n<\/div><\/section>\n\n\n\n<p><\/p>\n","protected":false},"excerpt":{"rendered":"<p>Campsite with swimming pool in Finist\u00e8re Our Fouesnant campsite with swimming pool awaits you for a stay where you can relax and enjoy yourself as a couple, with family or friends. A real plus for a successful vacation in Finist\u00e8re. Heated indoor pool open: 10:00 am to 7:00 pm. We remind you that only briefs [&hellip;]<\/p>\n","protected":false},"author":1,"featured_media":0,"parent":0,"menu_order":0,"comment_status":"closed","ping_status":"closed","template":"","meta":[],"acf":[],"yoast_head":"<!-- This site is optimized with the Yoast SEO plugin v19.9 - https:\/\/yoast.com\/wordpress\/plugins\/seo\/ -->\n<title>Water park - Camping de Kersentic<\/title>\n<meta name=\"robots\" content=\"index, follow, max-snippet:-1, max-image-preview:large, max-video-preview:-1\" \/>\n<link rel=\"canonical\" href=\"https:\/\/www.camping-kersentic.com\/en\/water-park\/\" \/>\n<meta property=\"og:locale\" content=\"en_US\" \/>\n<meta property=\"og:type\" content=\"article\" \/>\n<meta property=\"og:title\" content=\"Water park - Camping de Kersentic\" \/>\n<meta property=\"og:description\" content=\"Campsite with swimming pool in Finist\u00e8re Our Fouesnant campsite with swimming pool awaits you for a stay where you can relax and enjoy yourself as a couple, with family or friends. A real plus for a successful vacation in Finist\u00e8re. Heated indoor pool open: 10:00 am to 7:00 pm. We remind you that only briefs [&hellip;]\" \/>\n<meta property=\"og:url\" content=\"https:\/\/www.camping-kersentic.com\/en\/water-park\/\" \/>\n<meta property=\"og:site_name\" content=\"Camping de Kersentic\" \/>\n<meta property=\"article:publisher\" content=\"https:\/\/www.facebook.com\/campingdekersenticfouesnant\/\" \/>\n<meta property=\"article:modified_time\" content=\"2025-05-26T09:33:56+00:00\" \/>\n<meta property=\"og:image\" content=\"https:\/\/www.camping-kersentic.com\/wp-content\/uploads\/2023\/03\/parc-aquatique.jpg\" \/>\n<meta name=\"twitter:card\" content=\"summary_large_image\" \/>\n<meta name=\"twitter:label1\" content=\"Est. reading time\" \/>\n\t<meta name=\"twitter:data1\" content=\"2 minutes\" \/>\n<script type=\"application\/ld+json\" class=\"yoast-schema-graph\">{\"@context\":\"https:\/\/schema.org\",\"@graph\":[{\"@type\":\"WebPage\",\"@id\":\"https:\/\/www.camping-kersentic.com\/en\/water-park\/\",\"url\":\"https:\/\/www.camping-kersentic.com\/en\/water-park\/\",\"name\":\"Water park - Camping de Kersentic\",\"isPartOf\":{\"@id\":\"https:\/\/www.camping-kersentic.com\/#website\"},\"datePublished\":\"2022-11-15T13:36:49+00:00\",\"dateModified\":\"2025-05-26T09:33:56+00:00\",\"breadcrumb\":{\"@id\":\"https:\/\/www.camping-kersentic.com\/en\/water-park\/#breadcrumb\"},\"inLanguage\":\"en-US\",\"potentialAction\":[{\"@type\":\"ReadAction\",\"target\":[\"https:\/\/www.camping-kersentic.com\/en\/water-park\/\"]}]},{\"@type\":\"BreadcrumbList\",\"@id\":\"https:\/\/www.camping-kersentic.com\/en\/water-park\/#breadcrumb\",\"itemListElement\":[{\"@type\":\"ListItem\",\"position\":1,\"name\":\"Home\",\"item\":\"https:\/\/www.camping-kersentic.com\/en\/\"},{\"@type\":\"ListItem\",\"position\":2,\"name\":\"Water park\"}]},{\"@type\":\"WebSite\",\"@id\":\"https:\/\/www.camping-kersentic.com\/#website\",\"url\":\"https:\/\/www.camping-kersentic.com\/\",\"name\":\"Camping de Kersentic\",\"description\":\"Camping Fouesnant 4 \u00e9toiles dans le Finist\u00e8re sud, locations de mobil-home, g\u00eetes, Coco Sweet, locations insolites, emplacements, piscine couverte et plage\",\"publisher\":{\"@id\":\"https:\/\/www.camping-kersentic.com\/#organization\"},\"potentialAction\":[{\"@type\":\"SearchAction\",\"target\":{\"@type\":\"EntryPoint\",\"urlTemplate\":\"https:\/\/www.camping-kersentic.com\/?s={search_term_string}\"},\"query-input\":\"required name=search_term_string\"}],\"inLanguage\":\"en-US\"},{\"@type\":\"Organization\",\"@id\":\"https:\/\/www.camping-kersentic.com\/#organization\",\"name\":\"Camping de Kersentic\",\"url\":\"https:\/\/www.camping-kersentic.com\/\",\"logo\":{\"@type\":\"ImageObject\",\"inLanguage\":\"en-US\",\"@id\":\"https:\/\/www.camping-kersentic.com\/#\/schema\/logo\/image\/\",\"url\":\"https:\/\/www.camping-kersentic.com\/wp-content\/uploads\/2025\/05\/LOGO2025_C.webp\",\"contentUrl\":\"https:\/\/www.camping-kersentic.com\/wp-content\/uploads\/2025\/05\/LOGO2025_C.webp\",\"width\":764,\"height\":325,\"caption\":\"Camping de Kersentic\"},\"image\":{\"@id\":\"https:\/\/www.camping-kersentic.com\/#\/schema\/logo\/image\/\"},\"sameAs\":[\"https:\/\/www.instagram.com\/campingdekersentic\/?hl=fr\",\"https:\/\/www.facebook.com\/campingdekersenticfouesnant\/\"]}]}<\/script>\n<!-- \/ Yoast SEO plugin. -->","yoast_head_json":{"title":"Water park - Camping de Kersentic","robots":{"index":"index","follow":"follow","max-snippet":"max-snippet:-1","max-image-preview":"max-image-preview:large","max-video-preview":"max-video-preview:-1"},"canonical":"https:\/\/www.camping-kersentic.com\/en\/water-park\/","og_locale":"en_US","og_type":"article","og_title":"Water park - Camping de Kersentic","og_description":"Campsite with swimming pool in Finist\u00e8re Our Fouesnant campsite with swimming pool awaits you for a stay where you can relax and enjoy yourself as a couple, with family or friends. A real plus for a successful vacation in Finist\u00e8re. Heated indoor pool open: 10:00 am to 7:00 pm. We remind you that only briefs [&hellip;]","og_url":"https:\/\/www.camping-kersentic.com\/en\/water-park\/","og_site_name":"Camping de Kersentic","article_publisher":"https:\/\/www.facebook.com\/campingdekersenticfouesnant\/","article_modified_time":"2025-05-26T09:33:56+00:00","og_image":[{"url":"https:\/\/www.camping-kersentic.com\/wp-content\/uploads\/2023\/03\/parc-aquatique.jpg"}],"twitter_card":"summary_large_image","twitter_misc":{"Est. reading time":"2 minutes"},"schema":{"@context":"https:\/\/schema.org","@graph":[{"@type":"WebPage","@id":"https:\/\/www.camping-kersentic.com\/en\/water-park\/","url":"https:\/\/www.camping-kersentic.com\/en\/water-park\/","name":"Water park - Camping de Kersentic","isPartOf":{"@id":"https:\/\/www.camping-kersentic.com\/#website"},"datePublished":"2022-11-15T13:36:49+00:00","dateModified":"2025-05-26T09:33:56+00:00","breadcrumb":{"@id":"https:\/\/www.camping-kersentic.com\/en\/water-park\/#breadcrumb"},"inLanguage":"en-US","potentialAction":[{"@type":"ReadAction","target":["https:\/\/www.camping-kersentic.com\/en\/water-park\/"]}]},{"@type":"BreadcrumbList","@id":"https:\/\/www.camping-kersentic.com\/en\/water-park\/#breadcrumb","itemListElement":[{"@type":"ListItem","position":1,"name":"Home","item":"https:\/\/www.camping-kersentic.com\/en\/"},{"@type":"ListItem","position":2,"name":"Water park"}]},{"@type":"WebSite","@id":"https:\/\/www.camping-kersentic.com\/#website","url":"https:\/\/www.camping-kersentic.com\/","name":"Camping de Kersentic","description":"Camping Fouesnant 4 \u00e9toiles dans le Finist\u00e8re sud, locations de mobil-home, g\u00eetes, Coco Sweet, locations insolites, emplacements, piscine couverte et plage","publisher":{"@id":"https:\/\/www.camping-kersentic.com\/#organization"},"potentialAction":[{"@type":"SearchAction","target":{"@type":"EntryPoint","urlTemplate":"https:\/\/www.camping-kersentic.com\/?s={search_term_string}"},"query-input":"required name=search_term_string"}],"inLanguage":"en-US"},{"@type":"Organization","@id":"https:\/\/www.camping-kersentic.com\/#organization","name":"Camping de Kersentic","url":"https:\/\/www.camping-kersentic.com\/","logo":{"@type":"ImageObject","inLanguage":"en-US","@id":"https:\/\/www.camping-kersentic.com\/#\/schema\/logo\/image\/","url":"https:\/\/www.camping-kersentic.com\/wp-content\/uploads\/2025\/05\/LOGO2025_C.webp","contentUrl":"https:\/\/www.camping-kersentic.com\/wp-content\/uploads\/2025\/05\/LOGO2025_C.webp","width":764,"height":325,"caption":"Camping de Kersentic"},"image":{"@id":"https:\/\/www.camping-kersentic.com\/#\/schema\/logo\/image\/"},"sameAs":["https:\/\/www.instagram.com\/campingdekersentic\/?hl=fr","https:\/\/www.facebook.com\/campingdekersenticfouesnant\/"]}]}},"_links":{"self":[{"href":"https:\/\/www.camping-kersentic.com\/en\/wp-json\/wp\/v2\/pages\/3800"}],"collection":[{"href":"https:\/\/www.camping-kersentic.com\/en\/wp-json\/wp\/v2\/pages"}],"about":[{"href":"https:\/\/www.camping-kersentic.com\/en\/wp-json\/wp\/v2\/types\/page"}],"author":[{"embeddable":true,"href":"https:\/\/www.camping-kersentic.com\/en\/wp-json\/wp\/v2\/users\/1"}],"replies":[{"embeddable":true,"href":"https:\/\/www.camping-kersentic.com\/en\/wp-json\/wp\/v2\/comments?post=3800"}],"version-history":[{"count":5,"href":"https:\/\/www.camping-kersentic.com\/en\/wp-json\/wp\/v2\/pages\/3800\/revisions"}],"predecessor-version":[{"id":7551,"href":"https:\/\/www.camping-kersentic.com\/en\/wp-json\/wp\/v2\/pages\/3800\/revisions\/7551"}],"wp:attachment":[{"href":"https:\/\/www.camping-kersentic.com\/en\/wp-json\/wp\/v2\/media?parent=3800"}],"curies":[{"name":"wp","href":"https:\/\/api.w.org\/{rel}","templated":true}]}}