{"id":3849,"date":"2022-11-15T15:36:40","date_gmt":"2022-11-15T14:36:40","guid":{"rendered":"https:\/\/www.camping-kersentic.com\/rentals\/unusual-accommodation\/"},"modified":"2025-03-19T14:19:20","modified_gmt":"2025-03-19T13:19:20","slug":"unusual-accommodation","status":"publish","type":"page","link":"https:\/\/www.camping-kersentic.com\/en\/rentals\/unusual-accommodation\/","title":{"rendered":"Unusual accommodation"},"content":{"rendered":"\n<figure class=\"wp-block-image alignfull size-large\"><img loading=\"lazy\" width=\"1024\" height=\"683\" src=\"https:\/\/www.camping-kersentic.com\/wp-content\/uploads\/2022\/08\/kersentic_chambre-coco-sweet-1-1024x683.jpg\" alt=\"\" class=\"wp-image-698\" srcset=\"https:\/\/www.camping-kersentic.com\/wp-content\/uploads\/2022\/08\/kersentic_chambre-coco-sweet-1-1024x683.jpg 1024w, https:\/\/www.camping-kersentic.com\/wp-content\/uploads\/2022\/08\/kersentic_chambre-coco-sweet-1-300x200.jpg 300w, https:\/\/www.camping-kersentic.com\/wp-content\/uploads\/2022\/08\/kersentic_chambre-coco-sweet-1-768x512.jpg 768w, https:\/\/www.camping-kersentic.com\/wp-content\/uploads\/2022\/08\/kersentic_chambre-coco-sweet-1-1536x1025.jpg 1536w, https:\/\/www.camping-kersentic.com\/wp-content\/uploads\/2022\/08\/kersentic_chambre-coco-sweet-1.jpg 1920w\" sizes=\"(max-width: 1024px) 100vw, 1024px\" \/><\/figure>\n\n\n\n<section class=\"wp-container-69f0eafc3e579 wp-block-group alignfull deco--vague has-jaune-clair-background-color has-background\"><div class=\"wp-block-group__inner-container\">\n<h1 class=\"has-text-align-center\" id=\"hebergements-insolites-en-bretagne-dans-le-finistere\">Unusual accommodation in Brittany, Finist\u00e8re<\/h1>\n\n\n\n<p class=\"has-text-align-center\">Stay at the Kersentic campsite to <a href=\"https:\/\/www.camping-kersentic.com\/en\/surroundings\/\" data-type=\"page\">discover Finist\u00e8re with family or friends<\/a> and enjoy an u<strong>nforgettable experience<\/strong> in your <strong>unusual accommodation in Brittany<\/strong>!<\/p>\n\n\n\n<p class=\"has-text-align-center\">Choose the accommodation you need to recharge your batteries during <strong>your vacations in Brittany<\/strong>: <em>Coco sweet<\/em> or <em>Kabane<\/em>?<\/p>\n\n\n\n<div class=\"wp-container-69f0eafc3e287 wp-block-buttons\">\n<div class=\"wp-block-button btn_resa_loc\"><a class=\"wp-block-button__link\"><i class=\"far fa-search\"><\/i> Book your stay!<\/a><\/div>\n<\/div>\n<\/div><\/section>\n\n\n\n<section class=\"wp-container-69f0eafc3f84f wp-block-group K-15-a\"><div class=\"wp-block-group__inner-container\">\n<div class=\"wp-container-69f0eafc3f57b wp-block-group\">\n<div class=\"wp-container-69f0eafc3ec60 wp-block-group\"><div class=\"wp-block-group__inner-container\">\n<figure class=\"wp-block-image size-full\"><img loading=\"lazy\" width=\"575\" height=\"512\" src=\"https:\/\/www.camping-kersentic.com\/wp-content\/uploads\/2023\/02\/essaie-bandeau-1.png\" alt=\"\" class=\"wp-image-4371\" srcset=\"https:\/\/www.camping-kersentic.com\/wp-content\/uploads\/2023\/02\/essaie-bandeau-1.png 575w, https:\/\/www.camping-kersentic.com\/wp-content\/uploads\/2023\/02\/essaie-bandeau-1-300x267.png 300w\" sizes=\"(max-width: 575px) 100vw, 575px\" \/><\/figure>\n\n\n\n<p class=\"h3\">Rando \u00c9tape<\/p>\n\n\n\n<p>1 to 2 persons<\/p>\n\n\n\n<div class=\"wp-container-69f0eafc3e9a6 wp-block-buttons\">\n<div class=\"wp-block-button\"><a class=\"wp-block-button__link\" href=\"https:\/\/www.camping-kersentic.com\/en\/rentals\/unusual-accommodation\/rando-etape\/\">See more<\/a><\/div>\n<\/div>\n<\/div><\/div>\n\n\n\n<div class=\"wp-container-69f0eafc3f2a3 wp-block-group\"><div class=\"wp-block-group__inner-container\">\n<figure class=\"wp-block-image size-full\"><img loading=\"lazy\" width=\"1150\" height=\"768\" src=\"https:\/\/www.camping-kersentic.com\/wp-content\/uploads\/2022\/10\/mini_COCO-2CH-2-1.jpg\" alt=\"\" class=\"wp-image-2392\" srcset=\"https:\/\/www.camping-kersentic.com\/wp-content\/uploads\/2022\/10\/mini_COCO-2CH-2-1.jpg 1150w, https:\/\/www.camping-kersentic.com\/wp-content\/uploads\/2022\/10\/mini_COCO-2CH-2-1-300x200.jpg 300w, https:\/\/www.camping-kersentic.com\/wp-content\/uploads\/2022\/10\/mini_COCO-2CH-2-1-1024x684.jpg 1024w, https:\/\/www.camping-kersentic.com\/wp-content\/uploads\/2022\/10\/mini_COCO-2CH-2-1-768x513.jpg 768w\" sizes=\"(max-width: 1150px) 100vw, 1150px\" \/><\/figure>\n\n\n\n<p class=\"h3\">Coco sweet<\/p>\n\n\n\n<p>2 to 4 persons<\/p>\n\n\n\n<div class=\"wp-container-69f0eafc3efe6 wp-block-buttons\">\n<div class=\"wp-block-button\"><a class=\"wp-block-button__link\" href=\"https:\/\/www.camping-kersentic.com\/en\/rentals\/unusual-accommodation\/coco-sweet\/\">See more<\/a><\/div>\n<\/div>\n<\/div><\/div>\n<\/div>\n<\/div><\/section>\n","protected":false},"excerpt":{"rendered":"<p>Unusual accommodation in Brittany, Finist\u00e8re Stay at the Kersentic campsite to discover Finist\u00e8re with family or friends and enjoy an unforgettable experience in your unusual accommodation in Brittany! Choose the accommodation you need to recharge your batteries during your vacations in Brittany: Coco sweet or Kabane? Rando \u00c9tape 1 to 2 persons Coco sweet 2 [&hellip;]<\/p>\n","protected":false},"author":1,"featured_media":8548,"parent":3750,"menu_order":0,"comment_status":"closed","ping_status":"closed","template":"","meta":[],"acf":[],"yoast_head":"<!-- This site is optimized with the Yoast SEO plugin v19.9 - https:\/\/yoast.com\/wordpress\/plugins\/seo\/ -->\n<title>Unusual accommodation - Camping de Kersentic<\/title>\n<meta name=\"robots\" content=\"index, follow, max-snippet:-1, max-image-preview:large, max-video-preview:-1\" \/>\n<link rel=\"canonical\" href=\"https:\/\/www.camping-kersentic.com\/en\/rentals\/unusual-accommodation\/\" \/>\n<meta property=\"og:locale\" content=\"en_US\" \/>\n<meta property=\"og:type\" content=\"article\" \/>\n<meta property=\"og:title\" content=\"Unusual accommodation - Camping de Kersentic\" \/>\n<meta property=\"og:description\" content=\"Unusual accommodation in Brittany, Finist\u00e8re Stay at the Kersentic campsite to discover Finist\u00e8re with family or friends and enjoy an unforgettable experience in your unusual accommodation in Brittany! Choose the accommodation you need to recharge your batteries during your vacations in Brittany: Coco sweet or Kabane? Rando \u00c9tape 1 to 2 persons Coco sweet 2 [&hellip;]\" \/>\n<meta property=\"og:url\" content=\"https:\/\/www.camping-kersentic.com\/en\/rentals\/unusual-accommodation\/\" \/>\n<meta property=\"og:site_name\" content=\"Camping de Kersentic\" \/>\n<meta property=\"article:publisher\" content=\"https:\/\/www.facebook.com\/campingdekersenticfouesnant\/\" \/>\n<meta property=\"article:modified_time\" content=\"2025-03-19T13:19:20+00:00\" \/>\n<meta property=\"og:image\" content=\"https:\/\/www.camping-kersentic.com\/wp-content\/uploads\/2022\/08\/kersentic_chambre-coco-sweet.jpg\" \/>\n\t<meta property=\"og:image:width\" content=\"1920\" \/>\n\t<meta property=\"og:image:height\" content=\"1281\" \/>\n\t<meta property=\"og:image:type\" content=\"image\/jpeg\" \/>\n<meta name=\"twitter:card\" content=\"summary_large_image\" \/>\n<script type=\"application\/ld+json\" class=\"yoast-schema-graph\">{\"@context\":\"https:\/\/schema.org\",\"@graph\":[{\"@type\":\"WebPage\",\"@id\":\"https:\/\/www.camping-kersentic.com\/en\/rentals\/unusual-accommodation\/\",\"url\":\"https:\/\/www.camping-kersentic.com\/en\/rentals\/unusual-accommodation\/\",\"name\":\"Unusual accommodation - Camping de Kersentic\",\"isPartOf\":{\"@id\":\"https:\/\/www.camping-kersentic.com\/#website\"},\"datePublished\":\"2022-11-15T14:36:40+00:00\",\"dateModified\":\"2025-03-19T13:19:20+00:00\",\"breadcrumb\":{\"@id\":\"https:\/\/www.camping-kersentic.com\/en\/rentals\/unusual-accommodation\/#breadcrumb\"},\"inLanguage\":\"en-US\",\"potentialAction\":[{\"@type\":\"ReadAction\",\"target\":[\"https:\/\/www.camping-kersentic.com\/en\/rentals\/unusual-accommodation\/\"]}]},{\"@type\":\"BreadcrumbList\",\"@id\":\"https:\/\/www.camping-kersentic.com\/en\/rentals\/unusual-accommodation\/#breadcrumb\",\"itemListElement\":[{\"@type\":\"ListItem\",\"position\":1,\"name\":\"Home\",\"item\":\"https:\/\/www.camping-kersentic.com\/en\/\"},{\"@type\":\"ListItem\",\"position\":2,\"name\":\"Rentals\",\"item\":\"https:\/\/www.camping-kersentic.com\/en\/rentals\/\"},{\"@type\":\"ListItem\",\"position\":3,\"name\":\"Unusual accommodation\"}]},{\"@type\":\"WebSite\",\"@id\":\"https:\/\/www.camping-kersentic.com\/#website\",\"url\":\"https:\/\/www.camping-kersentic.com\/\",\"name\":\"Camping de Kersentic\",\"description\":\"Camping Fouesnant 4 \u00e9toiles dans le Finist\u00e8re sud, locations de mobil-home, g\u00eetes, Coco Sweet, locations insolites, emplacements, piscine couverte et plage\",\"publisher\":{\"@id\":\"https:\/\/www.camping-kersentic.com\/#organization\"},\"potentialAction\":[{\"@type\":\"SearchAction\",\"target\":{\"@type\":\"EntryPoint\",\"urlTemplate\":\"https:\/\/www.camping-kersentic.com\/?s={search_term_string}\"},\"query-input\":\"required name=search_term_string\"}],\"inLanguage\":\"en-US\"},{\"@type\":\"Organization\",\"@id\":\"https:\/\/www.camping-kersentic.com\/#organization\",\"name\":\"Camping de Kersentic\",\"url\":\"https:\/\/www.camping-kersentic.com\/\",\"logo\":{\"@type\":\"ImageObject\",\"inLanguage\":\"en-US\",\"@id\":\"https:\/\/www.camping-kersentic.com\/#\/schema\/logo\/image\/\",\"url\":\"https:\/\/www.camping-kersentic.com\/wp-content\/uploads\/2025\/05\/LOGO2025_C.webp\",\"contentUrl\":\"https:\/\/www.camping-kersentic.com\/wp-content\/uploads\/2025\/05\/LOGO2025_C.webp\",\"width\":764,\"height\":325,\"caption\":\"Camping de Kersentic\"},\"image\":{\"@id\":\"https:\/\/www.camping-kersentic.com\/#\/schema\/logo\/image\/\"},\"sameAs\":[\"https:\/\/www.instagram.com\/campingdekersentic\/?hl=fr\",\"https:\/\/www.facebook.com\/campingdekersenticfouesnant\/\"]}]}<\/script>\n<!-- \/ Yoast SEO plugin. -->","yoast_head_json":{"title":"Unusual accommodation - Camping de Kersentic","robots":{"index":"index","follow":"follow","max-snippet":"max-snippet:-1","max-image-preview":"max-image-preview:large","max-video-preview":"max-video-preview:-1"},"canonical":"https:\/\/www.camping-kersentic.com\/en\/rentals\/unusual-accommodation\/","og_locale":"en_US","og_type":"article","og_title":"Unusual accommodation - Camping de Kersentic","og_description":"Unusual accommodation in Brittany, Finist\u00e8re Stay at the Kersentic campsite to discover Finist\u00e8re with family or friends and enjoy an unforgettable experience in your unusual accommodation in Brittany! Choose the accommodation you need to recharge your batteries during your vacations in Brittany: Coco sweet or Kabane? Rando \u00c9tape 1 to 2 persons Coco sweet 2 [&hellip;]","og_url":"https:\/\/www.camping-kersentic.com\/en\/rentals\/unusual-accommodation\/","og_site_name":"Camping de Kersentic","article_publisher":"https:\/\/www.facebook.com\/campingdekersenticfouesnant\/","article_modified_time":"2025-03-19T13:19:20+00:00","og_image":[{"width":1920,"height":1281,"url":"https:\/\/www.camping-kersentic.com\/wp-content\/uploads\/2022\/08\/kersentic_chambre-coco-sweet.jpg","type":"image\/jpeg"}],"twitter_card":"summary_large_image","schema":{"@context":"https:\/\/schema.org","@graph":[{"@type":"WebPage","@id":"https:\/\/www.camping-kersentic.com\/en\/rentals\/unusual-accommodation\/","url":"https:\/\/www.camping-kersentic.com\/en\/rentals\/unusual-accommodation\/","name":"Unusual accommodation - Camping de Kersentic","isPartOf":{"@id":"https:\/\/www.camping-kersentic.com\/#website"},"datePublished":"2022-11-15T14:36:40+00:00","dateModified":"2025-03-19T13:19:20+00:00","breadcrumb":{"@id":"https:\/\/www.camping-kersentic.com\/en\/rentals\/unusual-accommodation\/#breadcrumb"},"inLanguage":"en-US","potentialAction":[{"@type":"ReadAction","target":["https:\/\/www.camping-kersentic.com\/en\/rentals\/unusual-accommodation\/"]}]},{"@type":"BreadcrumbList","@id":"https:\/\/www.camping-kersentic.com\/en\/rentals\/unusual-accommodation\/#breadcrumb","itemListElement":[{"@type":"ListItem","position":1,"name":"Home","item":"https:\/\/www.camping-kersentic.com\/en\/"},{"@type":"ListItem","position":2,"name":"Rentals","item":"https:\/\/www.camping-kersentic.com\/en\/rentals\/"},{"@type":"ListItem","position":3,"name":"Unusual accommodation"}]},{"@type":"WebSite","@id":"https:\/\/www.camping-kersentic.com\/#website","url":"https:\/\/www.camping-kersentic.com\/","name":"Camping de Kersentic","description":"Camping Fouesnant 4 \u00e9toiles dans le Finist\u00e8re sud, locations de mobil-home, g\u00eetes, Coco Sweet, locations insolites, emplacements, piscine couverte et plage","publisher":{"@id":"https:\/\/www.camping-kersentic.com\/#organization"},"potentialAction":[{"@type":"SearchAction","target":{"@type":"EntryPoint","urlTemplate":"https:\/\/www.camping-kersentic.com\/?s={search_term_string}"},"query-input":"required name=search_term_string"}],"inLanguage":"en-US"},{"@type":"Organization","@id":"https:\/\/www.camping-kersentic.com\/#organization","name":"Camping de Kersentic","url":"https:\/\/www.camping-kersentic.com\/","logo":{"@type":"ImageObject","inLanguage":"en-US","@id":"https:\/\/www.camping-kersentic.com\/#\/schema\/logo\/image\/","url":"https:\/\/www.camping-kersentic.com\/wp-content\/uploads\/2025\/05\/LOGO2025_C.webp","contentUrl":"https:\/\/www.camping-kersentic.com\/wp-content\/uploads\/2025\/05\/LOGO2025_C.webp","width":764,"height":325,"caption":"Camping de Kersentic"},"image":{"@id":"https:\/\/www.camping-kersentic.com\/#\/schema\/logo\/image\/"},"sameAs":["https:\/\/www.instagram.com\/campingdekersentic\/?hl=fr","https:\/\/www.facebook.com\/campingdekersenticfouesnant\/"]}]}},"_links":{"self":[{"href":"https:\/\/www.camping-kersentic.com\/en\/wp-json\/wp\/v2\/pages\/3849"}],"collection":[{"href":"https:\/\/www.camping-kersentic.com\/en\/wp-json\/wp\/v2\/pages"}],"about":[{"href":"https:\/\/www.camping-kersentic.com\/en\/wp-json\/wp\/v2\/types\/page"}],"author":[{"embeddable":true,"href":"https:\/\/www.camping-kersentic.com\/en\/wp-json\/wp\/v2\/users\/1"}],"replies":[{"embeddable":true,"href":"https:\/\/www.camping-kersentic.com\/en\/wp-json\/wp\/v2\/comments?post=3849"}],"version-history":[{"count":6,"href":"https:\/\/www.camping-kersentic.com\/en\/wp-json\/wp\/v2\/pages\/3849\/revisions"}],"predecessor-version":[{"id":6343,"href":"https:\/\/www.camping-kersentic.com\/en\/wp-json\/wp\/v2\/pages\/3849\/revisions\/6343"}],"up":[{"embeddable":true,"href":"https:\/\/www.camping-kersentic.com\/en\/wp-json\/wp\/v2\/pages\/3750"}],"wp:featuredmedia":[{"embeddable":true,"href":"https:\/\/www.camping-kersentic.com\/en\/wp-json\/wp\/v2\/media\/8548"}],"wp:attachment":[{"href":"https:\/\/www.camping-kersentic.com\/en\/wp-json\/wp\/v2\/media?parent=3849"}],"curies":[{"name":"wp","href":"https:\/\/api.w.org\/{rel}","templated":true}]}}