{"id":3851,"date":"2022-11-15T15:37:06","date_gmt":"2022-11-15T14:37:06","guid":{"rendered":"https:\/\/www.camping-kersentic.com\/rentals\/unusual-accommodation\/coco-sweet\/"},"modified":"2025-03-24T16:25:21","modified_gmt":"2025-03-24T15:25:21","slug":"coco-sweet","status":"publish","type":"page","link":"https:\/\/www.camping-kersentic.com\/en\/rentals\/unusual-accommodation\/coco-sweet\/","title":{"rendered":"Coco Sweet"},"content":{"rendered":"\n<figure class=\"wp-block-image alignfull size-full\"><img loading=\"lazy\" width=\"1920\" height=\"1281\" src=\"https:\/\/www.camping-kersentic.com\/wp-content\/uploads\/2022\/08\/kersentic_chambre-coco-sweet.jpg\" alt=\"\" class=\"wp-image-654\" srcset=\"https:\/\/www.camping-kersentic.com\/wp-content\/uploads\/2022\/08\/kersentic_chambre-coco-sweet.jpg 1920w, https:\/\/www.camping-kersentic.com\/wp-content\/uploads\/2022\/08\/kersentic_chambre-coco-sweet-300x200.jpg 300w, https:\/\/www.camping-kersentic.com\/wp-content\/uploads\/2022\/08\/kersentic_chambre-coco-sweet-1024x683.jpg 1024w, https:\/\/www.camping-kersentic.com\/wp-content\/uploads\/2022\/08\/kersentic_chambre-coco-sweet-768x512.jpg 768w, https:\/\/www.camping-kersentic.com\/wp-content\/uploads\/2022\/08\/kersentic_chambre-coco-sweet-1536x1025.jpg 1536w\" sizes=\"(max-width: 1920px) 100vw, 1920px\" \/><\/figure>\n\n\n\n<section class=\"wp-container-69e0416547d7d wp-block-group alignfull deco--vague has-bleu-clair-background-color has-background\"><div class=\"wp-block-group__inner-container\">\n<div class=\"wp-block-columns\">\n<div class=\"wp-block-column\" style=\"flex-basis:37%\">\n<h2 id=\"optez-pour-le-coco-sweet\">Opt for the <strong>Coco Sweet<\/strong><\/h2>\n\n\n\n<p class=\"h3\">Rentals for your relaxing vacations<\/p>\n\n\n\n<p>Looking for something unusual for 2 nights or more? All new, all beautiful, all fun, come spend a cocooning moment in our new Coco Sweet.<\/p>\n\n\n\n<p>With a playful shape, but with insulated walls, you will feel like in a cozy little nest inside and outside while lounging in our chiliennes.<\/p>\n\n\n\n<p>Fully equipped with fridge, microwave, induction cooker.<\/p>\n\n\n\n<p>Don&#8217;t hesitate and spend your vacations in a funny way!<\/p>\n\n\n\r\n<ul class=\"fc-blocks--picto col-1 gauche\">\r\n\r\n    \r\n        <li>\r\n            <i class=\"far fa-bed-front\"><\/i>\r\n            <p>Bedding : 1 bed 140&#215;190, 2 beds 80&#215;190<\/p>\n        <\/li>\r\n\r\n    \r\n        <li>\r\n            <i class=\"far fa-utensils\"><\/i>\r\n            <p>Kitchen : microwave, table top, coffee maker, kettle, dishes<\/p>\n        <\/li>\r\n\r\n    \r\n        <li>\r\n            <i class=\"far fa-blanket\"><\/i>\r\n            <p>Sheets: not provided, possibility of renting<\/p>\n        <\/li>\r\n\r\n    \r\n        <li>\r\n            <i class=\"far fa-bed\"><\/i>\r\n            <p>Comforters and pillows : provided<\/p>\n        <\/li>\r\n\r\n    \r\n        <li>\r\n            <i class=\"far fa-dog\"><\/i>\r\n            <p>only one animal\/rental, paying and authorized under conditions and agreement of the campsite.<\/p>\n        <\/li>\r\n\r\n    \r\n<\/ul>\r\n\r\n\n\n\n<div class=\"wp-container-69e0416547716 wp-block-buttons\">\n<div class=\"wp-block-button btn_resa_92387\"><a class=\"wp-block-button__link\"><i class=\"far fa-search\"><\/i>  Reserve now!<\/a><\/div>\n<\/div>\n<\/div>\n\n\n\n<div class=\"wp-block-column galerie_3\">\n<figure class=\"wp-block-gallery has-nested-images columns-2 is-cropped\">\n<figure class=\"wp-block-image size-large\"><img loading=\"lazy\" width=\"1920\" height=\"1281\" src=\"https:\/\/www.camping-kersentic.com\/wp-content\/uploads\/2022\/08\/chambre-2-coco-sweet.jpg\" alt=\"\" class=\"wp-image-692\" srcset=\"https:\/\/www.camping-kersentic.com\/wp-content\/uploads\/2022\/08\/chambre-2-coco-sweet.jpg 1920w, https:\/\/www.camping-kersentic.com\/wp-content\/uploads\/2022\/08\/chambre-2-coco-sweet-300x200.jpg 300w, https:\/\/www.camping-kersentic.com\/wp-content\/uploads\/2022\/08\/chambre-2-coco-sweet-1024x683.jpg 1024w, https:\/\/www.camping-kersentic.com\/wp-content\/uploads\/2022\/08\/chambre-2-coco-sweet-768x512.jpg 768w, https:\/\/www.camping-kersentic.com\/wp-content\/uploads\/2022\/08\/chambre-2-coco-sweet-1536x1025.jpg 1536w\" sizes=\"(max-width: 1920px) 100vw, 1920px\" \/><\/figure>\n\n\n\n<figure class=\"wp-block-image size-large\"><img loading=\"lazy\" width=\"1920\" height=\"1281\" src=\"https:\/\/www.camping-kersentic.com\/wp-content\/uploads\/2022\/08\/kersentic_chambre-coco-sweet.jpg\" alt=\"\" class=\"wp-image-654\" srcset=\"https:\/\/www.camping-kersentic.com\/wp-content\/uploads\/2022\/08\/kersentic_chambre-coco-sweet.jpg 1920w, https:\/\/www.camping-kersentic.com\/wp-content\/uploads\/2022\/08\/kersentic_chambre-coco-sweet-300x200.jpg 300w, https:\/\/www.camping-kersentic.com\/wp-content\/uploads\/2022\/08\/kersentic_chambre-coco-sweet-1024x683.jpg 1024w, https:\/\/www.camping-kersentic.com\/wp-content\/uploads\/2022\/08\/kersentic_chambre-coco-sweet-768x512.jpg 768w, https:\/\/www.camping-kersentic.com\/wp-content\/uploads\/2022\/08\/kersentic_chambre-coco-sweet-1536x1025.jpg 1536w\" sizes=\"(max-width: 1920px) 100vw, 1920px\" \/><\/figure>\n\n\n\n<figure class=\"wp-block-image size-large\"><img loading=\"lazy\" width=\"1503\" height=\"1920\" src=\"https:\/\/www.camping-kersentic.com\/wp-content\/uploads\/2022\/08\/kersentic_cuisine-coco-sweet.jpg\" alt=\"\" class=\"wp-image-695\" srcset=\"https:\/\/www.camping-kersentic.com\/wp-content\/uploads\/2022\/08\/kersentic_cuisine-coco-sweet.jpg 1503w, https:\/\/www.camping-kersentic.com\/wp-content\/uploads\/2022\/08\/kersentic_cuisine-coco-sweet-235x300.jpg 235w, https:\/\/www.camping-kersentic.com\/wp-content\/uploads\/2022\/08\/kersentic_cuisine-coco-sweet-802x1024.jpg 802w, https:\/\/www.camping-kersentic.com\/wp-content\/uploads\/2022\/08\/kersentic_cuisine-coco-sweet-768x981.jpg 768w, https:\/\/www.camping-kersentic.com\/wp-content\/uploads\/2022\/08\/kersentic_cuisine-coco-sweet-1202x1536.jpg 1202w\" sizes=\"(max-width: 1503px) 100vw, 1503px\" \/><\/figure>\n<\/figure>\n\n\n\n<div class=\"wp-container-69e0416547ac7 wp-block-buttons\">\n<div class=\"wp-block-button btn_galerie\"><a class=\"wp-block-button__link\" href=\"https:\/\/www.camping-kersentic.com\/en\/galerie-photos\/\"><i class=\"far fa-images\"><\/i>  Photo gallery<\/a><\/div>\n<\/div>\n<\/div>\n<\/div>\n<\/div><\/section>\n\n\n\n<section class=\"wp-container-69e0416548c4c wp-block-group\"><div class=\"wp-block-group__inner-container\">\n<div class=\"wp-block-columns is-not-stacked-on-mobile\">\n<div class=\"wp-block-column\">\n<section class=\"wp-container-69e041654865d wp-block-group\"><div class=\"wp-block-group__inner-container\">\n<h2 class=\"has-text-align-center\" id=\"infos-pratiques\">Practical information<\/h2>\n\n\n\n<div class=\"wp-block-group encart-information\"><div class=\"wp-block-group__inner-container\">\r\n<ul class=\"fc-blocks--picto col-2 gauche\">\r\n\r\n    \r\n        <li>\r\n            <i class=\"far fa-dog\"><\/i>\r\n            <p>Animals : not accepted<\/p>\n        <\/li>\r\n\r\n    \r\n        <li>\r\n            <i class=\"far fa-clock\"><\/i>\r\n            <p>Arrival from 4pm &#8211; Departure before 10am<\/p>\n        <\/li>\r\n\r\n    \r\n        <li>\r\n            <i class=\"far fa-blanket\"><\/i>\r\n            <p class=\"text-center\">Disposable sheets kit : 12 \u20ac\/bed Disposable cotton kit : 17 \u20ac\/bed<\/p>\n        <\/li>\r\n\r\n    \r\n        <li>\r\n            <i class=\"far fa-shower\"><\/i>\r\n            <p>Rental of a towel kit at 8 \u20ac \/ person<\/p>\n        <\/li>\r\n\r\n    \r\n        <li>\r\n            <i class=\"far fa-credit-card\"><\/i>\r\n            <p>Rental deposit : 500 \u20ac Household deposit : 80 \u20ac.<\/p>\n        <\/li>\r\n\r\n    \r\n        <li>\r\n            <i class=\"far fa-circle-info\"><\/i>\r\n            <p>Our prices do not include :<br \/>\nTourist taxes, file fees (15 \u20ac), visitors or additional persons,<br \/>\nwifi.<\/p>\n        <\/li>\r\n\r\n    \r\n<\/ul>\r\n\r\n<\/div><\/div>\n<\/div><\/section>\n<\/div>\n\n\n\n<div class=\"wp-block-column\"><ctv-availability data-product-id=\"92387\" data-background-color=\"#FFFFFFFF\" ><\/ctv-availability>\n\n\n\n<div class=\"wp-container-69e04165489aa wp-block-buttons\">\n<div class=\"wp-block-button is-style-fill\"><a class=\"wp-block-button__link\" href=\"https:\/\/www.camping-kersentic.com\/en\/rentals\/\"><i class=\"far fa-search\"><\/i> Our other accommodations<\/a><\/div>\n<\/div>\n<\/div>\n<\/div>\n<\/div><\/section>\n","protected":false},"excerpt":{"rendered":"<p>Opt for the Coco Sweet Rentals for your relaxing vacations Looking for something unusual for 2 nights or more? All new, all beautiful, all fun, come spend a cocooning moment in our new Coco Sweet. With a playful shape, but with insulated walls, you will feel like in a cozy little nest inside and outside [&hellip;]<\/p>\n","protected":false},"author":1,"featured_media":2386,"parent":3849,"menu_order":0,"comment_status":"closed","ping_status":"closed","template":"","meta":[],"acf":[],"yoast_head":"<!-- This site is optimized with the Yoast SEO plugin v19.9 - https:\/\/yoast.com\/wordpress\/plugins\/seo\/ -->\n<title>Coco Sweet - Camping de Kersentic<\/title>\n<meta name=\"robots\" content=\"index, follow, max-snippet:-1, max-image-preview:large, max-video-preview:-1\" \/>\n<link rel=\"canonical\" href=\"https:\/\/www.camping-kersentic.com\/en\/rentals\/unusual-accommodation\/coco-sweet\/\" \/>\n<meta property=\"og:locale\" content=\"en_US\" \/>\n<meta property=\"og:type\" content=\"article\" \/>\n<meta property=\"og:title\" content=\"Coco Sweet - Camping de Kersentic\" \/>\n<meta property=\"og:description\" content=\"Opt for the Coco Sweet Rentals for your relaxing vacations Looking for something unusual for 2 nights or more? All new, all beautiful, all fun, come spend a cocooning moment in our new Coco Sweet. With a playful shape, but with insulated walls, you will feel like in a cozy little nest inside and outside [&hellip;]\" \/>\n<meta property=\"og:url\" content=\"https:\/\/www.camping-kersentic.com\/en\/rentals\/unusual-accommodation\/coco-sweet\/\" \/>\n<meta property=\"og:site_name\" content=\"Camping de Kersentic\" \/>\n<meta property=\"article:publisher\" content=\"https:\/\/www.facebook.com\/campingdekersenticfouesnant\/\" \/>\n<meta property=\"article:modified_time\" content=\"2025-03-24T15:25:21+00:00\" \/>\n<meta property=\"og:image\" content=\"https:\/\/www.camping-kersentic.com\/wp-content\/uploads\/2022\/10\/mini_COCO-2CH-2.jpg\" \/>\n\t<meta property=\"og:image:width\" content=\"1150\" \/>\n\t<meta property=\"og:image:height\" content=\"768\" \/>\n\t<meta property=\"og:image:type\" content=\"image\/jpeg\" \/>\n<meta name=\"twitter:card\" content=\"summary_large_image\" \/>\n<meta name=\"twitter:label1\" content=\"Est. reading time\" \/>\n\t<meta name=\"twitter:data1\" content=\"1 minute\" \/>\n<script type=\"application\/ld+json\" class=\"yoast-schema-graph\">{\"@context\":\"https:\/\/schema.org\",\"@graph\":[{\"@type\":\"WebPage\",\"@id\":\"https:\/\/www.camping-kersentic.com\/en\/rentals\/unusual-accommodation\/coco-sweet\/\",\"url\":\"https:\/\/www.camping-kersentic.com\/en\/rentals\/unusual-accommodation\/coco-sweet\/\",\"name\":\"Coco Sweet - Camping de Kersentic\",\"isPartOf\":{\"@id\":\"https:\/\/www.camping-kersentic.com\/#website\"},\"datePublished\":\"2022-11-15T14:37:06+00:00\",\"dateModified\":\"2025-03-24T15:25:21+00:00\",\"breadcrumb\":{\"@id\":\"https:\/\/www.camping-kersentic.com\/en\/rentals\/unusual-accommodation\/coco-sweet\/#breadcrumb\"},\"inLanguage\":\"en-US\",\"potentialAction\":[{\"@type\":\"ReadAction\",\"target\":[\"https:\/\/www.camping-kersentic.com\/en\/rentals\/unusual-accommodation\/coco-sweet\/\"]}]},{\"@type\":\"BreadcrumbList\",\"@id\":\"https:\/\/www.camping-kersentic.com\/en\/rentals\/unusual-accommodation\/coco-sweet\/#breadcrumb\",\"itemListElement\":[{\"@type\":\"ListItem\",\"position\":1,\"name\":\"Home\",\"item\":\"https:\/\/www.camping-kersentic.com\/en\/\"},{\"@type\":\"ListItem\",\"position\":2,\"name\":\"Rentals\",\"item\":\"https:\/\/www.camping-kersentic.com\/en\/rentals\/\"},{\"@type\":\"ListItem\",\"position\":3,\"name\":\"Unusual accommodation\",\"item\":\"https:\/\/www.camping-kersentic.com\/en\/rentals\/unusual-accommodation\/\"},{\"@type\":\"ListItem\",\"position\":4,\"name\":\"Coco Sweet\"}]},{\"@type\":\"WebSite\",\"@id\":\"https:\/\/www.camping-kersentic.com\/#website\",\"url\":\"https:\/\/www.camping-kersentic.com\/\",\"name\":\"Camping de Kersentic\",\"description\":\"Camping Fouesnant 4 \u00e9toiles dans le Finist\u00e8re sud, locations de mobil-home, g\u00eetes, Coco Sweet, locations insolites, emplacements, piscine couverte et plage\",\"publisher\":{\"@id\":\"https:\/\/www.camping-kersentic.com\/#organization\"},\"potentialAction\":[{\"@type\":\"SearchAction\",\"target\":{\"@type\":\"EntryPoint\",\"urlTemplate\":\"https:\/\/www.camping-kersentic.com\/?s={search_term_string}\"},\"query-input\":\"required name=search_term_string\"}],\"inLanguage\":\"en-US\"},{\"@type\":\"Organization\",\"@id\":\"https:\/\/www.camping-kersentic.com\/#organization\",\"name\":\"Camping de Kersentic\",\"url\":\"https:\/\/www.camping-kersentic.com\/\",\"logo\":{\"@type\":\"ImageObject\",\"inLanguage\":\"en-US\",\"@id\":\"https:\/\/www.camping-kersentic.com\/#\/schema\/logo\/image\/\",\"url\":\"https:\/\/www.camping-kersentic.com\/wp-content\/uploads\/2025\/05\/LOGO2025_C.webp\",\"contentUrl\":\"https:\/\/www.camping-kersentic.com\/wp-content\/uploads\/2025\/05\/LOGO2025_C.webp\",\"width\":764,\"height\":325,\"caption\":\"Camping de Kersentic\"},\"image\":{\"@id\":\"https:\/\/www.camping-kersentic.com\/#\/schema\/logo\/image\/\"},\"sameAs\":[\"https:\/\/www.instagram.com\/campingdekersentic\/?hl=fr\",\"https:\/\/www.facebook.com\/campingdekersenticfouesnant\/\"]}]}<\/script>\n<!-- \/ Yoast SEO plugin. -->","yoast_head_json":{"title":"Coco Sweet - Camping de Kersentic","robots":{"index":"index","follow":"follow","max-snippet":"max-snippet:-1","max-image-preview":"max-image-preview:large","max-video-preview":"max-video-preview:-1"},"canonical":"https:\/\/www.camping-kersentic.com\/en\/rentals\/unusual-accommodation\/coco-sweet\/","og_locale":"en_US","og_type":"article","og_title":"Coco Sweet - Camping de Kersentic","og_description":"Opt for the Coco Sweet Rentals for your relaxing vacations Looking for something unusual for 2 nights or more? All new, all beautiful, all fun, come spend a cocooning moment in our new Coco Sweet. With a playful shape, but with insulated walls, you will feel like in a cozy little nest inside and outside [&hellip;]","og_url":"https:\/\/www.camping-kersentic.com\/en\/rentals\/unusual-accommodation\/coco-sweet\/","og_site_name":"Camping de Kersentic","article_publisher":"https:\/\/www.facebook.com\/campingdekersenticfouesnant\/","article_modified_time":"2025-03-24T15:25:21+00:00","og_image":[{"width":1150,"height":768,"url":"https:\/\/www.camping-kersentic.com\/wp-content\/uploads\/2022\/10\/mini_COCO-2CH-2.jpg","type":"image\/jpeg"}],"twitter_card":"summary_large_image","twitter_misc":{"Est. reading time":"1 minute"},"schema":{"@context":"https:\/\/schema.org","@graph":[{"@type":"WebPage","@id":"https:\/\/www.camping-kersentic.com\/en\/rentals\/unusual-accommodation\/coco-sweet\/","url":"https:\/\/www.camping-kersentic.com\/en\/rentals\/unusual-accommodation\/coco-sweet\/","name":"Coco Sweet - Camping de Kersentic","isPartOf":{"@id":"https:\/\/www.camping-kersentic.com\/#website"},"datePublished":"2022-11-15T14:37:06+00:00","dateModified":"2025-03-24T15:25:21+00:00","breadcrumb":{"@id":"https:\/\/www.camping-kersentic.com\/en\/rentals\/unusual-accommodation\/coco-sweet\/#breadcrumb"},"inLanguage":"en-US","potentialAction":[{"@type":"ReadAction","target":["https:\/\/www.camping-kersentic.com\/en\/rentals\/unusual-accommodation\/coco-sweet\/"]}]},{"@type":"BreadcrumbList","@id":"https:\/\/www.camping-kersentic.com\/en\/rentals\/unusual-accommodation\/coco-sweet\/#breadcrumb","itemListElement":[{"@type":"ListItem","position":1,"name":"Home","item":"https:\/\/www.camping-kersentic.com\/en\/"},{"@type":"ListItem","position":2,"name":"Rentals","item":"https:\/\/www.camping-kersentic.com\/en\/rentals\/"},{"@type":"ListItem","position":3,"name":"Unusual accommodation","item":"https:\/\/www.camping-kersentic.com\/en\/rentals\/unusual-accommodation\/"},{"@type":"ListItem","position":4,"name":"Coco Sweet"}]},{"@type":"WebSite","@id":"https:\/\/www.camping-kersentic.com\/#website","url":"https:\/\/www.camping-kersentic.com\/","name":"Camping de Kersentic","description":"Camping Fouesnant 4 \u00e9toiles dans le Finist\u00e8re sud, locations de mobil-home, g\u00eetes, Coco Sweet, locations insolites, emplacements, piscine couverte et plage","publisher":{"@id":"https:\/\/www.camping-kersentic.com\/#organization"},"potentialAction":[{"@type":"SearchAction","target":{"@type":"EntryPoint","urlTemplate":"https:\/\/www.camping-kersentic.com\/?s={search_term_string}"},"query-input":"required name=search_term_string"}],"inLanguage":"en-US"},{"@type":"Organization","@id":"https:\/\/www.camping-kersentic.com\/#organization","name":"Camping de Kersentic","url":"https:\/\/www.camping-kersentic.com\/","logo":{"@type":"ImageObject","inLanguage":"en-US","@id":"https:\/\/www.camping-kersentic.com\/#\/schema\/logo\/image\/","url":"https:\/\/www.camping-kersentic.com\/wp-content\/uploads\/2025\/05\/LOGO2025_C.webp","contentUrl":"https:\/\/www.camping-kersentic.com\/wp-content\/uploads\/2025\/05\/LOGO2025_C.webp","width":764,"height":325,"caption":"Camping de Kersentic"},"image":{"@id":"https:\/\/www.camping-kersentic.com\/#\/schema\/logo\/image\/"},"sameAs":["https:\/\/www.instagram.com\/campingdekersentic\/?hl=fr","https:\/\/www.facebook.com\/campingdekersenticfouesnant\/"]}]}},"_links":{"self":[{"href":"https:\/\/www.camping-kersentic.com\/en\/wp-json\/wp\/v2\/pages\/3851"}],"collection":[{"href":"https:\/\/www.camping-kersentic.com\/en\/wp-json\/wp\/v2\/pages"}],"about":[{"href":"https:\/\/www.camping-kersentic.com\/en\/wp-json\/wp\/v2\/types\/page"}],"author":[{"embeddable":true,"href":"https:\/\/www.camping-kersentic.com\/en\/wp-json\/wp\/v2\/users\/1"}],"replies":[{"embeddable":true,"href":"https:\/\/www.camping-kersentic.com\/en\/wp-json\/wp\/v2\/comments?post=3851"}],"version-history":[{"count":4,"href":"https:\/\/www.camping-kersentic.com\/en\/wp-json\/wp\/v2\/pages\/3851\/revisions"}],"predecessor-version":[{"id":7198,"href":"https:\/\/www.camping-kersentic.com\/en\/wp-json\/wp\/v2\/pages\/3851\/revisions\/7198"}],"up":[{"embeddable":true,"href":"https:\/\/www.camping-kersentic.com\/en\/wp-json\/wp\/v2\/pages\/3849"}],"wp:featuredmedia":[{"embeddable":true,"href":"https:\/\/www.camping-kersentic.com\/en\/wp-json\/wp\/v2\/media\/2386"}],"wp:attachment":[{"href":"https:\/\/www.camping-kersentic.com\/en\/wp-json\/wp\/v2\/media?parent=3851"}],"curies":[{"name":"wp","href":"https:\/\/api.w.org\/{rel}","templated":true}]}}