{"id":3857,"date":"2022-11-15T15:37:58","date_gmt":"2022-11-15T14:37:58","guid":{"rendered":"https:\/\/www.camping-kersentic.com\/rentals\/mobile-homes\/cocooning\/"},"modified":"2025-03-26T09:25:43","modified_gmt":"2025-03-26T08:25:43","slug":"cocooning","status":"publish","type":"page","link":"https:\/\/www.camping-kersentic.com\/en\/rentals\/mobile-homes\/cocooning\/","title":{"rendered":"C\u00f4t\u00e9 jardin"},"content":{"rendered":"\n<figure class=\"wp-block-image alignfull size-large\"><img loading=\"lazy\" width=\"1024\" height=\"576\" src=\"https:\/\/www.camping-kersentic.com\/wp-content\/uploads\/2025\/03\/DJI_0076-1024x576.jpg\" alt=\"\" class=\"wp-image-6422\" srcset=\"https:\/\/www.camping-kersentic.com\/wp-content\/uploads\/2025\/03\/DJI_0076-1024x576.jpg 1024w, https:\/\/www.camping-kersentic.com\/wp-content\/uploads\/2025\/03\/DJI_0076-300x169.jpg 300w, https:\/\/www.camping-kersentic.com\/wp-content\/uploads\/2025\/03\/DJI_0076-768x432.jpg 768w, https:\/\/www.camping-kersentic.com\/wp-content\/uploads\/2025\/03\/DJI_0076-1536x864.jpg 1536w, https:\/\/www.camping-kersentic.com\/wp-content\/uploads\/2025\/03\/DJI_0076-2048x1152.jpg 2048w, https:\/\/www.camping-kersentic.com\/wp-content\/uploads\/2025\/03\/DJI_0076-1920x1080.jpg 1920w\" sizes=\"(max-width: 1024px) 100vw, 1024px\" \/><\/figure>\n\n<section class=\"wp-container-69e065e6522b7 wp-block-group alignfull deco--vague has-jaune-clair-background-color has-background\"><div class=\"wp-block-group__inner-container\">\n<div class=\"wp-block-columns\">\n<div class=\"wp-block-column\" style=\"flex-basis:37%\">\n<h1 id=\"optez-pour-le-coco-sweet\">Mobile home with jacuzzi in Fouesnant, C\u00f4t\u00e9 Jardin<\/h1>\n\n\n\n<p>You wanted privacy? Our new <strong>mobile home &#8220;c\u00f4t\u00e9 jardin&#8221; in Fouesnant<\/strong> welcomes you for a &#8220;cocooning&#8221; stay.<\/p>\n\n\n\n<p>Once you have passed the front door, you will be able to enjoy the space of our beautiful plots of land where you will be able to relax in peace and quiet while taking advantage of its &#8220;lounge&#8221; terrace with deckchairs and a relaxation area for a relaxing vacation. Don&#8217;t hesitate to discover all the other <a href=\"https:\/\/www.camping-kersentic.com\/locations\/location-fouesnant\/\">ranges of mobile homes in our campsite in Fouesnant<\/a>.<\/p>\n\n\n\n<p>Do nothing and relax<\/p>\n\n\n\r\n<ul class=\"fc-blocks--picto col-1 gauche\">\r\n\r\n    \r\n        <li>\r\n            <i class=\"far fa-bed-front\"><\/i>\r\n            <p>Garden side 2 bedrooms: 1 bed 160&#215;200, 2 beds 80&#215;90<br \/>\nGarden side 3 bedrooms: 1 bed 160&#215;200, 4 beds 80&#215;90<\/p>\n        <\/li>\r\n\r\n    \r\n        <li>\r\n            <i class=\"far fa-utensils\"><\/i>\r\n            <p>Fridge-freezer, coffee maker, kettle, microwave, crockery, dishwasher<\/p>\n        <\/li>\r\n\r\n    \r\n        <li>\r\n            <i class=\"far fa-umbrella-beach\"><\/i>\r\n            <p>Solarium with chiliennes, relaxation area, garden furniture<\/p>\n        <\/li>\r\n\r\n    \r\n        <li>\r\n            <i class=\"far fa-bed\"><\/i>\r\n            <p>Duvets and pillows provided<br \/>\nSheets and towel sets not provided (can be hired)<\/p>\n        <\/li>\r\n\r\n    \r\n        <li>\r\n            <i class=\"far fa-dog\"><\/i>\r\n            <p>Animals not allowed<\/p>\n        <\/li>\r\n\r\n    \r\n        <li>\r\n            <i class=\"far fa-tv\"><\/i>\r\n            <p>TV included<\/p>\n        <\/li>\r\n\r\n    \r\n<\/ul>\r\n\r\n<\/div>\n\n\n\n<div class=\"wp-block-column galerie_3\">\n<figure class=\"wp-block-gallery has-nested-images columns-default is-cropped\">\n<figure class=\"wp-block-image size-large\"><img loading=\"lazy\" width=\"1920\" height=\"2560\" src=\"https:\/\/www.camping-kersentic.com\/wp-content\/uploads\/2023\/11\/IMG_6847.jpg\" alt=\"\" class=\"wp-image-5031\" srcset=\"https:\/\/www.camping-kersentic.com\/wp-content\/uploads\/2023\/11\/IMG_6847.jpg 1920w, https:\/\/www.camping-kersentic.com\/wp-content\/uploads\/2023\/11\/IMG_6847-225x300.jpg 225w, https:\/\/www.camping-kersentic.com\/wp-content\/uploads\/2023\/11\/IMG_6847-768x1024.jpg 768w, https:\/\/www.camping-kersentic.com\/wp-content\/uploads\/2023\/11\/IMG_6847-1152x1536.jpg 1152w, https:\/\/www.camping-kersentic.com\/wp-content\/uploads\/2023\/11\/IMG_6847-1536x2048.jpg 1536w\" sizes=\"(max-width: 1920px) 100vw, 1920px\" \/><\/figure>\n\n\n\n<figure class=\"wp-block-image size-large\"><img loading=\"lazy\" width=\"768\" height=\"1024\" src=\"https:\/\/www.camping-kersentic.com\/wp-content\/uploads\/2023\/11\/E5D67E6C-DD60-40E2-A410-441C2FF9F184_1_105_c.jpg\" alt=\"\" class=\"wp-image-5025\" srcset=\"https:\/\/www.camping-kersentic.com\/wp-content\/uploads\/2023\/11\/E5D67E6C-DD60-40E2-A410-441C2FF9F184_1_105_c.jpg 768w, https:\/\/www.camping-kersentic.com\/wp-content\/uploads\/2023\/11\/E5D67E6C-DD60-40E2-A410-441C2FF9F184_1_105_c-225x300.jpg 225w\" sizes=\"(max-width: 768px) 100vw, 768px\" \/><\/figure>\n\n\n\n<figure class=\"wp-block-image size-large\"><img loading=\"lazy\" width=\"1920\" height=\"1080\" src=\"https:\/\/www.camping-kersentic.com\/wp-content\/uploads\/2023\/11\/Sejour-Zen-Jacuzzi-prive-Camping-Kersentic-Finistere.jpg\" alt=\"\" class=\"wp-image-5022\" srcset=\"https:\/\/www.camping-kersentic.com\/wp-content\/uploads\/2023\/11\/Sejour-Zen-Jacuzzi-prive-Camping-Kersentic-Finistere.jpg 1920w, https:\/\/www.camping-kersentic.com\/wp-content\/uploads\/2023\/11\/Sejour-Zen-Jacuzzi-prive-Camping-Kersentic-Finistere-300x169.jpg 300w, https:\/\/www.camping-kersentic.com\/wp-content\/uploads\/2023\/11\/Sejour-Zen-Jacuzzi-prive-Camping-Kersentic-Finistere-1024x576.jpg 1024w, https:\/\/www.camping-kersentic.com\/wp-content\/uploads\/2023\/11\/Sejour-Zen-Jacuzzi-prive-Camping-Kersentic-Finistere-768x432.jpg 768w, https:\/\/www.camping-kersentic.com\/wp-content\/uploads\/2023\/11\/Sejour-Zen-Jacuzzi-prive-Camping-Kersentic-Finistere-1536x864.jpg 1536w\" sizes=\"(max-width: 1920px) 100vw, 1920px\" \/><\/figure>\n<\/figure>\n\n\n\n<div class=\"wp-container-69e065e651fc8 wp-block-buttons\">\n<div class=\"wp-block-button btn_resa_110467\"><a class=\"wp-block-button__link\"><i class=\"far fa-search\"><\/i> Book a 2 bedroom Cocooning<\/a><\/div>\n\n\n\n<div class=\"wp-block-button btn_resa_110469\"><a class=\"wp-block-button__link\"><i class=\"far fa-search\"><\/i>  Book a 3-bedroom C\u00f4t\u00e9 Jardin without jacuzzi<\/a><\/div>\n\n\n\n<div class=\"wp-block-button btn_resa_110465\"><a class=\"wp-block-button__link\"><i class=\"far fa-search\"><\/i> R\u00e9servez un C\u00f4t\u00e9 Jardin 2 chambres Avec jacuzzi<\/a><\/div>\n\n\n\n<div class=\"wp-block-button btn_resa_110466\"><a class=\"wp-block-button__link\"><i class=\"far fa-search\"><\/i> R\u00e9servez un C\u00f4t\u00e9 Jardin 3 chambres Avec jacuzzi<\/a><\/div>\n<\/div>\n<\/div>\n<\/div>\n<\/div><\/section>\n\n<section class=\"wp-container-69e065e6539c3 wp-block-group\"><div class=\"wp-block-group__inner-container\">\n<div class=\"wp-block-columns\">\n<div class=\"wp-block-column\">\n<h3 id=\"cocooning-2-chambres\">C\u00f4t\u00e9 Jardin 2 chambres sans jacuzzi<\/h3>\n\n\n<ctv-availability data-product-id=\"110467\" data-background-color=\"#FFFFFFFF\" ><\/ctv-availability>\n<\/div>\n\n\n\n<div class=\"wp-block-column\">\n<h3 id=\"cocooning-3-chambres-1\">C\u00f4t\u00e9 Jardin 3 chambres sans jacuzzi<\/h3>\n\n\n<ctv-availability data-product-id=\"110469\" data-background-color=\"#FFFFFFFF\" ><\/ctv-availability>\n<\/div>\n<\/div>\n\n\n\n<div class=\"wp-block-columns\">\n<div class=\"wp-block-column\">\n<h3 id=\"cocooning-3-chambres-1\">C\u00f4t\u00e9 Jardin Avec jacuzzi 2 chambres<\/h3>\n\n\n<ctv-availability data-product-id=\"110465\" data-background-color=\"#FFFFFFFF\" ><\/ctv-availability>\n<\/div>\n\n\n\n<div class=\"wp-block-column\">\n<h3 id=\"cocooning-3-chambres-1\"> C\u00f4t\u00e9 Jardin Avec jacuzzi 3 chambres<\/h3>\n\n\n<ctv-availability data-product-id=\"110466\" data-background-color=\"#FFFFFFFF\" ><\/ctv-availability>\n<\/div>\n<\/div>\n\n\n\n<div class=\"wp-container-69e065e652d63 wp-block-buttons\">\n<div class=\"wp-block-button is-style-fill\"><a class=\"wp-block-button__link\" href=\"https:\/\/www.camping-kersentic.com\/en\/rentals\/\"><i class=\"far fa-search\"><\/i> Our other accommodations<\/a><\/div>\n<\/div>\n\n\n\n<h2 class=\"has-text-align-center\" id=\"infos-pratiques\">Practical information<\/h2>\n\n\n\n<div class=\"wp-block-group encart-information\"><div class=\"wp-block-group__inner-container\">\r\n<ul class=\"fc-blocks--picto col-2 gauche\">\r\n\r\n    \r\n        <li>\r\n            <i class=\"far fa-dog\"><\/i>\r\n            <p>Pets not allowed  <\/p>\n        <\/li>\r\n\r\n    \r\n        <li>\r\n            <i class=\"far fa-clock\"><\/i>\r\n            <p>Arrival from 4pm &#8211; Departure before 10am<\/p>\n        <\/li>\r\n\r\n    \r\n        <li>\r\n            <i class=\"far fa-blanket\"><\/i>\r\n            <p class=\"text-center\">Cotton sheet kit: \u20ac17\/bed<\/p>\n        <\/li>\r\n\r\n    \r\n        <li>\r\n            <i class=\"far fa-shower\"><\/i>\r\n            <p>Towel kit hire at \u20ac10\/person<\/p>\n        <\/li>\r\n\r\n    \r\n        <li>\r\n            <i class=\"far fa-credit-card\"><\/i>\r\n            <p>Rental deposit:<br \/>\nC\u00f4t\u00e9 Jardin without Jacuzzi \u20ac600<br \/>\nC\u00f4t\u00e9 Jardin with Jacuzzi \u20ac900<\/p>\n        <\/li>\r\n\r\n    \r\n        <li>\r\n            <i class=\"far fa-circle-info\"><\/i>\r\n            <p>Our prices do not include :<br \/>\nTourist taxes, file fees (15 \u20ac),<br \/>\nvisitors or additional people,<br \/>\nwifi.<\/p>\n        <\/li>\r\n\r\n    \r\n<\/ul>\r\n\r\n<\/div><\/div>\n<\/div><\/section>\n","protected":false},"excerpt":{"rendered":"<p>Mobile home with jacuzzi in Fouesnant, C\u00f4t\u00e9 Jardin You wanted privacy? Our new mobile home &#8220;c\u00f4t\u00e9 jardin&#8221; in Fouesnant welcomes you for a &#8220;cocooning&#8221; stay. Once you have passed the front door, you will be able to enjoy the space of our beautiful plots of land where you will be able to relax in peace [&hellip;]<\/p>\n","protected":false},"author":1,"featured_media":733,"parent":3768,"menu_order":0,"comment_status":"closed","ping_status":"closed","template":"","meta":[],"acf":[],"yoast_head":"<!-- This site is optimized with the Yoast SEO plugin v19.9 - https:\/\/yoast.com\/wordpress\/plugins\/seo\/ -->\n<title>C\u00f4t\u00e9 jardin - Camping de Kersentic<\/title>\n<meta name=\"robots\" content=\"index, follow, max-snippet:-1, max-image-preview:large, max-video-preview:-1\" \/>\n<link rel=\"canonical\" href=\"https:\/\/www.camping-kersentic.com\/en\/rentals\/mobile-homes\/cocooning\/\" \/>\n<meta property=\"og:locale\" content=\"en_US\" \/>\n<meta property=\"og:type\" content=\"article\" \/>\n<meta property=\"og:title\" content=\"C\u00f4t\u00e9 jardin - Camping de Kersentic\" \/>\n<meta property=\"og:description\" content=\"Mobile home with jacuzzi in Fouesnant, C\u00f4t\u00e9 Jardin You wanted privacy? Our new mobile home &#8220;c\u00f4t\u00e9 jardin&#8221; in Fouesnant welcomes you for a &#8220;cocooning&#8221; stay. Once you have passed the front door, you will be able to enjoy the space of our beautiful plots of land where you will be able to relax in peace [&hellip;]\" \/>\n<meta property=\"og:url\" content=\"https:\/\/www.camping-kersentic.com\/en\/rentals\/mobile-homes\/cocooning\/\" \/>\n<meta property=\"og:site_name\" content=\"Camping de Kersentic\" \/>\n<meta property=\"article:publisher\" content=\"https:\/\/www.facebook.com\/campingdekersenticfouesnant\/\" \/>\n<meta property=\"article:modified_time\" content=\"2025-03-26T08:25:43+00:00\" \/>\n<meta property=\"og:image\" content=\"https:\/\/www.camping-kersentic.com\/wp-content\/uploads\/2022\/08\/salon.jpg\" \/>\n\t<meta property=\"og:image:width\" content=\"1265\" \/>\n\t<meta property=\"og:image:height\" content=\"967\" \/>\n\t<meta property=\"og:image:type\" content=\"image\/jpeg\" \/>\n<meta name=\"twitter:card\" content=\"summary_large_image\" \/>\n<meta name=\"twitter:label1\" content=\"Est. reading time\" \/>\n\t<meta name=\"twitter:data1\" content=\"1 minute\" \/>\n<script type=\"application\/ld+json\" class=\"yoast-schema-graph\">{\"@context\":\"https:\/\/schema.org\",\"@graph\":[{\"@type\":\"WebPage\",\"@id\":\"https:\/\/www.camping-kersentic.com\/en\/rentals\/mobile-homes\/cocooning\/\",\"url\":\"https:\/\/www.camping-kersentic.com\/en\/rentals\/mobile-homes\/cocooning\/\",\"name\":\"C\u00f4t\u00e9 jardin - Camping de Kersentic\",\"isPartOf\":{\"@id\":\"https:\/\/www.camping-kersentic.com\/#website\"},\"datePublished\":\"2022-11-15T14:37:58+00:00\",\"dateModified\":\"2025-03-26T08:25:43+00:00\",\"breadcrumb\":{\"@id\":\"https:\/\/www.camping-kersentic.com\/en\/rentals\/mobile-homes\/cocooning\/#breadcrumb\"},\"inLanguage\":\"en-US\",\"potentialAction\":[{\"@type\":\"ReadAction\",\"target\":[\"https:\/\/www.camping-kersentic.com\/en\/rentals\/mobile-homes\/cocooning\/\"]}]},{\"@type\":\"BreadcrumbList\",\"@id\":\"https:\/\/www.camping-kersentic.com\/en\/rentals\/mobile-homes\/cocooning\/#breadcrumb\",\"itemListElement\":[{\"@type\":\"ListItem\",\"position\":1,\"name\":\"Home\",\"item\":\"https:\/\/www.camping-kersentic.com\/en\/\"},{\"@type\":\"ListItem\",\"position\":2,\"name\":\"Rentals\",\"item\":\"https:\/\/www.camping-kersentic.com\/en\/rentals\/\"},{\"@type\":\"ListItem\",\"position\":3,\"name\":\"Mobile homes\",\"item\":\"https:\/\/www.camping-kersentic.com\/en\/rentals\/mobile-homes\/\"},{\"@type\":\"ListItem\",\"position\":4,\"name\":\"C\u00f4t\u00e9 jardin\"}]},{\"@type\":\"WebSite\",\"@id\":\"https:\/\/www.camping-kersentic.com\/#website\",\"url\":\"https:\/\/www.camping-kersentic.com\/\",\"name\":\"Camping de Kersentic\",\"description\":\"Camping Fouesnant 4 \u00e9toiles dans le Finist\u00e8re sud, locations de mobil-home, g\u00eetes, Coco Sweet, locations insolites, emplacements, piscine couverte et plage\",\"publisher\":{\"@id\":\"https:\/\/www.camping-kersentic.com\/#organization\"},\"potentialAction\":[{\"@type\":\"SearchAction\",\"target\":{\"@type\":\"EntryPoint\",\"urlTemplate\":\"https:\/\/www.camping-kersentic.com\/?s={search_term_string}\"},\"query-input\":\"required name=search_term_string\"}],\"inLanguage\":\"en-US\"},{\"@type\":\"Organization\",\"@id\":\"https:\/\/www.camping-kersentic.com\/#organization\",\"name\":\"Camping de Kersentic\",\"url\":\"https:\/\/www.camping-kersentic.com\/\",\"logo\":{\"@type\":\"ImageObject\",\"inLanguage\":\"en-US\",\"@id\":\"https:\/\/www.camping-kersentic.com\/#\/schema\/logo\/image\/\",\"url\":\"https:\/\/www.camping-kersentic.com\/wp-content\/uploads\/2025\/05\/LOGO2025_C.webp\",\"contentUrl\":\"https:\/\/www.camping-kersentic.com\/wp-content\/uploads\/2025\/05\/LOGO2025_C.webp\",\"width\":764,\"height\":325,\"caption\":\"Camping de Kersentic\"},\"image\":{\"@id\":\"https:\/\/www.camping-kersentic.com\/#\/schema\/logo\/image\/\"},\"sameAs\":[\"https:\/\/www.instagram.com\/campingdekersentic\/?hl=fr\",\"https:\/\/www.facebook.com\/campingdekersenticfouesnant\/\"]}]}<\/script>\n<!-- \/ Yoast SEO plugin. -->","yoast_head_json":{"title":"C\u00f4t\u00e9 jardin - Camping de Kersentic","robots":{"index":"index","follow":"follow","max-snippet":"max-snippet:-1","max-image-preview":"max-image-preview:large","max-video-preview":"max-video-preview:-1"},"canonical":"https:\/\/www.camping-kersentic.com\/en\/rentals\/mobile-homes\/cocooning\/","og_locale":"en_US","og_type":"article","og_title":"C\u00f4t\u00e9 jardin - Camping de Kersentic","og_description":"Mobile home with jacuzzi in Fouesnant, C\u00f4t\u00e9 Jardin You wanted privacy? Our new mobile home &#8220;c\u00f4t\u00e9 jardin&#8221; in Fouesnant welcomes you for a &#8220;cocooning&#8221; stay. Once you have passed the front door, you will be able to enjoy the space of our beautiful plots of land where you will be able to relax in peace [&hellip;]","og_url":"https:\/\/www.camping-kersentic.com\/en\/rentals\/mobile-homes\/cocooning\/","og_site_name":"Camping de Kersentic","article_publisher":"https:\/\/www.facebook.com\/campingdekersenticfouesnant\/","article_modified_time":"2025-03-26T08:25:43+00:00","og_image":[{"width":1265,"height":967,"url":"https:\/\/www.camping-kersentic.com\/wp-content\/uploads\/2022\/08\/salon.jpg","type":"image\/jpeg"}],"twitter_card":"summary_large_image","twitter_misc":{"Est. reading time":"1 minute"},"schema":{"@context":"https:\/\/schema.org","@graph":[{"@type":"WebPage","@id":"https:\/\/www.camping-kersentic.com\/en\/rentals\/mobile-homes\/cocooning\/","url":"https:\/\/www.camping-kersentic.com\/en\/rentals\/mobile-homes\/cocooning\/","name":"C\u00f4t\u00e9 jardin - Camping de Kersentic","isPartOf":{"@id":"https:\/\/www.camping-kersentic.com\/#website"},"datePublished":"2022-11-15T14:37:58+00:00","dateModified":"2025-03-26T08:25:43+00:00","breadcrumb":{"@id":"https:\/\/www.camping-kersentic.com\/en\/rentals\/mobile-homes\/cocooning\/#breadcrumb"},"inLanguage":"en-US","potentialAction":[{"@type":"ReadAction","target":["https:\/\/www.camping-kersentic.com\/en\/rentals\/mobile-homes\/cocooning\/"]}]},{"@type":"BreadcrumbList","@id":"https:\/\/www.camping-kersentic.com\/en\/rentals\/mobile-homes\/cocooning\/#breadcrumb","itemListElement":[{"@type":"ListItem","position":1,"name":"Home","item":"https:\/\/www.camping-kersentic.com\/en\/"},{"@type":"ListItem","position":2,"name":"Rentals","item":"https:\/\/www.camping-kersentic.com\/en\/rentals\/"},{"@type":"ListItem","position":3,"name":"Mobile homes","item":"https:\/\/www.camping-kersentic.com\/en\/rentals\/mobile-homes\/"},{"@type":"ListItem","position":4,"name":"C\u00f4t\u00e9 jardin"}]},{"@type":"WebSite","@id":"https:\/\/www.camping-kersentic.com\/#website","url":"https:\/\/www.camping-kersentic.com\/","name":"Camping de Kersentic","description":"Camping Fouesnant 4 \u00e9toiles dans le Finist\u00e8re sud, locations de mobil-home, g\u00eetes, Coco Sweet, locations insolites, emplacements, piscine couverte et plage","publisher":{"@id":"https:\/\/www.camping-kersentic.com\/#organization"},"potentialAction":[{"@type":"SearchAction","target":{"@type":"EntryPoint","urlTemplate":"https:\/\/www.camping-kersentic.com\/?s={search_term_string}"},"query-input":"required name=search_term_string"}],"inLanguage":"en-US"},{"@type":"Organization","@id":"https:\/\/www.camping-kersentic.com\/#organization","name":"Camping de Kersentic","url":"https:\/\/www.camping-kersentic.com\/","logo":{"@type":"ImageObject","inLanguage":"en-US","@id":"https:\/\/www.camping-kersentic.com\/#\/schema\/logo\/image\/","url":"https:\/\/www.camping-kersentic.com\/wp-content\/uploads\/2025\/05\/LOGO2025_C.webp","contentUrl":"https:\/\/www.camping-kersentic.com\/wp-content\/uploads\/2025\/05\/LOGO2025_C.webp","width":764,"height":325,"caption":"Camping de Kersentic"},"image":{"@id":"https:\/\/www.camping-kersentic.com\/#\/schema\/logo\/image\/"},"sameAs":["https:\/\/www.instagram.com\/campingdekersentic\/?hl=fr","https:\/\/www.facebook.com\/campingdekersenticfouesnant\/"]}]}},"_links":{"self":[{"href":"https:\/\/www.camping-kersentic.com\/en\/wp-json\/wp\/v2\/pages\/3857"}],"collection":[{"href":"https:\/\/www.camping-kersentic.com\/en\/wp-json\/wp\/v2\/pages"}],"about":[{"href":"https:\/\/www.camping-kersentic.com\/en\/wp-json\/wp\/v2\/types\/page"}],"author":[{"embeddable":true,"href":"https:\/\/www.camping-kersentic.com\/en\/wp-json\/wp\/v2\/users\/1"}],"replies":[{"embeddable":true,"href":"https:\/\/www.camping-kersentic.com\/en\/wp-json\/wp\/v2\/comments?post=3857"}],"version-history":[{"count":6,"href":"https:\/\/www.camping-kersentic.com\/en\/wp-json\/wp\/v2\/pages\/3857\/revisions"}],"predecessor-version":[{"id":7230,"href":"https:\/\/www.camping-kersentic.com\/en\/wp-json\/wp\/v2\/pages\/3857\/revisions\/7230"}],"up":[{"embeddable":true,"href":"https:\/\/www.camping-kersentic.com\/en\/wp-json\/wp\/v2\/pages\/3768"}],"wp:featuredmedia":[{"embeddable":true,"href":"https:\/\/www.camping-kersentic.com\/en\/wp-json\/wp\/v2\/media\/733"}],"wp:attachment":[{"href":"https:\/\/www.camping-kersentic.com\/en\/wp-json\/wp\/v2\/media?parent=3857"}],"curies":[{"name":"wp","href":"https:\/\/api.w.org\/{rel}","templated":true}]}}