{"id":3861,"date":"2022-11-15T15:38:33","date_gmt":"2022-11-15T14:38:33","guid":{"rendered":"https:\/\/www.camping-kersentic.com\/rentals\/mobile-homes\/escape\/"},"modified":"2025-05-26T11:32:27","modified_gmt":"2025-05-26T09:32:27","slug":"escape","status":"publish","type":"page","link":"https:\/\/www.camping-kersentic.com\/en\/rentals\/mobile-homes\/escape\/","title":{"rendered":"Escape"},"content":{"rendered":"\n<figure class=\"wp-block-image alignfull size-large\"><img loading=\"lazy\" width=\"1024\" height=\"461\" src=\"https:\/\/www.camping-kersentic.com\/wp-content\/uploads\/2025\/03\/mh-tribu-Camping-fouesnant-Kersentic-1024x461.jpg\" alt=\"\" class=\"wp-image-7374\" srcset=\"https:\/\/www.camping-kersentic.com\/wp-content\/uploads\/2025\/03\/mh-tribu-Camping-fouesnant-Kersentic-1024x461.jpg 1024w, https:\/\/www.camping-kersentic.com\/wp-content\/uploads\/2025\/03\/mh-tribu-Camping-fouesnant-Kersentic-300x135.jpg 300w, https:\/\/www.camping-kersentic.com\/wp-content\/uploads\/2025\/03\/mh-tribu-Camping-fouesnant-Kersentic-768x346.jpg 768w, https:\/\/www.camping-kersentic.com\/wp-content\/uploads\/2025\/03\/mh-tribu-Camping-fouesnant-Kersentic-1536x691.jpg 1536w, https:\/\/www.camping-kersentic.com\/wp-content\/uploads\/2025\/03\/mh-tribu-Camping-fouesnant-Kersentic-2048x922.jpg 2048w\" sizes=\"(max-width: 1024px) 100vw, 1024px\" \/><\/figure>\n\n<section class=\"wp-container-69e1a71cd7226 wp-block-group alignfull deco--vague has-jaune-clair-background-color has-background\"><div class=\"wp-block-group__inner-container\">\n<div class=\"wp-block-columns\">\n<div class=\"wp-block-column galerie_3\">\n<figure class=\"wp-block-gallery has-nested-images columns-3 is-cropped\">\n<figure class=\"wp-block-image size-large\"><img loading=\"lazy\" width=\"1024\" height=\"683\" src=\"https:\/\/www.camping-kersentic.com\/wp-content\/uploads\/2025\/03\/BAHIA-722-SEJOUR-5L-1024x683.jpg\" alt=\"\" class=\"wp-image-7381\" srcset=\"https:\/\/www.camping-kersentic.com\/wp-content\/uploads\/2025\/03\/BAHIA-722-SEJOUR-5L-1024x683.jpg 1024w, https:\/\/www.camping-kersentic.com\/wp-content\/uploads\/2025\/03\/BAHIA-722-SEJOUR-5L-300x200.jpg 300w, https:\/\/www.camping-kersentic.com\/wp-content\/uploads\/2025\/03\/BAHIA-722-SEJOUR-5L-768x512.jpg 768w, https:\/\/www.camping-kersentic.com\/wp-content\/uploads\/2025\/03\/BAHIA-722-SEJOUR-5L-1536x1024.jpg 1536w, https:\/\/www.camping-kersentic.com\/wp-content\/uploads\/2025\/03\/BAHIA-722-SEJOUR-5L-2048x1365.jpg 2048w\" sizes=\"(max-width: 1024px) 100vw, 1024px\" \/><\/figure>\n\n\n\n<figure class=\"wp-block-image size-large\"><img loading=\"lazy\" width=\"1024\" height=\"576\" src=\"https:\/\/www.camping-kersentic.com\/wp-content\/uploads\/2023\/11\/Tribu-4-1024x576.jpg\" alt=\"\" class=\"wp-image-4957\" srcset=\"https:\/\/www.camping-kersentic.com\/wp-content\/uploads\/2023\/11\/Tribu-4-1024x576.jpg 1024w, https:\/\/www.camping-kersentic.com\/wp-content\/uploads\/2023\/11\/Tribu-4-300x169.jpg 300w, https:\/\/www.camping-kersentic.com\/wp-content\/uploads\/2023\/11\/Tribu-4-768x432.jpg 768w, https:\/\/www.camping-kersentic.com\/wp-content\/uploads\/2023\/11\/Tribu-4-1536x864.jpg 1536w, https:\/\/www.camping-kersentic.com\/wp-content\/uploads\/2023\/11\/Tribu-4.jpg 1920w\" sizes=\"(max-width: 1024px) 100vw, 1024px\" \/><\/figure>\n\n\n\n<figure class=\"wp-block-image size-large\"><img loading=\"lazy\" width=\"1024\" height=\"1024\" src=\"https:\/\/www.camping-kersentic.com\/wp-content\/uploads\/2025\/03\/469589709_18343769011182016_4385616951144470929_n-1024x1024.jpg\" alt=\"\" class=\"wp-image-6408\" srcset=\"https:\/\/www.camping-kersentic.com\/wp-content\/uploads\/2025\/03\/469589709_18343769011182016_4385616951144470929_n-1024x1024.jpg 1024w, https:\/\/www.camping-kersentic.com\/wp-content\/uploads\/2025\/03\/469589709_18343769011182016_4385616951144470929_n-300x300.jpg 300w, https:\/\/www.camping-kersentic.com\/wp-content\/uploads\/2025\/03\/469589709_18343769011182016_4385616951144470929_n-150x150.jpg 150w, https:\/\/www.camping-kersentic.com\/wp-content\/uploads\/2025\/03\/469589709_18343769011182016_4385616951144470929_n-768x768.jpg 768w, https:\/\/www.camping-kersentic.com\/wp-content\/uploads\/2025\/03\/469589709_18343769011182016_4385616951144470929_n.jpg 1080w\" sizes=\"(max-width: 1024px) 100vw, 1024px\" \/><\/figure>\n<\/figure>\n<\/div>\n\n\n\n<div class=\"wp-block-column\" style=\"flex-basis:37%\">\n<h1 id=\"mobil-home-a-fouesnant-gamme-evasion\">Mobile home in Fouesnant &#8211; Gamme Evasion<\/h1>\n\n\n\n<h2 id=\"optez-pour-le-coco-sweet\">Our Evasion mobile home for your holidays in Fouesnant<\/h2>\n\n\n\n<p>Escape for a weekend, a week or even longer in <strong>South Finist\u00e8re <\/strong>in the <strong>Evasion mobile home<\/strong>.<\/p>\n\n\n\n<p>Whether you&#8217;re a couple, a family or a group of friends, our new <a href=\"https:\/\/www.camping-kersentic.com\/locations\/location-fouesnant\/\">mobile homes<\/a> will win you over with their design and contemporary decor. &#8220;Happy time<\/p>\n\n\n\n<p>With a surface of 32m\u00b2, enjoy and relax in the lounge area or in a deckchair on the covered terrace.<\/p>\n\n\n\r\n<ul class=\"fc-blocks--picto col-1 gauche\">\r\n\r\n    \r\n        <li>\r\n            <i class=\"far fa-bed-front\"><\/i>\r\n            <p>Evasion 2ch : 1 bed 160&#215;200, 2 beds 80&#215;190<br \/>\nEvasion 3ch : 1 bed 160&#215;200, 4 beds 80&#215;190<\/p>\n        <\/li>\r\n\r\n    \r\n        <li>\r\n            <i class=\"far fa-utensils\"><\/i>\r\n            <p>Fridge-freezer, coffee maker, kettle, microwave, crockery<br \/>\nEvasion 3ch : Dishwasher included<\/p>\n        <\/li>\r\n\r\n    \r\n        <li>\r\n            <i class=\"far fa-bed\"><\/i>\r\n            <p>Duvets and pillows provided<br \/>\nSheets and towel sets not provided (can be hired)<\/p>\n        <\/li>\r\n\r\n    \r\n        <li>\r\n            <i class=\"far fa-dog\"><\/i>\r\n            <p>Evasion 2ch : 1 single dog (except categories 1 and 2) less than 10kg, accepted under condition and agreement of the campsite<br \/>\nEvasion 3ch : Pets not allowed<\/p>\n        <\/li>\r\n\r\n    \r\n        <li>\r\n            <i class=\"far fa-tv\"><\/i>\r\n            <p>TV included<\/p>\n        <\/li>\r\n\r\n    \r\n<\/ul>\r\n\r\n\n\n\n<div class=\"wp-container-69e1a71cd6f56 wp-block-buttons\">\n<div class=\"wp-block-button btn_resa_83963\"><a class=\"wp-block-button__link\"><i class=\"far fa-search\"><\/i> Book Evasion 2 bedrooms<\/a><\/div>\n\n\n\n<div class=\"wp-block-button btn_resa_69498\"><a class=\"wp-block-button__link\"><i class=\"far fa-search\"><\/i> Book Evasion 3 bedrooms<\/a><\/div>\n<\/div>\n<\/div>\n<\/div>\n<\/div><\/section>\n\n<section class=\"wp-container-69e1a71cd7f5c wp-block-group\"><div class=\"wp-block-group__inner-container\">\n<div class=\"wp-block-columns are-vertically-aligned-bottom\">\n<div class=\"wp-block-column is-vertically-aligned-bottom\">\n<h3 id=\"zen-2-chambres\">Evasion 2 bedrooms<\/h3>\n\n\n<ctv-availability data-product-id=\"83963\" data-background-color=\"#FFFFFFFF\" ><\/ctv-availability>\n<\/div>\n\n\n\n<div class=\"wp-block-column is-vertically-aligned-bottom\">\n<h3 id=\"zen-2-chambres\">Evasion 3 bedrooms<\/h3>\n\n\n<ctv-availability data-product-id=\"69498\" data-background-color=\"#FFFFFFFF\" ><\/ctv-availability>\n<\/div>\n<\/div>\n\n\n\n<div class=\"wp-container-69e1a71cd7693 wp-block-buttons\">\n<div class=\"wp-block-button is-style-fill\"><a class=\"wp-block-button__link\" href=\"https:\/\/www.camping-kersentic.com\/en\/rentals\/\"><i class=\"far fa-search\"><\/i> Our other accommodations<\/a><\/div>\n<\/div>\n\n\n\n<h2 class=\"has-text-align-center\" id=\"infos-pratiques\">Practical information<\/h2>\n\n\n\n<div class=\"wp-block-group encart-information\"><div class=\"wp-block-group__inner-container\">\r\n<ul class=\"fc-blocks--picto col-2 gauche\">\r\n\r\n    \r\n        <li>\r\n            <i class=\"far fa-dog\"><\/i>\r\n            <p>Pets: <span class=\"ql-bg-green\">Evasion 2ch: only 1 dog (excluding categories 1 and 2) weighing less than 10kg, accepted subject to conditions and approval by the campsite.<br \/>\nMust<\/span> be kept on a leash and have vaccination certificate.<br \/>\nEvasion 3ch: Pets not allowed.<\/p>\n        <\/li>\r\n\r\n    \r\n        <li>\r\n            <i class=\"far fa-clock\"><\/i>\r\n            <p>Arrival from 4pm &#8211; Departure before 10am<\/p>\n        <\/li>\r\n\r\n    \r\n        <li>\r\n            <i class=\"far fa-blanket\"><\/i>\r\n            <p class=\"text-center\">  Cotton sheet kit: \u20ac17\/bed<\/p>\n        <\/li>\r\n\r\n    \r\n        <li>\r\n            <i class=\"far fa-shower\"><\/i>\r\n            <p>Towel kit hire at \u20ac10\/person<\/p>\n        <\/li>\r\n\r\n    \r\n        <li>\r\n            <i class=\"far fa-credit-card\"><\/i>\r\n            <p>Rental deposit: \u20ac600  <\/p>\n        <\/li>\r\n\r\n    \r\n        <li>\r\n            <i class=\"far fa-circle-info\"><\/i>\r\n            <p>Our prices do not include:<br \/>\nTourist taxes,<br \/>\nvisitors or additional persons.<\/p>\n        <\/li>\r\n\r\n    \r\n<\/ul>\r\n\r\n<\/div><\/div>\n<\/div><\/section>\n","protected":false},"excerpt":{"rendered":"<p>Mobile home in Fouesnant &#8211; Gamme Evasion Our Evasion mobile home for your holidays in Fouesnant Escape for a weekend, a week or even longer in South Finist\u00e8re in the Evasion mobile home. Whether you&#8217;re a couple, a family or a group of friends, our new mobile homes will win you over with their design [&hellip;]<\/p>\n","protected":false},"author":1,"featured_media":2344,"parent":3768,"menu_order":0,"comment_status":"closed","ping_status":"closed","template":"","meta":[],"acf":[],"yoast_head":"<!-- This site is optimized with the Yoast SEO plugin v19.9 - https:\/\/yoast.com\/wordpress\/plugins\/seo\/ -->\n<title>Escape - Camping de Kersentic<\/title>\n<meta name=\"robots\" content=\"index, follow, max-snippet:-1, max-image-preview:large, max-video-preview:-1\" \/>\n<link rel=\"canonical\" href=\"https:\/\/www.camping-kersentic.com\/en\/rentals\/mobile-homes\/escape\/\" \/>\n<meta property=\"og:locale\" content=\"en_US\" \/>\n<meta property=\"og:type\" content=\"article\" \/>\n<meta property=\"og:title\" content=\"Escape - Camping de Kersentic\" \/>\n<meta property=\"og:description\" content=\"Mobile home in Fouesnant &#8211; Gamme Evasion Our Evasion mobile home for your holidays in Fouesnant Escape for a weekend, a week or even longer in South Finist\u00e8re in the Evasion mobile home. Whether you&#8217;re a couple, a family or a group of friends, our new mobile homes will win you over with their design [&hellip;]\" \/>\n<meta property=\"og:url\" content=\"https:\/\/www.camping-kersentic.com\/en\/rentals\/mobile-homes\/escape\/\" \/>\n<meta property=\"og:site_name\" content=\"Camping de Kersentic\" \/>\n<meta property=\"article:publisher\" content=\"https:\/\/www.facebook.com\/campingdekersenticfouesnant\/\" \/>\n<meta property=\"article:modified_time\" content=\"2025-05-26T09:32:27+00:00\" \/>\n<meta property=\"og:image\" content=\"https:\/\/www.camping-kersentic.com\/wp-content\/uploads\/2022\/10\/OHARA_804_PIECE-DE-VIE_2020-1--scaled.jpg\" \/>\n\t<meta property=\"og:image:width\" content=\"2560\" \/>\n\t<meta property=\"og:image:height\" content=\"1472\" \/>\n\t<meta property=\"og:image:type\" content=\"image\/jpeg\" \/>\n<meta name=\"twitter:card\" content=\"summary_large_image\" \/>\n<meta name=\"twitter:label1\" content=\"Est. reading time\" \/>\n\t<meta name=\"twitter:data1\" content=\"1 minute\" \/>\n<script type=\"application\/ld+json\" class=\"yoast-schema-graph\">{\"@context\":\"https:\/\/schema.org\",\"@graph\":[{\"@type\":\"WebPage\",\"@id\":\"https:\/\/www.camping-kersentic.com\/en\/rentals\/mobile-homes\/escape\/\",\"url\":\"https:\/\/www.camping-kersentic.com\/en\/rentals\/mobile-homes\/escape\/\",\"name\":\"Escape - Camping de Kersentic\",\"isPartOf\":{\"@id\":\"https:\/\/www.camping-kersentic.com\/#website\"},\"datePublished\":\"2022-11-15T14:38:33+00:00\",\"dateModified\":\"2025-05-26T09:32:27+00:00\",\"breadcrumb\":{\"@id\":\"https:\/\/www.camping-kersentic.com\/en\/rentals\/mobile-homes\/escape\/#breadcrumb\"},\"inLanguage\":\"en-US\",\"potentialAction\":[{\"@type\":\"ReadAction\",\"target\":[\"https:\/\/www.camping-kersentic.com\/en\/rentals\/mobile-homes\/escape\/\"]}]},{\"@type\":\"BreadcrumbList\",\"@id\":\"https:\/\/www.camping-kersentic.com\/en\/rentals\/mobile-homes\/escape\/#breadcrumb\",\"itemListElement\":[{\"@type\":\"ListItem\",\"position\":1,\"name\":\"Home\",\"item\":\"https:\/\/www.camping-kersentic.com\/en\/\"},{\"@type\":\"ListItem\",\"position\":2,\"name\":\"Rentals\",\"item\":\"https:\/\/www.camping-kersentic.com\/en\/rentals\/\"},{\"@type\":\"ListItem\",\"position\":3,\"name\":\"Mobile homes\",\"item\":\"https:\/\/www.camping-kersentic.com\/en\/rentals\/mobile-homes\/\"},{\"@type\":\"ListItem\",\"position\":4,\"name\":\"Escape\"}]},{\"@type\":\"WebSite\",\"@id\":\"https:\/\/www.camping-kersentic.com\/#website\",\"url\":\"https:\/\/www.camping-kersentic.com\/\",\"name\":\"Camping de Kersentic\",\"description\":\"Camping Fouesnant 4 \u00e9toiles dans le Finist\u00e8re sud, locations de mobil-home, g\u00eetes, Coco Sweet, locations insolites, emplacements, piscine couverte et plage\",\"publisher\":{\"@id\":\"https:\/\/www.camping-kersentic.com\/#organization\"},\"potentialAction\":[{\"@type\":\"SearchAction\",\"target\":{\"@type\":\"EntryPoint\",\"urlTemplate\":\"https:\/\/www.camping-kersentic.com\/?s={search_term_string}\"},\"query-input\":\"required name=search_term_string\"}],\"inLanguage\":\"en-US\"},{\"@type\":\"Organization\",\"@id\":\"https:\/\/www.camping-kersentic.com\/#organization\",\"name\":\"Camping de Kersentic\",\"url\":\"https:\/\/www.camping-kersentic.com\/\",\"logo\":{\"@type\":\"ImageObject\",\"inLanguage\":\"en-US\",\"@id\":\"https:\/\/www.camping-kersentic.com\/#\/schema\/logo\/image\/\",\"url\":\"https:\/\/www.camping-kersentic.com\/wp-content\/uploads\/2025\/05\/LOGO2025_C.webp\",\"contentUrl\":\"https:\/\/www.camping-kersentic.com\/wp-content\/uploads\/2025\/05\/LOGO2025_C.webp\",\"width\":764,\"height\":325,\"caption\":\"Camping de Kersentic\"},\"image\":{\"@id\":\"https:\/\/www.camping-kersentic.com\/#\/schema\/logo\/image\/\"},\"sameAs\":[\"https:\/\/www.instagram.com\/campingdekersentic\/?hl=fr\",\"https:\/\/www.facebook.com\/campingdekersenticfouesnant\/\"]}]}<\/script>\n<!-- \/ Yoast SEO plugin. -->","yoast_head_json":{"title":"Escape - Camping de Kersentic","robots":{"index":"index","follow":"follow","max-snippet":"max-snippet:-1","max-image-preview":"max-image-preview:large","max-video-preview":"max-video-preview:-1"},"canonical":"https:\/\/www.camping-kersentic.com\/en\/rentals\/mobile-homes\/escape\/","og_locale":"en_US","og_type":"article","og_title":"Escape - Camping de Kersentic","og_description":"Mobile home in Fouesnant &#8211; Gamme Evasion Our Evasion mobile home for your holidays in Fouesnant Escape for a weekend, a week or even longer in South Finist\u00e8re in the Evasion mobile home. Whether you&#8217;re a couple, a family or a group of friends, our new mobile homes will win you over with their design [&hellip;]","og_url":"https:\/\/www.camping-kersentic.com\/en\/rentals\/mobile-homes\/escape\/","og_site_name":"Camping de Kersentic","article_publisher":"https:\/\/www.facebook.com\/campingdekersenticfouesnant\/","article_modified_time":"2025-05-26T09:32:27+00:00","og_image":[{"width":2560,"height":1472,"url":"https:\/\/www.camping-kersentic.com\/wp-content\/uploads\/2022\/10\/OHARA_804_PIECE-DE-VIE_2020-1--scaled.jpg","type":"image\/jpeg"}],"twitter_card":"summary_large_image","twitter_misc":{"Est. reading time":"1 minute"},"schema":{"@context":"https:\/\/schema.org","@graph":[{"@type":"WebPage","@id":"https:\/\/www.camping-kersentic.com\/en\/rentals\/mobile-homes\/escape\/","url":"https:\/\/www.camping-kersentic.com\/en\/rentals\/mobile-homes\/escape\/","name":"Escape - Camping de Kersentic","isPartOf":{"@id":"https:\/\/www.camping-kersentic.com\/#website"},"datePublished":"2022-11-15T14:38:33+00:00","dateModified":"2025-05-26T09:32:27+00:00","breadcrumb":{"@id":"https:\/\/www.camping-kersentic.com\/en\/rentals\/mobile-homes\/escape\/#breadcrumb"},"inLanguage":"en-US","potentialAction":[{"@type":"ReadAction","target":["https:\/\/www.camping-kersentic.com\/en\/rentals\/mobile-homes\/escape\/"]}]},{"@type":"BreadcrumbList","@id":"https:\/\/www.camping-kersentic.com\/en\/rentals\/mobile-homes\/escape\/#breadcrumb","itemListElement":[{"@type":"ListItem","position":1,"name":"Home","item":"https:\/\/www.camping-kersentic.com\/en\/"},{"@type":"ListItem","position":2,"name":"Rentals","item":"https:\/\/www.camping-kersentic.com\/en\/rentals\/"},{"@type":"ListItem","position":3,"name":"Mobile homes","item":"https:\/\/www.camping-kersentic.com\/en\/rentals\/mobile-homes\/"},{"@type":"ListItem","position":4,"name":"Escape"}]},{"@type":"WebSite","@id":"https:\/\/www.camping-kersentic.com\/#website","url":"https:\/\/www.camping-kersentic.com\/","name":"Camping de Kersentic","description":"Camping Fouesnant 4 \u00e9toiles dans le Finist\u00e8re sud, locations de mobil-home, g\u00eetes, Coco Sweet, locations insolites, emplacements, piscine couverte et plage","publisher":{"@id":"https:\/\/www.camping-kersentic.com\/#organization"},"potentialAction":[{"@type":"SearchAction","target":{"@type":"EntryPoint","urlTemplate":"https:\/\/www.camping-kersentic.com\/?s={search_term_string}"},"query-input":"required name=search_term_string"}],"inLanguage":"en-US"},{"@type":"Organization","@id":"https:\/\/www.camping-kersentic.com\/#organization","name":"Camping de Kersentic","url":"https:\/\/www.camping-kersentic.com\/","logo":{"@type":"ImageObject","inLanguage":"en-US","@id":"https:\/\/www.camping-kersentic.com\/#\/schema\/logo\/image\/","url":"https:\/\/www.camping-kersentic.com\/wp-content\/uploads\/2025\/05\/LOGO2025_C.webp","contentUrl":"https:\/\/www.camping-kersentic.com\/wp-content\/uploads\/2025\/05\/LOGO2025_C.webp","width":764,"height":325,"caption":"Camping de Kersentic"},"image":{"@id":"https:\/\/www.camping-kersentic.com\/#\/schema\/logo\/image\/"},"sameAs":["https:\/\/www.instagram.com\/campingdekersentic\/?hl=fr","https:\/\/www.facebook.com\/campingdekersenticfouesnant\/"]}]}},"_links":{"self":[{"href":"https:\/\/www.camping-kersentic.com\/en\/wp-json\/wp\/v2\/pages\/3861"}],"collection":[{"href":"https:\/\/www.camping-kersentic.com\/en\/wp-json\/wp\/v2\/pages"}],"about":[{"href":"https:\/\/www.camping-kersentic.com\/en\/wp-json\/wp\/v2\/types\/page"}],"author":[{"embeddable":true,"href":"https:\/\/www.camping-kersentic.com\/en\/wp-json\/wp\/v2\/users\/1"}],"replies":[{"embeddable":true,"href":"https:\/\/www.camping-kersentic.com\/en\/wp-json\/wp\/v2\/comments?post=3861"}],"version-history":[{"count":6,"href":"https:\/\/www.camping-kersentic.com\/en\/wp-json\/wp\/v2\/pages\/3861\/revisions"}],"predecessor-version":[{"id":7547,"href":"https:\/\/www.camping-kersentic.com\/en\/wp-json\/wp\/v2\/pages\/3861\/revisions\/7547"}],"up":[{"embeddable":true,"href":"https:\/\/www.camping-kersentic.com\/en\/wp-json\/wp\/v2\/pages\/3768"}],"wp:featuredmedia":[{"embeddable":true,"href":"https:\/\/www.camping-kersentic.com\/en\/wp-json\/wp\/v2\/media\/2344"}],"wp:attachment":[{"href":"https:\/\/www.camping-kersentic.com\/en\/wp-json\/wp\/v2\/media?parent=3861"}],"curies":[{"name":"wp","href":"https:\/\/api.w.org\/{rel}","templated":true}]}}