{"id":8150,"date":"2025-12-19T13:58:04","date_gmt":"2025-12-19T12:58:04","guid":{"rendered":"https:\/\/www.camping-kersentic.com\/rentals\/mobile-homes\/family-kids-escape\/"},"modified":"2026-01-06T11:09:32","modified_gmt":"2026-01-06T10:09:32","slug":"family-kids-escape","status":"publish","type":"page","link":"https:\/\/www.camping-kersentic.com\/en\/rentals\/mobile-homes\/family-kids-escape\/","title":{"rendered":"Family-kids escape"},"content":{"rendered":"\n<figure class=\"wp-block-image alignfull size-large\"><img loading=\"lazy\" width=\"1024\" height=\"461\" src=\"https:\/\/www.camping-kersentic.com\/wp-content\/uploads\/2025\/03\/mh-tribu-Camping-fouesnant-Kersentic-1024x461.jpg\" alt=\"\" class=\"wp-image-7374\" srcset=\"https:\/\/www.camping-kersentic.com\/wp-content\/uploads\/2025\/03\/mh-tribu-Camping-fouesnant-Kersentic-1024x461.jpg 1024w, https:\/\/www.camping-kersentic.com\/wp-content\/uploads\/2025\/03\/mh-tribu-Camping-fouesnant-Kersentic-300x135.jpg 300w, https:\/\/www.camping-kersentic.com\/wp-content\/uploads\/2025\/03\/mh-tribu-Camping-fouesnant-Kersentic-768x346.jpg 768w, https:\/\/www.camping-kersentic.com\/wp-content\/uploads\/2025\/03\/mh-tribu-Camping-fouesnant-Kersentic-1536x691.jpg 1536w, https:\/\/www.camping-kersentic.com\/wp-content\/uploads\/2025\/03\/mh-tribu-Camping-fouesnant-Kersentic-2048x922.jpg 2048w\" sizes=\"(max-width: 1024px) 100vw, 1024px\" \/><\/figure>\n\n\n\n<section class=\"wp-container-69ddf8d60a5e3 wp-block-group alignfull deco--vague has-jaune-clair-background-color has-background\"><div class=\"wp-block-group__inner-container\">\n<div class=\"wp-block-columns\">\n<div class=\"wp-block-column galerie_3\">\n<figure class=\"wp-block-gallery has-nested-images columns-3 is-cropped\">\n<figure class=\"wp-block-image size-large\"><img loading=\"lazy\" width=\"1024\" height=\"683\" src=\"https:\/\/www.camping-kersentic.com\/wp-content\/uploads\/2025\/03\/BAHIA-722-SEJOUR-5L-1024x683.jpg\" alt=\"\" class=\"wp-image-7381\" srcset=\"https:\/\/www.camping-kersentic.com\/wp-content\/uploads\/2025\/03\/BAHIA-722-SEJOUR-5L-1024x683.jpg 1024w, https:\/\/www.camping-kersentic.com\/wp-content\/uploads\/2025\/03\/BAHIA-722-SEJOUR-5L-300x200.jpg 300w, https:\/\/www.camping-kersentic.com\/wp-content\/uploads\/2025\/03\/BAHIA-722-SEJOUR-5L-768x512.jpg 768w, https:\/\/www.camping-kersentic.com\/wp-content\/uploads\/2025\/03\/BAHIA-722-SEJOUR-5L-1536x1024.jpg 1536w, https:\/\/www.camping-kersentic.com\/wp-content\/uploads\/2025\/03\/BAHIA-722-SEJOUR-5L-2048x1365.jpg 2048w\" sizes=\"(max-width: 1024px) 100vw, 1024px\" \/><\/figure>\n\n\n\n<figure class=\"wp-block-image size-large\"><img loading=\"lazy\" width=\"1024\" height=\"576\" src=\"https:\/\/www.camping-kersentic.com\/wp-content\/uploads\/2023\/11\/Tribu-4-1024x576.jpg\" alt=\"\" class=\"wp-image-4957\" srcset=\"https:\/\/www.camping-kersentic.com\/wp-content\/uploads\/2023\/11\/Tribu-4-1024x576.jpg 1024w, https:\/\/www.camping-kersentic.com\/wp-content\/uploads\/2023\/11\/Tribu-4-300x169.jpg 300w, https:\/\/www.camping-kersentic.com\/wp-content\/uploads\/2023\/11\/Tribu-4-768x432.jpg 768w, https:\/\/www.camping-kersentic.com\/wp-content\/uploads\/2023\/11\/Tribu-4-1536x864.jpg 1536w, https:\/\/www.camping-kersentic.com\/wp-content\/uploads\/2023\/11\/Tribu-4.jpg 1920w\" sizes=\"(max-width: 1024px) 100vw, 1024px\" \/><\/figure>\n\n\n\n<figure class=\"wp-block-image size-large\"><img loading=\"lazy\" width=\"1024\" height=\"1024\" src=\"https:\/\/www.camping-kersentic.com\/wp-content\/uploads\/2025\/03\/469589709_18343769011182016_4385616951144470929_n-1024x1024.jpg\" alt=\"\" class=\"wp-image-6408\" srcset=\"https:\/\/www.camping-kersentic.com\/wp-content\/uploads\/2025\/03\/469589709_18343769011182016_4385616951144470929_n-1024x1024.jpg 1024w, https:\/\/www.camping-kersentic.com\/wp-content\/uploads\/2025\/03\/469589709_18343769011182016_4385616951144470929_n-300x300.jpg 300w, https:\/\/www.camping-kersentic.com\/wp-content\/uploads\/2025\/03\/469589709_18343769011182016_4385616951144470929_n-150x150.jpg 150w, https:\/\/www.camping-kersentic.com\/wp-content\/uploads\/2025\/03\/469589709_18343769011182016_4385616951144470929_n-768x768.jpg 768w, https:\/\/www.camping-kersentic.com\/wp-content\/uploads\/2025\/03\/469589709_18343769011182016_4385616951144470929_n.jpg 1080w\" sizes=\"(max-width: 1024px) 100vw, 1024px\" \/><\/figure>\n<\/figure>\n<\/div>\n\n\n\n<div class=\"wp-block-column\" style=\"flex-basis:37%\">\n<h1 id=\"mobil-home-a-fouesnant-gamme-evasion\">Mobile home in Fouesnant &#8211; Gamme Evasion<\/h1>\n\n\n\n<h2 id=\"optez-pour-le-coco-sweet\">Family-kids mobile home: space and comfort in Fouesnant<\/h2>\n\n\n\n<p>The <strong>Family-Kids mobile home<\/strong> offers 32m\u00b2 of <strong>space<\/strong>, <strong>storage space<\/strong>, a <strong>fully-equipped kitchen<\/strong> and a semi-covered <strong>terrace<\/strong> to enjoy the peace and quiet of the campsite.<br>An excellent choice for those looking for a <strong><a href=\"https:\/\/www.camping-kersentic.com\/en\/rentals\/mobile-homes\/\" data-type=\"URL\" data-id=\"https:\/\/www.camping-kersentic.com\/en\/rentals\/mobile-homes\/\">family mobile home<\/a> in Fouesnant<\/strong>, close to the beaches, with real comfort. Perfect for enjoying <strong>South Finist\u00e8re<\/strong> with your partner, family or friends. <\/p>\n\n\n\r\n<ul class=\"fc-blocks--picto col-1 gauche\">\r\n\r\n    \r\n        <li>\r\n            <i class=\"far fa-bed-front\"><\/i>\r\n            <p>1 bed 160&#215;200, 4 beds 80&#215;190<\/p>\n        <\/li>\r\n\r\n    \r\n        <li>\r\n            <i class=\"far fa-utensils\"><\/i>\r\n            <p>Fridge-freezer, coffee maker, kettle, microwave, crockery, dishwasher included<\/p>\n        <\/li>\r\n\r\n    \r\n        <li>\r\n            <i class=\"far fa-bed\"><\/i>\r\n            <p>Duvets and pillows provided<br \/>\nSheets and towel sets not provided (can be hired)<\/p>\n        <\/li>\r\n\r\n    \r\n        <li>\r\n            <i class=\"far fa-dog\"><\/i>\r\n            <p>Animals not allowed<\/p>\n        <\/li>\r\n\r\n    \r\n        <li>\r\n            <i class=\"far fa-tv\"><\/i>\r\n            <p>TV included<\/p>\n        <\/li>\r\n\r\n    \r\n        <li>\r\n            <i class=\"far fa-baby\"><\/i>\r\n            <p>Baby equipment: high chair, cot, cutlery, step stool&#8230;<\/p>\n        <\/li>\r\n\r\n    \r\n<\/ul>\r\n\r\n\n\n\n<div class=\"wp-container-69ddf8d60a2dc wp-block-buttons\">\n<div class=\"wp-block-button btn_resa_147424\"><a class=\"wp-block-button__link\"><i class=\"far fa-search\"><\/i>  Book Family-kids<\/a><\/div>\n<\/div>\n<\/div>\n<\/div>\n<\/div><\/section>\n\n\n\n<section class=\"wp-container-69ddf8d60b121 wp-block-group\"><div class=\"wp-block-group__inner-container\">\n<h3 class=\"has-text-align-center\" id=\"zen-2-chambres\">Family-kids<\/h3>\n\n\n<ctv-availability data-product-id=\"147424\" data-background-color=\"#FFFFFFFF\" ><\/ctv-availability>\n\n\n\n<div class=\"wp-container-69ddf8d60a963 wp-block-buttons\">\n<div class=\"wp-block-button is-style-fill\"><a class=\"wp-block-button__link\" href=\"https:\/\/www.camping-kersentic.com\/en\/rentals\/\"><i class=\"far fa-search\"><\/i> Our other accommodations<\/a><\/div>\n<\/div>\n\n\n\n<h2 class=\"has-text-align-center\" id=\"infos-pratiques\">Practical information<\/h2>\n\n\n\n<div class=\"wp-block-group encart-information\"><div class=\"wp-block-group__inner-container\">\r\n<ul class=\"fc-blocks--picto col-2 gauche\">\r\n\r\n    \r\n        <li>\r\n            <i class=\"far fa-dog\"><\/i>\r\n            <p>Animals not allowed<\/p>\n        <\/li>\r\n\r\n    \r\n        <li>\r\n            <i class=\"far fa-clock\"><\/i>\r\n            <p>Arrival from 4pm &#8211; Departure before 10am<\/p>\n        <\/li>\r\n\r\n    \r\n        <li>\r\n            <i class=\"far fa-blanket\"><\/i>\r\n            <p>Cotton sheet kit: \u20ac17\/bed<\/p>\n        <\/li>\r\n\r\n    \r\n        <li>\r\n            <i class=\"far fa-shower\"><\/i>\r\n            <p>Towel kit hire at \u20ac10\/person<\/p>\n        <\/li>\r\n\r\n    \r\n        <li>\r\n            <i class=\"far fa-credit-card\"><\/i>\r\n            <p>Rental deposit: \u20ac600  <\/p>\n        <\/li>\r\n\r\n    \r\n        <li>\r\n            <i class=\"far fa-circle-info\"><\/i>\r\n            <p>Our prices do not include: tourist taxes, visitors or extra persons.<\/p>\n        <\/li>\r\n\r\n    \r\n<\/ul>\r\n\r\n<\/div><\/div>\n<\/div><\/section>\n","protected":false},"excerpt":{"rendered":"<p>Mobile home in Fouesnant &#8211; Gamme Evasion Family-kids mobile home: space and comfort in Fouesnant The Family-Kids mobile home offers 32m\u00b2 of space, storage space, a fully-equipped kitchen and a semi-covered terrace to enjoy the peace and quiet of the campsite.An excellent choice for those looking for a family mobile home in Fouesnant, close to [&hellip;]<\/p>\n","protected":false},"author":1,"featured_media":2344,"parent":3768,"menu_order":0,"comment_status":"closed","ping_status":"closed","template":"","meta":[],"acf":[],"yoast_head":"<!-- This site is optimized with the Yoast SEO plugin v19.9 - https:\/\/yoast.com\/wordpress\/plugins\/seo\/ -->\n<title>Family-kids escape - Camping de Kersentic<\/title>\n<meta name=\"robots\" content=\"index, follow, max-snippet:-1, max-image-preview:large, max-video-preview:-1\" \/>\n<link rel=\"canonical\" href=\"https:\/\/www.camping-kersentic.com\/en\/rentals\/mobile-homes\/family-kids-escape\/\" \/>\n<meta property=\"og:locale\" content=\"en_US\" \/>\n<meta property=\"og:type\" content=\"article\" \/>\n<meta property=\"og:title\" content=\"Family-kids escape - Camping de Kersentic\" \/>\n<meta property=\"og:description\" content=\"Mobile home in Fouesnant &#8211; Gamme Evasion Family-kids mobile home: space and comfort in Fouesnant The Family-Kids mobile home offers 32m\u00b2 of space, storage space, a fully-equipped kitchen and a semi-covered terrace to enjoy the peace and quiet of the campsite.An excellent choice for those looking for a family mobile home in Fouesnant, close to [&hellip;]\" \/>\n<meta property=\"og:url\" content=\"https:\/\/www.camping-kersentic.com\/en\/rentals\/mobile-homes\/family-kids-escape\/\" \/>\n<meta property=\"og:site_name\" content=\"Camping de Kersentic\" \/>\n<meta property=\"article:publisher\" content=\"https:\/\/www.facebook.com\/campingdekersenticfouesnant\/\" \/>\n<meta property=\"article:modified_time\" content=\"2026-01-06T10:09:32+00:00\" \/>\n<meta property=\"og:image\" content=\"https:\/\/www.camping-kersentic.com\/wp-content\/uploads\/2022\/10\/OHARA_804_PIECE-DE-VIE_2020-1--scaled.jpg\" \/>\n\t<meta property=\"og:image:width\" content=\"2560\" \/>\n\t<meta property=\"og:image:height\" content=\"1472\" \/>\n\t<meta property=\"og:image:type\" content=\"image\/jpeg\" \/>\n<meta name=\"twitter:card\" content=\"summary_large_image\" \/>\n<script type=\"application\/ld+json\" class=\"yoast-schema-graph\">{\"@context\":\"https:\/\/schema.org\",\"@graph\":[{\"@type\":\"WebPage\",\"@id\":\"https:\/\/www.camping-kersentic.com\/en\/rentals\/mobile-homes\/family-kids-escape\/\",\"url\":\"https:\/\/www.camping-kersentic.com\/en\/rentals\/mobile-homes\/family-kids-escape\/\",\"name\":\"Family-kids escape - Camping de Kersentic\",\"isPartOf\":{\"@id\":\"https:\/\/www.camping-kersentic.com\/#website\"},\"datePublished\":\"2025-12-19T12:58:04+00:00\",\"dateModified\":\"2026-01-06T10:09:32+00:00\",\"breadcrumb\":{\"@id\":\"https:\/\/www.camping-kersentic.com\/en\/rentals\/mobile-homes\/family-kids-escape\/#breadcrumb\"},\"inLanguage\":\"en-US\",\"potentialAction\":[{\"@type\":\"ReadAction\",\"target\":[\"https:\/\/www.camping-kersentic.com\/en\/rentals\/mobile-homes\/family-kids-escape\/\"]}]},{\"@type\":\"BreadcrumbList\",\"@id\":\"https:\/\/www.camping-kersentic.com\/en\/rentals\/mobile-homes\/family-kids-escape\/#breadcrumb\",\"itemListElement\":[{\"@type\":\"ListItem\",\"position\":1,\"name\":\"Home\",\"item\":\"https:\/\/www.camping-kersentic.com\/en\/\"},{\"@type\":\"ListItem\",\"position\":2,\"name\":\"Rentals\",\"item\":\"https:\/\/www.camping-kersentic.com\/en\/rentals\/\"},{\"@type\":\"ListItem\",\"position\":3,\"name\":\"Mobile homes\",\"item\":\"https:\/\/www.camping-kersentic.com\/en\/rentals\/mobile-homes\/\"},{\"@type\":\"ListItem\",\"position\":4,\"name\":\"Family-kids escape\"}]},{\"@type\":\"WebSite\",\"@id\":\"https:\/\/www.camping-kersentic.com\/#website\",\"url\":\"https:\/\/www.camping-kersentic.com\/\",\"name\":\"Camping de Kersentic\",\"description\":\"Camping Fouesnant 4 \u00e9toiles dans le Finist\u00e8re sud, locations de mobil-home, g\u00eetes, Coco Sweet, locations insolites, emplacements, piscine couverte et plage\",\"publisher\":{\"@id\":\"https:\/\/www.camping-kersentic.com\/#organization\"},\"potentialAction\":[{\"@type\":\"SearchAction\",\"target\":{\"@type\":\"EntryPoint\",\"urlTemplate\":\"https:\/\/www.camping-kersentic.com\/?s={search_term_string}\"},\"query-input\":\"required name=search_term_string\"}],\"inLanguage\":\"en-US\"},{\"@type\":\"Organization\",\"@id\":\"https:\/\/www.camping-kersentic.com\/#organization\",\"name\":\"Camping de Kersentic\",\"url\":\"https:\/\/www.camping-kersentic.com\/\",\"logo\":{\"@type\":\"ImageObject\",\"inLanguage\":\"en-US\",\"@id\":\"https:\/\/www.camping-kersentic.com\/#\/schema\/logo\/image\/\",\"url\":\"https:\/\/www.camping-kersentic.com\/wp-content\/uploads\/2025\/05\/LOGO2025_C.webp\",\"contentUrl\":\"https:\/\/www.camping-kersentic.com\/wp-content\/uploads\/2025\/05\/LOGO2025_C.webp\",\"width\":764,\"height\":325,\"caption\":\"Camping de Kersentic\"},\"image\":{\"@id\":\"https:\/\/www.camping-kersentic.com\/#\/schema\/logo\/image\/\"},\"sameAs\":[\"https:\/\/www.instagram.com\/campingdekersentic\/?hl=fr\",\"https:\/\/www.facebook.com\/campingdekersenticfouesnant\/\"]}]}<\/script>\n<!-- \/ Yoast SEO plugin. -->","yoast_head_json":{"title":"Family-kids escape - Camping de Kersentic","robots":{"index":"index","follow":"follow","max-snippet":"max-snippet:-1","max-image-preview":"max-image-preview:large","max-video-preview":"max-video-preview:-1"},"canonical":"https:\/\/www.camping-kersentic.com\/en\/rentals\/mobile-homes\/family-kids-escape\/","og_locale":"en_US","og_type":"article","og_title":"Family-kids escape - Camping de Kersentic","og_description":"Mobile home in Fouesnant &#8211; Gamme Evasion Family-kids mobile home: space and comfort in Fouesnant The Family-Kids mobile home offers 32m\u00b2 of space, storage space, a fully-equipped kitchen and a semi-covered terrace to enjoy the peace and quiet of the campsite.An excellent choice for those looking for a family mobile home in Fouesnant, close to [&hellip;]","og_url":"https:\/\/www.camping-kersentic.com\/en\/rentals\/mobile-homes\/family-kids-escape\/","og_site_name":"Camping de Kersentic","article_publisher":"https:\/\/www.facebook.com\/campingdekersenticfouesnant\/","article_modified_time":"2026-01-06T10:09:32+00:00","og_image":[{"width":2560,"height":1472,"url":"https:\/\/www.camping-kersentic.com\/wp-content\/uploads\/2022\/10\/OHARA_804_PIECE-DE-VIE_2020-1--scaled.jpg","type":"image\/jpeg"}],"twitter_card":"summary_large_image","schema":{"@context":"https:\/\/schema.org","@graph":[{"@type":"WebPage","@id":"https:\/\/www.camping-kersentic.com\/en\/rentals\/mobile-homes\/family-kids-escape\/","url":"https:\/\/www.camping-kersentic.com\/en\/rentals\/mobile-homes\/family-kids-escape\/","name":"Family-kids escape - Camping de Kersentic","isPartOf":{"@id":"https:\/\/www.camping-kersentic.com\/#website"},"datePublished":"2025-12-19T12:58:04+00:00","dateModified":"2026-01-06T10:09:32+00:00","breadcrumb":{"@id":"https:\/\/www.camping-kersentic.com\/en\/rentals\/mobile-homes\/family-kids-escape\/#breadcrumb"},"inLanguage":"en-US","potentialAction":[{"@type":"ReadAction","target":["https:\/\/www.camping-kersentic.com\/en\/rentals\/mobile-homes\/family-kids-escape\/"]}]},{"@type":"BreadcrumbList","@id":"https:\/\/www.camping-kersentic.com\/en\/rentals\/mobile-homes\/family-kids-escape\/#breadcrumb","itemListElement":[{"@type":"ListItem","position":1,"name":"Home","item":"https:\/\/www.camping-kersentic.com\/en\/"},{"@type":"ListItem","position":2,"name":"Rentals","item":"https:\/\/www.camping-kersentic.com\/en\/rentals\/"},{"@type":"ListItem","position":3,"name":"Mobile homes","item":"https:\/\/www.camping-kersentic.com\/en\/rentals\/mobile-homes\/"},{"@type":"ListItem","position":4,"name":"Family-kids escape"}]},{"@type":"WebSite","@id":"https:\/\/www.camping-kersentic.com\/#website","url":"https:\/\/www.camping-kersentic.com\/","name":"Camping de Kersentic","description":"Camping Fouesnant 4 \u00e9toiles dans le Finist\u00e8re sud, locations de mobil-home, g\u00eetes, Coco Sweet, locations insolites, emplacements, piscine couverte et plage","publisher":{"@id":"https:\/\/www.camping-kersentic.com\/#organization"},"potentialAction":[{"@type":"SearchAction","target":{"@type":"EntryPoint","urlTemplate":"https:\/\/www.camping-kersentic.com\/?s={search_term_string}"},"query-input":"required name=search_term_string"}],"inLanguage":"en-US"},{"@type":"Organization","@id":"https:\/\/www.camping-kersentic.com\/#organization","name":"Camping de Kersentic","url":"https:\/\/www.camping-kersentic.com\/","logo":{"@type":"ImageObject","inLanguage":"en-US","@id":"https:\/\/www.camping-kersentic.com\/#\/schema\/logo\/image\/","url":"https:\/\/www.camping-kersentic.com\/wp-content\/uploads\/2025\/05\/LOGO2025_C.webp","contentUrl":"https:\/\/www.camping-kersentic.com\/wp-content\/uploads\/2025\/05\/LOGO2025_C.webp","width":764,"height":325,"caption":"Camping de Kersentic"},"image":{"@id":"https:\/\/www.camping-kersentic.com\/#\/schema\/logo\/image\/"},"sameAs":["https:\/\/www.instagram.com\/campingdekersentic\/?hl=fr","https:\/\/www.facebook.com\/campingdekersenticfouesnant\/"]}]}},"_links":{"self":[{"href":"https:\/\/www.camping-kersentic.com\/en\/wp-json\/wp\/v2\/pages\/8150"}],"collection":[{"href":"https:\/\/www.camping-kersentic.com\/en\/wp-json\/wp\/v2\/pages"}],"about":[{"href":"https:\/\/www.camping-kersentic.com\/en\/wp-json\/wp\/v2\/types\/page"}],"author":[{"embeddable":true,"href":"https:\/\/www.camping-kersentic.com\/en\/wp-json\/wp\/v2\/users\/1"}],"replies":[{"embeddable":true,"href":"https:\/\/www.camping-kersentic.com\/en\/wp-json\/wp\/v2\/comments?post=8150"}],"version-history":[{"count":3,"href":"https:\/\/www.camping-kersentic.com\/en\/wp-json\/wp\/v2\/pages\/8150\/revisions"}],"predecessor-version":[{"id":8207,"href":"https:\/\/www.camping-kersentic.com\/en\/wp-json\/wp\/v2\/pages\/8150\/revisions\/8207"}],"up":[{"embeddable":true,"href":"https:\/\/www.camping-kersentic.com\/en\/wp-json\/wp\/v2\/pages\/3768"}],"wp:featuredmedia":[{"embeddable":true,"href":"https:\/\/www.camping-kersentic.com\/en\/wp-json\/wp\/v2\/media\/2344"}],"wp:attachment":[{"href":"https:\/\/www.camping-kersentic.com\/en\/wp-json\/wp\/v2\/media?parent=8150"}],"curies":[{"name":"wp","href":"https:\/\/api.w.org\/{rel}","templated":true}]}}