{"id":7186,"date":"2025-03-24T15:51:21","date_gmt":"2025-03-24T14:51:21","guid":{"rendered":"https:\/\/www.camping-kersentic.com\/locaties-2\/gites\/"},"modified":"2025-03-26T11:49:01","modified_gmt":"2025-03-26T10:49:01","slug":"gites","status":"publish","type":"page","link":"https:\/\/www.camping-kersentic.com\/nl\/verhuur\/gites\/","title":{"rendered":"G\u00eetes"},"content":{"rendered":"\n<figure class=\"wp-block-image alignfull size-large\"><img loading=\"lazy\" width=\"1024\" height=\"768\" src=\"https:\/\/www.camping-kersentic.com\/wp-content\/uploads\/2025\/03\/2ba8871f-4363-4e3e-801d-f825414c0480-1024x768.jpg\" alt=\"\" class=\"wp-image-6178\" srcset=\"https:\/\/www.camping-kersentic.com\/wp-content\/uploads\/2025\/03\/2ba8871f-4363-4e3e-801d-f825414c0480-1024x768.jpg 1024w, https:\/\/www.camping-kersentic.com\/wp-content\/uploads\/2025\/03\/2ba8871f-4363-4e3e-801d-f825414c0480-300x225.jpg 300w, https:\/\/www.camping-kersentic.com\/wp-content\/uploads\/2025\/03\/2ba8871f-4363-4e3e-801d-f825414c0480-768x576.jpg 768w, https:\/\/www.camping-kersentic.com\/wp-content\/uploads\/2025\/03\/2ba8871f-4363-4e3e-801d-f825414c0480-1536x1152.jpg 1536w, https:\/\/www.camping-kersentic.com\/wp-content\/uploads\/2025\/03\/2ba8871f-4363-4e3e-801d-f825414c0480-2048x1536.jpg 2048w\" sizes=\"(max-width: 1024px) 100vw, 1024px\" \/><\/figure>\n\n\n\n<section class=\"wp-container-69f41a0f79149 wp-block-group alignfull deco--vague has-jaune-clair-background-color has-background\"><div class=\"wp-block-group__inner-container\">\n<h1 class=\"has-text-align-center\" id=\"location-de-gites-en-bretagne\">Gites te huur in Bretagne<\/h1>\n\n\n\n<p class=\"has-text-align-center\">Boek je vakantie in onze <strong>g\u00eete in Fouesnant<\/strong>, Bretagne. Volledig ingerichte keuken, volledig uitgeruste badkamer, voor een comfortabel verblijf in Fouesnant. <\/p>\n\n\n\n<div class=\"wp-container-69f41a0f78e9d wp-block-buttons\">\n<div class=\"wp-block-button btn_resa_loc\"><a class=\"wp-block-button__link\"><i class=\"far fa-search\"><\/i> Boek je verblijf!<\/a><\/div>\n<\/div>\n<\/div><\/section>\n\n\n\n<section class=\"wp-container-69f41a0f7a374 wp-block-group K-15-a\"><div class=\"wp-block-group__inner-container\">\n<div class=\"wp-container-69f41a0f7a0cf wp-block-group\">\n<div class=\"wp-container-69f41a0f797c1 wp-block-group\"><div class=\"wp-block-group__inner-container\">\n<figure class=\"wp-block-image size-large\"><img loading=\"lazy\" width=\"1024\" height=\"768\" src=\"https:\/\/www.camping-kersentic.com\/wp-content\/uploads\/2025\/03\/20250304_155904-1024x768.jpg\" alt=\"\" class=\"wp-image-6174\" srcset=\"https:\/\/www.camping-kersentic.com\/wp-content\/uploads\/2025\/03\/20250304_155904-1024x768.jpg 1024w, https:\/\/www.camping-kersentic.com\/wp-content\/uploads\/2025\/03\/20250304_155904-300x225.jpg 300w, https:\/\/www.camping-kersentic.com\/wp-content\/uploads\/2025\/03\/20250304_155904-768x576.jpg 768w, https:\/\/www.camping-kersentic.com\/wp-content\/uploads\/2025\/03\/20250304_155904-1536x1152.jpg 1536w, https:\/\/www.camping-kersentic.com\/wp-content\/uploads\/2025\/03\/20250304_155904-2048x1536.jpg 2048w\" sizes=\"(max-width: 1024px) 100vw, 1024px\" \/><\/figure>\n\n\n\n<p class=\"h3\">De Cap-Coz<\/p>\n\n\n\n<p>2 tot 4 personen<\/p>\n\n\n\n<div class=\"wp-container-69f41a0f794fd wp-block-buttons\">\n<div class=\"wp-block-button\"><a class=\"wp-block-button__link\" href=\"https:\/\/www.camping-kersentic.com\/nl\/verhuur\/gites\/cap-coz\/\" target=\"_blank\" rel=\"noreferrer noopener\">Meer zien<\/a><\/div>\n<\/div>\n\n\n\n<p>Ontdek onder onze <strong>g\u00eetes in Bretagne<\/strong> de <strong>g\u00eete Cap-Coz<\/strong> en geniet van een comfortabel verblijf <strong>in Fouesnant<\/strong>. Deze moderne g\u00eete biedt al het comfort dat je nodig hebt, met een slaapkamer uitgerust met een bed van 160&#215;200 en twee bedden van 90&#215;190, ideaal voor een gezinsvakantie. De keuken is volledig uitgerust met koel-vriescombinatie, vaatwasser, inductiekookplaat, koffiezetapparaat, waterkoker, magnetron en al het servies en bestek dat je nodig hebt.  <\/p>\n<\/div><\/div>\n\n\n\n<div class=\"wp-container-69f41a0f79e0b wp-block-group\"><div class=\"wp-block-group__inner-container\">\n<figure class=\"wp-block-image size-large\"><img loading=\"lazy\" width=\"576\" height=\"1024\" src=\"https:\/\/www.camping-kersentic.com\/wp-content\/uploads\/2025\/03\/IMG-20240528-WA0004-576x1024.jpg\" alt=\"\" class=\"wp-image-6183\" srcset=\"https:\/\/www.camping-kersentic.com\/wp-content\/uploads\/2025\/03\/IMG-20240528-WA0004-576x1024.jpg 576w, https:\/\/www.camping-kersentic.com\/wp-content\/uploads\/2025\/03\/IMG-20240528-WA0004-169x300.jpg 169w, https:\/\/www.camping-kersentic.com\/wp-content\/uploads\/2025\/03\/IMG-20240528-WA0004-768x1365.jpg 768w, https:\/\/www.camping-kersentic.com\/wp-content\/uploads\/2025\/03\/IMG-20240528-WA0004-864x1536.jpg 864w, https:\/\/www.camping-kersentic.com\/wp-content\/uploads\/2025\/03\/IMG-20240528-WA0004.jpg 900w\" sizes=\"(max-width: 576px) 100vw, 576px\" \/><\/figure>\n\n\n\n<p class=\"h3\">Les Gl\u00e9nan<\/p>\n\n\n\n<p>2 tot 4 personen<\/p>\n\n\n\n<div class=\"wp-container-69f41a0f79b2e wp-block-buttons\">\n<div class=\"wp-block-button\"><a class=\"wp-block-button__link\" href=\"https:\/\/www.camping-kersentic.com\/nl\/verhuur\/gites\/les-glenan\/\" target=\"_blank\" rel=\"noreferrer noopener\">Meer zien<\/a><\/div>\n<\/div>\n\n\n\n<p>Trakteer jezelf op een comfortabele vakantie in <strong>g\u00eete Les Gl\u00e9nan in Bretagne<\/strong>. Deze ruime, moderne accommodatie is perfect voor een ontspannen vakantie in Bretagne, met een comfortabele slaapkamer met een bed van 160&#215;200 en twee bedden van 90&#215;190. De volledig uitgeruste keuken heeft een koelkast met vriesvak, vaatwasser, inductiekookplaat, koffiezetapparaat, waterkoker, magnetron en al het servies dat je nodig hebt.  <\/p>\n<\/div><\/div>\n<\/div>\n<\/div><\/section>\n\n\n\n<p class=\"has-text-align-center\">Dekbedden en kussens zijn aanwezig, maar vergeet niet om je eigen lakens mee te nemen of maak gebruik van onze verhuurservice. Televisie is inbegrepen voor je ontspanning. Huisdieren zijn niet toegestaan om de rust op het terrein te bewaren. Aankomst vanaf 16.00 uur en vertrek voor 10.00 uur. Borg \u20ac600. Wacht niet langer en reserveer je <strong>g\u00eete in Bretagne<\/strong> voor een onvergetelijke vakantie aan het water!     <\/p>\n\n\n\n<p class=\"has-text-align-center\" style=\"font-size:10px\"><em>G\u00eetes zijn niet inbegrepen in de campingclassificatie<\/em><\/p>\n\n\n\n<div style=\"height:48px\" aria-hidden=\"true\" class=\"wp-block-spacer\"><\/div>\n","protected":false},"excerpt":{"rendered":"<p>Gites te huur in Bretagne Boek je vakantie in onze g\u00eete in Fouesnant, Bretagne. Volledig ingerichte keuken, volledig uitgeruste badkamer, voor een comfortabel verblijf in Fouesnant. De Cap-Coz 2 tot 4 personen Ontdek onder onze g\u00eetes in Bretagne de g\u00eete Cap-Coz en geniet van een comfortabel verblijf in Fouesnant. Deze moderne g\u00eete biedt al het [&hellip;]<\/p>\n","protected":false},"author":1,"featured_media":0,"parent":7181,"menu_order":0,"comment_status":"closed","ping_status":"closed","template":"","meta":[],"acf":[],"yoast_head":"<!-- This site is optimized with the Yoast SEO plugin v19.9 - https:\/\/yoast.com\/wordpress\/plugins\/seo\/ -->\n<title>G\u00eetes - Camping de Kersentic<\/title>\n<meta name=\"robots\" content=\"index, follow, max-snippet:-1, max-image-preview:large, max-video-preview:-1\" \/>\n<link rel=\"canonical\" href=\"https:\/\/www.camping-kersentic.com\/nl\/verhuur\/gites\/\" \/>\n<meta property=\"og:locale\" content=\"nl_NL\" \/>\n<meta property=\"og:type\" content=\"article\" \/>\n<meta property=\"og:title\" content=\"G\u00eetes - Camping de Kersentic\" \/>\n<meta property=\"og:description\" content=\"Gites te huur in Bretagne Boek je vakantie in onze g\u00eete in Fouesnant, Bretagne. Volledig ingerichte keuken, volledig uitgeruste badkamer, voor een comfortabel verblijf in Fouesnant. De Cap-Coz 2 tot 4 personen Ontdek onder onze g\u00eetes in Bretagne de g\u00eete Cap-Coz en geniet van een comfortabel verblijf in Fouesnant. Deze moderne g\u00eete biedt al het [&hellip;]\" \/>\n<meta property=\"og:url\" content=\"https:\/\/www.camping-kersentic.com\/nl\/verhuur\/gites\/\" \/>\n<meta property=\"og:site_name\" content=\"Camping de Kersentic\" \/>\n<meta property=\"article:publisher\" content=\"https:\/\/www.facebook.com\/campingdekersenticfouesnant\/\" \/>\n<meta property=\"article:modified_time\" content=\"2025-03-26T10:49:01+00:00\" \/>\n<meta property=\"og:image\" content=\"https:\/\/www.camping-kersentic.com\/wp-content\/uploads\/2025\/03\/2ba8871f-4363-4e3e-801d-f825414c0480-1024x768.jpg\" \/>\n<meta name=\"twitter:card\" content=\"summary_large_image\" \/>\n<meta name=\"twitter:label1\" content=\"Est. reading time\" \/>\n\t<meta name=\"twitter:data1\" content=\"1 minute\" \/>\n<script type=\"application\/ld+json\" class=\"yoast-schema-graph\">{\"@context\":\"https:\/\/schema.org\",\"@graph\":[{\"@type\":\"WebPage\",\"@id\":\"https:\/\/www.camping-kersentic.com\/nl\/verhuur\/gites\/\",\"url\":\"https:\/\/www.camping-kersentic.com\/nl\/verhuur\/gites\/\",\"name\":\"G\u00eetes - Camping de Kersentic\",\"isPartOf\":{\"@id\":\"https:\/\/www.camping-kersentic.com\/#website\"},\"datePublished\":\"2025-03-24T14:51:21+00:00\",\"dateModified\":\"2025-03-26T10:49:01+00:00\",\"breadcrumb\":{\"@id\":\"https:\/\/www.camping-kersentic.com\/nl\/verhuur\/gites\/#breadcrumb\"},\"inLanguage\":\"nl-NL\",\"potentialAction\":[{\"@type\":\"ReadAction\",\"target\":[\"https:\/\/www.camping-kersentic.com\/nl\/verhuur\/gites\/\"]}]},{\"@type\":\"BreadcrumbList\",\"@id\":\"https:\/\/www.camping-kersentic.com\/nl\/verhuur\/gites\/#breadcrumb\",\"itemListElement\":[{\"@type\":\"ListItem\",\"position\":1,\"name\":\"Home\",\"item\":\"https:\/\/www.camping-kersentic.com\/nl\/\"},{\"@type\":\"ListItem\",\"position\":2,\"name\":\"Locaties\",\"item\":\"https:\/\/www.camping-kersentic.com\/nl\/verhuur\/\"},{\"@type\":\"ListItem\",\"position\":3,\"name\":\"G\u00eetes\"}]},{\"@type\":\"WebSite\",\"@id\":\"https:\/\/www.camping-kersentic.com\/#website\",\"url\":\"https:\/\/www.camping-kersentic.com\/\",\"name\":\"Camping de Kersentic\",\"description\":\"Camping Fouesnant dans le Finist\u00e8re sud, locations de mobil-home, g\u00eetes, Coco Sweet, locations insolites, emplacements, piscine couverte et plage\",\"publisher\":{\"@id\":\"https:\/\/www.camping-kersentic.com\/#organization\"},\"potentialAction\":[{\"@type\":\"SearchAction\",\"target\":{\"@type\":\"EntryPoint\",\"urlTemplate\":\"https:\/\/www.camping-kersentic.com\/?s={search_term_string}\"},\"query-input\":\"required name=search_term_string\"}],\"inLanguage\":\"nl-NL\"},{\"@type\":\"Organization\",\"@id\":\"https:\/\/www.camping-kersentic.com\/#organization\",\"name\":\"Camping de Kersentic\",\"url\":\"https:\/\/www.camping-kersentic.com\/\",\"logo\":{\"@type\":\"ImageObject\",\"inLanguage\":\"nl-NL\",\"@id\":\"https:\/\/www.camping-kersentic.com\/#\/schema\/logo\/image\/\",\"url\":\"https:\/\/www.camping-kersentic.com\/wp-content\/uploads\/2025\/05\/LOGO2025_C.webp\",\"contentUrl\":\"https:\/\/www.camping-kersentic.com\/wp-content\/uploads\/2025\/05\/LOGO2025_C.webp\",\"width\":764,\"height\":325,\"caption\":\"Camping de Kersentic\"},\"image\":{\"@id\":\"https:\/\/www.camping-kersentic.com\/#\/schema\/logo\/image\/\"},\"sameAs\":[\"https:\/\/www.instagram.com\/campingdekersentic\/?hl=fr\",\"https:\/\/www.facebook.com\/campingdekersenticfouesnant\/\"]}]}<\/script>\n<!-- \/ Yoast SEO plugin. -->","yoast_head_json":{"title":"G\u00eetes - Camping de Kersentic","robots":{"index":"index","follow":"follow","max-snippet":"max-snippet:-1","max-image-preview":"max-image-preview:large","max-video-preview":"max-video-preview:-1"},"canonical":"https:\/\/www.camping-kersentic.com\/nl\/verhuur\/gites\/","og_locale":"nl_NL","og_type":"article","og_title":"G\u00eetes - Camping de Kersentic","og_description":"Gites te huur in Bretagne Boek je vakantie in onze g\u00eete in Fouesnant, Bretagne. Volledig ingerichte keuken, volledig uitgeruste badkamer, voor een comfortabel verblijf in Fouesnant. De Cap-Coz 2 tot 4 personen Ontdek onder onze g\u00eetes in Bretagne de g\u00eete Cap-Coz en geniet van een comfortabel verblijf in Fouesnant. Deze moderne g\u00eete biedt al het [&hellip;]","og_url":"https:\/\/www.camping-kersentic.com\/nl\/verhuur\/gites\/","og_site_name":"Camping de Kersentic","article_publisher":"https:\/\/www.facebook.com\/campingdekersenticfouesnant\/","article_modified_time":"2025-03-26T10:49:01+00:00","og_image":[{"url":"https:\/\/www.camping-kersentic.com\/wp-content\/uploads\/2025\/03\/2ba8871f-4363-4e3e-801d-f825414c0480-1024x768.jpg"}],"twitter_card":"summary_large_image","twitter_misc":{"Est. reading time":"1 minute"},"schema":{"@context":"https:\/\/schema.org","@graph":[{"@type":"WebPage","@id":"https:\/\/www.camping-kersentic.com\/nl\/verhuur\/gites\/","url":"https:\/\/www.camping-kersentic.com\/nl\/verhuur\/gites\/","name":"G\u00eetes - Camping de Kersentic","isPartOf":{"@id":"https:\/\/www.camping-kersentic.com\/#website"},"datePublished":"2025-03-24T14:51:21+00:00","dateModified":"2025-03-26T10:49:01+00:00","breadcrumb":{"@id":"https:\/\/www.camping-kersentic.com\/nl\/verhuur\/gites\/#breadcrumb"},"inLanguage":"nl-NL","potentialAction":[{"@type":"ReadAction","target":["https:\/\/www.camping-kersentic.com\/nl\/verhuur\/gites\/"]}]},{"@type":"BreadcrumbList","@id":"https:\/\/www.camping-kersentic.com\/nl\/verhuur\/gites\/#breadcrumb","itemListElement":[{"@type":"ListItem","position":1,"name":"Home","item":"https:\/\/www.camping-kersentic.com\/nl\/"},{"@type":"ListItem","position":2,"name":"Locaties","item":"https:\/\/www.camping-kersentic.com\/nl\/verhuur\/"},{"@type":"ListItem","position":3,"name":"G\u00eetes"}]},{"@type":"WebSite","@id":"https:\/\/www.camping-kersentic.com\/#website","url":"https:\/\/www.camping-kersentic.com\/","name":"Camping de Kersentic","description":"Camping Fouesnant dans le Finist\u00e8re sud, locations de mobil-home, g\u00eetes, Coco Sweet, locations insolites, emplacements, piscine couverte et plage","publisher":{"@id":"https:\/\/www.camping-kersentic.com\/#organization"},"potentialAction":[{"@type":"SearchAction","target":{"@type":"EntryPoint","urlTemplate":"https:\/\/www.camping-kersentic.com\/?s={search_term_string}"},"query-input":"required name=search_term_string"}],"inLanguage":"nl-NL"},{"@type":"Organization","@id":"https:\/\/www.camping-kersentic.com\/#organization","name":"Camping de Kersentic","url":"https:\/\/www.camping-kersentic.com\/","logo":{"@type":"ImageObject","inLanguage":"nl-NL","@id":"https:\/\/www.camping-kersentic.com\/#\/schema\/logo\/image\/","url":"https:\/\/www.camping-kersentic.com\/wp-content\/uploads\/2025\/05\/LOGO2025_C.webp","contentUrl":"https:\/\/www.camping-kersentic.com\/wp-content\/uploads\/2025\/05\/LOGO2025_C.webp","width":764,"height":325,"caption":"Camping de Kersentic"},"image":{"@id":"https:\/\/www.camping-kersentic.com\/#\/schema\/logo\/image\/"},"sameAs":["https:\/\/www.instagram.com\/campingdekersentic\/?hl=fr","https:\/\/www.facebook.com\/campingdekersenticfouesnant\/"]}]}},"_links":{"self":[{"href":"https:\/\/www.camping-kersentic.com\/nl\/wp-json\/wp\/v2\/pages\/7186"}],"collection":[{"href":"https:\/\/www.camping-kersentic.com\/nl\/wp-json\/wp\/v2\/pages"}],"about":[{"href":"https:\/\/www.camping-kersentic.com\/nl\/wp-json\/wp\/v2\/types\/page"}],"author":[{"embeddable":true,"href":"https:\/\/www.camping-kersentic.com\/nl\/wp-json\/wp\/v2\/users\/1"}],"replies":[{"embeddable":true,"href":"https:\/\/www.camping-kersentic.com\/nl\/wp-json\/wp\/v2\/comments?post=7186"}],"version-history":[{"count":2,"href":"https:\/\/www.camping-kersentic.com\/nl\/wp-json\/wp\/v2\/pages\/7186\/revisions"}],"predecessor-version":[{"id":7353,"href":"https:\/\/www.camping-kersentic.com\/nl\/wp-json\/wp\/v2\/pages\/7186\/revisions\/7353"}],"up":[{"embeddable":true,"href":"https:\/\/www.camping-kersentic.com\/nl\/wp-json\/wp\/v2\/pages\/7181"}],"wp:attachment":[{"href":"https:\/\/www.camping-kersentic.com\/nl\/wp-json\/wp\/v2\/media?parent=7186"}],"curies":[{"name":"wp","href":"https:\/\/api.w.org\/{rel}","templated":true}]}}