{"id":7231,"date":"2025-03-26T09:25:55","date_gmt":"2025-03-26T08:25:55","guid":{"rendered":"https:\/\/www.camping-kersentic.com\/locaties-2\/autohuizen\/tuinzijde\/"},"modified":"2025-03-26T11:26:55","modified_gmt":"2025-03-26T10:26:55","slug":"tuinzijde","status":"publish","type":"page","link":"https:\/\/www.camping-kersentic.com\/nl\/verhuur\/autohuizen\/tuinzijde\/","title":{"rendered":"Tuinzijde"},"content":{"rendered":"\n<figure class=\"wp-block-image alignfull size-large\"><img loading=\"lazy\" width=\"1024\" height=\"576\" src=\"https:\/\/www.camping-kersentic.com\/wp-content\/uploads\/2025\/03\/DJI_0076-1024x576.jpg\" alt=\"\" class=\"wp-image-6422\" srcset=\"https:\/\/www.camping-kersentic.com\/wp-content\/uploads\/2025\/03\/DJI_0076-1024x576.jpg 1024w, https:\/\/www.camping-kersentic.com\/wp-content\/uploads\/2025\/03\/DJI_0076-300x169.jpg 300w, https:\/\/www.camping-kersentic.com\/wp-content\/uploads\/2025\/03\/DJI_0076-768x432.jpg 768w, https:\/\/www.camping-kersentic.com\/wp-content\/uploads\/2025\/03\/DJI_0076-1536x864.jpg 1536w, https:\/\/www.camping-kersentic.com\/wp-content\/uploads\/2025\/03\/DJI_0076-2048x1152.jpg 2048w, https:\/\/www.camping-kersentic.com\/wp-content\/uploads\/2025\/03\/DJI_0076-1920x1080.jpg 1920w\" sizes=\"(max-width: 1024px) 100vw, 1024px\" \/><\/figure>\n\n\n\n<section class=\"wp-container-69f338cb992dd wp-block-group alignfull deco--vague has-jaune-clair-background-color has-background\"><div class=\"wp-block-group__inner-container\">\n<div class=\"wp-block-columns\">\n<div class=\"wp-block-column\" style=\"flex-basis:37%\">\n<h1 id=\"optez-pour-le-coco-sweet\">Stacaravan met jacuzzi in Fouesnant, C\u00f4t\u00e9 Jardin<\/h1>\n\n\n\n<p>Op zoek naar privacy? Onze nieuwe <strong>stacaravan &#8220;c\u00f4t\u00e9 jardin&#8221; in Fouesnant<\/strong> verwelkomt je voor een &#8220;cocooning&#8221; verblijf. <\/p>\n\n\n\n<p>Zodra je door de voordeur bent gekomen, kom je terecht in de ruimte van onze mooie standplaatsen, waar je in alle rust kunt ontspannen op het loungeterras met ligstoelen en een ontspanningsruimte voor een ontspannen vakantie. Aarzel niet om alle andere <a href=\"https:\/\/www.camping-kersentic.com\/nl\/verhuur\/autohuizen\/\" data-type=\"page\" data-id=\"7209\">stacaravans op onze camping in Fouesnant<\/a> te ontdekken. <\/p>\n\n\n\n<p>Niets doen en ontspannen<\/p>\n\n\n\r\n<ul class=\"fc-blocks--picto col-1 gauche\">\r\n\r\n    \r\n        <li>\r\n            <i class=\"far fa-bed-front\"><\/i>\r\n            <p>Tuinzijde 2 slaapkamers: 1 bed 160&#215;200, 2 bedden 80&#215;90<br \/>\nTuinzijde 3 slaapkamers: 1 bed 160&#215;200, 4 bedden 80&#215;90<\/p>\n        <\/li>\r\n\r\n    \r\n        <li>\r\n            <i class=\"far fa-utensils\"><\/i>\r\n            <p>Koelkast met vriesvak, koffiezetapparaat, waterkoker, magnetron, serviesgoed, vaatwasser `.<\/p>\n        <\/li>\r\n\r\n    \r\n        <li>\r\n            <i class=\"far fa-umbrella-beach\"><\/i>\r\n            <p>Solarium met chiliennes, ontspanningsruimte, tuinmeubilair<\/p>\n        <\/li>\r\n\r\n    \r\n        <li>\r\n            <i class=\"far fa-bed\"><\/i>\r\n            <p>Dekbedden en kussens aanwezig<br \/>\nLakens en handdoekensets niet aanwezig (kunnen gehuurd worden)<\/p>\n        <\/li>\r\n\r\n    \r\n        <li>\r\n            <i class=\"far fa-dog\"><\/i>\r\n            <p>Dieren niet toegestaan<\/p>\n        <\/li>\r\n\r\n    \r\n        <li>\r\n            <i class=\"far fa-tv\"><\/i>\r\n            <p>TV inclusief<\/p>\n        <\/li>\r\n\r\n    \r\n<\/ul>\r\n\r\n<\/div>\n\n\n\n<div class=\"wp-block-column galerie_3\">\n<figure class=\"wp-block-gallery has-nested-images columns-default is-cropped\">\n<figure class=\"wp-block-image size-large\"><img loading=\"lazy\" width=\"1920\" height=\"2560\" src=\"https:\/\/www.camping-kersentic.com\/wp-content\/uploads\/2023\/11\/IMG_6847.jpg\" alt=\"\" class=\"wp-image-5031\" srcset=\"https:\/\/www.camping-kersentic.com\/wp-content\/uploads\/2023\/11\/IMG_6847.jpg 1920w, https:\/\/www.camping-kersentic.com\/wp-content\/uploads\/2023\/11\/IMG_6847-225x300.jpg 225w, https:\/\/www.camping-kersentic.com\/wp-content\/uploads\/2023\/11\/IMG_6847-768x1024.jpg 768w, https:\/\/www.camping-kersentic.com\/wp-content\/uploads\/2023\/11\/IMG_6847-1152x1536.jpg 1152w, https:\/\/www.camping-kersentic.com\/wp-content\/uploads\/2023\/11\/IMG_6847-1536x2048.jpg 1536w\" sizes=\"(max-width: 1920px) 100vw, 1920px\" \/><\/figure>\n\n\n\n<figure class=\"wp-block-image size-large\"><img loading=\"lazy\" width=\"768\" height=\"1024\" src=\"https:\/\/www.camping-kersentic.com\/wp-content\/uploads\/2023\/11\/E5D67E6C-DD60-40E2-A410-441C2FF9F184_1_105_c.jpg\" alt=\"\" class=\"wp-image-5025\" srcset=\"https:\/\/www.camping-kersentic.com\/wp-content\/uploads\/2023\/11\/E5D67E6C-DD60-40E2-A410-441C2FF9F184_1_105_c.jpg 768w, https:\/\/www.camping-kersentic.com\/wp-content\/uploads\/2023\/11\/E5D67E6C-DD60-40E2-A410-441C2FF9F184_1_105_c-225x300.jpg 225w\" sizes=\"(max-width: 768px) 100vw, 768px\" \/><\/figure>\n\n\n\n<figure class=\"wp-block-image size-large\"><img loading=\"lazy\" width=\"1920\" height=\"1080\" src=\"https:\/\/www.camping-kersentic.com\/wp-content\/uploads\/2023\/11\/Sejour-Zen-Jacuzzi-prive-Camping-Kersentic-Finistere.jpg\" alt=\"\" class=\"wp-image-5022\" srcset=\"https:\/\/www.camping-kersentic.com\/wp-content\/uploads\/2023\/11\/Sejour-Zen-Jacuzzi-prive-Camping-Kersentic-Finistere.jpg 1920w, https:\/\/www.camping-kersentic.com\/wp-content\/uploads\/2023\/11\/Sejour-Zen-Jacuzzi-prive-Camping-Kersentic-Finistere-300x169.jpg 300w, https:\/\/www.camping-kersentic.com\/wp-content\/uploads\/2023\/11\/Sejour-Zen-Jacuzzi-prive-Camping-Kersentic-Finistere-1024x576.jpg 1024w, https:\/\/www.camping-kersentic.com\/wp-content\/uploads\/2023\/11\/Sejour-Zen-Jacuzzi-prive-Camping-Kersentic-Finistere-768x432.jpg 768w, https:\/\/www.camping-kersentic.com\/wp-content\/uploads\/2023\/11\/Sejour-Zen-Jacuzzi-prive-Camping-Kersentic-Finistere-1536x864.jpg 1536w\" sizes=\"(max-width: 1920px) 100vw, 1920px\" \/><\/figure>\n<\/figure>\n\n\n\n<div class=\"wp-container-69f338cb98fca wp-block-buttons\">\n<div class=\"wp-block-button btn_resa_110467\"><a class=\"wp-block-button__link\"><i class=\"far fa-search\"><\/i>  Boek een C\u00f4t\u00e9 Jardin met 2 slaapkamers zonder jacuzzi<\/a><\/div>\n\n\n\n<div class=\"wp-block-button btn_resa_110469\"><a class=\"wp-block-button__link\"><i class=\"far fa-search\"><\/i>  Boek een C\u00f4t\u00e9 Jardin 3 kamers zonder jacuzzi<\/a><\/div>\n\n\n\n<div class=\"wp-block-button btn_resa_110465\"><a class=\"wp-block-button__link\"><i class=\"far fa-search\"><\/i>  Boek een C\u00f4t\u00e9 Jardin 2 slaapkamers Met jacuzzi<\/a><\/div>\n\n\n\n<div class=\"wp-block-button btn_resa_110466\"><a class=\"wp-block-button__link\"><i class=\"far fa-search\"><\/i>  Boek een Tuinsuite met 3 slaapkamers en jacuzzi<\/a><\/div>\n<\/div>\n<\/div>\n<\/div>\n<\/div><\/section>\n\n\n\n<section class=\"wp-container-69f338cb9a15e wp-block-group\"><div class=\"wp-block-group__inner-container\">\n<div class=\"wp-block-columns\">\n<div class=\"wp-block-column\">\n<h3 id=\"cocooning-2-chambres\">C\u00f4t\u00e9 Jardin 2 slaapkamers zonder jacuzzi<\/h3>\n\n\n<ctv-availability data-product-id=\"110467\" data-background-color=\"#FFFFFFFF\" ><\/ctv-availability>\n<\/div>\n\n\n\n<div class=\"wp-block-column\">\n<h3 id=\"cocooning-3-chambres-1\">C\u00f4t\u00e9 Jardin 3 slaapkamers zonder jacuzzi<\/h3>\n\n\n<ctv-availability data-product-id=\"110469\" data-background-color=\"#FFFFFFFF\" ><\/ctv-availability>\n<\/div>\n<\/div>\n\n\n\n<div class=\"wp-block-columns\">\n<div class=\"wp-block-column\">\n<h3 id=\"cocooning-3-chambres-1\">C\u00f4t\u00e9 Jardin Met jacuzzi 2 slaapkamers<\/h3>\n\n\n<ctv-availability data-product-id=\"110465\" data-background-color=\"#FFFFFFFF\" ><\/ctv-availability>\n<\/div>\n\n\n\n<div class=\"wp-block-column\">\n<h3 id=\"cocooning-3-chambres-1\">  C\u00f4t\u00e9 Jardin Met jacuzzi 3 slaapkamers<\/h3>\n\n\n<ctv-availability data-product-id=\"110466\" data-background-color=\"#FFFFFFFF\" ><\/ctv-availability>\n<\/div>\n<\/div>\n\n\n\n<div class=\"wp-container-69f338cb9982a wp-block-buttons\">\n<div class=\"wp-block-button is-style-fill\"><a class=\"wp-block-button__link\" href=\"https:\/\/www.camping-kersentic.com\/nl\/verhuur\/\"><i class=\"far fa-search\"><\/i> Onze andere accommodaties<\/a><\/div>\n<\/div>\n\n\n\n<h2 class=\"has-text-align-center\" id=\"infos-pratiques\">Praktische informatie<\/h2>\n\n\n\n<div class=\"wp-block-group encart-information\"><div class=\"wp-block-group__inner-container\">\r\n<ul class=\"fc-blocks--picto col-2 gauche\">\r\n\r\n    \r\n        <li>\r\n            <i class=\"far fa-dog\"><\/i>\r\n            <p>Dieren niet toegestaan  <\/p>\n        <\/li>\r\n\r\n    \r\n        <li>\r\n            <i class=\"far fa-clock\"><\/i>\r\n            <p>Aankomst vanaf 16.00 uur &#8211; Vertrek voor 10.00 uur<\/p>\n        <\/li>\r\n\r\n    \r\n        <li>\r\n            <i class=\"far fa-blanket\"><\/i>\r\n            <p class=\"text-center\">Katoenen lakenpakket: \u20ac17\/bed<\/p>\n        <\/li>\r\n\r\n    \r\n        <li>\r\n            <i class=\"far fa-shower\"><\/i>\r\n            <p>Handdoekpakket huren voor \u20ac10\/persoon<\/p>\n        <\/li>\r\n\r\n    \r\n        <li>\r\n            <i class=\"far fa-credit-card\"><\/i>\r\n            <p>Waarborg:<br \/>\nC\u00f4t\u00e9 Jardin zonder Jacuzzi 600 \u20ac<br \/>\nC\u00f4t\u00e9 Jardin met Jacuzzi 900 \u20ac<\/p>\n        <\/li>\r\n\r\n    \r\n        <li>\r\n            <i class=\"far fa-circle-info\"><\/i>\r\n            <p>Onze prijzen zijn exclusief :<br \/>\nLokale belastingen,<br \/>\nbezoekers of extra personen,<br \/>\nwifi.<\/p>\n        <\/li>\r\n\r\n    \r\n<\/ul>\r\n\r\n<\/div><\/div>\n<\/div><\/section>\n","protected":false},"excerpt":{"rendered":"<p>Stacaravan met jacuzzi in Fouesnant, C\u00f4t\u00e9 Jardin Op zoek naar privacy? Onze nieuwe stacaravan &#8220;c\u00f4t\u00e9 jardin&#8221; in Fouesnant verwelkomt je voor een &#8220;cocooning&#8221; verblijf. Zodra je door de voordeur bent gekomen, kom je terecht in de ruimte van onze mooie standplaatsen, waar je in alle rust kunt ontspannen op het loungeterras met ligstoelen en een [&hellip;]<\/p>\n","protected":false},"author":1,"featured_media":6494,"parent":7209,"menu_order":0,"comment_status":"closed","ping_status":"closed","template":"","meta":[],"acf":[],"yoast_head":"<!-- This site is optimized with the Yoast SEO plugin v19.9 - https:\/\/yoast.com\/wordpress\/plugins\/seo\/ -->\n<title>Tuinzijde - Camping de Kersentic<\/title>\n<meta name=\"robots\" content=\"index, follow, max-snippet:-1, max-image-preview:large, max-video-preview:-1\" \/>\n<link rel=\"canonical\" href=\"https:\/\/www.camping-kersentic.com\/nl\/verhuur\/autohuizen\/tuinzijde\/\" \/>\n<meta property=\"og:locale\" content=\"nl_NL\" \/>\n<meta property=\"og:type\" content=\"article\" \/>\n<meta property=\"og:title\" content=\"Tuinzijde - Camping de Kersentic\" \/>\n<meta property=\"og:description\" content=\"Stacaravan met jacuzzi in Fouesnant, C\u00f4t\u00e9 Jardin Op zoek naar privacy? Onze nieuwe stacaravan &#8220;c\u00f4t\u00e9 jardin&#8221; in Fouesnant verwelkomt je voor een &#8220;cocooning&#8221; verblijf. Zodra je door de voordeur bent gekomen, kom je terecht in de ruimte van onze mooie standplaatsen, waar je in alle rust kunt ontspannen op het loungeterras met ligstoelen en een [&hellip;]\" \/>\n<meta property=\"og:url\" content=\"https:\/\/www.camping-kersentic.com\/nl\/verhuur\/autohuizen\/tuinzijde\/\" \/>\n<meta property=\"og:site_name\" content=\"Camping de Kersentic\" \/>\n<meta property=\"article:publisher\" content=\"https:\/\/www.facebook.com\/campingdekersenticfouesnant\/\" \/>\n<meta property=\"article:modified_time\" content=\"2025-03-26T10:26:55+00:00\" \/>\n<meta property=\"og:image\" content=\"https:\/\/www.camping-kersentic.com\/wp-content\/uploads\/2022\/08\/salon.jpg\" \/>\n\t<meta property=\"og:image:width\" content=\"1265\" \/>\n\t<meta property=\"og:image:height\" content=\"967\" \/>\n\t<meta property=\"og:image:type\" content=\"image\/jpeg\" \/>\n<meta name=\"twitter:card\" content=\"summary_large_image\" \/>\n<meta name=\"twitter:label1\" content=\"Est. reading time\" \/>\n\t<meta name=\"twitter:data1\" content=\"1 minute\" \/>\n<script type=\"application\/ld+json\" class=\"yoast-schema-graph\">{\"@context\":\"https:\/\/schema.org\",\"@graph\":[{\"@type\":\"WebPage\",\"@id\":\"https:\/\/www.camping-kersentic.com\/nl\/verhuur\/autohuizen\/tuinzijde\/\",\"url\":\"https:\/\/www.camping-kersentic.com\/nl\/verhuur\/autohuizen\/tuinzijde\/\",\"name\":\"Tuinzijde - Camping de Kersentic\",\"isPartOf\":{\"@id\":\"https:\/\/www.camping-kersentic.com\/#website\"},\"datePublished\":\"2025-03-26T08:25:55+00:00\",\"dateModified\":\"2025-03-26T10:26:55+00:00\",\"breadcrumb\":{\"@id\":\"https:\/\/www.camping-kersentic.com\/nl\/verhuur\/autohuizen\/tuinzijde\/#breadcrumb\"},\"inLanguage\":\"nl-NL\",\"potentialAction\":[{\"@type\":\"ReadAction\",\"target\":[\"https:\/\/www.camping-kersentic.com\/nl\/verhuur\/autohuizen\/tuinzijde\/\"]}]},{\"@type\":\"BreadcrumbList\",\"@id\":\"https:\/\/www.camping-kersentic.com\/nl\/verhuur\/autohuizen\/tuinzijde\/#breadcrumb\",\"itemListElement\":[{\"@type\":\"ListItem\",\"position\":1,\"name\":\"Home\",\"item\":\"https:\/\/www.camping-kersentic.com\/nl\/\"},{\"@type\":\"ListItem\",\"position\":2,\"name\":\"Locaties\",\"item\":\"https:\/\/www.camping-kersentic.com\/nl\/verhuur\/\"},{\"@type\":\"ListItem\",\"position\":3,\"name\":\"Autohuizen\",\"item\":\"https:\/\/www.camping-kersentic.com\/nl\/verhuur\/autohuizen\/\"},{\"@type\":\"ListItem\",\"position\":4,\"name\":\"Tuinzijde\"}]},{\"@type\":\"WebSite\",\"@id\":\"https:\/\/www.camping-kersentic.com\/#website\",\"url\":\"https:\/\/www.camping-kersentic.com\/\",\"name\":\"Camping de Kersentic\",\"description\":\"Camping Fouesnant dans le Finist\u00e8re sud, locations de mobil-home, g\u00eetes, Coco Sweet, locations insolites, emplacements, piscine couverte et plage\",\"publisher\":{\"@id\":\"https:\/\/www.camping-kersentic.com\/#organization\"},\"potentialAction\":[{\"@type\":\"SearchAction\",\"target\":{\"@type\":\"EntryPoint\",\"urlTemplate\":\"https:\/\/www.camping-kersentic.com\/?s={search_term_string}\"},\"query-input\":\"required name=search_term_string\"}],\"inLanguage\":\"nl-NL\"},{\"@type\":\"Organization\",\"@id\":\"https:\/\/www.camping-kersentic.com\/#organization\",\"name\":\"Camping de Kersentic\",\"url\":\"https:\/\/www.camping-kersentic.com\/\",\"logo\":{\"@type\":\"ImageObject\",\"inLanguage\":\"nl-NL\",\"@id\":\"https:\/\/www.camping-kersentic.com\/#\/schema\/logo\/image\/\",\"url\":\"https:\/\/www.camping-kersentic.com\/wp-content\/uploads\/2025\/05\/LOGO2025_C.webp\",\"contentUrl\":\"https:\/\/www.camping-kersentic.com\/wp-content\/uploads\/2025\/05\/LOGO2025_C.webp\",\"width\":764,\"height\":325,\"caption\":\"Camping de Kersentic\"},\"image\":{\"@id\":\"https:\/\/www.camping-kersentic.com\/#\/schema\/logo\/image\/\"},\"sameAs\":[\"https:\/\/www.instagram.com\/campingdekersentic\/?hl=fr\",\"https:\/\/www.facebook.com\/campingdekersenticfouesnant\/\"]}]}<\/script>\n<!-- \/ Yoast SEO plugin. -->","yoast_head_json":{"title":"Tuinzijde - Camping de Kersentic","robots":{"index":"index","follow":"follow","max-snippet":"max-snippet:-1","max-image-preview":"max-image-preview:large","max-video-preview":"max-video-preview:-1"},"canonical":"https:\/\/www.camping-kersentic.com\/nl\/verhuur\/autohuizen\/tuinzijde\/","og_locale":"nl_NL","og_type":"article","og_title":"Tuinzijde - Camping de Kersentic","og_description":"Stacaravan met jacuzzi in Fouesnant, C\u00f4t\u00e9 Jardin Op zoek naar privacy? Onze nieuwe stacaravan &#8220;c\u00f4t\u00e9 jardin&#8221; in Fouesnant verwelkomt je voor een &#8220;cocooning&#8221; verblijf. Zodra je door de voordeur bent gekomen, kom je terecht in de ruimte van onze mooie standplaatsen, waar je in alle rust kunt ontspannen op het loungeterras met ligstoelen en een [&hellip;]","og_url":"https:\/\/www.camping-kersentic.com\/nl\/verhuur\/autohuizen\/tuinzijde\/","og_site_name":"Camping de Kersentic","article_publisher":"https:\/\/www.facebook.com\/campingdekersenticfouesnant\/","article_modified_time":"2025-03-26T10:26:55+00:00","og_image":[{"width":1265,"height":967,"url":"https:\/\/www.camping-kersentic.com\/wp-content\/uploads\/2022\/08\/salon.jpg","type":"image\/jpeg"}],"twitter_card":"summary_large_image","twitter_misc":{"Est. reading time":"1 minute"},"schema":{"@context":"https:\/\/schema.org","@graph":[{"@type":"WebPage","@id":"https:\/\/www.camping-kersentic.com\/nl\/verhuur\/autohuizen\/tuinzijde\/","url":"https:\/\/www.camping-kersentic.com\/nl\/verhuur\/autohuizen\/tuinzijde\/","name":"Tuinzijde - Camping de Kersentic","isPartOf":{"@id":"https:\/\/www.camping-kersentic.com\/#website"},"datePublished":"2025-03-26T08:25:55+00:00","dateModified":"2025-03-26T10:26:55+00:00","breadcrumb":{"@id":"https:\/\/www.camping-kersentic.com\/nl\/verhuur\/autohuizen\/tuinzijde\/#breadcrumb"},"inLanguage":"nl-NL","potentialAction":[{"@type":"ReadAction","target":["https:\/\/www.camping-kersentic.com\/nl\/verhuur\/autohuizen\/tuinzijde\/"]}]},{"@type":"BreadcrumbList","@id":"https:\/\/www.camping-kersentic.com\/nl\/verhuur\/autohuizen\/tuinzijde\/#breadcrumb","itemListElement":[{"@type":"ListItem","position":1,"name":"Home","item":"https:\/\/www.camping-kersentic.com\/nl\/"},{"@type":"ListItem","position":2,"name":"Locaties","item":"https:\/\/www.camping-kersentic.com\/nl\/verhuur\/"},{"@type":"ListItem","position":3,"name":"Autohuizen","item":"https:\/\/www.camping-kersentic.com\/nl\/verhuur\/autohuizen\/"},{"@type":"ListItem","position":4,"name":"Tuinzijde"}]},{"@type":"WebSite","@id":"https:\/\/www.camping-kersentic.com\/#website","url":"https:\/\/www.camping-kersentic.com\/","name":"Camping de Kersentic","description":"Camping Fouesnant dans le Finist\u00e8re sud, locations de mobil-home, g\u00eetes, Coco Sweet, locations insolites, emplacements, piscine couverte et plage","publisher":{"@id":"https:\/\/www.camping-kersentic.com\/#organization"},"potentialAction":[{"@type":"SearchAction","target":{"@type":"EntryPoint","urlTemplate":"https:\/\/www.camping-kersentic.com\/?s={search_term_string}"},"query-input":"required name=search_term_string"}],"inLanguage":"nl-NL"},{"@type":"Organization","@id":"https:\/\/www.camping-kersentic.com\/#organization","name":"Camping de Kersentic","url":"https:\/\/www.camping-kersentic.com\/","logo":{"@type":"ImageObject","inLanguage":"nl-NL","@id":"https:\/\/www.camping-kersentic.com\/#\/schema\/logo\/image\/","url":"https:\/\/www.camping-kersentic.com\/wp-content\/uploads\/2025\/05\/LOGO2025_C.webp","contentUrl":"https:\/\/www.camping-kersentic.com\/wp-content\/uploads\/2025\/05\/LOGO2025_C.webp","width":764,"height":325,"caption":"Camping de Kersentic"},"image":{"@id":"https:\/\/www.camping-kersentic.com\/#\/schema\/logo\/image\/"},"sameAs":["https:\/\/www.instagram.com\/campingdekersentic\/?hl=fr","https:\/\/www.facebook.com\/campingdekersenticfouesnant\/"]}]}},"_links":{"self":[{"href":"https:\/\/www.camping-kersentic.com\/nl\/wp-json\/wp\/v2\/pages\/7231"}],"collection":[{"href":"https:\/\/www.camping-kersentic.com\/nl\/wp-json\/wp\/v2\/pages"}],"about":[{"href":"https:\/\/www.camping-kersentic.com\/nl\/wp-json\/wp\/v2\/types\/page"}],"author":[{"embeddable":true,"href":"https:\/\/www.camping-kersentic.com\/nl\/wp-json\/wp\/v2\/users\/1"}],"replies":[{"embeddable":true,"href":"https:\/\/www.camping-kersentic.com\/nl\/wp-json\/wp\/v2\/comments?post=7231"}],"version-history":[{"count":2,"href":"https:\/\/www.camping-kersentic.com\/nl\/wp-json\/wp\/v2\/pages\/7231\/revisions"}],"predecessor-version":[{"id":7337,"href":"https:\/\/www.camping-kersentic.com\/nl\/wp-json\/wp\/v2\/pages\/7231\/revisions\/7337"}],"up":[{"embeddable":true,"href":"https:\/\/www.camping-kersentic.com\/nl\/wp-json\/wp\/v2\/pages\/7209"}],"wp:featuredmedia":[{"embeddable":true,"href":"https:\/\/www.camping-kersentic.com\/nl\/wp-json\/wp\/v2\/media\/6494"}],"wp:attachment":[{"href":"https:\/\/www.camping-kersentic.com\/nl\/wp-json\/wp\/v2\/media?parent=7231"}],"curies":[{"name":"wp","href":"https:\/\/api.w.org\/{rel}","templated":true}]}}